{"id":3934,"date":"2019-05-29T12:42:26","date_gmt":"2019-05-29T09:42:26","guid":{"rendered":"https:\/\/vaasanluonnonravinto.fi\/?post_type=product&#038;p=3934"},"modified":"2026-02-05T10:53:28","modified_gmt":"2026-02-05T08:53:28","slug":"karpalact-strong-60-kaps","status":"publish","type":"product","link":"https:\/\/vaasanluonnonravinto.fi\/sv\/tuote\/karpalact-strong-60-kaps\/","title":{"rendered":"KARPALACT STRONG 60 kaps"},"content":{"rendered":"<section class=\"product-description\">\n<h2>NAISELLISEEN HYVINVOINTIIN<\/h2>\n<p>Virtsatietulehdus on yleinen naisia kiusaava riesa. Akuutti virtsatietulehdus tulee aina hoitaa antibiooteilla. Etenkin silloin, kun ongelmia esiintyy toistuvasti, on t\u00e4rke\u00e4\u00e4 kiinnitt\u00e4\u00e4 huomiota virtsateiden normaalin hyvinvoinnin tukemiseen.<\/p>\n<h3>AINUTLAATUINEN KARPALOUUTE<\/h3>\n<p>KarpaLactin vakioitu Cran-Max\u00ae -karpalouute sis\u00e4lt\u00e4\u00e4 koko karpalon; mehun, kuoret, hedelm\u00e4lihan ja siemenet. Marjan kaikki luonnolliset aineosat on s\u00e4ilytetty uutteessa ennallaan. Mahan hapot eiv\u00e4t vahingoita ainutlaatuisella Bio-Shield\u00ae \u2013menetelm\u00e4ll\u00e4 suojattua karpalouutetta, vaan sen aktiivisuus s\u00e4ilyy vaikutusalueille asti. Vaikutus on lis\u00e4ksi pitk\u00e4kestoinen; uutteen bioaktiiviset aineosat erittyv\u00e4t virtsaan jopa 12-15 tunnin ajan kapselin nauttimisen j\u00e4lkeen.<\/p>\n<h3>VAIN LAADUKKAAT JA AKTIIVISET MAITOHAPPOBAKTEERIT TOIMIVAT<\/h3>\n<p>KarpaLact Strongin maitohappobakteereja valmistetaan yli 90 vuoden kokemuksella. Niiden turvallisuus ja vaikutukset tunnetaan. Ainutlaatuiset valmistusmenetelm\u00e4t takaavat my\u00f6s maitohappobakteerien s\u00e4ilymisen aktiivisina. Karpalouutteen ja mahan hapot eiv\u00e4t heikenn\u00e4 huolella suojattujen maitohappobakteerien tehoa.<\/p>\n<\/section>\n<section class=\"product-other-details\">\n<h3 class=\"product-other-details__header\">K\u00c4YTT\u00d6TARKOITUS<\/h3>\n<ul>\n<li>Tueksi naiselliseen hyvinvointiin<\/li>\n<li>Pahanhajuisen virtsan aiheuttamiin ongelmiin<\/li>\n<li>Tueksi toistuville antibioottikuureille<\/li>\n<li>Turvaksi lomamatkojen vaativiin olosuhteisiin<\/li>\n<\/ul>\n<p>KarpaLact on korkealaatuinen yhdistelm\u00e4valmiste naiselliseen hyvinvointiin. Karpalon bioaktiiviset aineosat heikent\u00e4v\u00e4t haitallisten E.coli bakteerien tarttumista kasvualustaan. Hyv\u00e4t maitohappobakteerit t\u00e4ydent\u00e4v\u00e4t elimist\u00f6mme omia suolistobakteereja ja rajoittavat pahojen bakteerien ja hiivojen kasvutilaa.<\/p>\n<p>Anatomisista syist\u00e4 johtuen naisten ruuansulatuskanavan bakteerit siirtyv\u00e4t helposti my\u00f6s virtsateihin ja intiimialueille. Per\u00e4aukon ja virtsateiden l\u00e4heisyyden takia suolistobakteerien tasapainon edist\u00e4minen lis\u00e4\u00e4 nopeasti my\u00f6s virtsateiden hyvinvointia.<\/p>\n<\/section>\n<section class=\"product-other-details\">\n<h3 class=\"product-other-details__header\">KENELLE<\/h3>\n<ul>\n<li>Nuorille ja keski-ik\u00e4isille naisille<\/li>\n<li>Senioreille<\/li>\n<li>Raskaanaoleville ja imett\u00e4ville \u00e4ideille<\/li>\n<li>Sopii my\u00f6s miehille<\/li>\n<li>Paljon matkustaville<\/li>\n<li>Aktiivisille uimareille; viileisiin luonnonvesiin ja uimahalliin<\/li>\n<\/ul>\n<\/section>\n<section class=\"product-other-details\">\n<h3 class=\"product-other-details__header\">TERVEYSV\u00c4ITT\u00c4M\u00c4T \/ KLIININEN N\u00c4YTT\u00d6<\/h3>\n<h3>KARPALO ON VIRTSATEIDEN YST\u00c4V\u00c4<\/h3>\n<p>Karpalo on perinteisesti k\u00e4ytetty apu naiselliseen hyvinvointiin. Tutkimusten mukaan karpalon sis\u00e4lt\u00e4m\u00e4t proantosyanidiinit v\u00e4hent\u00e4v\u00e4t haitallisen E.coli bakteerin tarttumista kasvualustaan (1,2). Karpaloita nautittaessa em. yhdisteet erittyv\u00e4t virtsaan, jonka mukana ne huuhtoutuvat kohdealueille, virtsarakon ja virtsateiden limakalvoille.<\/p>\n<h3>VALIKOIDUT MAITOHAPPOBAKTEERIT<\/h3>\n<p>Anatomisista syist\u00e4 johtuen naisten ruuansulatuskanavan bakteerit vaikuttavat merkitt\u00e4v\u00e4sti intiimialueiden hyvinvointiin. Hiivojen suuri m\u00e4\u00e4r\u00e4 suolistossa voi johtaa hiivojen lis\u00e4\u00e4ntymiseen my\u00f6s intiimialueilla.<br \/>\nKarpaLactin valikoidut maitohappobakteerikannat ovat elimist\u00f6llemme luonnostaan tuttuja ja sitoutuvat siksi hyvin suoliston eri kohtiin. Tuotekohtaisissa tutkimuksissa on selvitetty n\u00e4iden kantojen vaikutusta pahojen bakteerien ja mm. Candida -hiivojen kasvuun (3), vatsan toimintaan (4,5) sek\u00e4 mm. B-vitamiinien ja useiden yleist\u00e4 vastustuskyky\u00e4 vahvistavien yhdisteiden tuottoon (6,7).<\/p>\n<h3>KARPALACT JA ANTIBIOOTIT<\/h3>\n<p>Maitohappobakteerien merkitys ja tarve korostuvat antibioottikuurien j\u00e4lkeen. Vahva antibioottikuuri ei nujerra ainoastaan taudinaiheuttajabakteereita. Ne tuhoavat usein my\u00f6s ruuansulatuskanavan hyvi\u00e4 bakteereja, jotka ovat normaalisti t\u00e4rke\u00e4 osa kehomme vastustuskyky\u00e4.<\/p>\n<p>Pahojen bakteerien on helppo vallata itselleen elintilaa silloin, kun vastustuskyky on tilap\u00e4isesti alentunut. Virtsateiden hyvinvointi onkin usein koetuksella toistuvien antibioottikuurien j\u00e4lkeen. Monesti my\u00f6s ulkomaanmatkoilla kohdattavat vieraat bakteerikannat horjuttavat suolistobakteerien normaalia tasapainoa. Hyvi\u00e4 maitohappobakteereja vahvistamalla voidaan kuitenkin hillit\u00e4 vieraiden ja haitallisten bakteerien riehaantumista.<\/p>\n<\/section>\n","protected":false},"excerpt":{"rendered":"<p>Virtsatietulehdus on yleinen naisia kiusaava riesa. Akuutti virtsatietulehdus tulee aina hoitaa antibiooteilla. Etenkin silloin, kun ongelmia esiintyy toistuvasti, on t\u00e4rke\u00e4\u00e4 kiinnitt\u00e4\u00e4 huomiota virtsateiden normaalin hyvinvoinnin tukemiseen.<\/p>\n","protected":false},"featured_media":1082,"template":"","meta":{"_acf_changed":false},"product_brand":[],"product_cat":[106,73,108,92],"product_tag":[],"class_list":{"0":"post-3934","1":"product","2":"type-product","3":"status-publish","4":"has-post-thumbnail","6":"product_cat-valioravinto-sv","7":"product_cat-lisaravinteet-sv","8":"product_cat-maitohappobakteerit-sv","9":"product_cat-virtsatietulehdus-sv","11":"first","12":"instock","13":"taxable","14":"shipping-taxable","15":"purchasable","16":"product-type-simple"},"acf":[],"_links":{"self":[{"href":"https:\/\/vaasanluonnonravinto.fi\/sv\/wp-json\/wp\/v2\/product\/3934","targetHints":{"allow":["GET"]}}],"collection":[{"href":"https:\/\/vaasanluonnonravinto.fi\/sv\/wp-json\/wp\/v2\/product"}],"about":[{"href":"https:\/\/vaasanluonnonravinto.fi\/sv\/wp-json\/wp\/v2\/types\/product"}],"wp:featuredmedia":[{"embeddable":true,"href":"https:\/\/vaasanluonnonravinto.fi\/sv\/wp-json\/wp\/v2\/media\/1082"}],"wp:attachment":[{"href":"https:\/\/vaasanluonnonravinto.fi\/sv\/wp-json\/wp\/v2\/media?parent=3934"}],"wp:term":[{"taxonomy":"product_brand","embeddable":true,"href":"https:\/\/vaasanluonnonravinto.fi\/sv\/wp-json\/wp\/v2\/product_brand?post=3934"},{"taxonomy":"product_cat","embeddable":true,"href":"https:\/\/vaasanluonnonravinto.fi\/sv\/wp-json\/wp\/v2\/product_cat?post=3934"},{"taxonomy":"product_tag","embeddable":true,"href":"https:\/\/vaasanluonnonravinto.fi\/sv\/wp-json\/wp\/v2\/product_tag?post=3934"}],"curies":[{"name":"wp","href":"https:\/\/api.w.org\/{rel}","templated":true}]}}