{"id":3933,"date":"2019-05-29T12:42:25","date_gmt":"2019-05-29T09:42:25","guid":{"rendered":"https:\/\/vaasanluonnonravinto.fi\/?post_type=product&#038;p=3933"},"modified":"2025-03-01T23:37:06","modified_gmt":"2025-03-01T21:37:06","slug":"bertils-kelasin-kromi-100-tabl","status":"publish","type":"product","link":"https:\/\/vaasanluonnonravinto.fi\/sv\/tuote\/bertils-kelasin-kromi-100-tabl\/","title":{"rendered":"BERTIL\u00b4S KELASIN KROMI 100 tabl"},"content":{"rendered":"<div class=\"site-content__wrapper lazy-hidden\">\n<div class=\"container product-content__container\">\n<div class=\"row\">\n<div class=\"col-xs-12 col-sm-12 col-md-7 col-lg-7\">\n<section class=\"product-description\">\n<h2>HYVIN IMEYTYV\u00c4 KROMIPIKOLINAATTI<\/h2>\n<p>Kelasin Kromi sis\u00e4lt\u00e4\u00e4 orgaanista kromipikolinaattia. Pikolinaattimuotoisen kromin imeytyvyys on eritt\u00e4in hyv\u00e4 ja l\u00e4hes samaa tasoa aminohappokelatoitujen hivenaineiden kanssa.<\/p>\n<p>EU:n viranomaiset ovat todenneet kromipikolinaatin nauttimisen turvalliseksi ja hyv\u00e4ksyneet sen ravintolisien valmistuksessa sallituksi hivenainel\u00e4hteeksi.<\/p>\n<\/section>\n<section class=\"product-other-details\">\n<h3 class=\"product-other-details__header\">K\u00c4YTT\u00d6TARKOITUS<\/h3>\n<ul>\n<li>Sokeriaineenvaihdunnan tasapainottamiseen<\/li>\n<\/ul>\n<p>Kelasin Kromi on erinomainen valmiste kromin saannin lis\u00e4\u00e4miseen.<\/p>\n<p>Kromia tarvitaan tasapainoiseen sokeriaineenvaihduntaan, jossa se toimii yhteisty\u00f6ss\u00e4 insuliinin kanssa. Tutkimusten mukaan kromi parantaa insuliinin herkkyytt\u00e4. Insuliinin herkkyyden heikkeneminen on yksi merkitt\u00e4v\u00e4 II-tyypin diabeteksen oire<\/p>\n<\/section>\n<section class=\"product-other-details\">\n<h3 class=\"product-other-details__header\">KENELLE<\/h3>\n<ul>\n<li>Kaiken ik\u00e4isille naisille ja miehille<\/li>\n<li>Kuntoilijoille ja aktiiviurheilijoille<\/li>\n<li>Sokeriarvoja tarkkaileville<\/li>\n<li>Makean napostelijoille<\/li>\n<\/ul>\n<\/section>\n<section class=\"product-other-details\">\n<h3 class=\"product-other-details__header\">TERVEYSV\u00c4ITT\u00c4M\u00c4T \/ KLIININEN N\u00c4YTT\u00d6<\/h3>\n<h3>KROMI EDIST\u00c4\u00c4:<\/h3>\n<ul>\n<li>Veren glukoositasojen pysymist\u00e4 normaalina<\/li>\n<li>Normaalia makroravintoaineiden (sokerien, proteiinin ja rasvojen) aineenvaihduntaa<\/li>\n<\/ul>\n<\/section>\n<\/div>\n<\/div>\n<\/div>\n<\/div>\n<footer class=\"site-footer__container\">\n<div class=\"container site-footer__container--top\">\n<div class=\"row hidden-xs\">\n<div class=\"col-xs-6 col-sm-4 col-md-2 col-lg-2\">\n<h5><\/h5>\n<\/div>\n<\/div>\n<\/div>\n<\/footer>\n","protected":false},"excerpt":{"rendered":"<p>Kelasin Kromi sis\u00e4lt\u00e4\u00e4 orgaanista kromipikolinaattia. Pikolinaattimuotoisen kromin imeytyvyys on eritt\u00e4in hyv\u00e4 ja l\u00e4hes samaa tasoa aminohappokelatoitujen hivenaineiden kanssa.<\/p>\n","protected":false},"featured_media":1086,"template":"","meta":{"_acf_changed":false},"product_brand":[],"product_cat":[110,73,76],"product_tag":[],"class_list":{"0":"post-3933","1":"product","2":"type-product","3":"status-publish","4":"has-post-thumbnail","6":"product_cat-bertils-sv","7":"product_cat-lisaravinteet-sv","8":"product_cat-kivennaisvalmisteet-sv","10":"first","11":"instock","12":"taxable","13":"shipping-taxable","14":"purchasable","15":"product-type-simple"},"acf":[],"_links":{"self":[{"href":"https:\/\/vaasanluonnonravinto.fi\/sv\/wp-json\/wp\/v2\/product\/3933","targetHints":{"allow":["GET"]}}],"collection":[{"href":"https:\/\/vaasanluonnonravinto.fi\/sv\/wp-json\/wp\/v2\/product"}],"about":[{"href":"https:\/\/vaasanluonnonravinto.fi\/sv\/wp-json\/wp\/v2\/types\/product"}],"wp:featuredmedia":[{"embeddable":true,"href":"https:\/\/vaasanluonnonravinto.fi\/sv\/wp-json\/wp\/v2\/media\/1086"}],"wp:attachment":[{"href":"https:\/\/vaasanluonnonravinto.fi\/sv\/wp-json\/wp\/v2\/media?parent=3933"}],"wp:term":[{"taxonomy":"product_brand","embeddable":true,"href":"https:\/\/vaasanluonnonravinto.fi\/sv\/wp-json\/wp\/v2\/product_brand?post=3933"},{"taxonomy":"product_cat","embeddable":true,"href":"https:\/\/vaasanluonnonravinto.fi\/sv\/wp-json\/wp\/v2\/product_cat?post=3933"},{"taxonomy":"product_tag","embeddable":true,"href":"https:\/\/vaasanluonnonravinto.fi\/sv\/wp-json\/wp\/v2\/product_tag?post=3933"}],"curies":[{"name":"wp","href":"https:\/\/api.w.org\/{rel}","templated":true}]}}