{"id":3931,"date":"2019-05-29T12:42:23","date_gmt":"2019-05-29T09:42:23","guid":{"rendered":"https:\/\/vaasanluonnonravinto.fi\/?post_type=product&#038;p=3931"},"modified":"2025-03-01T23:37:06","modified_gmt":"2025-03-01T21:37:06","slug":"bertils-kelasin-kupari","status":"publish","type":"product","link":"https:\/\/vaasanluonnonravinto.fi\/sv\/tuote\/bertils-kelasin-kupari\/","title":{"rendered":"BERTIL\u00b4S KELASIN KUPARI"},"content":{"rendered":"<section class=\"product-description\">\n<h2>HYVIN IMEYTYV\u00c4T ORGAANISET KELASIN -HIVENAINEET<\/h2>\n<p>Hivenaineiden imeytyminen ruuansulatuskanavasta on edellytys niiden hy\u00f6dynt\u00e4miselle. Hivenaineet imeytyv\u00e4t verenkiertoon aina proteiinin rakenneosiin eli aminohappoihin sitoutuneina. Siksi valmiiksi sopiviin aminohappoihin oikealla tavalla sidottu eli aminohappokelaattimuodossa oleva hivenaine on heti imeytymiskelpoinen.<\/p>\n<h3>VATSAYST\u00c4V\u00c4LLINEN<\/h3>\n<p>Hyvin imeytyv\u00e4 hivenaine on vatsayst\u00e4v\u00e4llinen. Joillekin vahvoille hivenainevalmisteille tyypilliset vatsaoireet johtuvat siit\u00e4, ett\u00e4 ne eiv\u00e4t imeydy riitt\u00e4v\u00e4n hyvin ohutsuolesta verenkiertoon. Imeytym\u00e4t\u00f6n hivenaine p\u00e4\u00e4tyy paksusuoleen, jossa se voi aiheuttaa \u00e4rsytyst\u00e4 ja jopa ripulia.<\/p>\n<h3>EI H\u00c4IRITSE RAVINNON HIVENAINEIDEN IMEYTYMIST\u00c4<\/h3>\n<p>Sy\u00f6dyn ravinnon ja tavanomaisten lis\u00e4ravinteiden sis\u00e4lt\u00e4m\u00e4t hivenaineet kilpailevat usein kesken\u00e4\u00e4n imeytymisest\u00e4. T\u00e4m\u00e4 johtuu siit\u00e4, ett\u00e4 ne imeytyv\u00e4t samoilla imeytymismekanismeilla. Suurin kilpailu k\u00e4yd\u00e4\u00e4n varsinkin ns. samanarvoisten hivenaineiden (esim. kalsium +II ja rauta +II) v\u00e4lill\u00e4. Esim. suuri m\u00e4\u00e4r\u00e4 kalsiumia syrj\u00e4ytt\u00e4\u00e4 helposti samanaikaisen raudan imeytymisen. Suuria m\u00e4\u00e4ri\u00e4 tavallisia hivenaineita nautittaessa mik\u00e4\u00e4n niist\u00e4 ei v\u00e4ltt\u00e4m\u00e4tt\u00e4 imeydy kunnolla.<\/p>\n<p>Valmiiksi aminohappoihin sidotut hivenaineet eiv\u00e4t kuitenkaan osallistu edell\u00e4 kuvattuun kilpajuoksuun. Ne imeytyv\u00e4t verenkiertoon eri reittej\u00e4 pitkin; sujuvasti aminohappoina. Kelatoidut hivenaineet imeytyv\u00e4t aina hyvin, eiv\u00e4tk\u00e4 ne my\u00f6sk\u00e4\u00e4n heikenn\u00e4 nautitun ruuan muiden hivenaineiden imeytymist\u00e4.<\/p>\n<h3>KELASIN -HIVENAINEITA YKSIL\u00d6LLISTEN TARPEIDEN MUKAAN<\/h3>\n<p>Edell\u00e4 kuvatun kelatoitujen hivenaineiden helpon imeytymisen takia, niit\u00e4 voi nauttia sopivissa m\u00e4\u00e4rin samalla kertaa. Ne eiv\u00e4t est\u00e4 toistensa hy\u00f6dynt\u00e4mist\u00e4. Kelasin -hivenaineita on my\u00f6s helppo yhdistell\u00e4 yksil\u00f6llisten tarpeiden mukaan. Kaikki tuotteet sis\u00e4lt\u00e4v\u00e4t vain yht\u00e4 hivenainetta. Yhden tabletin sis\u00e4lt\u00e4m\u00e4 hivenainem\u00e4\u00e4r\u00e4 on lis\u00e4ksi maltillinen, jolloin niit\u00e4 on helppo nauttia my\u00f6s v\u00e4h\u00e4iseen lis\u00e4tarpeeseen.<\/p>\n<h3>KULTAMITALILAATUA MAAILMAN JOHTAVALTA KELAATTIEN VALMISTAJALTA<\/h3>\n<p>Valioravinnon Kelasin Kupari valmistetaan amerikkalaisen Albion Laboratories Inc. korkealaatuisesta aminohappokelaatista. Yritys on kelatoitujen hivenaineiden edell\u00e4k\u00e4vij\u00e4. Patentoidut valmistusmenetelm\u00e4t ovat pitk\u00e4j\u00e4nteisen tutkimuksen ja tuotekehityksen tulosta. Albionin kelaattien biologinen hyv\u00e4ksik\u00e4ytett\u00e4vyys on kliinisesti tutkittu ja EU:n viranomaiset ovat todenneet ne turvallisiksi ja hyv\u00e4ksyneet ne ravintolisien sallituiksi hivenainel\u00e4hteiksi.<\/p>\n<p>Hivenainevalmisteen korkea laatu voidaan m\u00e4\u00e4ritt\u00e4\u00e4 kemiallisilla analyyseilla. Paras osoitus Kelasin -hivenaineiden toimivuudesta on kuitenkin niiden yli 25 vuoden suosio Suomen ravintolis\u00e4markkinoilla.<\/p>\n<\/section>\n<section class=\"product-other-details\">\n<h3 class=\"product-other-details__header\">K\u00c4YTT\u00d6TARKOITUS<\/h3>\n<ul>\n<li>Voimattomuuteen ja yleiseen v\u00e4symykseen<\/li>\n<li>Raudan vaikutusten t\u00e4ydent\u00e4miseen<\/li>\n<li>Ihon pigmentin ja rusketuksen muodostukseen<\/li>\n<li>Luuston rakentamiseen<\/li>\n<\/ul>\n<p>Kelasin Kupari on erinomainen valmiste kuparin saannin lis\u00e4\u00e4miseen.<\/p>\n<p>Kupari ja rauta ovat tiivis pari elimist\u00f6n hapenkuljetuksessa. Niiden vaikutukset ovat samankaltaiset ja usein elimist\u00f6mme my\u00f6s tarvitsee niit\u00e4 sopivasti yhdess\u00e4.<\/p>\n<p>Kuparia tarvitaan ihon ruskean pigmenttiaineen, melaniinin, rakennusaineeksi. Ihon ruskettuessa melaniinin m\u00e4\u00e4r\u00e4 lis\u00e4\u00e4ntyy ja samalla kuparin tarve kasvaa. Melaniini suojaa ihoa auringon UV-s\u00e4teilylt\u00e4. Kupari sopii auringonpalvojille my\u00f6s siksi, ett\u00e4 se suojaa soluja hapettumisstressilt\u00e4.<\/p>\n<p>Kupari esiintyy useiden entsyymien osana. Kuparia tarvitaan mm. luuston ja sidekudoksen rakentamiseen. Kuparia suositellaan my\u00f6s sinkin tueksi.<\/p>\n<\/section>\n<section class=\"product-other-details\">\n<h3 class=\"product-other-details__header\">KENELLE<\/h3>\n<ul>\n<li>Kaikenik\u00e4isille naisille ja miehille<\/li>\n<li>Auringonpalvojille<\/li>\n<li>Tueksi rautalisi\u00e4 nauttiville<\/li>\n<li>Kuntoilijoille ja aktiiviurheilijoille<\/li>\n<\/ul>\n<\/section>\n<section class=\"product-other-details\">\n<h3 class=\"product-other-details__header\">TERVEYSV\u00c4ITT\u00c4M\u00c4T \/ KLIININEN N\u00c4YTT\u00d6<\/h3>\n<h3>KUPARI EDIST\u00c4\u00c4:<\/h3>\n<ul>\n<li>Normaalia raudan kuljetusta kehossa<\/li>\n<li>Normaalia energia-aineenvaihduntaa<\/li>\n<li>Ihon ja hiusten normaalia pigmentoitumista<\/li>\n<li>Sidekudosten pysymist\u00e4 normaalina<\/li>\n<li>Solujen suojaamista hapettumisstressilt\u00e4<\/li>\n<li>Vastustuskyvyn normaalia toimintaa<\/li>\n<li>Hermoston normaalia toimintaa<\/li>\n<\/ul>\n<\/section>\n","protected":false},"excerpt":{"rendered":"<p>Hivenaineiden imeytyminen ruuansulatuskanavasta on edellytys niiden hy\u00f6dynt\u00e4miselle. Hivenaineet imeytyv\u00e4t verenkiertoon aina proteiinin rakenneosiin eli aminohappoihin sitoutuneina. Siksi valmiiksi sopiviin aminohappoihin oikealla tavalla sidottu eli aminohappokelaattimuodossa oleva hivenaine on heti imeytymiskelpoinen.<\/p>\n","protected":false},"featured_media":1090,"template":"","meta":{"_acf_changed":false},"product_brand":[],"product_cat":[110,73,76],"product_tag":[],"class_list":{"0":"post-3931","1":"product","2":"type-product","3":"status-publish","4":"has-post-thumbnail","6":"product_cat-bertils-sv","7":"product_cat-lisaravinteet-sv","8":"product_cat-kivennaisvalmisteet-sv","10":"first","11":"instock","12":"taxable","13":"shipping-taxable","14":"purchasable","15":"product-type-simple"},"acf":[],"_links":{"self":[{"href":"https:\/\/vaasanluonnonravinto.fi\/sv\/wp-json\/wp\/v2\/product\/3931","targetHints":{"allow":["GET"]}}],"collection":[{"href":"https:\/\/vaasanluonnonravinto.fi\/sv\/wp-json\/wp\/v2\/product"}],"about":[{"href":"https:\/\/vaasanluonnonravinto.fi\/sv\/wp-json\/wp\/v2\/types\/product"}],"wp:featuredmedia":[{"embeddable":true,"href":"https:\/\/vaasanluonnonravinto.fi\/sv\/wp-json\/wp\/v2\/media\/1090"}],"wp:attachment":[{"href":"https:\/\/vaasanluonnonravinto.fi\/sv\/wp-json\/wp\/v2\/media?parent=3931"}],"wp:term":[{"taxonomy":"product_brand","embeddable":true,"href":"https:\/\/vaasanluonnonravinto.fi\/sv\/wp-json\/wp\/v2\/product_brand?post=3931"},{"taxonomy":"product_cat","embeddable":true,"href":"https:\/\/vaasanluonnonravinto.fi\/sv\/wp-json\/wp\/v2\/product_cat?post=3931"},{"taxonomy":"product_tag","embeddable":true,"href":"https:\/\/vaasanluonnonravinto.fi\/sv\/wp-json\/wp\/v2\/product_tag?post=3931"}],"curies":[{"name":"wp","href":"https:\/\/api.w.org\/{rel}","templated":true}]}}