{"id":3930,"date":"2019-05-29T12:42:22","date_gmt":"2019-05-29T09:42:22","guid":{"rendered":"https:\/\/vaasanluonnonravinto.fi\/?post_type=product&#038;p=3930"},"modified":"2025-03-01T23:37:06","modified_gmt":"2025-03-01T21:37:06","slug":"bertils-kelasin-magnesium-200-tabl","status":"publish","type":"product","link":"https:\/\/vaasanluonnonravinto.fi\/sv\/tuote\/bertils-kelasin-magnesium-200-tabl\/","title":{"rendered":"BERTIL\u00b4S KELASIN MAGNESIUM 200 tabl"},"content":{"rendered":"<section class=\"product-description\">\n<h3>MAGNESIUMIA SUONENVETOON<\/h3>\n<p>Suonenveto on monien y\u00f6unia h\u00e4iritsev\u00e4 riesa. Magnesium ehk\u00e4isee suonenvetoa v\u00e4hent\u00e4m\u00e4ll\u00e4 lihaskramppeja ja korjaamalla normaalia suolatasapainoa. Illalla nautittu magnesium auttaa \u00f6iseen levottomuuteen rentouttamalla koko kehoa sek\u00e4 fyysisesti ett\u00e4 psyykkisesti.<\/p>\n<h3>MAGNESIUMIA SYD\u00c4MELLE<\/h3>\n<p>Monet tieteelliset tutkimukset ovat osoittaneet magnesiumin tukevan syd\u00e4men s\u00e4\u00e4nn\u00f6llist\u00e4 sykett\u00e4. Magnesiumin teht\u00e4v\u00e4t solujen energian tuottajana ja hermo \u2013 lihasimpulssien v\u00e4litt\u00e4j\u00e4n\u00e4 ovat hyvin t\u00e4rkeit\u00e4 my\u00f6s syd\u00e4men toiminnalle.<\/p>\n<h3>HYVIN IMEYTYV\u00c4T ORGAANISET KELASIN -HIVENAINEET<\/h3>\n<p>Hivenaineiden imeytyminen ruuansulatuskanavasta on edellytys niiden hy\u00f6dynt\u00e4miselle. Hivenaineet imeytyv\u00e4t verenkiertoon aina proteiinin rakenneosiin eli aminohappoihin sitoutuneina. Siksi valmiiksi sopiviin aminohappoihin oikealla tavalla sidottu eli aminohappokelaattimuodossa oleva hivenaine on heti imeytymiskelpoinen.<\/p>\n<h3>VATSAYST\u00c4V\u00c4LLINEN<\/h3>\n<p>Hyvin imeytyv\u00e4 hivenaine on vatsayst\u00e4v\u00e4llinen. Vahvoille hivenainevalmisteille tyypilliset vatsaoireet johtuvat siit\u00e4, ett\u00e4 ne eiv\u00e4t imeydy toivotusti ohutsuolesta verenkiertoon. Imeytym\u00e4t\u00f6n hivenaine p\u00e4\u00e4tyy paksusuoleen, jossa se voi aiheuttaa \u00e4rsytyst\u00e4 ja jopa ripulia.<\/p>\n<h3>EI H\u00c4IRITSE RAVINNON HIVENAINEIDEN IMEYTYMIST\u00c4<\/h3>\n<p>Sy\u00f6dyn ravinnon ja tavanomaisten lis\u00e4ravinteiden sis\u00e4lt\u00e4m\u00e4t hivenaineet kilpailevat usein kesken\u00e4\u00e4n imeytymisest\u00e4. T\u00e4m\u00e4 johtuu siit\u00e4, ett\u00e4 ne imeytyv\u00e4t samoilla imeytymismekanismeilla. Suurin kilpailu k\u00e4yd\u00e4\u00e4n varsinkin ns. samanarvoisten hivenaineiden (esim. kalsium +II ja rauta +II) v\u00e4lill\u00e4. Esim. suuri m\u00e4\u00e4r\u00e4 kalsiumia syrj\u00e4ytt\u00e4\u00e4 helposti samanaikaisen raudan imeytymisen. Suuria m\u00e4\u00e4ri\u00e4 tavallisia hivenaineita nautittaessa mik\u00e4\u00e4n niist\u00e4 ei v\u00e4ltt\u00e4m\u00e4tt\u00e4 imeydy kunnolla.<\/p>\n<p>Valmiiksi aminohappoihin sidottu hivenaine ei osallistu edell\u00e4 kuvattuun kilpajuoksuun. Se imeytyy verenkiertoon eri reitti\u00e4 pitkin; sujuvasti aminohappona. Kelatoitu hivenaine imeytyy aina hyvin, eik\u00e4 se my\u00f6sk\u00e4\u00e4n heikenn\u00e4 nautitun ruuan muiden hivenaineiden imeytymist\u00e4.<\/p>\n<h3>KELASIN -HIVENAINEITA YKSIL\u00d6LLISTEN TARPEIDEN MUKAAN<\/h3>\n<p>Em. kelatoitujen hivenaineiden helpon imeytymisen takia, niit\u00e4 voi nauttia sopivissa m\u00e4\u00e4rin samalla kertaa. Ne eiv\u00e4t heikenn\u00e4 toistensa hy\u00f6dynt\u00e4mist\u00e4. Kelasin -hivenaineita voi my\u00f6s yhdistell\u00e4 yksil\u00f6llisten tarpeiden mukaan. Kaikki tuotteet sis\u00e4lt\u00e4v\u00e4t vain yht\u00e4 hivenainetta. Yhden tabletin sis\u00e4lt\u00e4m\u00e4 hivenainem\u00e4\u00e4r\u00e4 on lis\u00e4ksi maltillinen, jolloin niit\u00e4 on helppo nauttia my\u00f6s v\u00e4h\u00e4iseen lis\u00e4tarpeeseen.<\/p>\n<h3>KULTAMITALILAATUA MAAILMAN JOHTAVALTA KELAATTIEN VALMISTAJALTA<\/h3>\n<p>Valioravinnon Kelasin Magnesium valmistetaan amerikkalaisen Albion Laboratories Inc. korkealaatuisesta aminohappokelaatista. Yritys on kelatoitujen hivenaineiden edell\u00e4k\u00e4vij\u00e4. Patentoidut valmistusmenetelm\u00e4t ovat pitk\u00e4j\u00e4nteisen tutkimuksen ja tuotekehityksen tulosta. Albionin kelaattien biologinen hyv\u00e4ksik\u00e4ytett\u00e4vyys on kliinisesti tutkittu ja EU:n viranomaiset ovat todenneet ne turvallisiksi ja hyv\u00e4ksyneet ne ravintolisien sallituiksi hivenainel\u00e4hteiksi.<\/p>\n<\/section>\n<section class=\"product-other-details\">\n<h3 class=\"product-other-details__header\">K\u00c4YTT\u00d6TARKOITUS<\/h3>\n<ul>\n<li>Suonenvetoihin \/ lihaskramppeihin<\/li>\n<li>Syd\u00e4men hyvinvointiin<\/li>\n<li>Rasittuneiden lihasten rentouttamiseen<\/li>\n<li>V\u00e4symykseen ja stressiin<\/li>\n<\/ul>\n<p>Kelasin Magnesium on erinomainen valmiste magnesiumin saannin lis\u00e4\u00e4miseen.<\/p>\n<p>Magnesium on elint\u00e4rke\u00e4 hivenaine, joka aktivoi useita elintoimintoja. Magnesiumin t\u00e4rkeimm\u00e4t teht\u00e4v\u00e4t ovat osallistuminen lihasten\u00a0 supistumiseen, hermoston toimintaan ja solujen energia-aineenvaihduntaan. My\u00f6s proteiinien aineenvaihdunta on riippuvainen magnesiumista. Se on lis\u00e4ksi mukana sadoissa entsyymireaktioissa ja on t\u00e4rke\u00e4 suolatasapainon (natrium\/kalium) s\u00e4\u00e4telij\u00e4.<\/p>\n<p>Liikunnan aiheuttama runsas hikoilu, runsas virtsaneritys ja alkoholin k\u00e4ytt\u00f6 lis\u00e4\u00e4v\u00e4t nestehukkaa ja samalla magnesiumin tarvetta.<\/p>\n<\/section>\n<section class=\"product-other-details\">\n<h3 class=\"product-other-details__header\">KENELLE<\/h3>\n<ul>\n<li>Kaikenik\u00e4islle naisille ja miehille<\/li>\n<li>Kuntoilijoille ja aktiiviurheilijoille<\/li>\n<li>Raskasta fyysist\u00e4 ty\u00f6t\u00e4 tekeville<\/li>\n<li>Nestett\u00e4 poistavien ja virtsanerityst\u00e4 lis\u00e4\u00e4vien l\u00e4\u00e4kkeiden (mm. diureettien) k\u00e4ytt\u00e4jille<\/li>\n<li>Syd\u00e4men hyvinvoinnista huolehtiville<\/li>\n<li>Senioreille<\/li>\n<\/ul>\n<\/section>\n<section class=\"product-other-details\">\n<h3 class=\"product-other-details__header\">TERVEYSV\u00c4ITT\u00c4M\u00c4T \/ KLIININEN N\u00c4YTT\u00d6<\/h3>\n<h3>MAGNESIUM EDIST\u00c4\u00c4:<\/h3>\n<ul>\n<li>Lihasten normaalia toimintaa<\/li>\n<li>Hermoston normaalia toimintaa<\/li>\n<li>Normaalia energia-aineenvaihduntaa<\/li>\n<li>Elektrolyyttitasapainoa<\/li>\n<li>Normaalia proteiinisynteesi\u00e4<\/li>\n<li>Normaaleja psykologisia toimintoja<\/li>\n<li>Luuston pysymist\u00e4 normaalina<\/li>\n<li>Hampaiden pysymist\u00e4 normaaleina<\/li>\n<\/ul>\n<p>Lis\u00e4ksi magnesium auttaa v\u00e4hent\u00e4m\u00e4\u00e4n v\u00e4symyst\u00e4 ja uupumusta ja osallistuu solujen jakautumisprosessiin.<\/p>\n<\/section>\n","protected":false},"excerpt":{"rendered":"<p>Suonenveto on monien y\u00f6unia h\u00e4iritsev\u00e4 riesa. Magnesium ehk\u00e4isee suonenvetoa v\u00e4hent\u00e4m\u00e4ll\u00e4 lihaskramppeja ja korjaamalla normaalia suolatasapainoa. Illalla nautittu magnesium auttaa \u00f6iseen levottomuuteen rentouttamalla koko kehoa sek\u00e4 fyysisesti ett\u00e4 psyykkisesti.<\/p>\n","protected":false},"featured_media":1093,"template":"","meta":{"_acf_changed":false,"rs_blank_template":"","rs_page_bg_color":"","slide_template_v7":""},"product_brand":[],"product_cat":[110,73,76],"product_tag":[],"class_list":{"0":"post-3930","1":"product","2":"type-product","3":"status-publish","4":"has-post-thumbnail","6":"product_cat-bertils-sv","7":"product_cat-lisaravinteet-sv","8":"product_cat-kivennaisvalmisteet-sv","10":"first","11":"instock","12":"taxable","13":"shipping-taxable","14":"purchasable","15":"product-type-simple"},"acf":[],"_links":{"self":[{"href":"https:\/\/vaasanluonnonravinto.fi\/sv\/wp-json\/wp\/v2\/product\/3930","targetHints":{"allow":["GET"]}}],"collection":[{"href":"https:\/\/vaasanluonnonravinto.fi\/sv\/wp-json\/wp\/v2\/product"}],"about":[{"href":"https:\/\/vaasanluonnonravinto.fi\/sv\/wp-json\/wp\/v2\/types\/product"}],"wp:featuredmedia":[{"embeddable":true,"href":"https:\/\/vaasanluonnonravinto.fi\/sv\/wp-json\/wp\/v2\/media\/1093"}],"wp:attachment":[{"href":"https:\/\/vaasanluonnonravinto.fi\/sv\/wp-json\/wp\/v2\/media?parent=3930"}],"wp:term":[{"taxonomy":"product_brand","embeddable":true,"href":"https:\/\/vaasanluonnonravinto.fi\/sv\/wp-json\/wp\/v2\/product_brand?post=3930"},{"taxonomy":"product_cat","embeddable":true,"href":"https:\/\/vaasanluonnonravinto.fi\/sv\/wp-json\/wp\/v2\/product_cat?post=3930"},{"taxonomy":"product_tag","embeddable":true,"href":"https:\/\/vaasanluonnonravinto.fi\/sv\/wp-json\/wp\/v2\/product_tag?post=3930"}],"curies":[{"name":"wp","href":"https:\/\/api.w.org\/{rel}","templated":true}]}}