{"id":3927,"date":"2019-05-29T12:42:20","date_gmt":"2019-05-29T09:42:20","guid":{"rendered":"https:\/\/vaasanluonnonravinto.fi\/?post_type=product&#038;p=3927"},"modified":"2026-02-01T14:37:10","modified_gmt":"2026-02-01T12:37:10","slug":"bertils-kelasin-rauta","status":"publish","type":"product","link":"https:\/\/vaasanluonnonravinto.fi\/sv\/tuote\/bertils-kelasin-rauta\/","title":{"rendered":"BERTIL\u00b4S KELASIN RAUTA"},"content":{"rendered":"<section class=\"product-description\">\n<h2>HYVIN IMEYTYV\u00c4T ORGAANISET AMINOHAPPOKELATOIDUT HIVENAINEET<\/h2>\n<p>Hivenaineiden imeytyminen ruuansulatuskanavasta on edellytys niiden hy\u00f6dynt\u00e4miselle. Hivenaineet imeytyv\u00e4t verenkiertoon aina proteiinin rakenneosiin eli aminohappoihin sitoutuneina. Siksi valmiiksi sopiviin aminohappoihin oikealla tavalla sidottu eli aminohappokelaattimuodossa oleva hivenaine on heti imeytymiskelpoinen.<\/p>\n<h3>VATSAYST\u00c4V\u00c4LLINEN<\/h3>\n<p>Hyvin imeytyv\u00e4 hivenaine on vatsayst\u00e4v\u00e4llinen. Vahvoille hivenainevalmisteille tyypilliset vatsaoireet johtuvat siit\u00e4, ett\u00e4 ne eiv\u00e4t imeydy toivotusti ohutsuolesta verenkiertoon. Imeytym\u00e4t\u00f6n hivenaine p\u00e4\u00e4tyy paksusuoleen, jossa se voi aiheuttaa \u00e4rsytyst\u00e4 ja jopa ripulia.<\/p>\n<h3>EI H\u00c4IRITSE RAVINNON HIVENAINEIDEN IMEYTYMIST\u00c4<\/h3>\n<p>Sy\u00f6dyn ravinnon ja tavanomaisten lis\u00e4ravinteiden sis\u00e4lt\u00e4m\u00e4t hivenaineet kilpailevat usein kesken\u00e4\u00e4n imeytymisest\u00e4. T\u00e4m\u00e4 johtuu siit\u00e4, ett\u00e4 ne imeytyv\u00e4t samoilla imeytymismekanismeilla. Suurin kilpailu k\u00e4yd\u00e4\u00e4n\u00a0 varsinkin ns. samanarvoisten hivenaineiden (esim. kalsium +II ja rauta +II) v\u00e4lill\u00e4. Esim. suuri m\u00e4\u00e4r\u00e4 kalsiumia syrj\u00e4ytt\u00e4\u00e4 helposti samanaikaisen raudan imeytymisen. Suuria m\u00e4\u00e4ri\u00e4 tavallisia hivenaineita nautittaessa mik\u00e4\u00e4n niist\u00e4 ei v\u00e4ltt\u00e4m\u00e4tt\u00e4 imeydy kunnolla.<\/p>\n<p>Valmiiksi aminohappoihin sidottu hivenaine ei osallistu edell\u00e4 kuvattuun kilpajuoksuun. Se imeytyy verenkiertoon eri reitti\u00e4 pitkin; sujuvasti aminohappona. Kelatoitu hivenaine imeytyy aina hyvin, eik\u00e4 se my\u00f6sk\u00e4\u00e4n heikenn\u00e4 nautitun ruuan muiden hivenaineiden imeytymist\u00e4.<\/p>\n<h3>BERTIL\u2019S KELASIN -HIVENAINEITA YKSIL\u00d6LLISTEN TARPEIDEN MUKAAN<\/h3>\n<p>Em. kelatoitujen hivenaineiden helpon imeytymisen takia, niit\u00e4 voi nauttia sopivissa m\u00e4\u00e4rin samalla kertaa. Ne eiv\u00e4t heikenn\u00e4 toistensa hy\u00f6dynt\u00e4mist\u00e4. Bertil\u2019s Kelasin -hivenaineita voi my\u00f6s yhdistell\u00e4 yksil\u00f6llisten tarpeiden mukaan. Kaikki tuotteet sis\u00e4lt\u00e4v\u00e4t vain yht\u00e4 hivenainetta. Yhden tabletin sis\u00e4lt\u00e4m\u00e4 hivenainem\u00e4\u00e4r\u00e4 on lis\u00e4ksi maltillinen, jolloin niit\u00e4 on helppo nauttia my\u00f6s v\u00e4h\u00e4iseen lis\u00e4tarpeeseen.<\/p>\n<h3>KULTAMITALILAATUA MAAILMAN JOHTAVALTA KELAATTIEN VALMISTAJALTA<\/h3>\n<p>Valioravinnon Bertil\u2019s Kelasin Rauta -tabletit valmistetaan amerikkalaisen Albion Laboratories Inc. korkealaatuisesta aminohappokelaatista. Rautana on tuotekohtaisesti kliinisesti tutkittu Ferrochel\u00ae -rautabisglysinaatti.<\/p>\n<p>Albion Laboratories on kelatoitujen hivenaineiden edell\u00e4k\u00e4vij\u00e4. Patentoidut valmistusmenetelm\u00e4t ovat pitk\u00e4j\u00e4nteisen tutkimuksen ja tuotekehityksen tulosta. Albionin kelaattien biologinen hyv\u00e4ksik\u00e4ytett\u00e4vyys on kliinisesti tutkittu ja EU:n viranomaiset ovat todenneet ne turvallisiksi ja hyv\u00e4ksyneet ne ravintolisien sallituiksi hivenainel\u00e4hteiksi.<\/p>\n<p>Hivenainevalmisteen korkea laatu voidaan m\u00e4\u00e4ritt\u00e4\u00e4 kemiallisilla analyyseilla. Paras k\u00e4yt\u00e4nn\u00f6n osoitus Bertil\u2019s Kelasin -hivenaineiden toimivuudesta on kuitenkin niiden yli 30 vuoden huima suosio Suomen ravintolis\u00e4markkinoilla. Ennen Bertil\u2019s -tuoteperheen synty\u00e4 t\u00e4ysin vastaavat Valioravinnon hivenaineet tunnettiin nimell\u00e4 Kelasin.<\/p>\n<\/section>\n<section class=\"product-other-details\">\n<h3 class=\"product-other-details__header\">K\u00c4YTT\u00d6TARKOITUS<\/h3>\n<ul>\n<li>V\u00e4symykseen<\/li>\n<li>Yleiseen voimattomuuteen<\/li>\n<li>Vastustuskyvyn ja yleiskunnon yll\u00e4pit\u00e4miseen<\/li>\n<li>Veren hemoglobiinitasojen kohentamiseen<\/li>\n<\/ul>\n<p>Bertil\u2019s Kelasin Rauta on hyvin vatsayst\u00e4v\u00e4llinen valmiste raudan saannin lis\u00e4\u00e4miseen.<\/p>\n<p>Raudan t\u00e4rkein teht\u00e4v\u00e4 on hapen kuljettaminen elimist\u00f6ss\u00e4. Suurin osa kehomme raudasta on verenkierrossa punasolujen hemoglobiiniin sitoutuneena. Raudanpuute aiheuttaa hemoglobiinitason laskua, jonka syyn\u00e4 ei aina ole puutteellinen ruokavalio, vaan raudan imeytymish\u00e4iri\u00f6t. Aminohappokelatoitu rauta imeytyy monin verroin tavallisia rautasuoloja paremmin.<\/p>\n<p>Raudan tarve lis\u00e4\u00e4ntyy huomattavasti raskauden aikana.<\/p>\n<\/section>\n<section class=\"product-other-details\">\n<h3 class=\"product-other-details__header\">KENELLE<\/h3>\n<ul>\n<li>Kaikenik\u00e4islle naisille ja miehille<\/li>\n<li>Odottaville ja imett\u00e4ville \u00e4ideille<\/li>\n<li>Urheilijoille ja kuntoilijoille<\/li>\n<li>Koululaisille<\/li>\n<li>Kasvissy\u00f6jille<\/li>\n<li>Herkk\u00e4vatsaisille<\/li>\n<\/ul>\n<\/section>\n<section class=\"product-other-details\">\n<h3 class=\"product-other-details__header\">TERVEYSV\u00c4ITT\u00c4M\u00c4T \/ KLIININEN N\u00c4YTT\u00d6<\/h3>\n<ul>\n<li>Normaalia energia-aineenvaihduntaa<\/li>\n<li>Normaalia punaisten verisolujen ja hemoglobiinin muodostumista<\/li>\n<li>Normaalia hapen kuljetusta kehossa<\/li>\n<li>Immuunij\u00e4rjestelm\u00e4n normaalia toimintaa<\/li>\n<li>Normaalia kognitiivista toimintaa<\/li>\n<\/ul>\n<p>Lis\u00e4ksi rauta auttaa v\u00e4hent\u00e4m\u00e4\u00e4n v\u00e4symyst\u00e4 ja uupumusta sek\u00e4 osallistuu solujen jakautumisprosessiin.<\/p>\n<\/section>\n","protected":false},"excerpt":{"rendered":"<p>Hivenaineiden imeytyminen ruuansulatuskanavasta on edellytys niiden hy\u00f6dynt\u00e4miselle. Hivenaineet imeytyv\u00e4t verenkiertoon aina proteiinin rakenneosiin eli aminohappoihin sitoutuneina. Siksi valmiiksi sopiviin aminohappoihin oikealla tavalla sidottu eli aminohappokelaattimuodossa oleva hivenaine on heti imeytymiskelpoinen.<\/p>\n","protected":false},"featured_media":1102,"template":"","meta":{"_acf_changed":false},"product_brand":[],"product_cat":[110,73,76],"product_tag":[],"class_list":{"0":"post-3927","1":"product","2":"type-product","3":"status-publish","4":"has-post-thumbnail","6":"product_cat-bertils-sv","7":"product_cat-lisaravinteet-sv","8":"product_cat-kivennaisvalmisteet-sv","10":"first","11":"instock","12":"taxable","13":"shipping-taxable","14":"purchasable","15":"product-type-simple"},"acf":[],"_links":{"self":[{"href":"https:\/\/vaasanluonnonravinto.fi\/sv\/wp-json\/wp\/v2\/product\/3927","targetHints":{"allow":["GET"]}}],"collection":[{"href":"https:\/\/vaasanluonnonravinto.fi\/sv\/wp-json\/wp\/v2\/product"}],"about":[{"href":"https:\/\/vaasanluonnonravinto.fi\/sv\/wp-json\/wp\/v2\/types\/product"}],"wp:featuredmedia":[{"embeddable":true,"href":"https:\/\/vaasanluonnonravinto.fi\/sv\/wp-json\/wp\/v2\/media\/1102"}],"wp:attachment":[{"href":"https:\/\/vaasanluonnonravinto.fi\/sv\/wp-json\/wp\/v2\/media?parent=3927"}],"wp:term":[{"taxonomy":"product_brand","embeddable":true,"href":"https:\/\/vaasanluonnonravinto.fi\/sv\/wp-json\/wp\/v2\/product_brand?post=3927"},{"taxonomy":"product_cat","embeddable":true,"href":"https:\/\/vaasanluonnonravinto.fi\/sv\/wp-json\/wp\/v2\/product_cat?post=3927"},{"taxonomy":"product_tag","embeddable":true,"href":"https:\/\/vaasanluonnonravinto.fi\/sv\/wp-json\/wp\/v2\/product_tag?post=3927"}],"curies":[{"name":"wp","href":"https:\/\/api.w.org\/{rel}","templated":true}]}}