{"id":3926,"date":"2019-05-29T12:42:19","date_gmt":"2019-05-29T09:42:19","guid":{"rendered":"https:\/\/vaasanluonnonravinto.fi\/?post_type=product&#038;p=3926"},"modified":"2025-03-01T23:37:06","modified_gmt":"2025-03-01T21:37:06","slug":"bertils-kelasin-seleeni-200-tabl","status":"publish","type":"product","link":"https:\/\/vaasanluonnonravinto.fi\/sv\/tuote\/bertils-kelasin-seleeni-200-tabl\/","title":{"rendered":"BERTIL\u00b4S KELASIN SELEENI 200 tabl"},"content":{"rendered":"<section class=\"product-description\">\n<h2>HYVIN IMEYTYV\u00c4T ORGAANISET KELASIN -HIVENAINEET<\/h2>\n<p>Hivenaineiden imeytyminen ruuansulatuskanavasta on edellytys niiden hy\u00f6dynt\u00e4miselle. Hivenaineet imeytyv\u00e4t verenkiertoon aina proteiinin rakenneosiin eli aminohappoihin sitoutuneina. Siksi valmiiksi sopiviin aminohappoihin oikealla tavalla sidottu eli aminohappokelaattimuodossa oleva hivenaine on heti imeytymiskelpoinen.<\/p>\n<h3>VATSAYST\u00c4V\u00c4LLINEN<\/h3>\n<p>Hyvin imeytyv\u00e4 hivenaine on vatsayst\u00e4v\u00e4llinen. Vahvoille hivenainevalmisteille tyypilliset vatsaoireet johtuvat siit\u00e4, ett\u00e4 ne eiv\u00e4t imeydy toivotusti ohutsuolesta verenkiertoon. Imeytym\u00e4t\u00f6n hivenaine p\u00e4\u00e4tyy paksusuoleen, jossa se voi aiheuttaa \u00e4rsytyst\u00e4 ja jopa ripulia.<\/p>\n<h3>EI H\u00c4IRITSE RAVINNON HIVENAINEIDEN IMEYTYMIST\u00c4<\/h3>\n<p>Sy\u00f6dyn ravinnon ja tavanomaisten lis\u00e4ravinteiden sis\u00e4lt\u00e4m\u00e4t hivenaineet kilpailevat usein kesken\u00e4\u00e4n imeytymisest\u00e4. T\u00e4m\u00e4 johtuu siit\u00e4, ett\u00e4 ne imeytyv\u00e4t samoilla imeytymismekanismeilla. Suurin kilpailu k\u00e4yd\u00e4\u00e4n varsinkin ns. samanarvoisten hivenaineiden (esim. kalsium +II ja rauta +II) v\u00e4lill\u00e4. Esim. suuri m\u00e4\u00e4r\u00e4 kalsiumia syrj\u00e4ytt\u00e4\u00e4 helposti samanaikaisen raudan imeytymisen. Suuria m\u00e4\u00e4ri\u00e4 tavallisia hivenaineita nautittaessa mik\u00e4\u00e4n niist\u00e4 ei v\u00e4ltt\u00e4m\u00e4tt\u00e4 imeydy kunnolla.<\/p>\n<p>Valmiiksi aminohappoihin sidottu hivenaine ei osallistu edell\u00e4 kuvattuun kilpajuoksuun. Se imeytyy verenkiertoon eri reitti\u00e4 pitkin; sujuvasti aminohappona. Kelatoitu hivenaine imeytyy aina hyvin, eik\u00e4 se my\u00f6sk\u00e4\u00e4n heikenn\u00e4 nautitun ruuan muiden hivenaineiden imeytymist\u00e4.<\/p>\n<h3>KELASIN -HIVENAINEITA YKSIL\u00d6LLISTEN TARPEIDEN MUKAAN<\/h3>\n<p>Em. kelatoitujen hivenaineiden helpon imeytymisen takia, niit\u00e4 voi nauttia sopivissa m\u00e4\u00e4rin samalla kertaa. Ne eiv\u00e4t heikenn\u00e4 toistensa hy\u00f6dynt\u00e4mist\u00e4. Kelasin -hivenaineita voi my\u00f6s yhdistell\u00e4 yksil\u00f6llisten tarpeiden mukaan. Kaikki tuotteet sis\u00e4lt\u00e4v\u00e4t vain yht\u00e4 hivenainetta. Yhden tabletin sis\u00e4lt\u00e4m\u00e4 hivenainem\u00e4\u00e4r\u00e4 on lis\u00e4ksi maltillinen, jolloin niit\u00e4 on helppo nauttia my\u00f6s v\u00e4h\u00e4iseen lis\u00e4tarpeeseen.<\/p>\n<p>EU:n viranomaiset ovat todenneet Kelasin Seleenin valmistuksessa k\u00e4ytetyn kelaatin turvalliseksi ja hyv\u00e4ksynyt sen ravintolisien sallituksi hivenainel\u00e4hteeksi.<\/p>\n<p>Hivenainevalmisteen korkea laatu voidaan m\u00e4\u00e4ritt\u00e4\u00e4 kemiallisilla analyyseilla. Paras k\u00e4yt\u00e4nn\u00f6n osoitus Kelasin -hivenaineiden toimivuudesta on kuitenkin niiden yli 25 vuoden huima suosio Suomen ravintolis\u00e4markkinoilla.<\/p>\n<\/section>\n<section class=\"product-other-details\">\n<h3 class=\"product-other-details__header\">K\u00c4YTT\u00d6TARKOITUS<\/h3>\n<ul>\n<li>Antioksidanttij\u00e4rjestelm\u00e4n tukemiseen<\/li>\n<li>Kilpirauhasen toiminnan tukemiseen<\/li>\n<li>Vastustuskyvyn tukemiseen<\/li>\n<li>Hiuksille ja kynsille<\/li>\n<\/ul>\n<p>Kelasin Seleeni on erinomainen valmiste seleenin saannin lis\u00e4\u00e4miseen.<\/p>\n<p>Seleeni\u00e4 tarvitaan elimist\u00f6mme oman antioksidanttij\u00e4rjestelm\u00e4n yll\u00e4pitoon. Oma elimist\u00f6mme torjuu normaalin aineenvaihdunnan tuottamia vapaita radikaaleja ns. glutationiperoksidaasi -entsyymin avulla. Seleeni on t\u00e4m\u00e4n entsyymin korvaamaton osa.<\/p>\n<p>Seleenill\u00e4 on edullinen vaikutus kilpirauhashormonin aktiivisuuteen. Kilpirauhashormonit s\u00e4\u00e4telev\u00e4t kasvua ja elimist\u00f6mme yleist\u00e4 aineenvaihduntaa. Kilpirauhashormonien puute hidastaa aineenvaihduntaa ja laskee yleist\u00e4 vireystilaa.<\/p>\n<p>Seleeni toimii kehomme puolustajana sitomalla verenkierrosta ja kudoksista haitallisia raskasmetalleja. Tyypillisi\u00e4 mm. kaupunki-ilman ep\u00e4puhtauksia ovat elohopea, lyijy ja kadmium.<\/p>\n<p>Seleenin tarve lis\u00e4\u00e4ntyy raskauden ja imetyksen aikana sek\u00e4 normaalin ik\u00e4\u00e4ntymisen my\u00f6t\u00e4.<\/p>\n<\/section>\n<section class=\"product-other-details\">\n<h3 class=\"product-other-details__header\">KENELLE<\/h3>\n<ul>\n<li>Kaikenik\u00e4isille naisille ja miehille<\/li>\n<li>Kuntoilijoille ja aktiiviurheilijoille<\/li>\n<li>V\u00e4h\u00e4n viljatuotteita k\u00e4ytt\u00e4ville (keliaakikot)<\/li>\n<li>50+ miehille<\/li>\n<li>Senioreille<\/li>\n<\/ul>\n<\/section>\n<section class=\"product-other-details\">\n<h3 class=\"product-other-details__header\">TERVEYV\u00c4ITT\u00c4M\u00c4T \/ KLIININEN N\u00c4YTT\u00d6<\/h3>\n<p><b>Seleeni edist\u00e4\u00e4:<\/b><\/p>\n<ul>\n<li>Solujen suojaamista hapettumisstressilt\u00e4<\/li>\n<li>Kilpirauhasen normaalia toimintaa<\/li>\n<li>Immuunij\u00e4rjestelm\u00e4n normaalia toimintaa<\/li>\n<li>Hiusten ja kynsien pysymist\u00e4 normaaleina<\/li>\n<li>Normaalia siitti\u00f6iden muodostusta<\/li>\n<\/ul>\n<\/section>\n","protected":false},"excerpt":{"rendered":"<p>Hivenaineiden imeytyminen ruuansulatuskanavasta on edellytys niiden hy\u00f6dynt\u00e4miselle. Hivenaineet imeytyv\u00e4t verenkiertoon aina proteiinin rakenneosiin eli aminohappoihin sitoutuneina. Siksi valmiiksi sopiviin aminohappoihin oikealla tavalla sidottu eli aminohappokelaattimuodossa oleva hivenaine on heti imeytymiskelpoinen.<\/p>\n","protected":false},"featured_media":1105,"template":"","meta":{"_acf_changed":false},"product_brand":[],"product_cat":[110,73,76],"product_tag":[],"class_list":{"0":"post-3926","1":"product","2":"type-product","3":"status-publish","4":"has-post-thumbnail","6":"product_cat-bertils-sv","7":"product_cat-lisaravinteet-sv","8":"product_cat-kivennaisvalmisteet-sv","10":"first","11":"instock","12":"taxable","13":"shipping-taxable","14":"purchasable","15":"product-type-simple"},"acf":[],"_links":{"self":[{"href":"https:\/\/vaasanluonnonravinto.fi\/sv\/wp-json\/wp\/v2\/product\/3926","targetHints":{"allow":["GET"]}}],"collection":[{"href":"https:\/\/vaasanluonnonravinto.fi\/sv\/wp-json\/wp\/v2\/product"}],"about":[{"href":"https:\/\/vaasanluonnonravinto.fi\/sv\/wp-json\/wp\/v2\/types\/product"}],"wp:featuredmedia":[{"embeddable":true,"href":"https:\/\/vaasanluonnonravinto.fi\/sv\/wp-json\/wp\/v2\/media\/1105"}],"wp:attachment":[{"href":"https:\/\/vaasanluonnonravinto.fi\/sv\/wp-json\/wp\/v2\/media?parent=3926"}],"wp:term":[{"taxonomy":"product_brand","embeddable":true,"href":"https:\/\/vaasanluonnonravinto.fi\/sv\/wp-json\/wp\/v2\/product_brand?post=3926"},{"taxonomy":"product_cat","embeddable":true,"href":"https:\/\/vaasanluonnonravinto.fi\/sv\/wp-json\/wp\/v2\/product_cat?post=3926"},{"taxonomy":"product_tag","embeddable":true,"href":"https:\/\/vaasanluonnonravinto.fi\/sv\/wp-json\/wp\/v2\/product_tag?post=3926"}],"curies":[{"name":"wp","href":"https:\/\/api.w.org\/{rel}","templated":true}]}}