{"id":3922,"date":"2019-05-29T12:40:06","date_gmt":"2019-05-29T09:40:06","guid":{"rendered":"https:\/\/vaasanluonnonravinto.fi\/?post_type=product&#038;p=3922"},"modified":"2025-03-01T23:37:06","modified_gmt":"2025-03-01T21:37:06","slug":"bertils-kelasin-sinkkiasetaatti","status":"publish","type":"product","link":"https:\/\/vaasanluonnonravinto.fi\/sv\/tuote\/bertils-kelasin-sinkkiasetaatti\/","title":{"rendered":"BERTIL\u00b4S KELASIN SINKKIASETAATTI 120tabl"},"content":{"rendered":"<section class=\"product-description\"><strong>Sinkin v\u00e4lit\u00f6n ulkoinen vaikustus<\/strong>Sinkin imeskelylle flunssa-aikaan on vahvat perusteet. Sinkill\u00e4 tiedet\u00e4\u00e4n vaikuttavan kahdella tavalla vastustuskykyymme. Sinkin nopeaa vaikutusta ulkoisiin taudinaiheuttajiin on hy\u00f6dynnetty vuosikymmenten ajan haavanhoitovoiteissa. Voiteet sis\u00e4lt\u00e4v\u00e4t sinkki\u00e4, koska sinkki heikent\u00e4\u00e4 ulkoisten taudinaiheuttajien kasvua ja v\u00e4hent\u00e4\u00e4 n\u00e4in haavan tulehtumisriski\u00e4. Vastaavaan mekanismiin perustuu my\u00f6s sinkkitabletin hidas imeskely suussa. Suuhun v\u00e4hitellen liukenevalla sinkill\u00e4 on v\u00e4lit\u00f6n vaikutus suun, nielun ja ruokatorven limakalvoilla pesiviin taudinaiheuttajiin. Siksi sinkki\u00e4 on hyv\u00e4 nauttia akuuttiin tarpeeseen hitaasti imeskellen pieni\u00e4 m\u00e4\u00e4ri\u00e4 useita kertoja p\u00e4iv\u00e4ss\u00e4.<strong>Sinkkiasetaatti \u2013 imeskelytabletin tehokkain kemiallinen muoto<br \/>\n<\/strong><\/p>\n<p>Sinkin erilaiset kemialliset muodot vaikuttavat eri tavoin. Sinkkiasetaatti on osoittautunut parhaaksi, kun tavoitteena on sinkin imeskely ja sen ulkoiset vaikutukset limakalvoilla oleviin taudinaiheuttajiin. Sinkkiasetaatin teho perustuu sen ominaisuuteen liueta nopeasti ns. ioniseen, aktiiviseen muotoon. Vaikutuksen voi huomata sinkille tyypillisen\u00e4 poltteen tunteena suun takaosassa. Voimakkaasta ionisoitumisesta johtuen sinkkiasetaatin imeytyminen ruuansulatuskanavasta verenkiertoon on heikko. Sinkkiasetaatin pitk\u00e4kestoiset terveysvaikutyukset ovat t\u00e4st\u00e4 syyst\u00e4 vaatimattomat.<\/p>\n<p><strong>Pitk\u00e4kestoinen vaikutus aminohappokeltoidusta sinkist\u00e4<br \/>\n<\/strong><\/p>\n<p>Sinkki edist\u00e4\u00e4 normalia vastustuskyky\u00e4 pitk\u00e4kestoisesti verenkiertoon imeytymisen my\u00f6t\u00e4. Sinkki on kriittinen hivenaine monissa entsyymeiss\u00e4, jotka vaikuttavat vastustuskyky\u00e4 yll\u00e4pit\u00e4vien valkosolujen m\u00e4\u00e4r\u00e4\u00e4n ja aktiivisuuteen. Vaikutusmekanismi on ulkoista vaikutusta hitaampi, mutta my\u00f6s pitk\u00e4kestoisempi. Siksi sinkin s\u00e4\u00e4nn\u00f6llinen k\u00e4ytt\u00f6 maltillisella annoksella kannattaa aloittaa jo hyviss\u00e4 ajoin ennen uskottua lis\u00e4tarvetta.<\/p>\n<p>Kelasin Sinkkiasetaatti sis\u00e4lt\u00e4\u00e4 sinkkiasetaatin lis\u00e4ksi eritt\u00e4in hyvin imeytyv\u00e4\u00e4 sinkkibisglysinaattia eli aminohappokeltoitua sinkki\u00e4. Sen erinoamisesta imeytymisest\u00e4, mutta my\u00f6s v\u00e4litt\u00f6m\u00e4st\u00e4 ulkoisista vaikutuksista on vahva tuotekohtainen tieteellinen n\u00e4ytt\u00f6.<\/p>\n<h2>HYVIN IMEYTYV\u00c4T ORGAANISET KELASIN -HIVENAINEET<\/h2>\n<p>Hivenaineiden imeytyminen ruuansulatuskanavasta on edellytys niiden hy\u00f6dynt\u00e4miselle. Hivenaineet imeytyv\u00e4t verenkiertoon aina proteiinin rakenneosiin eli aminohappoihin sitoutuneina. Siksi valmiiksi sopiviin aminohappoihin oikealla tavalla sidottu eli aminohappokelaattimuodossa oleva hivenaine on heti imeytymiskelpoinen.<\/p>\n<h3>EI H\u00c4IRITSE RAVINNON HIVENAINEIDEN IMEYTYMIST\u00c4<\/h3>\n<p>Sy\u00f6dyn ravinnon ja tavanomaisten lis\u00e4ravinteiden sis\u00e4lt\u00e4m\u00e4t hivenaineet kilpailevat usein kesken\u00e4\u00e4n imeytymisest\u00e4. T\u00e4m\u00e4 johtuu siit\u00e4, ett\u00e4 ne imeytyv\u00e4t samoilla imeytymismekanismeilla. Suurin kilpailu k\u00e4yd\u00e4\u00e4n varsinkin ns. samanarvoisten hivenaineiden (esim. kalsium +II ja sinkki +II) v\u00e4lill\u00e4. Esim. suuri m\u00e4\u00e4r\u00e4 kalsiumia syrj\u00e4ytt\u00e4\u00e4 helposti samanaikaisen sinkin imeytymisen. Suuria m\u00e4\u00e4ri\u00e4 tavallisia hivenaineita nautittaessa mik\u00e4\u00e4n niist\u00e4 ei v\u00e4ltt\u00e4m\u00e4tt\u00e4 imeydy kunnolla.<\/p>\n<p>Valmiiksi aminohappoihin sidottu hivenaine ei kuitenkaan osallistu edell\u00e4 kuvattuun kilpajuoksuun. Se imeytyy verenkiertoon eri reitti\u00e4 pitkin; sujuvasti aminohappona. Siksi kelatoitu hivenaine imeytyy aina hyvin. K\u00e4yt\u00e4nn\u00f6ss\u00e4 Kelasin Sinkkiasetaatti -tabletin sis\u00e4lt\u00e4m\u00e4 inoisituva sinkkiasetaatti ei h\u00e4ritse laisinkaan kelatoidun sinkin imeytymist\u00e4.<\/p>\n<h3><a href=\"http:\/\/www.albionminerals.com\/human-nutrition\/products-trade\/gold-medallion-program\/program-overview\">KULTAMITALILAATUA\u00a0<\/a>MAAILMAN JOHTAVALTA KELAATTIEN VALMISTAJALTA<\/h3>\n<p>Valioravinnon Kelasin Sinkkiasetaatti sis\u00e4lt\u00e4\u00e4 amerikkalaisen\u00a0<a href=\"http:\/\/www.albionminerals.com\/\">Albion Laboratories Inc<\/a>. korkealaatuisesta aminohappokelaattia. Yritys on kelatoitujen hivenaineiden edell\u00e4k\u00e4vij\u00e4. Patentoidut valmistusmenetelm\u00e4t ovat pitk\u00e4j\u00e4nteisen tutkimuksen ja tuotekehityksen tulosta. Albionin kelaattien biologinen hyv\u00e4ksik\u00e4ytett\u00e4vyys on kliinisesti tutkittu ja EU:n viranomaiset ovat todenneet ne turvallisiksi ja hyv\u00e4ksyneet ne ravintolisien sallituiksi hivenainel\u00e4hteiksi.<\/p>\n<p>Hivenainevalmisteen korkea laatu voidaan m\u00e4\u00e4ritt\u00e4\u00e4 kemiallisilla analyyseilla. Paras k\u00e4yt\u00e4nn\u00f6n osoitus Kelasin -hivenaineiden toimivuudesta on kuitenkin niiden yli 30 vuoden huima suosio Suomen ravintolis\u00e4markkinoilla.<\/p>\n<\/section>\n<section class=\"product-other-details\">\n<h3 class=\"product-other-details__header\">K\u00c4YTT\u00d6TARKOITUS<\/h3>\n<ul>\n<li>Vastustuskyvyn yll\u00e4pitoon<\/li>\n<li>Hyv\u00e4nmakuinen ja helposti nautittava imeskelytabletti<\/li>\n<li>Sopii my\u00f6s s\u00e4\u00e4nn\u00f6lliseen pitk\u00e4aikaiseen k\u00e4ytt\u00f6\u00f6n<\/li>\n<\/ul>\n<p>Imeskelt\u00e4v\u00e4 Kelasin Sinkkiasetaatti on erinomainen valmiste sinkin saannin lis\u00e4\u00e4miseen.<\/p>\n<p>Lue lis\u00e4\u00e4 sinkin k\u00e4ytt\u00f6tarkoituksista ja terveysvaikutuksista kohdasta Kelasin Sinkki.<\/p>\n<\/section>\n<section class=\"product-other-details\">\n<h3 class=\"product-other-details__header\">KENELLE<\/h3>\n<ul>\n<li>Aikuisille naisille ja miehille<\/li>\n<li>Kuntoilijoille ja aktiiviurheilijoille<\/li>\n<\/ul>\n<\/section>\n<section class=\"product-other-details\">\n<h3 class=\"product-other-details__header\">TERVEYSV\u00c4ITT\u00c4M\u00c4T \/ KLIININEN N\u00c4YTT\u00d6<\/h3>\n<p>Sinkki edist\u00e4\u00e4 immuunij\u00e4rjestelm\u00e4n normaalia toimintaa<\/p>\n<p>Huom. Lis\u00e4tietoja sinkin monipuolisista terveysv\u00e4itt\u00e4mist\u00e4 kohdassa Kelasin Sinkki.<\/p>\n<\/section>\n","protected":false},"excerpt":{"rendered":"<p><strong>Sinkin v\u00e4lit\u00f6n ulkoinen vaikustus<\/strong><\/p>\n<p>Sinkin imeskelylle flunssa-aikaan on vahvat perusteet. Sinkill\u00e4 tiedet\u00e4\u00e4n vaikuttavan kahdella tavalla vastustuskykyymme. Sinkin nopeaa vaikutusta ulkoisiin taudinaiheuttajiin on hy\u00f6dynnetty vuosikymmenten ajan haavanhoitovoiteissa. Voiteet sis\u00e4lt\u00e4v\u00e4t sinkki\u00e4, koska sinkki heikent\u00e4\u00e4 ulkoisten taudinaiheuttajien kasvua ja v\u00e4hent\u00e4\u00e4 n\u00e4in haavan tulehtumisriski\u00e4. Vastaavaan mekanismiin perustuu my\u00f6s sinkkitabletin hidas imeskely suussa. Suuhun v\u00e4hitellen liukenevalla sinkill\u00e4 on v\u00e4lit\u00f6n vaikutus suun, nielun ja ruokatorven limakalvoilla pesiviin taudinaiheuttajiin. Siksi sinkki\u00e4 on hyv\u00e4 nauttia akuuttiin tarpeeseen hitaasti imeskellen pieni\u00e4 m\u00e4\u00e4ri\u00e4 useita kertoja p\u00e4iv\u00e4ss\u00e4.<\/p>\n","protected":false},"featured_media":1117,"template":"","meta":{"_acf_changed":false},"product_brand":[],"product_cat":[110,73,76],"product_tag":[],"class_list":{"0":"post-3922","1":"product","2":"type-product","3":"status-publish","4":"has-post-thumbnail","6":"product_cat-bertils-sv","7":"product_cat-lisaravinteet-sv","8":"product_cat-kivennaisvalmisteet-sv","10":"first","11":"instock","12":"taxable","13":"shipping-taxable","14":"purchasable","15":"product-type-simple"},"acf":[],"_links":{"self":[{"href":"https:\/\/vaasanluonnonravinto.fi\/sv\/wp-json\/wp\/v2\/product\/3922","targetHints":{"allow":["GET"]}}],"collection":[{"href":"https:\/\/vaasanluonnonravinto.fi\/sv\/wp-json\/wp\/v2\/product"}],"about":[{"href":"https:\/\/vaasanluonnonravinto.fi\/sv\/wp-json\/wp\/v2\/types\/product"}],"wp:featuredmedia":[{"embeddable":true,"href":"https:\/\/vaasanluonnonravinto.fi\/sv\/wp-json\/wp\/v2\/media\/1117"}],"wp:attachment":[{"href":"https:\/\/vaasanluonnonravinto.fi\/sv\/wp-json\/wp\/v2\/media?parent=3922"}],"wp:term":[{"taxonomy":"product_brand","embeddable":true,"href":"https:\/\/vaasanluonnonravinto.fi\/sv\/wp-json\/wp\/v2\/product_brand?post=3922"},{"taxonomy":"product_cat","embeddable":true,"href":"https:\/\/vaasanluonnonravinto.fi\/sv\/wp-json\/wp\/v2\/product_cat?post=3922"},{"taxonomy":"product_tag","embeddable":true,"href":"https:\/\/vaasanluonnonravinto.fi\/sv\/wp-json\/wp\/v2\/product_tag?post=3922"}],"curies":[{"name":"wp","href":"https:\/\/api.w.org\/{rel}","templated":true}]}}