{"id":3921,"date":"2019-05-29T12:40:03","date_gmt":"2019-05-29T09:40:03","guid":{"rendered":"https:\/\/vaasanluonnonravinto.fi\/?post_type=product&#038;p=3921"},"modified":"2025-03-01T23:37:06","modified_gmt":"2025-03-01T21:37:06","slug":"bertils-vitamin-k2","status":"publish","type":"product","link":"https:\/\/vaasanluonnonravinto.fi\/sv\/tuote\/bertils-vitamin-k2\/","title":{"rendered":"BERTIL\u00b4S VITAMIN K2"},"content":{"rendered":"<div class=\"site-content__wrapper lazy-hidden\">\n<div class=\"container product-content__container\">\n<div class=\"row\">\n<div class=\"col-xs-12 col-sm-12 col-md-7 col-lg-7\">\n<section class=\"product-description\">\n<h2>HYVIN IMEYTYV\u00c4 JA PITK\u00c4VAIKUTTEINEN K2-VITAMIINI<\/h2>\n<p>Bertil\u2019s K2-vitamiini -tabletit sis\u00e4lt\u00e4v\u00e4t MK-7 menakinoni muodossa olevaa K2-vitamiinia. Bakteereilla tuotettu luonnollinen K2-vitamiini vastaa t\u00e4ysin elimist\u00f6mme itse tuottamaa vitamiinia ja on siksi hyvin toimiva. Erityisella tavalla suojattu K2VITAL\u00aeDELTA -K2-vitamiini on lis\u00e4ksi eritt\u00e4in stabiili. Se ei menet\u00e4 aktiivisuuttaan ajan kuluessa edes vaativissa olosuhteissa. Tuotteesta saa parhaan mahdollisen hy\u00f6dyn.<\/p>\n<p>&nbsp;<\/p>\n<\/section>\n<section class=\"product-other-details\">\n<h3 class=\"product-other-details__header\">K\u00c4YTT\u00d6TARKOITUS<\/h3>\n<ul>\n<li>Luuston hyvinvointiin<\/li>\n<li>Tueksi kalsium- ja D-vitamiinivalmisteille; siirt\u00e4m\u00e4\u00e4n kalsiumia verenkierrosta luustoon<\/li>\n<li>Tasapainottamaan veren normaalia hyytymist\u00e4<\/li>\n<\/ul>\n<p>Bertil\u2019s K2 on erinomainen valmiste K2-vitamiinin saannin lis\u00e4\u00e4miseen.<\/p>\n<p>K2-vitamiini on t\u00e4rke\u00e4 vitamiini normaalin luuston rakentamiseen ja yll\u00e4pitoon. D-vitamiini edist\u00e4\u00e4 tunnetusti ravinnon ja lisin\u00e4 nautitun kalsiumin imeytymist\u00e4 ruuansulatuskanavasta verenkiertoon. K2-vitamiinia tarvitaan siirt\u00e4m\u00e4\u00e4n kalsiumia verenkierrosta sinne, miss\u00e4 sit\u00e4 todella tarvitaan; luustoon. Runsaat kalsium- ja D-vitamiinilis\u00e4t yksin\u00e4\u00e4n nautittuna saattavat aiheuttaa ep\u00e4edullisen tilanteen, jolloin kalsiumia j\u00e4\u00e4 liiallisina m\u00e4\u00e4rin\u00e4 verenkiertoon.<\/p>\n<p>K2-vitamiini on hyv\u00e4ksi luustolle. Toimintamekanismista johtuen sill\u00e4 on t\u00e4rke\u00e4 rooli my\u00f6s verenierron hyvinvoinnissa. Verenkierron hyvinvointia korostaa K-vitamiinin vaikutus veren normaaliin hyytymiseen.<\/p>\n<\/section>\n<section class=\"product-other-details\">\n<h3 class=\"product-other-details__header\">KENELLE<\/h3>\n<ul>\n<li>Vaihdevuosi-i\u00e4n ohittaneille naisille<\/li>\n<li>Raskaana oleville ja imett\u00e4ville \u00e4ideille<\/li>\n<li>Kuntoilijoille ja aktiiviurheilijoille<\/li>\n<li>Kasvuik\u00e4isille koululaisille<\/li>\n<li>Verenkierron hyvinvoinnista huolehtiville<\/li>\n<\/ul>\n<\/section>\n<section class=\"product-other-details\">\n<h3 class=\"product-other-details__header\">KOLME T\u00c4RKE\u00c4\u00c4 EL\u00c4M\u00c4NVAIHETTA LUUSTON VAHVISTAMISELLE<\/h3>\n<p><strong>Raskaus ja imetysaika<\/strong><\/p>\n<p>Ihmisen luuston rakentuminen alkaa jo varhain raskausaikana. Kohdussa kehittyv\u00e4 siki\u00f6 tarvitsee runsaasti kalsiumia, jonka se saa verenkierrosta \u00e4idin nauttiman ravinnon my\u00f6t\u00e4.\u00a0 Kalsiumin riitt\u00e4v\u00e4 saanti ravinnosta onkin raskauden aikana erityisen t\u00e4rke\u00e4\u00e4.\u00a0 Siki\u00f6n luuston rakentuminen ei toki j\u00e4\u00e4 kesken, vaikka \u00e4idin ravinto sis\u00e4lt\u00e4isi vain niukasti kalsiumia. Silloin tarvittava kalsium otetaan \u00e4idin kalsiumvarastoista eli luustosta. Vastaavalla tavalla \u00e4idin luusto on kalsiumin verotusuhan alla imetyksen aikana.<\/p>\n<p>Raskauden ja imetyksen aikana kalsiumlis\u00e4 on usein paikallaan. K2-vitamiini huolehtii siit\u00e4, ett\u00e4 riitt\u00e4v\u00e4 m\u00e4\u00e4r\u00e4 kalsiumia p\u00e4\u00e4tyy my\u00f6s \u00e4idin oman luuston normaaliin yll\u00e4pitoon.<\/p>\n<p><strong>Kasvuik\u00e4<\/strong><\/p>\n<p>Luustomme maksimaalinen massa saavutetaan noin 20 vuoden i\u00e4ss\u00e4. Sit\u00e4 ennen luustoa kasvatetaan hurjalla vauhdilla ja sen j\u00e4lkeen luuston massaa yll\u00e4pidet\u00e4\u00e4n saavutetulla tasolla. Kalsiumin riitt\u00e4v\u00e4 saanti ravinnosta ja sen siirto edelleen luustoon on t\u00e4rke\u00e4\u00e4 kasvuvaiheessa.<\/p>\n<p>Normaalioloissa kasvava nuori saa tarvitsemansa luuston rakennusaineet monipuolisesta ravinnosta. Kalsiumlis\u00e4 voi kuitenkin olla tarpeen, jos ruokavaliosta on jouduttu karsimaan merkitt\u00e4vi\u00e4 kalsiumin l\u00e4hteit\u00e4 tai sen tarve on normaalia suurempi. Hyvin imeytyv\u00e4 ja pitk\u00e4vaikutteinen menakinoni -muotoinen K2-vitamiini on eritt\u00e4in t\u00e4rke\u00e4 tuki kalsiumvalmisteille. Vasta silloin niist\u00e4 saa parhaan hy\u00f6dyn luuston normaaliin yll\u00e4pitoon.<\/p>\n<p><strong>Keski-ik\u00e4 ja vanhuus<\/strong><\/p>\n<p>Luumassan v\u00e4heneminen alkaa keskim\u00e4\u00e4rin 50-vuoden i\u00e4ss\u00e4. Naisilla vaihdevuodet ja estrogeenin m\u00e4\u00e4r\u00e4n hiipuminen antaa harmillisen lis\u00e4potkun luuston haurastumiselle. Varsinainen luukato eli osteoporoosi yleistyy kuitenkin vasta 65 ik\u00e4vuoden j\u00e4lkeen. I\u00e4n my\u00f6t\u00e4 ja elimist\u00f6mme omien rakennus- ja yll\u00e4pitosysteemien tehokkuuden hiipuessa terveellisen ravinnon merkitys kasvaa jopa nuoruusik\u00e4\u00e4kin suuremmaksi.<\/p>\n<p>Ik\u00e4\u00e4ntymisen my\u00f6t\u00e4 verisuonten hyvinvointi alkaa olla koetuksella. Verisuonten sein\u00e4mien joustavuuden heikkeneminen on normaali ilmi\u00f6. Samalla verisuonten sein\u00e4miin alkaa v\u00e4hitellen kerty\u00e4 plakkia, joka edelleen heikent\u00e4\u00e4 suonten joustavuutta ja hidastaa verenkiertoa pinimmiss\u00e4 verisuonissa. Plakki koostuu osin kalsiumista. K2-vitaminniin merkitys korostuu my\u00f6hemm\u00e4ll\u00e4 i\u00e4ll\u00e4. Hyvin imeytyv\u00e4 ja pitk\u00e4vaikutteinen menakinoni -muotoinen K2-vitamiini auttaa kuljettamaan kalsiumia sinne, miss\u00e4 sit\u00e4 oikeasti tarvitaan; luustoon.<\/p>\n<p>&nbsp;<\/p>\n<\/section>\n<section class=\"product-other-details\">\n<h3 class=\"product-other-details__header\">TERVEYSV\u00c4ITT\u00c4M\u00c4T \/ KLIININEN N\u00c4YTT\u00d6<\/h3>\n<h3>K2-VITAMIINI EDIST\u00c4\u00c4:<\/h3>\n<ul>\n<li>Luiden pysymist\u00e4 normaalina<\/li>\n<li>Veren normaalia hyytymist\u00e4<\/li>\n<\/ul>\n<\/section>\n<section class=\"product-faq\">\n<h3 class=\"product-faq__header\"><\/h3>\n<div class=\"product-faq__answer\"><\/div>\n<\/section>\n<\/div>\n<\/div>\n<\/div>\n<\/div>\n","protected":false},"excerpt":{"rendered":"<p>Bertil\u2019s K2-vitamiini -tabletit sis\u00e4lt\u00e4v\u00e4t MK-7 menakinoni muodossa olevaa K2-vitamiinia. Bakteereilla tuotettu luonnollinen K2-vitamiini vastaa t\u00e4ysin elimist\u00f6mme itse tuottamaa vitamiinia ja on siksi hyvin toimiva. Erityisella tavalla suojattu K2VITAL\u00aeDELTA -K2-vitamiini on lis\u00e4ksi eritt\u00e4in stabiili. Se ei menet\u00e4 aktiivisuuttaan ajan kuluessa edes vaativissa olosuhteissa. Tuotteesta saa parhaan mahdollisen hy\u00f6dyn.<\/p>\n","protected":false},"featured_media":1126,"template":"","meta":{"_acf_changed":false,"rs_blank_template":"","rs_page_bg_color":"","slide_template_v7":""},"product_brand":[],"product_cat":[110,73,77],"product_tag":[],"class_list":{"0":"post-3921","1":"product","2":"type-product","3":"status-publish","4":"has-post-thumbnail","6":"product_cat-bertils-sv","7":"product_cat-lisaravinteet-sv","8":"product_cat-vitamiinit-sv","10":"first","11":"instock","12":"taxable","13":"shipping-taxable","14":"purchasable","15":"product-type-simple"},"acf":[],"_links":{"self":[{"href":"https:\/\/vaasanluonnonravinto.fi\/sv\/wp-json\/wp\/v2\/product\/3921","targetHints":{"allow":["GET"]}}],"collection":[{"href":"https:\/\/vaasanluonnonravinto.fi\/sv\/wp-json\/wp\/v2\/product"}],"about":[{"href":"https:\/\/vaasanluonnonravinto.fi\/sv\/wp-json\/wp\/v2\/types\/product"}],"wp:featuredmedia":[{"embeddable":true,"href":"https:\/\/vaasanluonnonravinto.fi\/sv\/wp-json\/wp\/v2\/media\/1126"}],"wp:attachment":[{"href":"https:\/\/vaasanluonnonravinto.fi\/sv\/wp-json\/wp\/v2\/media?parent=3921"}],"wp:term":[{"taxonomy":"product_brand","embeddable":true,"href":"https:\/\/vaasanluonnonravinto.fi\/sv\/wp-json\/wp\/v2\/product_brand?post=3921"},{"taxonomy":"product_cat","embeddable":true,"href":"https:\/\/vaasanluonnonravinto.fi\/sv\/wp-json\/wp\/v2\/product_cat?post=3921"},{"taxonomy":"product_tag","embeddable":true,"href":"https:\/\/vaasanluonnonravinto.fi\/sv\/wp-json\/wp\/v2\/product_tag?post=3921"}],"curies":[{"name":"wp","href":"https:\/\/api.w.org\/{rel}","templated":true}]}}