{"id":3920,"date":"2019-05-29T12:40:05","date_gmt":"2019-05-29T09:40:05","guid":{"rendered":"https:\/\/vaasanluonnonravinto.fi\/?post_type=product&#038;p=3920"},"modified":"2025-03-01T23:37:06","modified_gmt":"2025-03-01T21:37:06","slug":"bertils-d-vitamiini","status":"publish","type":"product","link":"https:\/\/vaasanluonnonravinto.fi\/sv\/tuote\/bertils-d-vitamiini\/","title":{"rendered":"BERTIL\u00b4S D-VITAMIINI"},"content":{"rendered":"<section class=\"product-description\">\n<h2>HYV\u00c4NMAKUINEN D3-VITAMIINI -PURUTABLETTI<\/h2>\n<p>Kotimaiset Bertil\u2019s D-vitamiinipurutabletit sis\u00e4lt\u00e4v\u00e4t D3-vitamiinia maukkaassa muodossa. Appelsiinilla maustetut hammasyst\u00e4v\u00e4lliset ksylitolitabletit maistuvat koko perheelle. Kiva maku innostaa k\u00e4ytt\u00e4m\u00e4\u00e4n tuotetta s\u00e4\u00e4nn\u00f6llisesti ja takaa sille siten parhaat mahdolliset terveysvaikutukset.<\/p>\n<p>D-vitamiinia tarvitaan vahvan luuston ja hampaiden yll\u00e4pitoon. D-vitamiini mm. edist\u00e4\u00e4 ravinnon sis\u00e4lt\u00e4m\u00e4n kalsiumin imeytymist\u00e4 verenkiertoon. Lis\u00e4ksi se on t\u00e4rke\u00e4 vitamiini vastustuskyvyn yll\u00e4pidolle. D-vitamiinilis\u00e4\u00e4 suositellaan etenkin vuoden pimeimpien kuukausien ajaksi, mutta monille kohderyhmille my\u00f6s ymp\u00e4rivuotiseen k\u00e4ytt\u00f6\u00f6n.<\/p>\n<p>&nbsp;<\/p>\n<\/section>\n<section class=\"product-other-details\">\n<h3 class=\"product-other-details__header\">K\u00c4YTT\u00d6TARKOITUS<\/h3>\n<div class=\"wpb_text_column wpb_content_element \">\n<div class=\"wpb_wrapper\">\n<ul>\n<li>Luuston ja hampaiden vahvistamiseen<\/li>\n<li>Tueksi kalsiumlisille<\/li>\n<li>Vastustuskyvylle<\/li>\n<li>Lihaksille<\/li>\n<\/ul>\n<\/div>\n<\/div>\n<p>Bertil\u2019s D-vitamiini on erinomainen valmiste D3-vitamiinin saannin lis\u00e4\u00e4miseen.<\/p>\n<p>D-vitamiinia tarvitaan vahvan luuston ja hampaiden yll\u00e4pitoon. D-vitamiini mm. edist\u00e4\u00e4 ravinnon sis\u00e4lt\u00e4m\u00e4n kalsiumin imeytymist\u00e4 verenkiertoon. Lis\u00e4ksi se on t\u00e4rke\u00e4 vitamiini vastustuskyvyn yll\u00e4pidolle. D-vitamiinilis\u00e4\u00e4 suositellaan etenkin vuoden pimeimpien kuukausien ajaksi, mutta monille kohderyhmille my\u00f6s ymp\u00e4rivuotiseen k\u00e4ytt\u00f6\u00f6n.<\/p>\n<p>&nbsp;<\/p>\n<\/section>\n<section class=\"product-other-details\">\n<h3 class=\"product-other-details__header\">KENELLE<\/h3>\n<div class=\"wpb_text_column wpb_content_element \">\n<div class=\"wpb_wrapper\">\n<ul>\n<li>Kasvuik\u00e4isille<\/li>\n<li>Aikuisille<\/li>\n<li>Senioreille<\/li>\n<li>Kuntoilijoille ja aktiiviurheilijoille<\/li>\n<\/ul>\n<\/div>\n<\/div>\n<\/section>\n<section class=\"product-other-details\">\n<h3 class=\"product-other-details__header\">TERVEYSV\u00c4ITT\u00c4M\u00c4T \/ KLIININEN N\u00c4YTT\u00d6<\/h3>\n<h3>D-VITAMIINI EDIST\u00c4\u00c4:<\/h3>\n<div class=\"wpb_text_column wpb_content_element \">\n<div class=\"wpb_wrapper\">\n<ul>\n<li>Luiden ja hampaiden pysymist\u00e4 normaaleina<\/li>\n<li>Normaalia vastustuskyky\u00e4<\/li>\n<li>Normaalia lihastoimintaa<\/li>\n<li>Veren normaalia kalsiumtasoa<\/li>\n<li>Kalsiumin ja fosforin normaalia imeytymist\u00e4\/hy\u00f6dynt\u00e4mist\u00e4<\/li>\n<\/ul>\n<p>D-vitamiini osallistuu lis\u00e4ksi solujen jakautumisprosessiin.<\/p>\n<\/div>\n<\/div>\n<\/section>\n","protected":false},"excerpt":{"rendered":"<p>Kotimaiset Bertil\u2019s D-vitamiinipurutabletit sis\u00e4lt\u00e4v\u00e4t D3-vitamiinia maukkaassa muodossa. Appelsiinilla maustetut hammasyst\u00e4v\u00e4lliset ksylitolitabletit maistuvat koko perheelle. Kiva maku innostaa k\u00e4ytt\u00e4m\u00e4\u00e4n tuotetta s\u00e4\u00e4nn\u00f6llisesti ja takaa sille siten parhaat mahdolliset terveysvaikutukset.<\/p>\n","protected":false},"featured_media":1120,"template":"","meta":{"_acf_changed":false},"product_brand":[],"product_cat":[110,73,77],"product_tag":[],"class_list":{"0":"post-3920","1":"product","2":"type-product","3":"status-publish","4":"has-post-thumbnail","6":"product_cat-bertils-sv","7":"product_cat-lisaravinteet-sv","8":"product_cat-vitamiinit-sv","10":"first","11":"instock","12":"taxable","13":"shipping-taxable","14":"purchasable","15":"product-type-simple"},"acf":[],"_links":{"self":[{"href":"https:\/\/vaasanluonnonravinto.fi\/sv\/wp-json\/wp\/v2\/product\/3920","targetHints":{"allow":["GET"]}}],"collection":[{"href":"https:\/\/vaasanluonnonravinto.fi\/sv\/wp-json\/wp\/v2\/product"}],"about":[{"href":"https:\/\/vaasanluonnonravinto.fi\/sv\/wp-json\/wp\/v2\/types\/product"}],"wp:featuredmedia":[{"embeddable":true,"href":"https:\/\/vaasanluonnonravinto.fi\/sv\/wp-json\/wp\/v2\/media\/1120"}],"wp:attachment":[{"href":"https:\/\/vaasanluonnonravinto.fi\/sv\/wp-json\/wp\/v2\/media?parent=3920"}],"wp:term":[{"taxonomy":"product_brand","embeddable":true,"href":"https:\/\/vaasanluonnonravinto.fi\/sv\/wp-json\/wp\/v2\/product_brand?post=3920"},{"taxonomy":"product_cat","embeddable":true,"href":"https:\/\/vaasanluonnonravinto.fi\/sv\/wp-json\/wp\/v2\/product_cat?post=3920"},{"taxonomy":"product_tag","embeddable":true,"href":"https:\/\/vaasanluonnonravinto.fi\/sv\/wp-json\/wp\/v2\/product_tag?post=3920"}],"curies":[{"name":"wp","href":"https:\/\/api.w.org\/{rel}","templated":true}]}}