{"id":3919,"date":"2019-05-29T12:40:02","date_gmt":"2019-05-29T09:40:02","guid":{"rendered":"https:\/\/vaasanluonnonravinto.fi\/?post_type=product&#038;p=3919"},"modified":"2025-03-01T23:37:06","modified_gmt":"2025-03-01T21:37:06","slug":"bertils-hemoglobiini","status":"publish","type":"product","link":"https:\/\/vaasanluonnonravinto.fi\/sv\/tuote\/bertils-hemoglobiini\/","title":{"rendered":"BERTIL&#8217;S HEMOGLOBIINI"},"content":{"rendered":"<section class=\"product-description\">\n<h2>VATSAYST\u00c4V\u00c4LLINEN KEINO HEMOGLOBIINI- JA FERRITIINIARVOJEN KOHOTTAMISEEN<\/h2>\n<p>Bertil\u2019s Hemoglobiini ei ole pelkk\u00e4 perinteinen rautatabletti. Se vahvistaa tehokkaasti veren hemoglobiiniarvoja t\u00e4ydent\u00e4m\u00e4ll\u00e4 rautavarastoja ja edist\u00e4\u00e4 samalla elimist\u00f6mme omaa uusien punasolujen tuottoa. Bertil\u2019s Hemoglobiinilla on n\u00e4in hyvin monipuolinen vakutus veren rauta-arvoihin. Tablettien tarkoin kehitetty koostumus pirist\u00e4\u00e4 sek\u00e4 v\u00e4litt\u00f6m\u00e4sti ett\u00e4 v\u00e4hint\u00e4\u00e4n 1-2 kk s\u00e4\u00e4nn\u00f6llisen k\u00e4yt\u00f6n my\u00f6t\u00e4.<\/p>\n<p>Tehoaineiden erityiset kemialliset muodot takaavat raudalle parhaan mahdollisen imeytymisen ja vatsayst\u00e4v\u00e4llisyyden. Kun nautittu rauta imeytyy jo ohutsuolessa verenkiertoon, se ei p\u00e4\u00e4dy paksusuoleen ja aiheuta monille rautavalmisteille tyypillisi\u00e4 vatsavaivoja.<\/p>\n<h3>PIRISTYST\u00c4 P\u00c4IV\u00c4\u00c4N<\/h3>\n<p>Bertil\u2019s Hemoglobiinin raudalla, kuparilla, C-, B1-, B2-, B6- ja B12-vitamiineilla sek\u00e4 folaatilla on veriarvojen lis\u00e4ksi monia t\u00e4rkeit\u00e4 itsen\u00e4isi\u00e4 teht\u00e4vi\u00e4 elimist\u00f6ss\u00e4mme. Niit\u00e4 kutsutaan usein ns. virkeysvitamiineiksi.<\/p>\n<\/section>\n<section class=\"product-other-details\">\n<h3 class=\"product-other-details__header\">K\u00c4YTT\u00d6TARKOITUS<\/h3>\n<ul>\n<li>Veren hemoglobiini- ja ferritiinitasojen kohentamiseen<\/li>\n<li>Yleiseen v\u00e4symykseen ja voimattomuuteen<\/li>\n<li>Mielialan kohottamiseen<\/li>\n<li>Vastustuskyvyn ja yleiskunnon kohottamiseen<\/li>\n<\/ul>\n<\/section>\n<section class=\"product-other-details\">\n<h3 class=\"product-other-details__header\">KENELLE<\/h3>\n<ul>\n<li>Raskaana oleville ja imett\u00e4ville \u00e4ideille<\/li>\n<li>Koululaisille ja opiskelijoille<\/li>\n<li>Kiireisille uraihmisille<\/li>\n<li>Urheilijoille ja kuntoilijoille<\/li>\n<li>Kasvissy\u00f6jille ja vegaaneille<\/li>\n<li>Toipilaille ja ik\u00e4ihmisille<\/li>\n<\/ul>\n<div class=\"wpb_text_column wpb_content_element \">\n<div class=\"wpb_wrapper\"><\/div>\n<\/div>\n<\/section>\n<section class=\"product-other-details\">\n<h3 class=\"product-other-details__header\">OPTIMAALINEN IMEYTYMINEN JA VATSAYST\u00c4V\u00c4LLISYYS<\/h3>\n<p>Rauta on ihmiselle v\u00e4ltt\u00e4m\u00e4t\u00f6n hivenaine. Rautaa on saatava ravinnosta, koska keho ei pysty sit\u00e4 itse tuottamaan. Suurin osa elimist\u00f6n raudasta sijaitsee veren punasolujen hemoglobiinissa.\u00a0<strong>Hemoglobiini<\/strong>\u00a0kuljettaa happea keuhkoista elimist\u00f6n eri puolille ja siell\u00e4 syntynytt\u00e4 hiilidioksidia keuhkojen kautta uloshengitysilmaan. Elimist\u00f6 tarvitsee rautaa p\u00e4ivitt\u00e4in uusien punasolujen muodostumiseen.<\/p>\n<p><strong>Ferritiini<\/strong>\u00a0on rautaa varastoiva proteiini, jota l\u00f6ytyy eniten maksasta, pernasta ja luuytimest\u00e4. Tarpeen tullen ferritiini luovuttaa raudan hemoglobiinille kaikkein kriittisimpiin tarpeisiin eli hapen ja hiilidioksidin kuljettamiseen. Raudan puute elimist\u00f6ss\u00e4 laskee ensi ferritiiniarvoja ja vasta my\u00f6hemmin hemoglobiinia. Raudan puute voi johtua my\u00f6s yksipuolisesta ravinnosta, raudan heikosta imeytymisest\u00e4 tai sen normaalia suuremmasta hukasta esim. runsaiden kuukautisten yhteydess\u00e4.<\/p>\n<p><strong>Bertil\u2019s Hemoglobiinin aminohappokelatoitu rauta on heti valmis imeytym\u00e4\u00e4n<\/strong><\/p>\n<p>Aminohappokelatoitu rauta (rautabisglysinaatti) ja sen imeytyminen eroaa yleisesti ravintolisiss\u00e4 k\u00e4ytetyist\u00e4 raudan muodoista. Kelaatissa rauta on liitetty glysiini -aminohappoon. Se suojaa rautaa ruuansulatuskanavassa lukuisilta imeytymisen esteilt\u00e4 ja kuljettaa sen helposti ohutsuolen limakalvon l\u00e4pi verenkiertoon.<\/p>\n<p><strong>Bertil\u2019s aminohappokelatoidun raudan etuja<\/strong><\/p>\n<ul>\n<li>Erinomainen imeytyminen ja hyv\u00e4ksik\u00e4ytett\u00e4vyys\n<ul>\n<li>Aminohappokelatoitu rauta imeytyy aminohappona \u2013 ei ionisena hivenaineena; Fe2+ tai Fe3+<\/li>\n<li>Raudan ja aminohapon vapautuminen vasta verenkierrossa<\/li>\n<li>Terveysvaikutukset luvatulla annoksella<\/li>\n<\/ul>\n<\/li>\n<\/ul>\n<ul>\n<li>Muu ravinto tai ravintolis\u00e4t eiv\u00e4t heikenn\u00e4 kelatoidun raudan imeytymist\u00e4\n<ul>\n<li>Voi nauttia huoletta kahvin, teen, kaakaon, maidon ym. kanssa<\/li>\n<li>Voi nauttia huoletta kalsiumvalmisteiden, muiden hivenaineiden, kasviuutteiden kanssa<\/li>\n<\/ul>\n<\/li>\n<\/ul>\n<ul>\n<li>Kelatoitu rauta ei heikenn\u00e4 muiden ravintoaineiden tai ravintolisien imeytymist\u00e4<\/li>\n<li>Useita eri kelatoituja hivenaineita (rauta + kupari) voi nauttia samanaikaisesti<\/li>\n<li>Hyvin imeytyv\u00e4 rauta on vatsayst\u00e4v\u00e4llinen \u2013 ei aiheuta vatsavaivoja<\/li>\n<li>Orgaaninen hivenaine<\/li>\n<li>100 % vegaaninen \u2013 aminohapot on eristetty riisist\u00e4<\/li>\n<\/ul>\n<p><strong>Albion Laboratories kultamitalilaatua<\/strong><\/p>\n<p>Parhaassa kelaatissa hivenaineen ja aminohapon v\u00e4linen sidos on riitt\u00e4v\u00e4n vahva kest\u00e4m\u00e4\u00e4n mahan happoja ja entsyymej\u00e4, mutta juuri sopivan hauras, jotta hivenaine vapautuu aminohaposta kelaatin imeydytty\u00e4 verenkiertoon. N\u00e4in toimivia maailman parhaita aminohappokelaatteja valmistaa amerikkalainen Albion Laboratories Inc. Bertils Hemoglobiini sis\u00e4lt\u00e4\u00e4 Albionin Ferrochel\u00ae -rautabisglysinaattia ja kuparibisglysinaattia.<\/p>\n<p>Albion on kelatoitujen hivenaineiden edell\u00e4k\u00e4vij\u00e4. Patentoidut valmistusmenetelm\u00e4t ovat pitk\u00e4j\u00e4nteisen tutkimuksen ja tuotekehityksen tulosta. Albionin kelaattien biologinen hyv\u00e4ksik\u00e4ytett\u00e4vyys on kliinisesti tutkittu ja EU:n viranomaiset ovat todenneet ne turvallisiksi ja hyv\u00e4ksyneet ne ravintolisien sallituiksi hivenainel\u00e4hteiksi. Valioravinto ja Albion ovat tehneet tiivist\u00e4 yhteisty\u00f6t\u00e4 jo yli 30 vuoden ajan.<\/p>\n<p><strong>Albion Laboratories Inc.<\/strong><\/p>\n<ul>\n<li>Maailman johtava aminohappokelaattien valmistaja (est. 1956)<\/li>\n<li>Yli 130 patenttia kelaattien valmistukseen<\/li>\n<li>Yli 70 kliinist\u00e4 tutkimusta ja yli 120 tieteellist\u00e4 julkaisua omista kelaateista<\/li>\n<li>Valikoidut raaka-aineet ja tarkka laadunvalvonta<\/li>\n<li>Aminohapot riisist\u00e4<\/li>\n<li>Ei allergeeneja<\/li>\n<li>GMO vapaa<\/li>\n<\/ul>\n<\/section>\n<section class=\"product-other-details\">\n<h3 class=\"product-other-details__header\">V\u00c4LIT\u00d6N VAIKUTUS VIRKEYTEEN JA MIELIALAAN<\/h3>\n<p>Bertil\u2019s Hemoglobiinin C- ja B-vitamiinit eiv\u00e4t ainoastaan tue raudan ja kuparin vaikutuksia, vaan ovat lis\u00e4ksi itsen\u00e4isesti mielialaa ja vireystilaa edist\u00e4vi\u00e4. Vesiliukoisia \u201dpirteysvitamiineja\u201d ei voi my\u00f6sk\u00e4\u00e4n saada liikaa, vaikka suositellun p\u00e4iv\u00e4annoksen kaksinkertaistaisi hyvin alhaisia rauta-arvoja kohennettaessa.<\/p>\n<p><strong>Hyvinvoinnille edullisin ja vegaaneille sopiva B12-vitamiini; metyylikobalamiini<\/strong><\/p>\n<p>B12-vitamiini on v\u00e4ltt\u00e4m\u00e4t\u00f6n vitamiini, jota saamme normaalisti vain el\u00e4inper\u00e4isest\u00e4 ravinnosta. Siksi vegaanien tulee t\u00e4ydent\u00e4\u00e4 kasvisravintoa B12-vitamiinilis\u00e4ll\u00e4. B12-vitamiinin luonnollinen muoto on ns. metyylikobalamiini. Sen imeytyminen on synteettist\u00e4 syanokobalamiini -muotoa parempi. Tutkimuksissa metyylikobalamiinin on my\u00f6s osoitettu s\u00e4ilyv\u00e4n elimist\u00f6ss\u00e4mme synteettist\u00e4 muotoa pidemp\u00e4\u00e4n.<\/p>\n<p>Bertil\u2019s Hemoglobiini -tablettien sis\u00e4lt\u00e4m\u00e4 metyylikobalamiini on tuotettu bakteereilla. Sen biologinen aktiivisuus vastaa el\u00e4inper\u00e4isest\u00e4 ravinnosta saatua luonnollista B12-vitamiinia, ja se sopii erinomaisesti vegaanista ruokavaliota nauttiville.<\/p>\n<p><strong>Kliinisesti tutkittu nelj\u00e4nnen sukupolven teho-folaatti; Quatrefolic\u00ae<\/strong><\/p>\n<p>Bertil\u2019s Hemoglobiini -tabletit sis\u00e4lt\u00e4v\u00e4t valmiiksi aivojen tarvitsemassa muodossa olevaa folaattia (5-metyylitetrahydrofolaattia). Patentoitu ja kliinisesti tutkittu Quatrefolic\u00ae -tehofolaatti on t\u00e4ysin vesiliukoinen. Lis\u00e4tietoja aineosan erityisominaisuuksista kliinisist\u00e4 tutkimuksista:\u00a0<a href=\"https:\/\/www.quatrefolic.com\/\">http:\/\/www.quatrefolic.com\/<\/a><\/p>\n<\/section>\n<section class=\"product-other-details\">\n<h3 class=\"product-other-details__header\">TERVEYSV\u00c4ITT\u00c4M\u00c4T \/ KLIININEN N\u00c4YTT\u00d6<\/h3>\n<ul>\n<li>Rauta auttaa v\u00e4hent\u00e4m\u00e4\u00e4n v\u00e4symyst\u00e4 ja uupumusta<\/li>\n<li>Rauta ja folaatti edist\u00e4v\u00e4t normaalia punasolujen ja hemoglobiinin muodostumista<\/li>\n<li>Kupari edist\u00e4\u00e4 normaalia raudan kuljetusta kehossa<\/li>\n<li>C-, B<sub>1<\/sub>-, B<sub>6<\/sub>\u2013 ja B<sub>12<\/sub>-vitamiini sek\u00e4 foolaatti edist\u00e4v\u00e4t psykologisia toimintoja kuten mielialaa<\/li>\n<li>C-vitamiini edist\u00e4\u00e4 vastustuskyvyn normaalia toimintaa sek\u00e4 edist\u00e4\u00e4 immuunij\u00e4rjestelm\u00e4n toiminnan pysymist\u00e4 normaalina raskaan liikunnan aikana ja sen j\u00e4lkeen<\/li>\n<\/ul>\n<\/section>\n","protected":false},"excerpt":{"rendered":"<p>Bertil\u2019s Hemoglobiini ei ole pelkk\u00e4 perinteinen rautatabletti. Se vahvistaa tehokkaasti veren hemoglobiiniarvoja t\u00e4ydent\u00e4m\u00e4ll\u00e4 rautavarastoja ja edist\u00e4\u00e4 samalla elimist\u00f6mme omaa uusien punasolujen tuottoa. Bertil\u2019s Hemoglobiinilla on n\u00e4in hyvin monipuolinen vakutus veren rauta-arvoihin. Tablettien tarkoin kehitetty koostumus pirist\u00e4\u00e4 sek\u00e4 v\u00e4litt\u00f6m\u00e4sti ett\u00e4 v\u00e4hint\u00e4\u00e4n 1-2 kk s\u00e4\u00e4nn\u00f6llisen k\u00e4yt\u00f6n my\u00f6t\u00e4.<\/p>\n","protected":false},"featured_media":1130,"template":"","meta":{"_acf_changed":false,"rs_blank_template":"","rs_page_bg_color":"","slide_template_v7":""},"product_brand":[],"product_cat":[110,73,76,77],"product_tag":[],"class_list":{"0":"post-3919","1":"product","2":"type-product","3":"status-publish","4":"has-post-thumbnail","6":"product_cat-bertils-sv","7":"product_cat-lisaravinteet-sv","8":"product_cat-kivennaisvalmisteet-sv","9":"product_cat-vitamiinit-sv","11":"first","12":"instock","13":"taxable","14":"shipping-taxable","15":"purchasable","16":"product-type-simple"},"acf":[],"_links":{"self":[{"href":"https:\/\/vaasanluonnonravinto.fi\/sv\/wp-json\/wp\/v2\/product\/3919","targetHints":{"allow":["GET"]}}],"collection":[{"href":"https:\/\/vaasanluonnonravinto.fi\/sv\/wp-json\/wp\/v2\/product"}],"about":[{"href":"https:\/\/vaasanluonnonravinto.fi\/sv\/wp-json\/wp\/v2\/types\/product"}],"wp:featuredmedia":[{"embeddable":true,"href":"https:\/\/vaasanluonnonravinto.fi\/sv\/wp-json\/wp\/v2\/media\/1130"}],"wp:attachment":[{"href":"https:\/\/vaasanluonnonravinto.fi\/sv\/wp-json\/wp\/v2\/media?parent=3919"}],"wp:term":[{"taxonomy":"product_brand","embeddable":true,"href":"https:\/\/vaasanluonnonravinto.fi\/sv\/wp-json\/wp\/v2\/product_brand?post=3919"},{"taxonomy":"product_cat","embeddable":true,"href":"https:\/\/vaasanluonnonravinto.fi\/sv\/wp-json\/wp\/v2\/product_cat?post=3919"},{"taxonomy":"product_tag","embeddable":true,"href":"https:\/\/vaasanluonnonravinto.fi\/sv\/wp-json\/wp\/v2\/product_tag?post=3919"}],"curies":[{"name":"wp","href":"https:\/\/api.w.org\/{rel}","templated":true}]}}