{"id":3913,"date":"2019-05-29T12:39:56","date_gmt":"2019-05-29T09:39:56","guid":{"rendered":"https:\/\/vaasanluonnonravinto.fi\/?post_type=product&#038;p=3913"},"modified":"2025-03-01T23:37:07","modified_gmt":"2025-03-01T21:37:07","slug":"bertils-vitamin-b12folaatti","status":"publish","type":"product","link":"https:\/\/vaasanluonnonravinto.fi\/sv\/tuote\/bertils-vitamin-b12folaatti\/","title":{"rendered":"BERTIL&#8217;S VITAMIN B12+FOLAATTI"},"content":{"rendered":"<section class=\"product-description\">\n<h2>MUISTIN JA ENERGISYYDEN TUEKSI<\/h2>\n<p>&nbsp;<\/p>\n<p>Kiire, stressi ja ik\u00e4\u00e4ntyminen saavat muistin ja keskittymiskyvyn katkeilemaan. T\u00e4ll\u00f6in elimist\u00f6mme kyky hy\u00f6dynt\u00e4\u00e4 ja muokata aivoille t\u00e4rkeit\u00e4 ravintoaineita ruuasta on saattanut heikenty\u00e4. Bertil\u2019s B12-vitamiini+Folaatti sis\u00e4lt\u00e4\u00e4 aivoille ja hermostolle t\u00e4rkeimm\u00e4t tehoravinteet helposti imeytyv\u00e4ss\u00e4, aktiivisessa muodossa.<\/p>\n<p>Aivot el\u00e4v\u00e4t sokerilla. On silti vain harvoja tilanteita, ett\u00e4 sokeria ei riitt\u00e4isi aivoille. Useammin pulaa on muista aivoille t\u00e4rkeist\u00e4 ravintoaineista, kuten\u00a0<a href=\"http:\/\/www.ravintolisawiki.fi\/index.php?title=B9-vitamiini_eli_folaatti\">folaatista<\/a>\u00a0ja B12-vitamiinista. B12-vitamiinia saadaan ainoastaan el\u00e4inper\u00e4isist\u00e4 ruoka-aineista. Stressattu tai ik\u00e4\u00e4ntynyt elimist\u00f6mme ei lis\u00e4ksi aina pysty muokkaamaan lis\u00e4n\u00e4 nautittua synteettist\u00e4 syanokobalamiini B12-vitamiinia ja foolihappoa aivojen tarvitsemaan aktiiviseen muotoon.<\/p>\n<p>Bertil\u2019s Vitamin B12-vitamiini+Folaatti -tabletit sis\u00e4lt\u00e4v\u00e4t aktiivianeet huolella valituissa muodoissa, jotka tukevat toistensa vaikutuksia. Hyv\u00e4n makuinen imeskelytabletti sopii my\u00f6s kasvissy\u00f6jille.<\/p>\n<\/section>\n<section class=\"product-other-details\">\n<h3 class=\"product-other-details__header\">K\u00c4YTT\u00d6TARKOITUS<\/h3>\n<div class=\"wpb_text_column wpb_content_element \">\n<div class=\"wpb_wrapper\">\n<ul>\n<li>Mielialan ja vireystilan edist\u00e4miseen<\/li>\n<li>Hermoston ja aivojen hyvinvointiin<\/li>\n<li>Energisyyden ja pirteyden tueksi<\/li>\n<li>Uusien punasolujen muodostukseen<\/li>\n<li>Vahvaksi B12-vitamiinilis\u00e4ksi vegaaneille<\/li>\n<\/ul>\n<\/div>\n<\/div>\n<\/section>\n<section class=\"product-other-details\">\n<h3 class=\"product-other-details__header\">KENELLE<\/h3>\n<div class=\"wpb_text_column wpb_content_element \">\n<div class=\"wpb_wrapper\">\n<ul>\n<li>Kiireisille ja stressaantuneille uraihmisille<\/li>\n<li>Vegaaneille<\/li>\n<li>Opiskelijoille<\/li>\n<li>Ik\u00e4\u00e4ntyville ja senioreille<\/li>\n<\/ul>\n<\/div>\n<\/div>\n<\/section>\n<section class=\"product-other-details\">\n<h3 class=\"product-other-details__header\"><\/h3>\n<h4>PIENIST\u00c4 YKSITYISKOHDISTA SUURI VAIKUTUS MUISTIIN JA KESKITTYMISKYKYYN<\/h4>\n<p>Kroonisessa stressitilassa elimist\u00f6mme ei aina toimi kuten levossa. Yht\u00e4lailla ik\u00e4\u00e4ntyminen vaikuttaa aineenvaihduntaan ja kykyyn hy\u00f6dynt\u00e4\u00e4 ravinnon sis\u00e4lt\u00e4mi\u00e4 vitamiineja. T\u00e4ll\u00f6in mm. ravinnon tai ravintolisien sis\u00e4lt\u00e4mien synteettisten B12-vitamiinin syanokobalamiini -muodon ja foolihapon muokkaus aivojen tarvitsemiksi aktiivimuodoiksi heikkenee. Suuristakaan syanokobalamiini- ja foolihappom\u00e4\u00e4rist\u00e4 ei siksi ole kaikille hy\u00f6ty\u00e4.<\/p>\n<p><strong>Hyvinvoinnille edullisin ja vegaaneille sopiva B12-vitamiini; metyylikobalamiini<\/strong><\/p>\n<p>B12-vitamiini on v\u00e4ltt\u00e4m\u00e4t\u00f6n vitamiini, jota saamme normaalisti vain el\u00e4inper\u00e4isest\u00e4 ravinnosta. Siksi vegaanien on tarpeen t\u00e4ydent\u00e4\u00e4 kasvisravintoa B12-vitamiinilis\u00e4ll\u00e4. B12-vitamiinin luonnollinen muoto on ns. metyylikobalamiini. Sen imeytyminen on t\u00e4ysin synteettist\u00e4 ja siksi halpaa syanokobalamiini -muotoa parempi. Tutkimuksissa metyylikobalamiinin on my\u00f6s osoitettu s\u00e4ilyv\u00e4n elimist\u00f6ss\u00e4mme synteettist\u00e4 muotoa pidemp\u00e4\u00e4n.<\/p>\n<p>Bertil\u2019s B12 + Folaatti -tablettien sis\u00e4lt\u00e4m\u00e4 metyylikobalamiini on tuotettu bakteereilla. Sen biologinen aktiivisuus vastaa el\u00e4inper\u00e4isest\u00e4 ravinnosta saatua luonnollista B12-vitamiinia, mutta se sopii kuitenkin my\u00f6s vegaanista ruokavaliota nauttiville. Tabletin metyylikobalamiinista saa t\u00e4yden hy\u00f6dyn vaikka stressi tai ik\u00e4\u00e4ntyminen olisi hidastanut elimist\u00f6mme luonnollisia aineenvaihduntareaktioita.<\/p>\n<p><strong>Kliinisesti tutkittu nelj\u00e4nnen sukupolven teho-folaatti; Quatrefolic\u00ae<\/strong><\/p>\n<p>Vihre\u00e4t kasvikset sis\u00e4lt\u00e4v\u00e4t elimist\u00f6mme varsin helposti muokkaamaa ja hy\u00f6dynt\u00e4m\u00e4\u00e4 folaattia (tetrahydrofolaatti). Valtaosa ravintolisist\u00e4 sis\u00e4lt\u00e4\u00e4 kuitenkin synteettist\u00e4 foolihappoa (pteroyylimonoglutamiinihappo). Foolihapon saattaminen mm. aivojen tarvitsemaan muotoon vaatii elimist\u00f6lt\u00e4mme monivaiheisia aineenvaihduntareaktioita, jotka hidastuvat merkitt\u00e4v\u00e4sti stressin ja ik\u00e4\u00e4ntymisen my\u00f6t\u00e4. Varsin usein folaatin puutteesta k\u00e4rsiv\u00e4 henkil\u00f6 ei saa juuri lainkaan terveyshy\u00f6ty\u00e4 suurinakaan annoksina nautitusta foolihaposta.<\/p>\n<p>Bertil\u2019s B12 + Folaatti -tabletit sis\u00e4lt\u00e4v\u00e4t valmiiksi aivojen tarvitsemassa muodossa olevaa folaattia (5-metyylitetrahydrofolaattia). Se tarjoaa t\u00e4yden hy\u00f6dyn my\u00f6s stressaantuneille ja senioreille. Patentoitu ja kliinisesti tutkittu Quatrefolic\u00ae -tehofolaatti on t\u00e4ysin vesiliukoinen. Lis\u00e4tietoja aineosan erityisominaisuuksista kliinisist\u00e4 tutkimuksista:\u00a0<a href=\"https:\/\/www.quatrefolic.com\/\">http:\/\/www.quatrefolic.com\/<\/a><\/p>\n<\/section>\n<section class=\"product-other-details\">\n<h3 class=\"product-other-details__header\">TERVEYSV\u00c4ITT\u00c4M\u00c4T JA KLIININEN N\u00c4YTT\u00d6<\/h3>\n<p>B12-vitamiinilla ja folaatilla tieteellisesti tutkittuja ja hyv\u00e4ksyttyj\u00e4 terveysvaikutuksia.<\/p>\n<p><strong>B12-vitamiini edist\u00e4\u00e4:<\/strong><\/p>\n<ul>\n<li>Normaaleja psykologisia toimintoja<\/li>\n<li>Hermoston normaalia toimintaa<\/li>\n<li>Normaalia energia-aineenvaihduntaa<\/li>\n<li>Normaalia veren punasolujen muodostumista<\/li>\n<li>Normaalia homokysteiinin aineenvaihduntaa<\/li>\n<li>Immuunij\u00e4rjestelm\u00e4n normaalia toimintaa<\/li>\n<\/ul>\n<p>Lis\u00e4ksi B12-vitamiini auttaa v\u00e4hent\u00e4m\u00e4\u00e4n v\u00e4symyst\u00e4 ja uupumusta ja osallistuu solujen jakautumisprosessiin.<\/p>\n<p><strong>Folaatti edist\u00e4\u00e4:<\/strong><\/p>\n<ul>\n<li>Normaaleja psykologisia toimintoja<\/li>\n<li>Immuunij\u00e4rjestelm\u00e4n normaalia toimintaa<\/li>\n<li>Raskauden aikaista kudosten kasvua<\/li>\n<li>Normaalia aminohapposynteesi\u00e4<\/li>\n<li>Normaalia veren muodostumista<\/li>\n<li>Normaalia homokysteiinin aineenvaihduntaa<\/li>\n<\/ul>\n<p>Lis\u00e4ksi folaatti auttaa v\u00e4hent\u00e4m\u00e4\u00e4n v\u00e4symyst\u00e4 ja uupumusta ja osallistuu solujen jakautumisprosessiin<\/p>\n<\/section>\n","protected":false},"excerpt":{"rendered":"<p>Kiire, stressi ja ik\u00e4\u00e4ntyminen saavat muistin ja keskittymiskyvyn katkeilemaan. T\u00e4ll\u00f6in elimist\u00f6mme kyky hy\u00f6dynt\u00e4\u00e4 ja muokata aivoille t\u00e4rkeit\u00e4 ravintoaineita ruuasta on saattanut heikenty\u00e4. Bertil\u2019s B12-vitamiini+Folaatti sis\u00e4lt\u00e4\u00e4 aivoille ja hermostolle t\u00e4rkeimm\u00e4t tehoravinteet helposti imeytyv\u00e4ss\u00e4, aktiivisessa muodossa.<\/p>\n","protected":false},"featured_media":1145,"template":"","meta":{"_acf_changed":false,"rs_blank_template":"","rs_page_bg_color":"","slide_template_v7":""},"product_brand":[],"product_cat":[110,73,77],"product_tag":[],"class_list":{"0":"post-3913","1":"product","2":"type-product","3":"status-publish","4":"has-post-thumbnail","6":"product_cat-bertils-sv","7":"product_cat-lisaravinteet-sv","8":"product_cat-vitamiinit-sv","10":"first","11":"instock","12":"taxable","13":"shipping-taxable","14":"purchasable","15":"product-type-simple"},"acf":[],"_links":{"self":[{"href":"https:\/\/vaasanluonnonravinto.fi\/sv\/wp-json\/wp\/v2\/product\/3913","targetHints":{"allow":["GET"]}}],"collection":[{"href":"https:\/\/vaasanluonnonravinto.fi\/sv\/wp-json\/wp\/v2\/product"}],"about":[{"href":"https:\/\/vaasanluonnonravinto.fi\/sv\/wp-json\/wp\/v2\/types\/product"}],"wp:featuredmedia":[{"embeddable":true,"href":"https:\/\/vaasanluonnonravinto.fi\/sv\/wp-json\/wp\/v2\/media\/1145"}],"wp:attachment":[{"href":"https:\/\/vaasanluonnonravinto.fi\/sv\/wp-json\/wp\/v2\/media?parent=3913"}],"wp:term":[{"taxonomy":"product_brand","embeddable":true,"href":"https:\/\/vaasanluonnonravinto.fi\/sv\/wp-json\/wp\/v2\/product_brand?post=3913"},{"taxonomy":"product_cat","embeddable":true,"href":"https:\/\/vaasanluonnonravinto.fi\/sv\/wp-json\/wp\/v2\/product_cat?post=3913"},{"taxonomy":"product_tag","embeddable":true,"href":"https:\/\/vaasanluonnonravinto.fi\/sv\/wp-json\/wp\/v2\/product_tag?post=3913"}],"curies":[{"name":"wp","href":"https:\/\/api.w.org\/{rel}","templated":true}]}}