{"id":3912,"date":"2019-05-29T12:39:55","date_gmt":"2019-05-29T09:39:55","guid":{"rendered":"https:\/\/vaasanluonnonravinto.fi\/?post_type=product&#038;p=3912"},"modified":"2026-04-10T13:26:52","modified_gmt":"2026-04-10T10:26:52","slug":"kyolic-original-100-tabl","status":"publish","type":"product","link":"https:\/\/vaasanluonnonravinto.fi\/sv\/tuote\/kyolic-original-100-tabl\/","title":{"rendered":"KYOLIC ORIGINAL 100 tabl"},"content":{"rendered":"<section class=\"product-description\">\n<h2>20 KUUKAUTTA KYPSYTETTY AITO LUONNONTUOTE<\/h2>\n<h3>J\u00c4LKIHAJUTON VALKOSIPULI<\/h3>\n<ul>\n<li>Satoja tieteellisi\u00e4 tutkimuksia terveysvaikutuksista<\/li>\n<li>Puhdas, torjunta-aineeton raaka-aine<\/li>\n<\/ul>\n<p>Valkosipuli (<em>Allium sativum<\/em>) on aromikas ja yksi luonnon vahvimmista terveysvaikutteisista kasveista. Kyolic on j\u00e4lkihajuton ja tutkitusti tehokas valkosipulivalmiste, jonka sis\u00e4lt\u00e4m\u00e4 valkosipuliuute on rekister\u00f6ity kaikkialla maailmassa nimell\u00e4 Aged Garlic Extract (AGE). Tuote on ollut jo pitk\u00e4\u00e4n maailman suosituin valkosipuli -ravintolis\u00e4. Kyolicia myyd\u00e4\u00e4n 46 maassa.<\/p>\n<p>Ainutlaatuinen ns. kylm\u00e4kypsytysprosessi kehitettiin 1950-luvulla vanhan japanilaisen s\u00e4il\u00f6mistavan pohjalta. Valmistuksessa ei k\u00e4ytet\u00e4 lainkaan l\u00e4mp\u00f6\u00e4 eik\u00e4 kemikaaleja. Pilkotut valkosipulit suljetaan sellaisinaan ter\u00e4ss\u00e4ili\u00f6ihin kylm\u00e4kypsym\u00e4\u00e4n 20 kk ajaksi. Lukuisten itsest\u00e4\u00e4n tapahtuvien entsymaattiseten reaktioiden ja biokemiallisten muutosten tuloksena syntyy AGE-uute. Aivan kuten juustot ja viinit, my\u00f6s terveysvaikutteinen valkosipuli paranee ja vahvistuu kypsyess\u00e4\u00e4n.<\/p>\n<p>Patentoidun kylm\u00e4kypsytyksen ansiosta Kyolic sis\u00e4lt\u00e4\u00e4 runsaasti valkosipulista luontaisesti kehittyvi\u00e4 tehoaineita, kuten standardoidun m\u00e4\u00e4r\u00e4n S-allyylikysteiini\u00e4 (SAC). Tutkimusten perusteella SAC:n uskotaan olevan vahvin valkosipulista saatava bioaktiivinen aineosa.<\/p>\n<\/section>\n<section class=\"product-other-details\">\n<h3 class=\"product-other-details__header\">K\u00c4YTT\u00d6TARKOITUS<\/h3>\n<ul>\n<li>J\u00e4lkihajuton ja vatsayst\u00e4v\u00e4llinen valkosipulivalmiste<\/li>\n<li>Vastustuskyvylle<\/li>\n<li>Syd\u00e4melle ja verenkierrolle; kolesteroli, verenpaine<\/li>\n<li>Fyysisen ja henkisen stressin sietoon<\/li>\n<li>Raskasmetallien neutralointiin<\/li>\n<\/ul>\n<p>Kyolic on markkinoiden ainoa j\u00e4lkihajuton ja tutkitusti tehokas valkosipulivalmiste. Kyolicin terveysvaikutuksia selvitt\u00e4vist\u00e4 tutkimuksista on julkaistu yli\u00a0750 tieteellist\u00e4 artikkelia.<\/p>\n<p>Kyolic sis\u00e4lt\u00e4\u00e4 ainoana maailmassa Aged Garlic Extract (AGE) -valkosipuliuutetta. Uute vaikuttaa hyvinvointiimme eritt\u00e4in monipuolisesti ja sen on osoitettu tukevan elimist\u00f6n omia terveytt\u00e4 edist\u00e4vi\u00e4 toimintoja. Osa vaikutuksista voidaan havaita verenkierrossa jo 2 h kuluessa uutteen nauttimisesta. Useimmat Kyolicin vaikutukset ovat pitk\u00e4kestoisia ja edellytt\u00e4v\u00e4t uutteen s\u00e4\u00e4nn\u00f6llist\u00e4 k\u00e4ytt\u00f6\u00e4.<\/p>\n<\/section>\n<section class=\"product-other-details\">\n<h3 class=\"product-other-details__header\">KENELLE<\/h3>\n<ul>\n<li>Kaikenik\u00e4isille; lapsille, aikuisille ja senioreille<\/li>\n<li>Vastustuskyvyn vahvistusta kaipaaville<\/li>\n<li>Syd\u00e4nterveydest\u00e4 huolehtiville<\/li>\n<li>Herkk\u00e4vatsaisille<\/li>\n<\/ul>\n<\/section>\n<section class=\"product-other-details\">\n<h3 class=\"product-other-details__header\">KLIININEN TUTKIMUSN\u00c4YTT\u00d6 JA TERVEYSV\u00c4ITT\u00c4M\u00c4T<\/h3>\n<p><strong>Yli 750 tieteellist\u00e4 julkaisua Kyolicin terveysvaikutuksista<\/strong><\/p>\n<p>Kyolic on maailman tutkituin valkosipuli -ravintolis\u00e4. Kyolicin terveysvaikutukset on osoitettu puolueettomien tutkimuslaitosten tutkimuksissa. Tuloksia on raportoitu jo yli 750 tieteellisess\u00e4 julkaisussa.<\/p>\n<p><strong>Kliiniset tutkimukset ovat kohdistuneet eri vaikutusalueisiin<\/strong><\/p>\n<ul>\n<li>Elimist\u00f6n yleinen vastustuskyky<\/li>\n<li>Veren rasva-arvot; LDL- ja HDL-kolesteroli<\/li>\n<li>Valtimoiden ja hiusverisuonten hyvinvointi<\/li>\n<li>Veren hyytymistekij\u00e4t<\/li>\n<li>Homokysteiini -pitoisuus<\/li>\n<li>Verenpaine<\/li>\n<li>Maksan toiminta ja raskasmetallien neutralointi<\/li>\n<\/ul>\n<p><strong>Terveysv\u00e4itt\u00e4m\u00e4t eri vaikutusalueisiin<\/strong><\/p>\n<ul>\n<li>Yll\u00e4pit\u00e4\u00e4 syd\u00e4nterveytt\u00e4<\/li>\n<li>Yll\u00e4pit\u00e4\u00e4 normaaleja kolesterolitasoja<\/li>\n<li>Yll\u00e4pit\u00e4\u00e4 normaalja homokysteiinitasoja<\/li>\n<li>Edist\u00e4\u00e4 normaalia vastustuskyky\u00e4<\/li>\n<li>Edist\u00e4\u00e4 tilap\u00e4isen stressin sietokyky\u00e4<\/li>\n<li>Yll\u00e4pit\u00e4\u00e4 maksan normaalia toimintaa<\/li>\n<\/ul>\n<\/section>\n","protected":false},"excerpt":{"rendered":"<p>Valkosipuli (<em>Allium sativum<\/em>) on aromikas ja yksi luonnon vahvimmista terveysvaikutteisista kasveista. Kyolic on j\u00e4lkihajuton ja tutkitusti tehokas valkosipulivalmiste, jonka sis\u00e4lt\u00e4m\u00e4 valkosipuliuute on rekister\u00f6ity kaikkialla maailmassa nimell\u00e4 Aged Garlic Extract (AGE). Tuote on ollut jo pitk\u00e4\u00e4n maailman suosituin valkosipuli -ravintolis\u00e4. Kyolicia myyd\u00e4\u00e4n 46 maassa.<\/p>\n","protected":false},"featured_media":1148,"template":"","meta":{"_acf_changed":false},"product_brand":[],"product_cat":[106,73],"product_tag":[],"class_list":{"0":"post-3912","1":"product","2":"type-product","3":"status-publish","4":"has-post-thumbnail","6":"product_cat-valioravinto-sv","7":"product_cat-lisaravinteet-sv","9":"first","10":"instock","11":"sale","12":"taxable","13":"shipping-taxable","14":"purchasable","15":"product-type-simple"},"acf":[],"_links":{"self":[{"href":"https:\/\/vaasanluonnonravinto.fi\/sv\/wp-json\/wp\/v2\/product\/3912","targetHints":{"allow":["GET"]}}],"collection":[{"href":"https:\/\/vaasanluonnonravinto.fi\/sv\/wp-json\/wp\/v2\/product"}],"about":[{"href":"https:\/\/vaasanluonnonravinto.fi\/sv\/wp-json\/wp\/v2\/types\/product"}],"wp:featuredmedia":[{"embeddable":true,"href":"https:\/\/vaasanluonnonravinto.fi\/sv\/wp-json\/wp\/v2\/media\/1148"}],"wp:attachment":[{"href":"https:\/\/vaasanluonnonravinto.fi\/sv\/wp-json\/wp\/v2\/media?parent=3912"}],"wp:term":[{"taxonomy":"product_brand","embeddable":true,"href":"https:\/\/vaasanluonnonravinto.fi\/sv\/wp-json\/wp\/v2\/product_brand?post=3912"},{"taxonomy":"product_cat","embeddable":true,"href":"https:\/\/vaasanluonnonravinto.fi\/sv\/wp-json\/wp\/v2\/product_cat?post=3912"},{"taxonomy":"product_tag","embeddable":true,"href":"https:\/\/vaasanluonnonravinto.fi\/sv\/wp-json\/wp\/v2\/product_tag?post=3912"}],"curies":[{"name":"wp","href":"https:\/\/api.w.org\/{rel}","templated":true}]}}