{"id":3906,"date":"2019-05-29T12:39:50","date_gmt":"2019-05-29T09:39:50","guid":{"rendered":"https:\/\/vaasanluonnonravinto.fi\/?post_type=product&#038;p=3906"},"modified":"2025-03-31T16:22:48","modified_gmt":"2025-03-31T13:22:48","slug":"multikarosin","status":"publish","type":"product","link":"https:\/\/vaasanluonnonravinto.fi\/sv\/tuote\/multikarosin\/","title":{"rendered":"MULTIKAROSIN"},"content":{"rendered":"<section class=\"product-description\">\n<h2>IHOA SUOJAAVAT KAROTENOIDIT<\/h2>\n<p>MultiKarosinin luonnolliset beetakaroteeni ja lykopeeni ovat karotenoideja, jotka auttavat suojaamaan vaalean ihon soluja auringon UV-s\u00e4teilyn tuottamilta vapailta radikaaleilta. Beetakaroteeni on A-vitamiinin turvallinen esiaste, josta elimist\u00f6 muodostaa tarpeen mukaan aktiivista A-vitamiinia. Lykopeeni on kaksi kertaa beetakaroteenia voimakkaampi ja sit\u00e4 tukeva luonnon suoja-aine.<\/p>\n<h3>IHOLLE HYV\u00c4 J\u00c4TTIHELOKKI\u00d6LJY<\/h3>\n<p>J\u00e4ttihelokki\u00f6ljyn gammalinoleenihappo GLA (omega-6) vahvistaa ja kosteuttaa auringon p\u00e4ivett\u00e4m\u00e4\u00e4 ihoa. GLA on t\u00e4rke\u00e4 rakennusaine mm. uusien ihosolujen muodostumisessa.<\/p>\n<p>E-vitamiini lis\u00e4\u00e4 karotenoidien vahvoja antioksidanttivaikutuksia ja parantaa GLA:n s\u00e4ilyvyytt\u00e4.<\/p>\n<h3>LUONNOLLISIA JA KASVIPER\u00c4ISI\u00c4 TEHOAINEITA<\/h3>\n<p>MultiKarosin sis\u00e4lt\u00e4\u00e4 aitoja kasviper\u00e4isi\u00e4 luonnonaineita. Beetakaroteeni on valmistettu\u00a0<i>Dunaliella saliva<\/i>\u00a0-mikrolev\u00e4st\u00e4 ja lykopeeni auringon kypsytt\u00e4mist\u00e4 tomaateista.<\/p>\n<p>Kapselin kuori on kasvipohjainen ja tuote sopii erinomaisesti my\u00f6s vegaaneille ja kala-allergikoille.<\/p>\n<\/section>\n<section class=\"product-other-details\">\n<h3 class=\"product-other-details__header\">K\u00c4YTT\u00d6TARKOITUS<\/h3>\n<ul>\n<li>Luonnollista lis\u00e4suojaa iholle auringon kuluttavaa UV-s\u00e4teily\u00e4 vastaan<\/li>\n<li>Ravitsemaan ihoa sis\u00e4isesti ennen ja j\u00e4lkeen auringonoton<\/li>\n<li>Rakennusaineeksi uusien ihosolujen muodostumiseen<\/li>\n<li>Kosteuttamaan ihoa<\/li>\n<\/ul>\n<p>MultiKarosin on ihon tarpeisiin suunniteltu laadukas rasvahappo- ja antioksidanttivalmiste.<\/p>\n<p>MultiKarosin toimii ihoa suojaavana lis\u00e4ravinteena ennen solariumkuuria tai aurinkolomaa, mutta my\u00f6s ymp\u00e4ri vuoden. Aloita kuuri jo kaksi viikkoa ennen kauniin rusketuksen hankkimista.<\/p>\n<\/section>\n<section class=\"product-other-details\">\n<h3 class=\"product-other-details__header\">KENELLE<\/h3>\n<ul>\n<li>Auringonpalvojille<\/li>\n<li>Ulkoilmaihmisille<\/li>\n<li>Kuiva- ja herkk\u00e4ihoisille<\/li>\n<\/ul>\n<\/section>\n<section class=\"product-other-details\">\n<h3 class=\"product-other-details__header\">TERVEYSV\u00c4ITT\u00c4M\u00c4T \/ KLIININEN N\u00c4YTT\u00d6<\/h3>\n<p>MultiKarosin sis\u00e4lt\u00e4\u00e4<\/p>\n<ul>\n<li>beetakaroteenia, josta muodostuva\u00a0A-vitamiini\u00a0edist\u00e4\u00e4\n<ul>\n<li>ihon pysymyist\u00e4 normaalina<\/li>\n<li>n\u00e4\u00f6n pysymist\u00e4 normaalina<\/li>\n<li>vastustuskyvyn normaalia toimintaa<\/li>\n<\/ul>\n<\/li>\n<li>E-vitamiinia, joka suojaa soluja hapettumisstressilt\u00e4<\/li>\n<\/ul>\n<\/section>\n","protected":false},"excerpt":{"rendered":"<p>MultiKarosinin luonnolliset beetakaroteeni ja lykopeeni ovat karotenoideja, jotka auttavat suojaamaan vaalean ihon soluja auringon UV-s\u00e4teilyn tuottamilta vapailta radikaaleilta. Beetakaroteeni on A-vitamiinin turvallinen esiaste, josta elimist\u00f6 muodostaa tarpeen mukaan aktiivista A-vitamiinia. Lykopeeni on kaksi kertaa beetakaroteenia voimakkaampi ja sit\u00e4 tukeva luonnon suoja-aine.<\/p>\n","protected":false},"featured_media":1164,"template":"","meta":{"_acf_changed":false,"rs_blank_template":"","rs_page_bg_color":"","slide_template_v7":""},"product_brand":[],"product_cat":[106,80,73,77],"product_tag":[],"class_list":{"0":"post-3906","1":"product","2":"type-product","3":"status-publish","4":"has-post-thumbnail","6":"product_cat-valioravinto-sv","7":"product_cat-rasvahappo-ja-oljyvalmisteet-sv","8":"product_cat-lisaravinteet-sv","9":"product_cat-vitamiinit-sv","11":"first","12":"instock","13":"taxable","14":"shipping-taxable","15":"purchasable","16":"product-type-simple"},"acf":[],"_links":{"self":[{"href":"https:\/\/vaasanluonnonravinto.fi\/sv\/wp-json\/wp\/v2\/product\/3906","targetHints":{"allow":["GET"]}}],"collection":[{"href":"https:\/\/vaasanluonnonravinto.fi\/sv\/wp-json\/wp\/v2\/product"}],"about":[{"href":"https:\/\/vaasanluonnonravinto.fi\/sv\/wp-json\/wp\/v2\/types\/product"}],"wp:featuredmedia":[{"embeddable":true,"href":"https:\/\/vaasanluonnonravinto.fi\/sv\/wp-json\/wp\/v2\/media\/1164"}],"wp:attachment":[{"href":"https:\/\/vaasanluonnonravinto.fi\/sv\/wp-json\/wp\/v2\/media?parent=3906"}],"wp:term":[{"taxonomy":"product_brand","embeddable":true,"href":"https:\/\/vaasanluonnonravinto.fi\/sv\/wp-json\/wp\/v2\/product_brand?post=3906"},{"taxonomy":"product_cat","embeddable":true,"href":"https:\/\/vaasanluonnonravinto.fi\/sv\/wp-json\/wp\/v2\/product_cat?post=3906"},{"taxonomy":"product_tag","embeddable":true,"href":"https:\/\/vaasanluonnonravinto.fi\/sv\/wp-json\/wp\/v2\/product_tag?post=3906"}],"curies":[{"name":"wp","href":"https:\/\/api.w.org\/{rel}","templated":true}]}}