{"id":3905,"date":"2019-05-29T12:39:49","date_gmt":"2019-05-29T09:39:49","guid":{"rendered":"https:\/\/vaasanluonnonravinto.fi\/?post_type=product&#038;p=3905"},"modified":"2026-02-09T12:03:26","modified_gmt":"2026-02-09T10:03:26","slug":"munkens-bisalva","status":"publish","type":"product","link":"https:\/\/vaasanluonnonravinto.fi\/sv\/tuote\/munkens-bisalva\/","title":{"rendered":"BISALVA"},"content":{"rendered":"<section class=\"product-description\">\n<h2>AINOASTAAN LUONNON RAAKA-AINEITA<\/h2>\n<p>Munken\u2019s Bisalvan ydin on aito, puhdas mehil\u00e4isvaha. Voide on t\u00e4ysin vedet\u00f6n ja sen valmistuksessa k\u00e4ytet\u00e4\u00e4n luonnon parhaita ja puhtaimpia raaka-aineita; parafiinia, mehil\u00e4isvahaa ja -propolista, oliivi\u00f6ljy\u00e4, neilikka\u00f6ljy\u00e4 ja B<sub>2<\/sub>-vitamiinia.<\/p>\n<p>Mehil\u00e4issalvan valmistuksessa noudatetaan edelleen vanhan luostariapteekin laatimaa resepti\u00e4.<\/p>\n<\/section>\n<section class=\"product-other-details\">\n<h3 class=\"product-other-details__header\">K\u00c4YTT\u00d6TARKOITUS<\/h3>\n<ul>\n<li>Kuivalle ja halkeilevalle iholle<\/li>\n<li>Rohtuneille huulille<\/li>\n<li>Rikkin\u00e4isille kynsinauhoille<\/li>\n<li>Pakkasvoiteeksi kasvoille<\/li>\n<\/ul>\n<p>Munkin mehil\u00e4isvoide on vanhan luostarireseptin mukaan luonnon raaka-aineista valmistettu ihovoide. Se sopii kaikille ihon rohtumista tai kuivista ja halkeilevista huulista k\u00e4rsiville. Voiteella on rohtumia ennalta ehk\u00e4isev\u00e4 ja hoitava vaikutus p\u00e4ivitt\u00e4isess\u00e4 k\u00e4yt\u00f6ss\u00e4.<\/p>\n<p>Suositellaan kaikkiin ihoa ja huulia rasittaviin olosuhteisiin; kuivasta talvi-ilmasta aina etel\u00e4n auringon l\u00e4mp\u00f6\u00f6n. Sopii my\u00f6s finnien, rikkin\u00e4isten kynsinauhojen ja muiden ihovaurioiden hoitoon.<\/p>\n<p>Vedet\u00f6n mehil\u00e4isvoide sopii talven pakkaskeleihin. T\u00e4ysrasvainen voide suojaa ihoa paleltumisvaaralta.<\/p>\n<\/section>\n<section class=\"product-other-details\">\n<h3 class=\"product-other-details__header\">KENELLE<\/h3>\n<ul>\n<li>Rohtuneesta ja kuivasta ihosta k\u00e4rsiville<\/li>\n<li>Ulkoilmaihmisille<\/li>\n<li>Aitoja luonnonaineita arvostaville<\/li>\n<\/ul>\n<\/section>\n","protected":false},"excerpt":{"rendered":"<p>Munken\u2019s Bisalvan ydin on aito, puhdas mehil\u00e4isvaha. Voide on t\u00e4ysin vedet\u00f6n ja sen valmistuksessa k\u00e4ytet\u00e4\u00e4n luonnon parhaita ja puhtaimpia raaka-aineita; parafiinia, mehil\u00e4isvahaa ja -propolista, oliivi\u00f6ljy\u00e4, neilikka\u00f6ljy\u00e4 ja B<sub>2<\/sub>-vitamiinia.<\/p>\n","protected":false},"featured_media":1167,"template":"","meta":{"_acf_changed":false,"rs_blank_template":"","rs_page_bg_color":"","slide_template_v7":""},"product_brand":[],"product_cat":[106,75],"product_tag":[],"class_list":{"0":"post-3905","1":"product","2":"type-product","3":"status-publish","4":"has-post-thumbnail","6":"product_cat-valioravinto-sv","7":"product_cat-luontaiskosmetiikka-sv","9":"first","10":"instock","11":"taxable","12":"shipping-taxable","13":"purchasable","14":"product-type-simple"},"acf":[],"_links":{"self":[{"href":"https:\/\/vaasanluonnonravinto.fi\/sv\/wp-json\/wp\/v2\/product\/3905","targetHints":{"allow":["GET"]}}],"collection":[{"href":"https:\/\/vaasanluonnonravinto.fi\/sv\/wp-json\/wp\/v2\/product"}],"about":[{"href":"https:\/\/vaasanluonnonravinto.fi\/sv\/wp-json\/wp\/v2\/types\/product"}],"wp:featuredmedia":[{"embeddable":true,"href":"https:\/\/vaasanluonnonravinto.fi\/sv\/wp-json\/wp\/v2\/media\/1167"}],"wp:attachment":[{"href":"https:\/\/vaasanluonnonravinto.fi\/sv\/wp-json\/wp\/v2\/media?parent=3905"}],"wp:term":[{"taxonomy":"product_brand","embeddable":true,"href":"https:\/\/vaasanluonnonravinto.fi\/sv\/wp-json\/wp\/v2\/product_brand?post=3905"},{"taxonomy":"product_cat","embeddable":true,"href":"https:\/\/vaasanluonnonravinto.fi\/sv\/wp-json\/wp\/v2\/product_cat?post=3905"},{"taxonomy":"product_tag","embeddable":true,"href":"https:\/\/vaasanluonnonravinto.fi\/sv\/wp-json\/wp\/v2\/product_tag?post=3905"}],"curies":[{"name":"wp","href":"https:\/\/api.w.org\/{rel}","templated":true}]}}