{"id":3904,"date":"2019-05-29T12:39:49","date_gmt":"2019-05-29T09:39:49","guid":{"rendered":"https:\/\/vaasanluonnonravinto.fi\/?post_type=product&#038;p=3904"},"modified":"2026-02-09T12:01:52","modified_gmt":"2026-02-09T10:01:52","slug":"munkens-bisalva-puikko","status":"publish","type":"product","link":"https:\/\/vaasanluonnonravinto.fi\/sv\/tuote\/munkens-bisalva-puikko\/","title":{"rendered":"BISALVA -PUIKKO"},"content":{"rendered":"<section class=\"product-description\">\n<h2>AINOASTAAN LUONNON RAAKA-AINEITA<\/h2>\n<p>Munken\u2019s Bisalvan ydin on aito, puhdas mehil\u00e4isvaha. Voide on t\u00e4ysin vedet\u00f6n ja sen valmistuksessa on k\u00e4ytetty ainoastaan luonnon parhaita ja puhtaimpia raaka-aineita; parafiinia, mehil\u00e4isvahaa ja -propolista, oliivi\u00f6ljy\u00e4, neilikka\u00f6ljy\u00e4 ja B2-vitamiinia.<\/p>\n<p>Mehil\u00e4isvoidepuikon valmistuksessa noudatetaan yh\u00e4 t\u00e4n\u00e4kin p\u00e4iv\u00e4n\u00e4 vanhaa luostariapteekin laatimaa resepti\u00e4.<\/p>\n<\/section>\n<section class=\"product-other-details\">\n<h3 class=\"product-other-details__header\">K\u00c4YTT\u00d6TARKOITUS<\/h3>\n<ul>\n<li>Rohtuneille huulille<\/li>\n<li>Pienien kuivien ihoalueiden rasvaamiseen<\/li>\n<li>Pakkasvoiteeksi arktisiin olosuhteisiin<\/li>\n<\/ul>\n<p>Munkin mehil\u00e4isvoidepuikko on vanhan luostarireseptin mukaan luonnon raaka-aineista valmistettu huulivoide. Se sopii kaikille kuivista ja halkeilevista huulista tai huulten haavaumista k\u00e4rsiville. Voiteella on rohtumia ennalta ehk\u00e4isev\u00e4 ja hoitava vaikutus p\u00e4ivitt\u00e4isess\u00e4 k\u00e4yt\u00f6ss\u00e4.<\/p>\n<p>Suositellaan kaikkiin huulia rasittaviin olosuhteisiin; kuivasta talvi-ilmasta aina etel\u00e4n auringon l\u00e4mp\u00f6\u00f6n. Sopii my\u00f6s finnien hoitoon.<\/p>\n<p>T\u00e4ysrasvainen ja vedet\u00f6n huulivoide suojaa ihoa paleltumisvaaralta kovillakin pakkasilla.<\/p>\n<\/section>\n<section class=\"product-other-details\">\n<h3 class=\"product-other-details__header\">KENELLE<\/h3>\n<ul>\n<li>Rohtuneista ja kuivista huulista k\u00e4rsiville<\/li>\n<li>Ulkoilmaihmisille<\/li>\n<li>Aitoja luonnonaineita arvostaville<\/li>\n<\/ul>\n<\/section>\n","protected":false},"excerpt":{"rendered":"<p>Munken\u2019s Bisalvan ydin on aito, puhdas mehil\u00e4isvaha. Voide on t\u00e4ysin vedet\u00f6n ja sen valmistuksessa on k\u00e4ytetty ainoastaan luonnon parhaita ja puhtaimpia raaka-aineita; parafiinia, mehil\u00e4isvahaa ja -propolista, oliivi\u00f6ljy\u00e4, neilikka\u00f6ljy\u00e4 ja B2-vitamiinia.<\/p>\n","protected":false},"featured_media":1170,"template":"","meta":{"_acf_changed":false},"product_brand":[],"product_cat":[106,75],"product_tag":[],"class_list":{"0":"post-3904","1":"product","2":"type-product","3":"status-publish","4":"has-post-thumbnail","6":"product_cat-valioravinto-sv","7":"product_cat-luontaiskosmetiikka-sv","9":"first","10":"instock","11":"taxable","12":"shipping-taxable","13":"purchasable","14":"product-type-simple"},"acf":[],"_links":{"self":[{"href":"https:\/\/vaasanluonnonravinto.fi\/sv\/wp-json\/wp\/v2\/product\/3904","targetHints":{"allow":["GET"]}}],"collection":[{"href":"https:\/\/vaasanluonnonravinto.fi\/sv\/wp-json\/wp\/v2\/product"}],"about":[{"href":"https:\/\/vaasanluonnonravinto.fi\/sv\/wp-json\/wp\/v2\/types\/product"}],"wp:featuredmedia":[{"embeddable":true,"href":"https:\/\/vaasanluonnonravinto.fi\/sv\/wp-json\/wp\/v2\/media\/1170"}],"wp:attachment":[{"href":"https:\/\/vaasanluonnonravinto.fi\/sv\/wp-json\/wp\/v2\/media?parent=3904"}],"wp:term":[{"taxonomy":"product_brand","embeddable":true,"href":"https:\/\/vaasanluonnonravinto.fi\/sv\/wp-json\/wp\/v2\/product_brand?post=3904"},{"taxonomy":"product_cat","embeddable":true,"href":"https:\/\/vaasanluonnonravinto.fi\/sv\/wp-json\/wp\/v2\/product_cat?post=3904"},{"taxonomy":"product_tag","embeddable":true,"href":"https:\/\/vaasanluonnonravinto.fi\/sv\/wp-json\/wp\/v2\/product_tag?post=3904"}],"curies":[{"name":"wp","href":"https:\/\/api.w.org\/{rel}","templated":true}]}}