{"id":3903,"date":"2019-05-29T12:39:42","date_gmt":"2019-05-29T09:39:42","guid":{"rendered":"https:\/\/vaasanluonnonravinto.fi\/?post_type=product&#038;p=3903"},"modified":"2025-06-09T14:33:21","modified_gmt":"2025-06-09T11:33:21","slug":"omega7-huulivoide","status":"publish","type":"product","link":"https:\/\/vaasanluonnonravinto.fi\/sv\/tuote\/omega7-huulivoide\/","title":{"rendered":"OMEGA7 HUULIVOIDE"},"content":{"rendered":"<section class=\"product-description\">Omega7 Huulivoide on t\u00e4ysin vedet\u00f6n ja sen valmistuksessa on k\u00e4ytetty ainoastaan luonnon parhaita ja puhtaimpia raaka-aineita. T\u00e4rkein niist\u00e4 on herkk\u00e4\u00e4 ihoa helliv\u00e4 ja Omega7-kaksoistyrni\u00f6ljykapseleista tuttu SBA-kaksoistyrni\u00f6ljy. Tyrni\u00f6ljyn vaikutuksia t\u00e4ydent\u00e4v\u00e4t luomulaatuiset auringonkukka- ja kookos\u00f6ljy sek\u00e4 puhdas mehil\u00e4isvaha.T\u00e4ysin vedet\u00f6n huulivoide suojaa huulia my\u00f6s kovalla pakkasella.<\/p>\n<p>Vaniljan makuinen huulivoide sopii kaiken ik\u00e4isille naisille ja miehille sek\u00e4 pikkulapsille.<\/p>\n<\/section>\n<section class=\"product-other-details\">\n<h3 class=\"product-other-details__header\">K\u00c4YTT\u00d6TARKOITUS<\/h3>\n<ul>\n<li>Rohtuneille ja kuiville huulille<\/li>\n<li>Voimakkaan auringonpaisteen herkist\u00e4mille huulille<\/li>\n<li>Pienien kuivien ihoalueiden rasvaamiseen<\/li>\n<li>Pakkasvoiteeksi arktisiin olosuhteisiin<\/li>\n<\/ul>\n<p>Omega7 Huulivoide sopii kaikille kuivista ja halkeilevista huulista tai huulten haavaumista k\u00e4rsiville. Voiteella on rohtumia ennalta ehk\u00e4isev\u00e4 ja hoitava vaikutus p\u00e4ivitt\u00e4isess\u00e4 k\u00e4yt\u00f6ss\u00e4.<\/p>\n<p>Suositellaan kaikkiin huulia rasittaviin olosuhteisiin; kuivasta talvi-ilmasta aina etel\u00e4n auringon l\u00e4mp\u00f6\u00f6n. Tyrni\u00f6ljy\u00e4 sis\u00e4lt\u00e4v\u00e4 huulivoide sopii my\u00f6s auringon polttamien huulien hoitoon.<\/p>\n<p>T\u00e4ysrasvainen ja vedet\u00f6n huulivoide suojaa herkk\u00e4\u00e4 ihoa paleltumisvaaralta kovillakin pakkasilla.<\/p>\n<\/section>\n<section class=\"product-other-details\">\n<h3 class=\"product-other-details__header\">KENELLE<\/h3>\n<ul>\n<li>Rohtuneista ja kuivista huulista k\u00e4rsiville<\/li>\n<li>Ulkoilmaihmisille<\/li>\n<li>Aikuisille ja pikkulapsille<\/li>\n<li>Aitoja luonnonaineita arvostaville<\/li>\n<\/ul>\n<\/section>\n","protected":false},"excerpt":{"rendered":"<p>Omega7 Huulivoide on t\u00e4ysin vedet\u00f6n ja sen valmistuksessa on k\u00e4ytetty ainoastaan luonnon parhaita ja puhtaimpia raaka-aineita. T\u00e4rkein niist\u00e4 on herkk\u00e4\u00e4 ihoa helliv\u00e4 ja Omega7-kaksoistyrni\u00f6ljykapseleista tuttu SBA-kaksoistyrni\u00f6ljy. Tyrni\u00f6ljyn vaikutuksia t\u00e4ydent\u00e4v\u00e4t luomulaatuiset auringonkukka- ja kookos\u00f6ljy sek\u00e4 puhdas mehil\u00e4isvaha.<\/p>\n<p>T\u00e4ysin vedet\u00f6n huulivoide suojaa huulia my\u00f6s kovalla pakkasella.<\/p>\n<p>Vaniljan makuinen huulivoide sopii kaiken ik\u00e4isille naisille ja miehille sek\u00e4 pikkulapsille.<\/p>\n","protected":false},"featured_media":1183,"template":"","meta":{"_acf_changed":false},"product_brand":[],"product_cat":[80,73,75],"product_tag":[],"class_list":{"0":"post-3903","1":"product","2":"type-product","3":"status-publish","4":"has-post-thumbnail","6":"product_cat-rasvahappo-ja-oljyvalmisteet-sv","7":"product_cat-lisaravinteet-sv","8":"product_cat-luontaiskosmetiikka-sv","10":"first","11":"instock","12":"taxable","13":"shipping-taxable","14":"purchasable","15":"product-type-simple"},"acf":[],"_links":{"self":[{"href":"https:\/\/vaasanluonnonravinto.fi\/sv\/wp-json\/wp\/v2\/product\/3903","targetHints":{"allow":["GET"]}}],"collection":[{"href":"https:\/\/vaasanluonnonravinto.fi\/sv\/wp-json\/wp\/v2\/product"}],"about":[{"href":"https:\/\/vaasanluonnonravinto.fi\/sv\/wp-json\/wp\/v2\/types\/product"}],"wp:featuredmedia":[{"embeddable":true,"href":"https:\/\/vaasanluonnonravinto.fi\/sv\/wp-json\/wp\/v2\/media\/1183"}],"wp:attachment":[{"href":"https:\/\/vaasanluonnonravinto.fi\/sv\/wp-json\/wp\/v2\/media?parent=3903"}],"wp:term":[{"taxonomy":"product_brand","embeddable":true,"href":"https:\/\/vaasanluonnonravinto.fi\/sv\/wp-json\/wp\/v2\/product_brand?post=3903"},{"taxonomy":"product_cat","embeddable":true,"href":"https:\/\/vaasanluonnonravinto.fi\/sv\/wp-json\/wp\/v2\/product_cat?post=3903"},{"taxonomy":"product_tag","embeddable":true,"href":"https:\/\/vaasanluonnonravinto.fi\/sv\/wp-json\/wp\/v2\/product_tag?post=3903"}],"curies":[{"name":"wp","href":"https:\/\/api.w.org\/{rel}","templated":true}]}}