{"id":3900,"date":"2019-05-29T12:39:47","date_gmt":"2019-05-29T09:39:47","guid":{"rendered":"https:\/\/vaasanluonnonravinto.fi\/?post_type=product&#038;p=3900"},"modified":"2025-10-01T00:37:07","modified_gmt":"2025-09-30T21:37:07","slug":"nivelactive-120-tabl","status":"publish","type":"product","link":"https:\/\/vaasanluonnonravinto.fi\/sv\/tuote\/nivelactive-120-tabl\/","title":{"rendered":"NIVELACTIVE 120 tabl"},"content":{"rendered":"<section class=\"product-description\">\n<h2>NOPEAVAIKUTTEISET RAVINTOAINEET NIVELTEN HYVINVOINTIIN<\/h2>\n<p><strong>Huomaa ero jo ensimm\u00e4isen pakkauksen aikana!<\/strong><\/p>\n<p>NivelActiven patentoitu munamembraaniuute NEM\u00ae (Natural Eggshell Membrane) sis\u00e4lt\u00e4\u00e4 luonnostaan runsaan ja tasapainoisen seoksen nivelille t\u00e4rkeit\u00e4 ravintoaineita kuten kondroitiinisulfaattia, hyaluronihappoa ja kollageenia. NEM\u00ae uutetta (mm. koostumusta ja turvallisuutta) on tutkittu useissa tuotekohtaisissa tieteellisiss\u00e4 tutkimuksissa.<\/p>\n<p>NivelActiven hyvin imeytyv\u00e4 mangaani edist\u00e4\u00e4 sidekudosten, kuten nivelten, normaalia muodostumista ja luuston pysymist\u00e4 normaalina. K\u00e4ytt\u00f6tarkoituksen parhaiten sopivat kasvit, Boswellia serrata ja pirunkynsi (harpagojuuri), tukevat nivelten rakennusaineiden monipuolisia vaikutuksia.<\/p>\n<p>&nbsp;<\/p>\n<h3><span id=\"ctl00_contentPlaceHolder_lblUsageHeader\" class=\"ReqularText\">K\u00c4YTT\u00d6TARKOITUS<\/span><br \/>\n<span id=\"ctl00_contentPlaceHolder_lblUsageText\" class=\"ReqularText\"><\/span><\/h3>\n<ul>\n<li>Nivelongelmiin<\/li>\n<li>J\u00e4ykille nivelille<\/li>\n<\/ul>\n<p>&nbsp;<\/p>\n<h3><span id=\"ctl00_contentPlaceHolder_lblAmountHeader\" class=\"ReqularText\">KENELLE<\/span><br \/>\n<span id=\"ctl00_contentPlaceHolder_lblRecommendText\" class=\"ReqularText\"><\/span><\/h3>\n<ul>\n<li>Aktiivisille aikuisille ja senioreille<\/li>\n<li>Nuorille kuntoilijoille ja urheilijoille<\/li>\n<li>Sopii my\u00f6s kasvissy\u00f6jille sek\u00e4 kala- ja \u00e4yri\u00e4isallergikoille<\/li>\n<\/ul>\n<\/section>\n<section class=\"product-other-details\">\n<h3 class=\"product-other-details__header\">LUONNOLLISET JA VASTUULLISET RAVINTOAINEET KANANMUNASTA JA PERINTEISIST\u00c4 NIVELKASVEISTA<\/h3>\n<p>NivelActiven Natural Eggshell Membrane NEM\u00ae-uute on eristetty kananmunan kuoren kalvosta. Kananmunan kuoren alla oleva nahkea kalvo sis\u00e4lt\u00e4\u00e4 luonnostaan useita nivelille t\u00e4rkeit\u00e4 ravintoaineita, kuten kondroitiinisulfaattia, glukosamineja, hyaluronihappoa ja kollageenia. Uutteen valmistuksessa hy\u00f6dynnet\u00e4\u00e4n elintarviketuotannon sivuvirtaa eli normaalisti j\u00e4tteeksi p\u00e4\u00e4tyvi\u00e4 kananmunan kuoria. Uute valmistetaan ilman orgaanisia liuottimia, jotta sen aktiiviaineet s\u00e4ilyv\u00e4t aktiivisessa luonnollisessa muodossa. NEM\u00ae on n\u00e4in ollen eettisesti vahva l\u00e4hde toimiviksi todetuille em. nivelten tehoaineille, jotka normaalisti saadaan uhanalaisista hailajeista tai kala- ja el\u00e4inper\u00e4isist\u00e4 teurasj\u00e4tteist\u00e4.<\/p>\n<p>NEM\u00ae on maailman tutkituin munamembraaniuute. Sen vahvuutena on patentoitu, ymp\u00e4rist\u00f6yst\u00e4v\u00e4llinen valmistusmenetelm\u00e4 ja ainutlaatuinen koostumus. Kliinisten tutkimusten tuloksia on julkaistu arvostetuissa tieteellisiss\u00e4 lehdiss\u00e4.<\/p>\n<h4>MANGAANI RAKENTAA NIVELTEN SIDEKUDOSTA<\/h4>\n<p>NivelActiven sis\u00e4lt\u00e4m\u00e4 hyvin imeytyv\u00e4 ns. aminohappokelatoitu mangaani edist\u00e4\u00e4 sidekudosten normaalia muodostumista ja luuston pysymist\u00e4 normaalina.<\/p>\n<h4>LIS\u00c4\u00c4 MONIPUOLISUUTTA BOSWELLIA SERRATASTA JA PIRUNKYNNEST\u00c4<\/h4>\n<p>Boswellia serrata -puun pihkaa on hy\u00f6dynnetty tuhansia vuosia mm. intialaisissa Ayurveda -menetelmiss\u00e4. Pirunkynsi eli harpagojuuri tunnetaan laajalti Saksassa ja Ranskassa, joissa mm. perinteisiksi kasvirohdosvalmisteiksi rekister\u00f6ityj\u00e4 valmisteita k\u00e4ytet\u00e4\u00e4n yleisesti l\u00e4\u00e4kkeiden rinnalla.<\/p>\n<p>NivelActive -tabletit valmistetaan Valioravinnon itse kehitt\u00e4m\u00e4ll\u00e4 reseptill\u00e4 reseptill\u00e4 Pietarsaaressa. Tuotteen raaka-aineiksi on valittu ainoastaan markkinoiden parhaat tehoaineet, jotka tukevat toinen toistensa vaikutuksia.<\/p>\n<\/section>\n<section class=\"product-other-details\">\n<h3 class=\"product-other-details__header\">TERVEYSV\u00c4ITT\u00c4M\u00c4T JA KLIININEN N\u00c4YTT\u00d6<\/h3>\n<p>NivelActiven sis\u00e4lt\u00e4m\u00e4 mangaani edist\u00e4\u00e4 sidekudosten normaalia muodostumista niveliss\u00e4 ja luuston pysymist\u00e4 normaalina.<\/p>\n<p>&nbsp;<\/p>\n<p>NEM-uutetta ja sen k\u00e4yt\u00f6n turvallisuutta on kartoitettu useissa tuotekohtaisissa tieteellisiss\u00e4 tutkimuksissa.<\/p>\n<\/section>\n","protected":false},"excerpt":{"rendered":"<p>NivelActiven patentoitu munamembraaniuute NEM\u00ae (Natural Eggshell Membrane) sis\u00e4lt\u00e4\u00e4 luonnostaan runsaan ja tasapainoisen seoksen nivelille t\u00e4rkeit\u00e4 ravintoaineita kuten kondroitiinisulfaattia, hyaluronihappoa ja kollageenia. NEM\u00ae uutetta (mm. koostumusta ja turvallisuutta) on tutkittu useissa tuotekohtaisissa tieteellisiss\u00e4 tutkimuksissa.<\/p>\n<p>NivelActiven hyvin imeytyv\u00e4 mangaani edist\u00e4\u00e4 sidekudosten, kuten nivelten, normaalia muodostumista ja luuston pysymist\u00e4 normaalina. K\u00e4ytt\u00f6tarkoituksen parhaiten sopivat kasvit, Boswellia serrata ja pirunkynsi (harpagojuuri), tukevat nivelten rakennusaineiden monipuolisia vaikutuksia.<\/p>\n","protected":false},"featured_media":1173,"template":"","meta":{"_acf_changed":false},"product_brand":[],"product_cat":[83,106,73,76],"product_tag":[],"class_list":{"0":"post-3900","1":"product","2":"type-product","3":"status-publish","4":"has-post-thumbnail","6":"product_cat-aminohapot-sv","7":"product_cat-valioravinto-sv","8":"product_cat-lisaravinteet-sv","9":"product_cat-kivennaisvalmisteet-sv","11":"first","12":"instock","13":"taxable","14":"shipping-taxable","15":"purchasable","16":"product-type-simple"},"acf":[],"_links":{"self":[{"href":"https:\/\/vaasanluonnonravinto.fi\/sv\/wp-json\/wp\/v2\/product\/3900","targetHints":{"allow":["GET"]}}],"collection":[{"href":"https:\/\/vaasanluonnonravinto.fi\/sv\/wp-json\/wp\/v2\/product"}],"about":[{"href":"https:\/\/vaasanluonnonravinto.fi\/sv\/wp-json\/wp\/v2\/types\/product"}],"wp:featuredmedia":[{"embeddable":true,"href":"https:\/\/vaasanluonnonravinto.fi\/sv\/wp-json\/wp\/v2\/media\/1173"}],"wp:attachment":[{"href":"https:\/\/vaasanluonnonravinto.fi\/sv\/wp-json\/wp\/v2\/media?parent=3900"}],"wp:term":[{"taxonomy":"product_brand","embeddable":true,"href":"https:\/\/vaasanluonnonravinto.fi\/sv\/wp-json\/wp\/v2\/product_brand?post=3900"},{"taxonomy":"product_cat","embeddable":true,"href":"https:\/\/vaasanluonnonravinto.fi\/sv\/wp-json\/wp\/v2\/product_cat?post=3900"},{"taxonomy":"product_tag","embeddable":true,"href":"https:\/\/vaasanluonnonravinto.fi\/sv\/wp-json\/wp\/v2\/product_tag?post=3900"}],"curies":[{"name":"wp","href":"https:\/\/api.w.org\/{rel}","templated":true}]}}