{"id":3899,"date":"2019-05-29T12:39:40","date_gmt":"2019-05-29T09:39:40","guid":{"rendered":"https:\/\/vaasanluonnonravinto.fi\/?post_type=product&#038;p=3899"},"modified":"2025-06-09T14:34:15","modified_gmt":"2025-06-09T11:34:15","slug":"omega7-eye-90-kaps","status":"publish","type":"product","link":"https:\/\/vaasanluonnonravinto.fi\/sv\/tuote\/omega7-eye-90-kaps\/","title":{"rendered":"OMEGA7-EYE 90 kaps"},"content":{"rendered":"<section class=\"product-description\">Hiekan tunne, polttelu ja jatkuva vuotaminen ovat tyypillisi\u00e4 merkkej\u00e4 silm\u00e4n limakalvojen kuivuudesta. Silm\u00e4t kuivuvat naisilla etenkin vaihdevuosien my\u00f6t\u00e4. Kiusa ei silti riipu i\u00e4st\u00e4 eik\u00e4 sukupuolesta. Ongelma on tuttu my\u00f6s nuorille piilolinssien k\u00e4ytt\u00e4jille, tietokoneella ty\u00f6skenteleville ja silm\u00e4n laserleikkauksesta toipuville. Syd\u00e4ntalven kuivilla pakkaskeleill\u00e4 silmien kuivuus on tuttu kiusa meille kaikille.<\/p>\n<h3>RASITTUVATKO JA V\u00c4SYV\u00c4TK\u00d6 SILM\u00c4SI LUKIESSA?<\/h3>\n<p>N\u00e4\u00f6n heikkeneminen ja silmien v\u00e4syminen lukiessa ovat<br \/>\nnormaaleja ik\u00e4\u00e4ntymisilmi\u00f6it\u00e4. Silmien suojaaminen auringolta, monipuolinen ravinto sek\u00e4 terveet el\u00e4m\u00e4ntavat auttavat meit\u00e4 yll\u00e4pit\u00e4m\u00e4\u00e4n normaalia n\u00e4k\u00f6kyky\u00e4. Tupakointi ja monet elintasosairaudet vastaavasti vauhdittavat silmien ik\u00e4\u00e4ntymist\u00e4.<\/p>\n<p>Luteiini ja zeaksantiini ovat silm\u00e4n toiminnalle v\u00e4ltt\u00e4m\u00e4tt\u00f6mi\u00e4 aineosia. Ne muodostavat ohuen kerroksen silm\u00e4n pohjaa peitt\u00e4v\u00e4n verkkokalvon pinnalla. Luteiinia ja zeaksantiinia on eniten silm\u00e4n tarkan n\u00e4kemisen keskuksessa makulassa eli keltat\u00e4pl\u00e4ss\u00e4. Keltat\u00e4p\u00e4l\u00e4 on silm\u00e4n valolle herkin osa ja siksi sen suojaaminen kirkkaalta valolta on erityisen t\u00e4rke\u00e4\u00e4. Elimist\u00f6mme ei pysty itse tuottamaan luteiinia ja zeaksantiinia, vaan ne on saatava ravinnosta. Luteiinin ja zeaksantiinin m\u00e4\u00e4r\u00e4 silm\u00e4ss\u00e4 v\u00e4henee i\u00e4n my\u00f6t\u00e4.<\/p>\n<h3>ERIKOIS\u00d6LJY SILMIESI LIMAKALVOILLE JA N\u00c4K\u00d6KYVYLLE<\/h3>\n<p>Omega7-Eye on ainutlaatuinen yhdistelm\u00e4 SBA24-kaksoistyrni\u00f6ljy\u00e4,<br \/>\nluteiinia ja zeaksantiinia. \u00d6ljy sis\u00e4lt\u00e4\u00e4 luonnollisia ravintoaineita koko<br \/>\nsilm\u00e4n tarpeisiin; silm\u00e4\u00e4 suojaaville limakalvoille, verkkokalvolle ja kyynelnesteelle.<\/p>\n<p>Kehomme valmistaa tyrni\u00f6ljyn beetakaroteenista A-vitamiinia, joka yll\u00e4pit\u00e4\u00e4 silmien limakalvojen hyvinvointia ja edist\u00e4\u00e4 n\u00e4\u00f6n pysymist\u00e4 normaalina. SBA24-kaksoistyrni\u00f6ljyn vaikutukset silm\u00e4n limakalvojen kosteuttamiseen on osoitettu tieteellisess\u00e4 tutkimuksessa. 100 % kasviper\u00e4isten kapseleiden luteiini ja zeaksantiini on eristetty samettikukasta.<\/p>\n<h3>SBA24-KAKSOISTYRNI\u00d6LJY \u2013 AINUTLAATUISTA \u00d6LJY\u00c4 KOKO TYRNIMARJASTA<\/h3>\n<p>Omega7\u00ae-Eye sis\u00e4lt\u00e4\u00e4 ns. kaksoistyrni\u00f6ljy\u00e4 (vakioitu SBA24-tyrni\u00f6ljy), joka koostuu sek\u00e4 tyrnin hedelm\u00e4liha\u00f6ljyst\u00e4 ett\u00e4 tyrnin siemen\u00f6ljyst\u00e4. Kokonaisuus vastaa siten koko tyrnimarjan alkuper\u00e4ist\u00e4 ja luonnostaan monipuolista \u00f6ljy\u00e4. Kaksoistyrni\u00f6ljy sis\u00e4lt\u00e4\u00e4 monipuolisen cocktailin hyvi\u00e4 rasvahappoja, kasvisteroleita ja antioksidantteja. \u00d6ljy valmistetaan Aromtech Oy:n tehtaalla Torniossa.\u00a0Lis\u00e4tietoa ainutlaatuisesta SBA24 tyrni\u00f6ljyst\u00e4 l\u00f6yd\u00e4t my\u00f6s\u00a0<a href=\"https:\/\/aromtech.com\/fi\/science\/sba24\/\">t\u00e4\u00e4lt\u00e4<\/a>.<\/p>\n<h3>KORKEALAATUISTA LUTEIINIA JA ZEAKSANTIINIA<\/h3>\n<p>Omega7-Eye sis\u00e4lt\u00e4\u00e4 ainutlaatuista FloraGLO -luteiini-zeaksantiini<br \/>\n-seosta. Seoksen erityinen imeytyvyys ja terveysvaikutukset ik\u00e4\u00e4ntyville silmille ja iholle on osoitettu useissa tieteellisiss\u00e4 tutkimuksissa. Omega7-Eye -kapseleissa yhdistyv\u00e4t n\u00e4in alojensa parhaat ja tutkituimmat raaka-aineet kaikkien laatua ja luonnollisuutta arvostavien kuluttajien hyv\u00e4ksi.<\/p>\n<\/section>\n<section class=\"product-other-details\">\n<h3 class=\"product-other-details__header\">K\u00c4YTT\u00d6TARKOITUS<\/h3>\n<ul>\n<li>Silm\u00e4n limakalvojen kosteuttamiseen<\/li>\n<li>Normaalin n\u00e4k\u00f6kyvyn yll\u00e4pit\u00e4miseen<\/li>\n<li>Solujen suojaamiseen hapettumisstressilt\u00e4<\/li>\n<li>Luteiinin ja zeaksantiinin lis\u00e4\u00e4ntyneeseen tarpeeseen<\/li>\n<\/ul>\n<p>Omega7-Eye -kapselit sis\u00e4lt\u00e4v\u00e4t luonnollisia ravintoaineita silm\u00e4n limakalvojen, silm\u00e4n verkkokalvon ja kyynelnesteen tarpeisiin.<\/p>\n<p>Omega7-Eye muodostaa ainutlaatuisen yhdistelm\u00e4n tutkittua SBA24-kaksoistyrni\u00f6ljy\u00e4 sek\u00e4 samettikukan luteiinia ja zeaksantiinia. Yhdess\u00e4 ne auttavat silmi\u00e4si pysym\u00e4\u00e4n kosteina ja n\u00e4kem\u00e4\u00e4n tarkasti.<\/p>\n<\/section>\n<section class=\"product-other-details\">\n<h3 class=\"product-other-details__header\">KENELLE<\/h3>\n<ul>\n<li>Silmien kuivuudesta k\u00e4rsiville<\/li>\n<li>Piilolinssien k\u00e4ytt\u00e4jille<\/li>\n<li>N\u00e4ytt\u00f6p\u00e4\u00e4tety\u00f6t\u00e4 tekeville<\/li>\n<li>Tarkkaa n\u00e4k\u00f6\u00e4 tarvitseville<\/li>\n<li>Autoilijoille<\/li>\n<li>Lukiessa v\u00e4syville silmille<\/li>\n<li>Ik\u00e4\u00e4ntyville silmille; 50+ naisille ja miehille<\/li>\n<li>Silm\u00e4n laserleikkauksesta toipuville<\/li>\n<\/ul>\n<\/section>\n<section class=\"product-other-details\">\n<h3 class=\"product-other-details__header\">TERVEYSV\u00c4ITT\u00c4M\u00c4T<\/h3>\n<p>Omega7-Eye sis\u00e4lt\u00e4\u00e4 vakioitua SBA24-kaksoistyrni\u00f6ljy\u00e4, jonka terveysvaikutukset on todettu laajoissa kliinisiss\u00e4 tutkimuksissa.<br \/>\nTurun yliopistolla tehdyt tieteelliset tutkimukset ovat kohdistuneet erityisesti limakalvojen, ihon ja syd\u00e4men terveysvaikutuksiin.<\/p>\n<p><u>Tuotekohtainen tutkimus silm\u00e4n limakalvojen hyvinvointiin ja kyynelnesteen koostumukseen:<\/u><br \/>\nLarmo P. et al. Oral sea buckthorn oil attenuates tear film osmolarity and symptoms in individuals with dry eye,\u00a0<i>Journal of Nutrition<\/i>\u00a02010; 140(8):1462-8.<\/p>\n<p><strong>Omega7-Eye kapseleiden tyrni\u00f6ljy sis\u00e4lt\u00e4\u00e4 beetakaroteenia, josta muodostuva A-vitamiini edist\u00e4\u00e4 mm.<\/strong><\/p>\n<ul>\n<li>N\u00e4\u00f6n pysymist\u00e4 normaalina<\/li>\n<li>Limakalvojen pysymist\u00e4 normaalina<\/li>\n<li>Vastustuskyvyn normaalia toimintaa<\/li>\n<\/ul>\n<p>Omega7-Eye kapseleiden tyrni\u00f6ljy sis\u00e4lt\u00e4\u00e4 E-vitamiinia, joka edist\u00e4\u00e4 solujen suojaamista hapettumisstressilt\u00e4.<\/p>\n<\/section>\n","protected":false},"excerpt":{"rendered":"<p>Hiekan tunne, polttelu ja jatkuva vuotaminen ovat tyypillisi\u00e4 merkkej\u00e4 silm\u00e4n limakalvojen kuivuudesta. Silm\u00e4t kuivuvat naisilla etenkin vaihdevuosien my\u00f6t\u00e4. Kiusa ei silti riipu i\u00e4st\u00e4 eik\u00e4 sukupuolesta. Ongelma on tuttu my\u00f6s nuorille piilolinssien k\u00e4ytt\u00e4jille, tietokoneella ty\u00f6skenteleville ja silm\u00e4n laserleikkauksesta toipuville. Syd\u00e4ntalven kuivilla pakkaskeleill\u00e4 silmien kuivuus on tuttu kiusa meille kaikille.<\/p>\n","protected":false},"featured_media":1189,"template":"","meta":{"_acf_changed":false},"product_brand":[],"product_cat":[80,73,74],"product_tag":[],"class_list":{"0":"post-3899","1":"product","2":"type-product","3":"status-publish","4":"has-post-thumbnail","6":"product_cat-rasvahappo-ja-oljyvalmisteet-sv","7":"product_cat-lisaravinteet-sv","8":"product_cat-erikoistuotteet-sv","10":"first","11":"instock","12":"taxable","13":"shipping-taxable","14":"purchasable","15":"product-type-simple"},"acf":[],"_links":{"self":[{"href":"https:\/\/vaasanluonnonravinto.fi\/sv\/wp-json\/wp\/v2\/product\/3899","targetHints":{"allow":["GET"]}}],"collection":[{"href":"https:\/\/vaasanluonnonravinto.fi\/sv\/wp-json\/wp\/v2\/product"}],"about":[{"href":"https:\/\/vaasanluonnonravinto.fi\/sv\/wp-json\/wp\/v2\/types\/product"}],"wp:featuredmedia":[{"embeddable":true,"href":"https:\/\/vaasanluonnonravinto.fi\/sv\/wp-json\/wp\/v2\/media\/1189"}],"wp:attachment":[{"href":"https:\/\/vaasanluonnonravinto.fi\/sv\/wp-json\/wp\/v2\/media?parent=3899"}],"wp:term":[{"taxonomy":"product_brand","embeddable":true,"href":"https:\/\/vaasanluonnonravinto.fi\/sv\/wp-json\/wp\/v2\/product_brand?post=3899"},{"taxonomy":"product_cat","embeddable":true,"href":"https:\/\/vaasanluonnonravinto.fi\/sv\/wp-json\/wp\/v2\/product_cat?post=3899"},{"taxonomy":"product_tag","embeddable":true,"href":"https:\/\/vaasanluonnonravinto.fi\/sv\/wp-json\/wp\/v2\/product_tag?post=3899"}],"curies":[{"name":"wp","href":"https:\/\/api.w.org\/{rel}","templated":true}]}}