{"id":3898,"date":"2019-05-29T12:39:39","date_gmt":"2019-05-29T09:39:39","guid":{"rendered":"https:\/\/vaasanluonnonravinto.fi\/?post_type=product&#038;p=3898"},"modified":"2020-09-14T16:36:51","modified_gmt":"2020-09-14T13:36:51","slug":"omega7-tyrnioljykapseli-60-kaps","status":"publish","type":"product","link":"https:\/\/vaasanluonnonravinto.fi\/sv\/tuote\/omega7-tyrnioljykapseli-60-kaps\/","title":{"rendered":"OMEGA7-TYRNI\u00d6LJYKAPSELI 60 kaps"},"content":{"rendered":"<section class=\"product-description\">Tyrnimarjan \u00f6ljypitoisuus on hyvin poikkeuksellinen. Tyrnimarjassa on \u00f6ljy\u00e4 kaikkien marjojen tapaan siemeniss\u00e4, mutta my\u00f6s hedelm\u00e4lihassa. N\u00e4iden \u00f6ljyjen koostumukset eroavat oleellisesti toisistaan.<\/p>\n<p>Omega7\u00ae sis\u00e4lt\u00e4\u00e4 ns. kaksoistyrni\u00f6ljy\u00e4 (vakioitu SBA24-tyrni\u00f6ljy), joka koostuu sek\u00e4 tyrnin hedelm\u00e4liha\u00f6ljyst\u00e4 ett\u00e4 tyrnin siemen\u00f6ljyst\u00e4. Kokonaisuus vastaa siten koko tyrnimarjan alkuper\u00e4ist\u00e4 ja luonnostaan monipuolista \u00f6ljy\u00e4. Kaksoistyrni\u00f6ljy sis\u00e4lt\u00e4\u00e4 monipuolisen cocktailin hyvi\u00e4 rasvahappoja, kasvisteroleita ja antioksidantteja. \u00d6ljyn valmistuksessa k\u00e4ytet\u00e4\u00e4n ainoastaan villin\u00e4 kasvaneita tai luomuviljeltyj\u00e4 tyrnimarjoja.<\/p>\n<p>&nbsp;<\/p>\n<h3>HELL\u00c4VARAINEN VALMISTUS S\u00c4ILYTT\u00c4\u00c4 \u00d6LJYN LUONNOLLISENA<\/h3>\n<p>Omega7\u00ae-kaksoistyrni\u00f6ljy valmistetaan Suomessa erityisell\u00e4 hiilidioksidiuutolla. Tyrnin luonnolliset tehoaineet saadaan t\u00e4ll\u00e4 tavoin talteen niiden alkuper\u00e4isess\u00e4 muodossa. Tuotannossa ei k\u00e4ytet\u00e4 kemiallisia liuottimia, eik\u00e4 korkeita l\u00e4mp\u00f6tiloja. Hell\u00e4varainen valmistusmenetelm\u00e4 ja valikoidut tyrnilajikkeet takaavat k\u00e4ytt\u00e4j\u00e4lleen aina toimivan lopputuotteen.<\/p>\n<h3>MAAILMAN TUTKITUIN TYRNI\u00d6LJY<\/h3>\n<p>Omega7\u00ae-kaksoistyrni\u00f6ljyn koostumusta, turvallisuutta ja terveysvaikutuksia on tutkittu laajoissa kliinisiss\u00e4 tutkimuksissa. Aromtech Oy:n Torniossa valmistama SBA24-tyrni\u00f6ljy on englanninkielisess\u00e4 tieteellisess\u00e4 kirjallisuudessa eniten kliinisesti tutkittu tyrni\u00f6ljy. Suomessa tehdyt tuotekohtaiset tutkimukset ovat kohdistuneet erityisesti limakalvojen ja ihon hyvinvointiin.<\/p>\n<\/section>\n<section class=\"product-other-details\">\n<h3 class=\"product-other-details__header\">K\u00c4YTT\u00d6TARKOITUS<\/h3>\n<ul>\n<li>Erikois\u00f6ljy limakalvojen hyvinvointiin<\/li>\n<li>Auttaa uudistamaan ja vahvistamaan limakalvoja\n<ul>\n<li>Silmien, nen\u00e4n ja suun limakalvot<\/li>\n<li>Ruokatorven, mahan ja ruuansulatuskanavan limakalvot<\/li>\n<li>Virtsateiden ja intiimialueiden limakalvot<\/li>\n<\/ul>\n<\/li>\n<li>Hoitaa, ravitsee ja uudistaa ihoa\n<ul>\n<li>Suomalaiselle pintakuivalle ihotyypille<\/li>\n<li>Herk\u00e4lle ja ik\u00e4\u00e4ntyv\u00e4lle iholle<\/li>\n<li>Beauty from within<\/li>\n<\/ul>\n<\/li>\n<\/ul>\n<p>Omega7\u00ae-kaksoistyrni\u00f6ljyn beetakaroteenista muodustuva A-vitamiini uudistaa ja vahvistaa limakalvoja. Jatkuvasti uudistuvien solukalvojen rakennusaineiden saanti ravinnosta on t\u00e4rke\u00e4\u00e4 limakalvojen hyvinvoinnin ja edelleen vastustuskyvyn yll\u00e4pit\u00e4miseksi.<\/p>\n<p>Omega7\u00ae-kaksoistyrni\u00f6ljyn\u00a0beetakaroteenista muodustuva A-vitamiini hoitaa, ravitsee ja uudistaa my\u00f6s ihoa. Kosteuden ja kimmoisuuden palautuminen saa ihon tuntumaan sek\u00e4 my\u00f6s n\u00e4ytt\u00e4m\u00e4\u00e4n nuorekkaalta (beauty from within).<\/p>\n<p>Lis\u00e4tietoa ainutlaatuisesta SBA24 tyrni\u00f6ljyst\u00e4 l\u00f6yd\u00e4t my\u00f6s\u00a0<a href=\"https:\/\/aromtech.com\/fi\/science\/sba24\/\">t\u00e4\u00e4lt\u00e4<\/a><\/p>\n<\/section>\n<section class=\"product-other-details\">\n<h3 class=\"product-other-details__header\">KENELLE<\/h3>\n<ul>\n<li>Limakalvojen hyvinvoinnin tukemista tarvitseville<\/li>\n<li>Vaihdevuosi-ik\u00e4isille naisille<\/li>\n<li>Seniorinaisille ja -miehille<\/li>\n<li>Sopii my\u00f6s lapsille, nuorille<\/li>\n<li>Turvallinen raskauden ja imetyksen aikaiseen k\u00e4ytt\u00f6\u00f6n<\/li>\n<li>Vegaaneille<\/li>\n<\/ul>\n<\/section>\n<section class=\"product-other-details\">\n<h3 class=\"product-other-details__header\">TERVEYSV\u00c4ITT\u00c4M\u00c4T<\/h3>\n<p>Omega7-kaksoistyrni\u00f6ljy sis\u00e4lt\u00e4\u00e4 beetakaroteenia, josta muodotuva A-vitamiini edist\u00e4\u00e4<\/p>\n<ul>\n<li>Limakalvojen pysymist\u00e4 normaaleina<\/li>\n<li>Ihon pysymist\u00e4 normaalina<\/li>\n<li>N\u00e4\u00f6n pysymist\u00e4 normaalina<\/li>\n<li>Vastustuskyvyn normaalia toimintaa<\/li>\n<li>Normaalia rauta-aineenvaihduntaa<\/li>\n<\/ul>\n<\/section>\n","protected":false},"excerpt":{"rendered":"<p>Tyrnimarjan \u00f6ljypitoisuus on hyvin poikkeuksellinen. Tyrnimarjassa on \u00f6ljy\u00e4 kaikkien marjojen tapaan siemeniss\u00e4, mutta my\u00f6s hedelm\u00e4lihassa. N\u00e4iden \u00f6ljyjen koostumukset eroavat oleellisesti toisistaan.<\/p>\n<p>Omega7\u00ae sis\u00e4lt\u00e4\u00e4 ns. kaksoistyrni\u00f6ljy\u00e4 (vakioitu SBA24-tyrni\u00f6ljy), joka koostuu sek\u00e4 tyrnin hedelm\u00e4liha\u00f6ljyst\u00e4 ett\u00e4 tyrnin siemen\u00f6ljyst\u00e4. Kokonaisuus vastaa siten koko tyrnimarjan alkuper\u00e4ist\u00e4 ja luonnostaan monipuolista \u00f6ljy\u00e4. Kaksoistyrni\u00f6ljy sis\u00e4lt\u00e4\u00e4 monipuolisen cocktailin hyvi\u00e4 rasvahappoja, kasvisteroleita ja antioksidantteja. \u00d6ljyn valmistuksessa k\u00e4ytet\u00e4\u00e4n ainoastaan villin\u00e4 kasvaneita tai luomuviljeltyj\u00e4 tyrnimarjoja.<\/p>\n","protected":false},"featured_media":1192,"template":"","meta":{"_acf_changed":false},"product_brand":[],"product_cat":[106,80,73],"product_tag":[],"class_list":{"0":"post-3898","1":"product","2":"type-product","3":"status-publish","4":"has-post-thumbnail","6":"product_cat-valioravinto-sv","7":"product_cat-rasvahappo-ja-oljyvalmisteet-sv","8":"product_cat-lisaravinteet-sv","10":"first","11":"instock","12":"taxable","13":"shipping-taxable","14":"purchasable","15":"product-type-simple"},"acf":[],"_links":{"self":[{"href":"https:\/\/vaasanluonnonravinto.fi\/sv\/wp-json\/wp\/v2\/product\/3898","targetHints":{"allow":["GET"]}}],"collection":[{"href":"https:\/\/vaasanluonnonravinto.fi\/sv\/wp-json\/wp\/v2\/product"}],"about":[{"href":"https:\/\/vaasanluonnonravinto.fi\/sv\/wp-json\/wp\/v2\/types\/product"}],"wp:featuredmedia":[{"embeddable":true,"href":"https:\/\/vaasanluonnonravinto.fi\/sv\/wp-json\/wp\/v2\/media\/1192"}],"wp:attachment":[{"href":"https:\/\/vaasanluonnonravinto.fi\/sv\/wp-json\/wp\/v2\/media?parent=3898"}],"wp:term":[{"taxonomy":"product_brand","embeddable":true,"href":"https:\/\/vaasanluonnonravinto.fi\/sv\/wp-json\/wp\/v2\/product_brand?post=3898"},{"taxonomy":"product_cat","embeddable":true,"href":"https:\/\/vaasanluonnonravinto.fi\/sv\/wp-json\/wp\/v2\/product_cat?post=3898"},{"taxonomy":"product_tag","embeddable":true,"href":"https:\/\/vaasanluonnonravinto.fi\/sv\/wp-json\/wp\/v2\/product_tag?post=3898"}],"curies":[{"name":"wp","href":"https:\/\/api.w.org\/{rel}","templated":true}]}}