{"id":3896,"date":"2019-05-29T12:39:44","date_gmt":"2019-05-29T09:39:44","guid":{"rendered":"https:\/\/vaasanluonnonravinto.fi\/?post_type=product&#038;p=3896"},"modified":"2025-06-09T14:32:29","modified_gmt":"2025-06-09T11:32:29","slug":"omega7-tyrni-oliivioljy-3","status":"publish","type":"product","link":"https:\/\/vaasanluonnonravinto.fi\/sv\/tuote\/omega7-tyrni-oliivioljy-3\/","title":{"rendered":"OMEGA7-TYRNI-OLIIVI\u00d6LJY"},"content":{"rendered":"<section class=\"product-description\">\n<h2>OLIIVI\u00d6LJYLL\u00c4 T\u00c4YDENNETTY OMEGA7-TYRNI\u00d6LJY<\/h2>\n<p>Omega7\u00ae-tyrni-oliivi\u00f6ljy on helppo tapa nauttia tuttujen Omega7\u00ae-kaksoistyrni\u00f6ljykapseleiden sis\u00e4lt\u00e4m\u00e4\u00e4 tyrni\u00f6ljy\u00e4. Tuotteen ytimen\u00e4 on vakioitu SBA24-kaksoistyrni\u00f6ljy, johon on lis\u00e4tty oliivi\u00f6ljy\u00e4.<\/p>\n<p>V\u00e4limeren maissa oliivi\u00f6ljyn on uskottu olevan terveyden ja pitk\u00e4n i\u00e4n l\u00e4hde. Oliivi\u00f6ljy on tunnetusti jo sellaisenaan hyv\u00e4 \u00f6ljy ihon ravitsemiseen. Sen lis\u00e4\u00e4minen sopivassa suhteessa tyrni\u00f6ljyyn parantaa samalla herk\u00e4n tyrni\u00f6ljyn s\u00e4ilyvyytt\u00e4 ja helpottaa annostelua.<\/p>\n<h3>ERITYISEN RIKAS KOOSTUMUS<\/h3>\n<p>Omega7\u00ae-tyrni-oliivi\u00f6ljyss\u00e4 on monipuolinen koostumus. Ainutlaatuisen SBA24-kaksoistyrni\u00f6ljyn lis\u00e4ksi se sis\u00e4lt\u00e4\u00e4 my\u00f6s kaikki oliivi\u00f6ljyn hyv\u00e4t aineosat. Sis\u00e4isesti nautittuna tuote antaa v\u00e4litt\u00f6m\u00e4n voitelevan vaikutuksen suun ja ylemm\u00e4n ruoansulatuskanavan limakalvoille. S\u00e4\u00e4nn\u00f6llisesti k\u00e4ytettyn\u00e4 se tukee koko kehomme limakalvojen hyvinvointia tarjoamalla niille hyvi\u00e4 rakennusaineita.<\/p>\n<h3>HELPPO ANNOSTELLA<\/h3>\n<p>Omega7\u00ae-tyrni-oliivi\u00f6ljyn annostelu on helppoa. Yksi teelusikallinen (5 ml) tyrni-oliivi\u00f6ljy\u00e4 vastaa 2 Omega7\u00ae-kaksoistyrni\u00f6ljykapselia. Nestem\u00e4inen \u00f6ljy soveltuu my\u00f6s ulkoiseen k\u00e4ytt\u00f6\u00f6n, suoraan iholle sivelt\u00e4v\u00e4ksi.<\/p>\n<h3>AINUTLAATUINEN SBA24-KAKSOISTYRNI\u00d6LJY<\/h3>\n<p>Tyrnimarjan \u00f6ljypitoisuus on hyvin poikkeuksellinen. Tyrnimarjassa on \u00f6ljy\u00e4 kaikkien marjojen tapaan siemeniss\u00e4, mutta my\u00f6s hedelm\u00e4lihassa. N\u00e4iden \u00f6ljyjen koostumukset eroavat oleellisesti toisistaan. Yhdess\u00e4 ne muodostavat erityisen kokonaisuuden hyvi\u00e4 rasvahappoja, vitamiineja ja kasvisteroleja. Kaksoistyrni\u00f6ljy tarkoittaa sit\u00e4, ett\u00e4 \u00f6ljy on tyrnin simen\u00f6ljyn ja hedelm\u00e4liha\u00f6ljyn tarkoin s\u00e4\u00e4delty ja vakioitu seos.<\/p>\n<h3>MAAILMAN TUTKITUIN TYRNI\u00d6LJY VALMISTETAAN SUOMESSA<\/h3>\n<p>Omega7\u00ae-kaksoistyrni\u00f6ljyn koostumusta, turvallisuutta ja terveysvaikutuksia on tutkittu laajoissa kliinisiss\u00e4 tutkimuksissa. Aromtech Oy:n Torniossa valmistama SBA24-tyrni\u00f6ljy on englanninkielisess\u00e4 tieteellisess\u00e4 kirjallisuudessa eniten kliinisesti tutkittu tyrni\u00f6ljy. Suomessa tehdyt tuotekohtaiset tutkimukset ovat kohdistuneet erityisesti limakalvojen ja ihon hyvinvointiin.<\/p>\n<\/section>\n<section class=\"product-other-details\">\n<h3 class=\"product-other-details__header\">K\u00c4YTT\u00d6TARKOITUS<\/h3>\n<ul>\n<li>Erikois\u00f6ljy limakalvojen hyvinvointiin<\/li>\n<li>Auttaa uudistamaan ja vahvistamaan limakalvoja\n<ul>\n<li>Silmien, nen\u00e4n ja suun limakalvot<\/li>\n<li>Ruokatorven, mahan ja ruuansulatuskanavan limakalvot<\/li>\n<li>Virtsateiden ja intiimialueiden limakalvot<\/li>\n<\/ul>\n<\/li>\n<li>Hoitaa, ravitsee ja uudistaa ihoa\n<ul>\n<li>Suomalaiselle pintakuivalle ihotyypille<\/li>\n<li>Herk\u00e4lle ja ik\u00e4\u00e4ntyv\u00e4lle iholle<\/li>\n<\/ul>\n<\/li>\n<li>My\u00f6s ulkoiseen k\u00e4ytt\u00f6\u00f6n pienille ihoalueille ja limakalvoille siveltyn\u00e4<\/li>\n<\/ul>\n<p>Nestem\u00e4isen Omega7\u00ae-tyrni-oliivi\u00f6ljyn beetakaroteenista muodustuva A-vitamiini uudistaa ja vahvistaa limakalvoja. Jatkuvasti uudistuvien solukalvojen rakennusaineiden saanti ravinnosta on t\u00e4rke\u00e4\u00e4 limakalvojen hyvinvoinnin ja vastustuskyvyn yll\u00e4pit\u00e4miseksi.<\/p>\n<p>Omega7\u00ae-tyrni-oliivi\u00f6ljyn beetakaroteenista muodustuva A-vitamiini ravitsee ja uudistaa my\u00f6s ihoa. Kosteuden ja kimmoisuuden palautuminen saa ihon tuntumaan sek\u00e4 my\u00f6s n\u00e4ytt\u00e4m\u00e4\u00e4n nuorekkaalta (beauty from within).<\/p>\n<p>Nestem\u00e4inen Omega7 on helppo annostella. \u00d6ljyll\u00e4 on my\u00f6s v\u00e4lit\u00f6n voiteleva vaikutus suun ja nielun limakalvoille.<\/p>\n<\/section>\n<section class=\"product-other-details\">\n<h3 class=\"product-other-details__header\">KENELLE<\/h3>\n<ul>\n<li>Limakalvojen hyvinvoinnin tukemista tarvitseville<\/li>\n<li>Vaihdevuosi-ik\u00e4isille naisille<\/li>\n<li>Kaikenik\u00e4isille naisille ja miehille<\/li>\n<li>Seniorinaisille ja -miehille<\/li>\n<li>Sopii my\u00f6s lapsille ja nuorille<\/li>\n<li>Turvallinen raskauden ja imetyksen aikaiseen k\u00e4ytt\u00f6\u00f6n<\/li>\n<li>Vegaaneille<\/li>\n<\/ul>\n<p>Nestem\u00e4inen Omega7 sopii erityisesti henkil\u00f6ille, joilla on vaikeuksia niell\u00e4 kapseleita.<\/p>\n<\/section>\n<section class=\"product-other-details\">\n<h3 class=\"product-other-details__header\">TERVEYSV\u00c4ITT\u00c4M\u00c4T<\/h3>\n<p>Omega7-tyrni-oliivi\u00f6ljy sis\u00e4lt\u00e4\u00e4 beetakaroteenia, josta muodotuva A-vitamiini edist\u00e4\u00e4<\/p>\n<ul>\n<li>Limakalvojen pysymist\u00e4 normaaleina<\/li>\n<li>Ihon pysymist\u00e4 normaalina<\/li>\n<li>N\u00e4\u00f6n pysymist\u00e4 normaalina<\/li>\n<li>Vastustuskyvyn normaalia toimintaa<\/li>\n<li>Normaalia rauta-aineenvaihduntaa<\/li>\n<\/ul>\n<\/section>\n","protected":false},"excerpt":{"rendered":"<p>Omega7\u00ae-tyrni-oliivi\u00f6ljy on helppo tapa nauttia tuttujen Omega7\u00ae-kaksoistyrni\u00f6ljykapseleiden sis\u00e4lt\u00e4m\u00e4\u00e4 tyrni\u00f6ljy\u00e4. Tuotteen ytimen\u00e4 on vakioitu SBA24-kaksoistyrni\u00f6ljy, johon on lis\u00e4tty oliivi\u00f6ljy\u00e4.<\/p>\n<p>V\u00e4limeren maissa oliivi\u00f6ljyn on uskottu olevan terveyden ja pitk\u00e4n i\u00e4n l\u00e4hde. Oliivi\u00f6ljy on tunnetusti jo sellaisenaan hyv\u00e4 \u00f6ljy ihon ravitsemiseen. Sen lis\u00e4\u00e4minen sopivassa suhteessa tyrni\u00f6ljyyn parantaa samalla herk\u00e4n tyrni\u00f6ljyn s\u00e4ilyvyytt\u00e4 ja helpottaa annostelua.<\/p>\n","protected":false},"featured_media":1180,"template":"","meta":{"_acf_changed":false},"product_brand":[],"product_cat":[80,73],"product_tag":[],"class_list":{"0":"post-3896","1":"product","2":"type-product","3":"status-publish","4":"has-post-thumbnail","6":"product_cat-rasvahappo-ja-oljyvalmisteet-sv","7":"product_cat-lisaravinteet-sv","9":"first","10":"instock","11":"taxable","12":"shipping-taxable","13":"purchasable","14":"product-type-simple"},"acf":[],"_links":{"self":[{"href":"https:\/\/vaasanluonnonravinto.fi\/sv\/wp-json\/wp\/v2\/product\/3896","targetHints":{"allow":["GET"]}}],"collection":[{"href":"https:\/\/vaasanluonnonravinto.fi\/sv\/wp-json\/wp\/v2\/product"}],"about":[{"href":"https:\/\/vaasanluonnonravinto.fi\/sv\/wp-json\/wp\/v2\/types\/product"}],"wp:featuredmedia":[{"embeddable":true,"href":"https:\/\/vaasanluonnonravinto.fi\/sv\/wp-json\/wp\/v2\/media\/1180"}],"wp:attachment":[{"href":"https:\/\/vaasanluonnonravinto.fi\/sv\/wp-json\/wp\/v2\/media?parent=3896"}],"wp:term":[{"taxonomy":"product_brand","embeddable":true,"href":"https:\/\/vaasanluonnonravinto.fi\/sv\/wp-json\/wp\/v2\/product_brand?post=3896"},{"taxonomy":"product_cat","embeddable":true,"href":"https:\/\/vaasanluonnonravinto.fi\/sv\/wp-json\/wp\/v2\/product_cat?post=3896"},{"taxonomy":"product_tag","embeddable":true,"href":"https:\/\/vaasanluonnonravinto.fi\/sv\/wp-json\/wp\/v2\/product_tag?post=3896"}],"curies":[{"name":"wp","href":"https:\/\/api.w.org\/{rel}","templated":true}]}}