{"id":3891,"date":"2019-05-29T12:39:35","date_gmt":"2019-05-29T09:39:35","guid":{"rendered":"https:\/\/vaasanluonnonravinto.fi\/?post_type=product&#038;p=3891"},"modified":"2024-11-21T11:50:46","modified_gmt":"2024-11-21T09:50:46","slug":"reform-lesitiinirae-500-g","status":"publish","type":"product","link":"https:\/\/vaasanluonnonravinto.fi\/sv\/tuote\/reform-lesitiinirae-500-g\/","title":{"rendered":"REFORM LESITIINIRAE 500 g"},"content":{"rendered":"<section class=\"product-description\">Reform Lecithin -soijalesitiinirakeita on helppo k\u00e4ytt\u00e4\u00e4. Neutraalin makuisia rakeita voi sekoittaa monen aterian joukkoon.<\/p>\n<h3>EI SIS\u00c4LL\u00c4 GEENIMUUNNELTUA SOIJAA<\/h3>\n<p>Reform Lecithin -lesitiinirakeet ei sis\u00e4ll\u00e4 lainkaan geenimuunneltua soijaa.<\/p>\n<h3>LUONNOLLISEMPI VAIHTOEHTO VAHVOILLE LESITIINIVALMISTEILLE<\/h3>\n<p>Reform Lecithin on ns. valkaisematonta soijalesitiini\u00e4, joka on tuotettu mahdollisimman hell\u00e4varaisilla menetelmill\u00e4. Valkaisematon lesitiini ei ole yht\u00e4 kauniin valkoista ja fosfolipidien suhteen yht\u00e4 vahvaa kuin orgaanisilla liuottimilla valkaistut ja konsentroidut lesitiinit. Lesitiinin valinnassa on kuitenkin haluttu panostaa mahdollisimman eettiseen ja v\u00e4h\u00e4n prosessoituun luonnonaineeseen.<\/p>\n<\/section>\n<section class=\"product-other-details\">\n<h3 class=\"product-other-details__header\">K\u00c4YTT\u00d6TARKOITUS<\/h3>\n<ul>\n<li>Edist\u00e4m\u00e4\u00e4n rasva-aineenvaihduntaa<\/li>\n<li>Tasapainottamaan maksan normaalia toimintaa<\/li>\n<li>Syd\u00e4melle ja verenkierrolle<\/li>\n<li>T\u00e4rkeiden rakennusaineiden l\u00e4hteeksi aivoille ja hermostolle<\/li>\n<\/ul>\n<p>Soijalesitiini on luontainen, soijapavuista valmistettu ravintoaine. Soijalesitiini koostuu p\u00e4\u00e4osin ns. fosfolipideist\u00e4, joita tarvitaan elimist\u00f6mme kaikkien solukalvojen rakenteisiin, hermoston toimintaan ja tasapainoiseen rasva-aineenvaihduntaan.<\/p>\n<p>Lesitiini\u00e4 tarvitaan erityisesti maksan toimintaan ja ohjaamaan rasvojen kulkua elimist\u00f6ss\u00e4.<\/p>\n<p>Fosfolipidien tarve lis\u00e4\u00e4ntyy mm. fyysisess\u00e4 rasituksessa.<\/p>\n<\/section>\n<section class=\"product-other-details\">\n<h3 class=\"product-other-details__header\">KENELLE<\/h3>\n<ul>\n<li>Kuntoilijoille ja aktiiviurheilijoille<\/li>\n<li>Syd\u00e4nterveydest\u00e4\u00e4n huolehtiville<\/li>\n<li>Kasvuik\u00e4isille koululaisille ja opiskelijoille<\/li>\n<li>Ty\u00f6ss\u00e4 stressaaville<\/li>\n<li>Senioreille<\/li>\n<li>Kasvissy\u00f6jille, vegaaneille<\/li>\n<\/ul>\n<\/section>\n<section class=\"product-other-details\">\n<h3 class=\"product-other-details__header\">TERVEYSV\u00c4ITT\u00c4M\u00c4T \/ KLIININEN N\u00c4YTT\u00d6<\/h3>\n<p>Soijalesitiinin sis\u00e4lt\u00e4m\u00e4 koliini (fosfatidyylikoliini)<\/p>\n<ul>\n<li>Edist\u00e4\u00e4 rasva-aineenvaihduntaa<\/li>\n<li>Tasapainottaa maksan normaalia toimintaa<\/li>\n<li>Edist\u00e4\u00e4 homokysteiiniaineenvaihduntaa<\/li>\n<\/ul>\n<\/section>\n","protected":false},"excerpt":{"rendered":"<p>Reform Lecithin -soijalesitiinirakeita on helppo k\u00e4ytt\u00e4\u00e4. Neutraalin makuisia rakeita voi sekoittaa monen aterian joukkoon.<\/p>\n","protected":false},"featured_media":1202,"template":"","meta":{"_acf_changed":false},"product_brand":[],"product_cat":[106,73,70],"product_tag":[],"class_list":{"0":"post-3891","1":"product","2":"type-product","3":"status-publish","4":"has-post-thumbnail","6":"product_cat-valioravinto-sv","7":"product_cat-lisaravinteet-sv","8":"product_cat-erikoiselintarvikkeet-sv","10":"first","11":"instock","12":"taxable","13":"shipping-taxable","14":"purchasable","15":"product-type-simple"},"acf":[],"_links":{"self":[{"href":"https:\/\/vaasanluonnonravinto.fi\/sv\/wp-json\/wp\/v2\/product\/3891","targetHints":{"allow":["GET"]}}],"collection":[{"href":"https:\/\/vaasanluonnonravinto.fi\/sv\/wp-json\/wp\/v2\/product"}],"about":[{"href":"https:\/\/vaasanluonnonravinto.fi\/sv\/wp-json\/wp\/v2\/types\/product"}],"wp:featuredmedia":[{"embeddable":true,"href":"https:\/\/vaasanluonnonravinto.fi\/sv\/wp-json\/wp\/v2\/media\/1202"}],"wp:attachment":[{"href":"https:\/\/vaasanluonnonravinto.fi\/sv\/wp-json\/wp\/v2\/media?parent=3891"}],"wp:term":[{"taxonomy":"product_brand","embeddable":true,"href":"https:\/\/vaasanluonnonravinto.fi\/sv\/wp-json\/wp\/v2\/product_brand?post=3891"},{"taxonomy":"product_cat","embeddable":true,"href":"https:\/\/vaasanluonnonravinto.fi\/sv\/wp-json\/wp\/v2\/product_cat?post=3891"},{"taxonomy":"product_tag","embeddable":true,"href":"https:\/\/vaasanluonnonravinto.fi\/sv\/wp-json\/wp\/v2\/product_tag?post=3891"}],"curies":[{"name":"wp","href":"https:\/\/api.w.org\/{rel}","templated":true}]}}