{"id":3889,"date":"2019-05-29T12:39:33","date_gmt":"2019-05-29T09:39:33","guid":{"rendered":"https:\/\/vaasanluonnonravinto.fi\/?post_type=product&#038;p=3889"},"modified":"2020-09-14T16:38:03","modified_gmt":"2020-09-14T13:38:03","slug":"rikas-oluthiivahiutale","status":"publish","type":"product","link":"https:\/\/vaasanluonnonravinto.fi\/sv\/tuote\/rikas-oluthiivahiutale\/","title":{"rendered":"RIKAS OLUTHIIVAHIUTALE"},"content":{"rendered":"<div class=\"site-content__wrapper lazy-hidden\">\n<div class=\"container product-content__container\">\n<div class=\"row\">\n<div class=\"col-xs-12 col-sm-12 col-md-7 col-lg-7\">\n<section class=\"product-description\">Rikas Oluthiiva valmistetaan\u00a0<i>Saccharomyces cerevisae<\/i>\u00a0\u2013hiivasta. Ravintorikkaassa melassiliuoksessa kasvatetun hiivan maku on pehme\u00e4, eik\u00e4 siin\u00e4 ole perinteisille oluthiivoille tyypillist\u00e4 karvautta.<\/p>\n<p>Hiivan hell\u00e4 kuivaus ja inaktivointi s\u00e4ilytt\u00e4v\u00e4t ravintoarvon mahdollisimman rikkaana. Inaktivoitu hiiva ei toimi leivinhiivana eik\u00e4 aloita k\u00e4ymist\u00e4.<\/p>\n<h3>MY\u00d6S LEMMIKEILLE<\/h3>\n<p>Rikas Oluthiiva sopii luonnolliseksi B-vitamiinien l\u00e4hteeksi my\u00f6s lemmikeille.<\/p>\n<p>Annostus koirille:<\/p>\n<ul>\n<li>pienet koirat (&lt;10 kg); 1 rkl \/ vrk<\/li>\n<li>suuret koirat (&gt;10 kg); 2 rkl \/ vrk<\/li>\n<\/ul>\n<\/section>\n<section class=\"product-other-details\">\n<h3 class=\"product-other-details__header\">K\u00c4YTT\u00d6TARKOITUS<\/h3>\n<ul>\n<li>Erityisen rikas luonnollisten B-vitamiinien l\u00e4hde<\/li>\n<li>Runsaasti arvokasta proteiinia<\/li>\n<li>Piristeeksi p\u00e4iv\u00e4\u00e4n<\/li>\n<li>Kasvisruokavalion t\u00e4ydent\u00e4miseen<\/li>\n<li>Toimii my\u00f6s luonnollisena aromivahventeena ruuanlaitossa<\/li>\n<\/ul>\n<p>Rikas Oluthiiva sis\u00e4lt\u00e4\u00e4 erityisen runsaasti luonnollisia B-vitamiineja; B1, B2, B<sub>3<\/sub>, B<sub>5<\/sub>, B<sub>6<\/sub>, B<sub>7<\/sub>\u00a0ja B<sub>12<\/sub>\u00a0sek\u00e4 foolihappo. Se on lis\u00e4ksi hyv\u00e4 proteiinien ja sinkin l\u00e4hde.<\/p>\n<p>Oluthiivahiutaleilla on helppo lis\u00e4t\u00e4 B-vitamiinien saantia. Paahteisen juustoisen makuiset hiivahiutaleet sopivat my\u00f6s mausteeksi ja aromivahventeeksi ruuanlaittoon.<\/p>\n<\/section>\n<section class=\"product-other-details\">\n<h3 class=\"product-other-details__header\">KENELLE<\/h3>\n<ul>\n<li>Tiukkaa kasvisruokavaliota noudattaville<\/li>\n<li>Kuntoilijoille ja urheilijoille<\/li>\n<li>Piristyst\u00e4 kaipaaville<\/li>\n<li>Kotikokeille<\/li>\n<li>Sopii my\u00f6s koirille!<\/li>\n<\/ul>\n<\/section>\n<section class=\"product-other-details\">\n<h3 class=\"product-other-details__header\">TERVEYSV\u00c4ITT\u00c4M\u00c4T \/ KLIININEN N\u00c4YTT\u00d6<\/h3>\n<p>Rikas Oluthiivahiutaleiden sis\u00e4lt\u00e4m\u00e4<\/p>\n<p><b>B<sub>1<\/sub>-vitamiini (tiamiini) edist\u00e4\u00e4 normaalia:<\/b>\u00a0energia-aineenvaihduntaa, hermoston toimintaa, psykologisia toimintoja, syd\u00e4men toimintaa.<br \/>\n<b>B<sub>2<\/sub>-vitamiini (riboflaviini) edist\u00e4\u00e4 normaalia:\u00a0<\/b>energia-aineenvaihduntaa, hermoston toimintaa, limakalvojen ja ihon pysymist\u00e4 normaalina, punasolujen pysymist\u00e4 normaalina, n\u00e4\u00f6n pysymist\u00e4 normaalina, raudan aineenvaihduntaa, solujen suojaamista hapettumisstressilt\u00e4 sek\u00e4 v\u00e4hent\u00e4\u00e4 v\u00e4symyst\u00e4 ja uupumusta.<br \/>\n<b>B<sub>3<\/sub>-vitamiini (niasiini) edist\u00e4\u00e4 normaalia:<\/b>\u00a0energia-aineenvaihduntaa, hermoston toimintaa, psykologisia toimintoja, limakalvojen ja ihon pysymist\u00e4 normaalina sek\u00e4 auttaa v\u00e4hent\u00e4m\u00e4\u00e4n v\u00e4symyst\u00e4 ja uupumusta.<br \/>\n<b>B<sub>5<\/sub>-vitamiini (pantoteenihappo) edist\u00e4\u00e4 normaalia<\/b>: energia-aineenvaihduntaa, D-vitamiinin synteesi\u00e4, henkist\u00e4 suorituskyky\u00e4 sek\u00e4 auttaa v\u00e4hent\u00e4m\u00e4\u00e4n v\u00e4symyst\u00e4 ja uupumusta.<br \/>\n<b>B<sub>6<\/sub>-vitamiini edist\u00e4\u00e4 normaalia:<\/b>\u00a0energia-aineenvaihduntaa, hermoston toimintaa, proteiini- ja glykogeeniaineenvaihduntaa, homokysteiinin aineenvaihduntaa, kysteiinin synteesi\u00e4, psykologisia toimintoja, punasolujen muodostumista, vastustuskyky\u00e4, hormonitoiminnan s\u00e4\u00e4tely\u00e4 sek\u00e4 auttaa v\u00e4hent\u00e4m\u00e4\u00e4n v\u00e4symyst\u00e4 ja uupumusta.<br \/>\n<b>B<sub>7<\/sub>-vitamiini (biotiini) edist\u00e4\u00e4 normaalia:\u00a0<\/b>energia-aineenvaihduntaa,<br \/>\nhermoston toimintaa, makroravintoaineiden aineenvaihduntaa,<br \/>\npsykologisia toimintoja sek\u00e4 hiusten, limakalvojen ja ihon pysymist\u00e4<br \/>\nnormaalina.<br \/>\n<b>B<sub>12<\/sub>-vitamiini edist\u00e4\u00e4 normaalia:<\/b>\u00a0energia-aineenvaihduntaa, hermoston toimintaa, homokysteiinin aineenvaihduntaa, psykologisia toimintoja, punasolujen muodostumista, vastustuskyky\u00e4 sek\u00e4 auttaa v\u00e4hent\u00e4m\u00e4\u00e4n v\u00e4symyst\u00e4 ja uupumusta<br \/>\n<b>Foolihappo edist\u00e4\u00e4 normaalia<\/b>: raskauden aikaista kudosten kasvua, aminohapposynteesi\u00e4, veren muodostumista, homokysteiinin aineenvaihduntaa, psykologisia toimintoja, vastustuskyky\u00e4 sek\u00e4 auttaa v\u00e4hent\u00e4m\u00e4\u00e4n v\u00e4symyst\u00e4 ja uupumusta.<\/p>\n<p><b>Sinkin terveysvaikutukset<\/b>\u00a0l\u00f6ytyv\u00e4t kohdasta Kelasin Sinkki.<\/p>\n<\/section>\n<\/div>\n<\/div>\n<\/div>\n<\/div>\n","protected":false},"excerpt":{"rendered":"<p>Rikas Oluthiiva valmistetaan\u00a0<i>Saccharomyces cerevisae<\/i>\u00a0\u2013hiivasta. Ravintorikkaassa melassiliuoksessa kasvatetun hiivan maku on pehme\u00e4, eik\u00e4 siin\u00e4 ole perinteisille oluthiivoille tyypillist\u00e4 karvautta.<\/p>\n<p>Hiivan hell\u00e4 kuivaus ja inaktivointi s\u00e4ilytt\u00e4v\u00e4t ravintoarvon mahdollisimman rikkaana. Inaktivoitu hiiva ei toimi leivinhiivana eik\u00e4 aloita k\u00e4ymist\u00e4.<\/p>\n","protected":false},"featured_media":1209,"template":"","meta":{"_acf_changed":false},"product_brand":[],"product_cat":[106,73,77],"product_tag":[],"class_list":{"0":"post-3889","1":"product","2":"type-product","3":"status-publish","4":"has-post-thumbnail","6":"product_cat-valioravinto-sv","7":"product_cat-lisaravinteet-sv","8":"product_cat-vitamiinit-sv","10":"first","11":"instock","12":"taxable","13":"shipping-taxable","14":"purchasable","15":"product-type-simple"},"acf":[],"_links":{"self":[{"href":"https:\/\/vaasanluonnonravinto.fi\/sv\/wp-json\/wp\/v2\/product\/3889","targetHints":{"allow":["GET"]}}],"collection":[{"href":"https:\/\/vaasanluonnonravinto.fi\/sv\/wp-json\/wp\/v2\/product"}],"about":[{"href":"https:\/\/vaasanluonnonravinto.fi\/sv\/wp-json\/wp\/v2\/types\/product"}],"wp:featuredmedia":[{"embeddable":true,"href":"https:\/\/vaasanluonnonravinto.fi\/sv\/wp-json\/wp\/v2\/media\/1209"}],"wp:attachment":[{"href":"https:\/\/vaasanluonnonravinto.fi\/sv\/wp-json\/wp\/v2\/media?parent=3889"}],"wp:term":[{"taxonomy":"product_brand","embeddable":true,"href":"https:\/\/vaasanluonnonravinto.fi\/sv\/wp-json\/wp\/v2\/product_brand?post=3889"},{"taxonomy":"product_cat","embeddable":true,"href":"https:\/\/vaasanluonnonravinto.fi\/sv\/wp-json\/wp\/v2\/product_cat?post=3889"},{"taxonomy":"product_tag","embeddable":true,"href":"https:\/\/vaasanluonnonravinto.fi\/sv\/wp-json\/wp\/v2\/product_tag?post=3889"}],"curies":[{"name":"wp","href":"https:\/\/api.w.org\/{rel}","templated":true}]}}