{"id":3885,"date":"2019-05-29T12:39:29","date_gmt":"2019-05-29T09:39:29","guid":{"rendered":"https:\/\/vaasanluonnonravinto.fi\/?post_type=product&#038;p=3885"},"modified":"2022-12-25T00:24:06","modified_gmt":"2022-12-24T22:24:06","slug":"sunwic-ibs","status":"publish","type":"product","link":"https:\/\/vaasanluonnonravinto.fi\/sv\/tuote\/sunwic-ibs\/","title":{"rendered":"SUNWIC ravintokuitu"},"content":{"rendered":"<section class=\"product-description\">\u00c4rtyv\u00e4n suolen oireyhtym\u00e4st\u00e4 (irritable bowel syndrome IBS) k\u00e4rsii joka 10. suomalainen. Valtaosalla vaivaa ei ole diagnosoitu, vaikka ep\u00e4m\u00e4\u00e4r\u00e4isi\u00e4 oireita on koettu jo pitk\u00e4\u00e4n. IBS:n tyypillisi\u00e4 oireita ovat vatsan turvotus ja kivut sek\u00e4 vaihtelevasti ilmenev\u00e4t ummetus, ripuli ja ilmavaivat. Toiminnalliseksi suolistovaivaksi kuvattuun ongelmaan ei ole l\u00e4\u00e4kehoitoa. Oireita voidaan kuitenkin hallita s\u00e4\u00e4nn\u00f6llisell\u00e4 ruokavaliohoidolla.<\/p>\n<h3>MIELLYTT\u00c4V\u00c4 K\u00c4YTT\u00c4\u00c4<\/h3>\n<p>Sunwic on erityisen miellytt\u00e4v\u00e4 s\u00e4\u00e4nn\u00f6llisess\u00e4 pitk\u00e4aikaisessa k\u00e4yt\u00f6ss\u00e4. Jauhe sekoittuu t\u00e4ydellisesti nesteeseen sek\u00e4 on t\u00e4ysin hajuton, mauton ja v\u00e4rit\u00f6n. Ainutlaatuisen valmistusmenetelm\u00e4n ansiosta Sunwic ei geeliydy, eik\u00e4 muutu geelim\u00e4iseksi limaksi nesteeseen sekoitettuna.<\/p>\n<p>&nbsp;<\/p>\n<\/section>\n<section class=\"product-other-details\">\n<h3 class=\"product-other-details__header\">K\u00c4YTT\u00d6TARKOITUS<\/h3>\n<ul>\n<li>\u00c4rtyv\u00e4n suolen oireiden hoitoon<\/li>\n<li>Ummetuksen hoitoon<\/li>\n<li>Liukoisen kuidun l\u00e4hteeksi<\/li>\n<li>Kaikenik\u00e4isille<\/li>\n<li>Yli 2-vuotiaille lapsille ummetuksen hoitoon<\/li>\n<\/ul>\n<p>&nbsp;<\/p>\n<\/section>\n<section class=\"product-other-details\">\n<h3 class=\"product-other-details__header\">KLIININEN N\u00c4YTT\u00d6<\/h3>\n<p>IBS potilaiden suolistossa on yleisesti hyvin niukasti hy\u00f6dyllisi\u00e4 bifidobakteereja. Kliinisten tutkimusten mukaan* Sunwic IBS -valmisteen s\u00e4\u00e4nn\u00f6llinen k\u00e4ytt\u00f6 lis\u00e4\u00e4 merkitt\u00e4v\u00e4sti bifidobakteerien m\u00e4\u00e4r\u00e4\u00e4 suolistossa. Tuotteen k\u00e4ytt\u00f6 aktivoi lis\u00e4ksi suolistobakteereja tuottamaan elimist\u00f6mme hyvinvoinnille edullisia aineenvaihduntatuotteita, kuten lyhytketjuisia rasvahappoja (propionaattia ja butyraattia).<\/p>\n<p>Hyvien suolistobakteerien tuottamilla ainaavaihduntatuotteilla on useita edullisia vaikutuksia ihmisen hyvinvointiin. Lyhytketjuiset rasvahapot kuten propionaatti ja butyraatti ovat mm. sellaisenaan erinomaista ravintoa suoliston limakalvojen soluille. Suolistoa suojaavien limakalvojen vahvistuminen on hyv\u00e4ksi \u00e4rtyv\u00e4n suolen oireiden aiheuttamien ongelmien hallinnassa.<\/p>\n<p>*Tutkimusviite: Giannini et al. Role of partially hydrolyzed guar gum in the treatment of irritable bowel syndrome, Nutrition 2006;22(3):334-42.<\/p>\n<\/section>\n<section class=\"product-other-details\">\n<h3 class=\"product-other-details__header\">ERITYIST\u00c4 T\u00c4SS\u00c4 TUOTTEESSA<\/h3>\n<p><strong>Guarpapu poikkeaa muista pavuista ja kuitul\u00e4hteist\u00e4<\/strong><\/p>\n<p>Sunwic on valmistettu guarpavun kuidusta, jonka hiilihydraattirakenteita on muokattu entsymaattisen pilkkomisen avulla. Guarpavun koostumus eroaa jo l\u00e4ht\u00f6kohtaisesti kaikista muista palkokasveista ja pavuista. Guarpapu sis\u00e4lt\u00e4\u00e4 eritt\u00e4in niukasti proteiinia. Lis\u00e4ksi sen hiilihydraattikoostumus poikkeaa kaikista yleisesti tunnetuista prebioottisista kuitul\u00e4hteist\u00e4, kuten psylliumista ja inuliinista. Guarpapu sis\u00e4lt\u00e4\u00e4 poikkeuksellisen runsaasti mannoosia ja galaktoosia.<\/p>\n<p><strong>Ainutlaatuinen k\u00e4sittely tehostaa terveysvaikutuksia ja parantaa koostumusta<br \/>\n<\/strong><\/p>\n<p>Guarpapukuidun osittainen pilkkominen vapauttaa mannoosia ja galaktoosia helpommin suolistobakteerien k\u00e4ytt\u00f6\u00f6n. Siksi Sunwic-valmisteen s\u00e4\u00e4nn\u00f6llinen k\u00e4ytt\u00f6 lis\u00e4\u00e4 tehokkaasti hyvien suolistobakteerien kasvua ja aktivoi niiden aineenvaihduntatuotteiden tuottoa.<\/p>\n<p>Guarpavun liukoisen kuidun osittainen pilkkominen parantaa my\u00f6s tuotteen k\u00e4ytt\u00f6mukavuutta. Lyhyemmiksi pilkotut hiilihydraattirakenteet eiv\u00e4t muodosta nesteeseen sekoitettuna esim. psylliumille tyypillist\u00e4 limamaista verkkorakennetta. Sunwic IBS ei geeliydy ajan kuluessa.<\/p>\n<p><strong>Sopii FODMAP -dieetti\u00e4 noudattaville<\/strong><\/p>\n<p>IBS -potilaille ja kroonisista vatsavaivoista k\u00e4rsiville suositellaan usein FODMAP -dieetti\u00e4. Heit\u00e4 kehoitetaan v\u00e4ltt\u00e4m\u00e4\u00e4n ruoka-aineita, jotka sis\u00e4lt\u00e4v\u00e4t suolistossa helposti fermentoituvia hiilihydraatteja. Tyypillisi\u00e4 v\u00e4ltett\u00e4vi\u00e4 ruoka-aineita ovat mm. tavanomaiset viljat, pavut, sienet, sipulit, tietyt hedelm\u00e4t, kuiduilla t\u00e4ydennetyt elintarvikkeet sek\u00e4 sokerialkoholeja sis\u00e4lt\u00e4v\u00e4t makeiset.<\/p>\n<p>Sunwic on valmistettu guarpavusta. Tuotetta ei silti pid\u00e4 rinnastaa tavallisiin papuihin eik\u00e4 edes kuitutuotteisiin. Ainutlaatuisen k\u00e4sittelyn ansiosta Sunwic on rekister\u00f6ity kliininen ravintovalmiste \u00e4rtyv\u00e4 suolen oireyhtym\u00e4n ruokavaliohoitoon. Edullisten vaikutusten ja rekister\u00f6innin pohjana on laaja tieteellinen kliininen n\u00e4ytt\u00f6.<\/p>\n<\/section>\n","protected":false},"excerpt":{"rendered":"<p>\u00c4rtyv\u00e4n suolen oireyhtym\u00e4st\u00e4 (irritable bowel syndrome IBS) k\u00e4rsii joka 10. suomalainen. Valtaosalla vaivaa ei ole diagnosoitu, vaikka ep\u00e4m\u00e4\u00e4r\u00e4isi\u00e4 oireita on koettu jo pitk\u00e4\u00e4n. IBS:n tyypillisi\u00e4 oireita ovat vatsan turvotus ja kivut sek\u00e4 vaihtelevasti ilmenev\u00e4t ummetus, ripuli ja ilmavaivat. Toiminnalliseksi suolistovaivaksi kuvattuun ongelmaan ei ole l\u00e4\u00e4kehoitoa. Oireita voidaan kuitenkin hallita s\u00e4\u00e4nn\u00f6llisell\u00e4 ruokavaliohoidolla.<\/p>\n","protected":false},"featured_media":1219,"template":"","meta":{"_acf_changed":false},"product_brand":[],"product_cat":[106,73,108],"product_tag":[],"class_list":{"0":"post-3885","1":"product","2":"type-product","3":"status-publish","4":"has-post-thumbnail","6":"product_cat-valioravinto-sv","7":"product_cat-lisaravinteet-sv","8":"product_cat-maitohappobakteerit-sv","10":"first","11":"instock","12":"taxable","13":"shipping-taxable","14":"purchasable","15":"product-type-simple"},"acf":[],"_links":{"self":[{"href":"https:\/\/vaasanluonnonravinto.fi\/sv\/wp-json\/wp\/v2\/product\/3885","targetHints":{"allow":["GET"]}}],"collection":[{"href":"https:\/\/vaasanluonnonravinto.fi\/sv\/wp-json\/wp\/v2\/product"}],"about":[{"href":"https:\/\/vaasanluonnonravinto.fi\/sv\/wp-json\/wp\/v2\/types\/product"}],"wp:featuredmedia":[{"embeddable":true,"href":"https:\/\/vaasanluonnonravinto.fi\/sv\/wp-json\/wp\/v2\/media\/1219"}],"wp:attachment":[{"href":"https:\/\/vaasanluonnonravinto.fi\/sv\/wp-json\/wp\/v2\/media?parent=3885"}],"wp:term":[{"taxonomy":"product_brand","embeddable":true,"href":"https:\/\/vaasanluonnonravinto.fi\/sv\/wp-json\/wp\/v2\/product_brand?post=3885"},{"taxonomy":"product_cat","embeddable":true,"href":"https:\/\/vaasanluonnonravinto.fi\/sv\/wp-json\/wp\/v2\/product_cat?post=3885"},{"taxonomy":"product_tag","embeddable":true,"href":"https:\/\/vaasanluonnonravinto.fi\/sv\/wp-json\/wp\/v2\/product_tag?post=3885"}],"curies":[{"name":"wp","href":"https:\/\/api.w.org\/{rel}","templated":true}]}}