{"id":3883,"date":"2019-05-29T12:39:27","date_gmt":"2019-05-29T09:39:27","guid":{"rendered":"https:\/\/vaasanluonnonravinto.fi\/?post_type=product&#038;p=3883"},"modified":"2020-09-14T16:35:12","modified_gmt":"2020-09-14T13:35:12","slug":"mantelioljy","status":"publish","type":"product","link":"https:\/\/vaasanluonnonravinto.fi\/sv\/tuote\/mantelioljy\/","title":{"rendered":"MANTELI\u00d6LJY"},"content":{"rendered":"<section class=\"product-description\">Kylm\u00e4puristetun manteli\u00f6ljyn raaka-aineet valitaan huolella parhaan mahdollisen laadun takaamiseksi. Valmistuksessa k\u00e4ytetyt mantelit kasvavat Kalifornian auringon alla ja V\u00e4limeren rannikoilla.<\/p>\n<h3>HELL\u00c4VARAINEN VALMISTUS LAADUN TAKUUNA<\/h3>\n<p>Kylm\u00e4puristus toteutetaan ammattitaidolla ilman kuumennusta ja orgaanisia liuottimia. N\u00e4in manteli\u00f6ljy s\u00e4ilyy hyv\u00e4ksemme alkuper\u00e4isess\u00e4, luonnon luomassa muodossa. Se sopii silloin herkimm\u00e4llekin iholle tai vaativimmalle gourmet-kokille.<\/p>\n<\/section>\n<section class=\"product-other-details\">\n<h3 class=\"product-other-details__header\">K\u00c4YTT\u00d6TARKOITUS<\/h3>\n<ul>\n<li>Ulkoisesti herk\u00e4n ihon puhdistamiseen ja kosteuttamiseen<\/li>\n<li>Hieronta\u00f6ljyksi<\/li>\n<li>Meikin poistoon<\/li>\n<li>Sopii my\u00f6s ruuanlaittoon<\/li>\n<\/ul>\n<p>Puhdas, kylm\u00e4puristettu manteli\u00f6ljy sopii ulkoisesti ihonhoitoon. Suositellaan erityisen herk\u00e4lle ja kuivalle iholle esim. pikkuvauvoille. Manteli\u00f6ljy soveltuu my\u00f6s hieronta\u00f6ljyksi sellaisenaan tai pohjaksi aromaterapeuttisille hieronta\u00f6ljyille.<\/p>\n<p>Miedosti mantelinmakuista \u00f6ljy\u00e4 voi k\u00e4ytt\u00e4\u00e4 my\u00f6s ruuanvalmistuksessa. Miedon p\u00e4hkin\u00e4isen aromin vuoksi se sopii esim. salaatinkastikkeisiin, leivontaan ja j\u00e4lkiruokiin. Ei suositella paistamiseen.<\/p>\n<\/section>\n<section class=\"product-other-details\">\n<h3 class=\"product-other-details__header\">KENELLE<\/h3>\n<ul>\n<li>Herkk\u00e4ihoisille<\/li>\n<li>Vauvoille vaippa\u00f6ljyksi<\/li>\n<li>Hierojille<\/li>\n<li>Omien iho- ja hieronta\u00f6ljyjen valmistajille<\/li>\n<li>Kotikokeille ja kulinaristeille<\/li>\n<\/ul>\n<\/section>\n","protected":false},"excerpt":{"rendered":"<p>Kylm\u00e4puristetun manteli\u00f6ljyn raaka-aineet valitaan huolella parhaan mahdollisen laadun takaamiseksi. Valmistuksessa k\u00e4ytetyt mantelit kasvavat Kalifornian auringon alla ja V\u00e4limeren rannikoilla.<\/p>\n","protected":false},"featured_media":1225,"template":"","meta":{"_acf_changed":false},"product_brand":[],"product_cat":[106,75,74],"product_tag":[],"class_list":{"0":"post-3883","1":"product","2":"type-product","3":"status-publish","4":"has-post-thumbnail","6":"product_cat-valioravinto-sv","7":"product_cat-luontaiskosmetiikka-sv","8":"product_cat-erikoistuotteet-sv","10":"first","11":"instock","12":"taxable","13":"shipping-taxable","14":"purchasable","15":"product-type-simple"},"acf":[],"_links":{"self":[{"href":"https:\/\/vaasanluonnonravinto.fi\/sv\/wp-json\/wp\/v2\/product\/3883","targetHints":{"allow":["GET"]}}],"collection":[{"href":"https:\/\/vaasanluonnonravinto.fi\/sv\/wp-json\/wp\/v2\/product"}],"about":[{"href":"https:\/\/vaasanluonnonravinto.fi\/sv\/wp-json\/wp\/v2\/types\/product"}],"wp:featuredmedia":[{"embeddable":true,"href":"https:\/\/vaasanluonnonravinto.fi\/sv\/wp-json\/wp\/v2\/media\/1225"}],"wp:attachment":[{"href":"https:\/\/vaasanluonnonravinto.fi\/sv\/wp-json\/wp\/v2\/media?parent=3883"}],"wp:term":[{"taxonomy":"product_brand","embeddable":true,"href":"https:\/\/vaasanluonnonravinto.fi\/sv\/wp-json\/wp\/v2\/product_brand?post=3883"},{"taxonomy":"product_cat","embeddable":true,"href":"https:\/\/vaasanluonnonravinto.fi\/sv\/wp-json\/wp\/v2\/product_cat?post=3883"},{"taxonomy":"product_tag","embeddable":true,"href":"https:\/\/vaasanluonnonravinto.fi\/sv\/wp-json\/wp\/v2\/product_tag?post=3883"}],"curies":[{"name":"wp","href":"https:\/\/api.w.org\/{rel}","templated":true}]}}