{"id":3881,"date":"2019-05-29T12:39:25","date_gmt":"2019-05-29T09:39:25","guid":{"rendered":"https:\/\/vaasanluonnonravinto.fi\/?post_type=product&#038;p=3881"},"modified":"2020-09-14T16:36:56","modified_gmt":"2020-09-14T13:36:56","slug":"pellavansiemenoljy-500-ml","status":"publish","type":"product","link":"https:\/\/vaasanluonnonravinto.fi\/sv\/tuote\/pellavansiemenoljy-500-ml\/","title":{"rendered":"PELLAVANSIEMEN\u00d6LJY 500 ml"},"content":{"rendered":"<section class=\"product-description\">Pellavansiemen\u00f6ljy sis\u00e4lt\u00e4\u00e4 erityisen runsaasti alfalinoleenihappoa (omega-3). Elimist\u00f6mme valmistaa siit\u00e4 itse edelleen monia muita tasapainoiselle rasva-aineenvaihdolle t\u00e4rkeit\u00e4 aineosia. Alfalinoleenihappo on mm. elint\u00e4rkeiden EPA:n ja DHA:n luonnollinen l\u00e4ht\u00f6aine.<\/p>\n<p>Pellavansiemen\u00f6ljy sis\u00e4lt\u00e4\u00e4 runsaasti my\u00f6s muita hyvi\u00e4 rasvahappoja kuten linolihappoa (omega-6) ja \u00f6ljyhappoa (omega-9).<\/p>\n<h3>HELL\u00c4VARAINEN VALMISTUS TAKAA LAADUN<\/h3>\n<p>Valioravinnon kylm\u00e4puristettu pellavansiemen\u00f6ljy puristetaan suomalaisten sopimusviljelmien ensiluokkaisista pellavansiemenist\u00e4. Siementen puristus hapettomissa olosuhteissa ja alle 37\u00a0<sup>o<\/sup>C l\u00e4mp\u00f6tilassa takaa \u00f6ljylle parhaan laadun. N\u00e4in \u00f6ljyn aktiiviaineet s\u00e4ilytt\u00e4v\u00e4t ennallaan ja ne p\u00e4\u00e4tyv\u00e4t elimist\u00f6mme hyv\u00e4ksi juuri sellaisina kuin luonto on ne luonut.<\/p>\n<p>Lue lis\u00e4tietoja pellavasta ja pellava\u00f6ljyst\u00e4 valmistajan verkkosivuilta: www.elixioil.fi<\/p>\n<\/section>\n<section class=\"product-other-details\">\n<h3 class=\"product-other-details__header\">K\u00c4YTT\u00d6TARKOITUS<\/h3>\n<ul>\n<li>Syd\u00e4melle ja verenkierrolle\n<ul>\n<li>kolesterolin hallintaan<\/li>\n<\/ul>\n<\/li>\n<li>Eritt\u00e4in vahva ja edullinen omega-3-l\u00e4hde<\/li>\n<li>Hyvien rasvahappojen l\u00e4hteeksi<\/li>\n<li>Ruuanlaittoon, ei paistamiseen<\/li>\n<\/ul>\n<p>Pellavansiemen\u00f6ljy on kasvi\u00f6ljyist\u00e4 rikkain alfalinoleenihapon ALA (omega-3) l\u00e4hde. Pellavansiemen\u00f6ljy sopii erinomaisesti veren rasva-arvojen tasapainottamiseen etenkin silloin, jos ravinto sis\u00e4lt\u00e4\u00e4 ylim\u00e4\u00e4rin omega-6-rasvahappoja.<\/p>\n<\/section>\n<section class=\"product-other-details\">\n<h3 class=\"product-other-details__header\">KENELLE<\/h3>\n<ul>\n<li>Veren rasva-arvoista huolehtiville<\/li>\n<li>Kaikenik\u00e4isille naisille ja miehille<\/li>\n<li>Koululaisille ja kasvuik\u00e4isille<\/li>\n<li>Omega-3-l\u00e4hteeksi kala-allergikoille ja vegaaneille<\/li>\n<\/ul>\n<\/section>\n<section class=\"product-other-details\">\n<h3 class=\"product-other-details__header\">TERVEYSV\u00c4ITT\u00c4M\u00c4T \/ KLIININEN N\u00c4YTT\u00d6<\/h3>\n<p>2 g p\u00e4iv\u00e4annos alfalinoleenihappoa (ALA) yll\u00e4pit\u00e4\u00e4 normaalia kolesterolia.<\/p>\n<p>Kolesterolin hallintaan tarvittavan ALA -annoksen saa helposti nauttimalla 3,7 ml kotimaista pellava\u00f6ljy\u00e4.<\/p>\n<\/section>\n","protected":false},"excerpt":{"rendered":"<p>Pellavansiemen\u00f6ljy sis\u00e4lt\u00e4\u00e4 erityisen runsaasti alfalinoleenihappoa (omega-3). Elimist\u00f6mme valmistaa siit\u00e4 itse edelleen monia muita tasapainoiselle rasva-aineenvaihdolle t\u00e4rkeit\u00e4 aineosia. Alfalinoleenihappo on mm. elint\u00e4rkeiden EPA:n ja DHA:n luonnollinen l\u00e4ht\u00f6aine.<\/p>\n","protected":false},"featured_media":1228,"template":"","meta":{"_acf_changed":false},"product_brand":[],"product_cat":[106,80,73,70],"product_tag":[],"class_list":{"0":"post-3881","1":"product","2":"type-product","3":"status-publish","4":"has-post-thumbnail","6":"product_cat-valioravinto-sv","7":"product_cat-rasvahappo-ja-oljyvalmisteet-sv","8":"product_cat-lisaravinteet-sv","9":"product_cat-erikoiselintarvikkeet-sv","11":"first","12":"instock","13":"taxable","14":"shipping-taxable","15":"purchasable","16":"product-type-simple"},"acf":[],"_links":{"self":[{"href":"https:\/\/vaasanluonnonravinto.fi\/sv\/wp-json\/wp\/v2\/product\/3881","targetHints":{"allow":["GET"]}}],"collection":[{"href":"https:\/\/vaasanluonnonravinto.fi\/sv\/wp-json\/wp\/v2\/product"}],"about":[{"href":"https:\/\/vaasanluonnonravinto.fi\/sv\/wp-json\/wp\/v2\/types\/product"}],"wp:featuredmedia":[{"embeddable":true,"href":"https:\/\/vaasanluonnonravinto.fi\/sv\/wp-json\/wp\/v2\/media\/1228"}],"wp:attachment":[{"href":"https:\/\/vaasanluonnonravinto.fi\/sv\/wp-json\/wp\/v2\/media?parent=3881"}],"wp:term":[{"taxonomy":"product_brand","embeddable":true,"href":"https:\/\/vaasanluonnonravinto.fi\/sv\/wp-json\/wp\/v2\/product_brand?post=3881"},{"taxonomy":"product_cat","embeddable":true,"href":"https:\/\/vaasanluonnonravinto.fi\/sv\/wp-json\/wp\/v2\/product_cat?post=3881"},{"taxonomy":"product_tag","embeddable":true,"href":"https:\/\/vaasanluonnonravinto.fi\/sv\/wp-json\/wp\/v2\/product_tag?post=3881"}],"curies":[{"name":"wp","href":"https:\/\/api.w.org\/{rel}","templated":true}]}}