{"id":3877,"date":"2019-05-29T12:39:21","date_gmt":"2019-05-29T09:39:21","guid":{"rendered":"https:\/\/vaasanluonnonravinto.fi\/?post_type=product&#038;p=3877"},"modified":"2025-02-25T10:33:47","modified_gmt":"2025-02-25T08:33:47","slug":"linum-plus","status":"publish","type":"product","link":"https:\/\/vaasanluonnonravinto.fi\/sv\/tuote\/linum-plus\/","title":{"rendered":"LINUM PLUS"},"content":{"rendered":"<section class=\"product-description\">Linum Plus on viiden eri kuitul\u00e4hteen seos, joka muodostaa eritt\u00e4in ravintorikkaan kokonaisuuden. Suomalainen pellavarouhe, Psyllium sek\u00e4 suomalaiset tyrnin marjarouhe, hillan siemenrouhe ja mustikkajauhe vahvistavat toistensa vatsaa hellivi\u00e4 vaikutuksia.Linum Plus sis\u00e4lt\u00e4\u00e4 kuidun ohella runsaasti syd\u00e4nyst\u00e4v\u00e4llisi\u00e4 omega-rasvahappoja ja kasvisteroleita, kasviestrogeenina tunnettua lignaania sek\u00e4 orgaanisia hivenaineita. N\u00e4m\u00e4 kaikki ravintoaineet ovat per\u00e4isin puhtaista luonnon raaka-aineista, ja ne ovat s\u00e4ilyneet alkuper\u00e4isess\u00e4 muodossa elimist\u00f6mme hyv\u00e4ksi.<\/p>\n<h3>PELLAVAROUHE<\/h3>\n<p>Pellavarouhe per\u00e4isin suomalaisten sopimusviljelij\u00f6iden tiloilta. Pellavansiemenist\u00e4 on ensin kylm\u00e4puristettu enin osa \u00f6ljyst\u00e4 pois. Puristuksessa siemen rikkoutuu rouheeksi, jolloin sen arvokkaat ravintoaineet p\u00e4\u00e4tyv\u00e4t helpommin elimist\u00f6mme hy\u00f6dyksi. Rouhe sis\u00e4lt\u00e4\u00e4 edelleen runsaasti pellavan arvokkaita rasvahappoja kuten alfalinoleenihappoa (omega-3) sek\u00e4 kasvisteroleita. Kuidun, terveellisen rasvan ja hivenaineiden (erityisesti; kalium, kalsium, magnesium ja sinkki) lis\u00e4ksi pellavarouhe sis\u00e4lt\u00e4\u00e4 my\u00f6s runsaasti proteiinia. Pellavan proteiinikoostumus vastaa suurelta osin paljon kehuttua soijaa.<\/p>\n<h3>PSYLLIUM<\/h3>\n<p><i>Plantago ovata<\/i>\u00a0-kasvin siemenen kuoriosa (husk, lese) hallitsee maailman ravintokuitumarkkinoita. Psylliumissa on suuri kuitupitoisuus (85 %), josta valtaosa on geeliytyv\u00e4\u00e4 eli liukoista kuitua. Psyllium on ollut jo kauan suosittu ja kiitetty vatsan toiminnan vilkastuttaja. Linum Plus:n sis\u00e4lt\u00e4m\u00e4 psyllium on per\u00e4isin Intiasta, jossa tuotetaan huomattava osa maailman psylliumista, ja jossa sen viljelyll\u00e4 on pitk\u00e4t perinteet.<\/p>\n<h3>SUOMALAISET MARJAROUHEET; TYRNI, HILLA JA MUSTIKKA<\/h3>\n<p>Linum Plussaa on t\u00e4ydennetty runsaskuituisilla marjarouheilla. Rouheissa hy\u00f6dynnet\u00e4\u00e4n suomalaisen marjanjalostuksen ns. sivuvirtoja. T\u00e4rkeint\u00e4 niiss\u00e4 ovat erilaiset kuidut, mutta ne sis\u00e4lt\u00e4v\u00e4t my\u00f6s runsaan kirjon luonnollisia suoja-aineita.<\/p>\n<\/section>\n<section class=\"product-other-details\">\n<h3 class=\"product-other-details__header\">K\u00c4YTT\u00d6TARKOITUS<\/h3>\n<ul>\n<li>T\u00e4ydent\u00e4m\u00e4\u00e4n niukkakuituista ruokavaliota<\/li>\n<li>Monipuolinen ja ravintorikas kuituseos\n<ul>\n<li>runsaasti kuitua<\/li>\n<li>hyv\u00e4laatuista proteiinia<\/li>\n<li>omega3- ja omega-6-rasvahappoja<\/li>\n<li>vain niukasti hiilihydraatteja<\/li>\n<li>gluteeniton<\/li>\n<\/ul>\n<\/li>\n<\/ul>\n<p>Linum Plus on monipuolinen kuituseos, joka on hell\u00e4 vatsalle. Yleisen ravitsemustiedon mukaan ravintokuidun hyv\u00e4t ominaisuudet vaikuttavat eritt\u00e4in monipuolisesti koko elimist\u00f6mme hyvinvointiin.<\/p>\n<p>Linum Plus sis\u00e4lt\u00e4\u00e4 runsaasti ravintokuitua (51 %), josta puolet on liukenematonta kuitua ja puolet liukoista kuitua. Molemmilla kuitutyypeill\u00e4 on omat t\u00e4rke\u00e4t teht\u00e4v\u00e4t ja niit\u00e4 on saatava ravinnosta p\u00e4ivitt\u00e4in.<\/p>\n<p>Neutraalin makuisella kuiturouheella on helppo parantaa esim. lasten aamiaismurojen ravintoarvoa.<\/p>\n<\/section>\n<section class=\"product-other-details\">\n<h3 class=\"product-other-details__header\">KENELLE<\/h3>\n<ul>\n<li>Laiskasta vatsasta k\u00e4rsiville<\/li>\n<li>Kiireisille ja stressaaville uraihmisille<\/li>\n<li>V\u00e4h\u00e4n liikkuville ja niukasti kuitua nauttiville<\/li>\n<li>Karppaajille<\/li>\n<li>Keliaakikoille<\/li>\n<\/ul>\n<\/section>\n<section class=\"product-other-details\">\n<h3 class=\"product-other-details__header\">TERVEYSV\u00c4ITT\u00c4M\u00c4T \/ KLIININEN N\u00c4YTT\u00d6<\/h3>\n<h3>LINUM PLUS ON PAREMPI KUIN PELKK\u00c4 PELLAVA<\/h3>\n<p>Kainuussa toteuttu kliininen ravitsemustutkimus* osoitti, ett\u00e4 viiden kuitul\u00e4hteen seos Linum Plus aktivoi vatsan toimintaa paremmin kuin pelkk\u00e4\u00e4 pellavaa sis\u00e4lt\u00e4nyt vertailutuote.<\/p>\n<h3>LINUM PLUSSAN P\u00c4IVITT\u00c4INEN NAUTTIMINEN<\/h3>\n<ul>\n<li>Lis\u00e4si viikoittaisia ulostuskertoja 60 %<\/li>\n<li>Pehmensi ulosteen koostumusta<\/li>\n<li>Helpotti ulostamista<\/li>\n<li>Lis\u00e4si aterian j\u00e4lkeist\u00e4 kyll\u00e4isyyden tunnetta<\/li>\n<\/ul>\n<p>Linum Plussan havaittiin lis\u00e4ksi toimivan maltillisemmin ja aiheuttavan vertailutuotetta v\u00e4hemm\u00e4n ilmavaivoja.<\/p>\n<p>Tutkimukseen osallistui 68 ummetusoireista k\u00e4rsiv\u00e4\u00e4 aikuista. Nelj\u00e4n viikon ajan nautittu annos oli 3 rkl p\u00e4iv\u00e4ss\u00e4.<\/p>\n<p>*) Kliininen satunnaistettu, vertaileva pilottitutkimus Linum Plus -ravintokuituseoksen ja positiivisen kontrollin vaikutuksesta vatsan toimintaan ja plasman rasva-arvoihin henkil\u00f6ill\u00e4, joilla on krooninen toiminnallinen ummetus (<i>Clincal Life Sciences, Sotkamo, helmikuu 2009<\/i>)<\/p>\n<\/section>\n","protected":false},"excerpt":{"rendered":"<p>Linum Plus on viiden eri kuitul\u00e4hteen seos, joka muodostaa eritt\u00e4in ravintorikkaan kokonaisuuden. Suomalainen pellavarouhe, Psyllium sek\u00e4 suomalaiset tyrnin marjarouhe, hillan siemenrouhe ja mustikkajauhe vahvistavat toistensa vatsaa hellivi\u00e4 vaikutuksia.<\/p>\n","protected":false},"featured_media":17557,"template":"","meta":{"_acf_changed":false},"product_brand":[],"product_cat":[106,87,73,70],"product_tag":[],"class_list":{"0":"post-3877","1":"product","2":"type-product","3":"status-publish","4":"has-post-thumbnail","6":"product_cat-valioravinto-sv","7":"product_cat-vatsan-hyvinvointivalmisteet-sv","8":"product_cat-lisaravinteet-sv","9":"product_cat-erikoiselintarvikkeet-sv","11":"first","12":"instock","13":"taxable","14":"shipping-taxable","15":"purchasable","16":"product-type-simple"},"acf":[],"_links":{"self":[{"href":"https:\/\/vaasanluonnonravinto.fi\/sv\/wp-json\/wp\/v2\/product\/3877","targetHints":{"allow":["GET"]}}],"collection":[{"href":"https:\/\/vaasanluonnonravinto.fi\/sv\/wp-json\/wp\/v2\/product"}],"about":[{"href":"https:\/\/vaasanluonnonravinto.fi\/sv\/wp-json\/wp\/v2\/types\/product"}],"wp:featuredmedia":[{"embeddable":true,"href":"https:\/\/vaasanluonnonravinto.fi\/sv\/wp-json\/wp\/v2\/media\/17557"}],"wp:attachment":[{"href":"https:\/\/vaasanluonnonravinto.fi\/sv\/wp-json\/wp\/v2\/media?parent=3877"}],"wp:term":[{"taxonomy":"product_brand","embeddable":true,"href":"https:\/\/vaasanluonnonravinto.fi\/sv\/wp-json\/wp\/v2\/product_brand?post=3877"},{"taxonomy":"product_cat","embeddable":true,"href":"https:\/\/vaasanluonnonravinto.fi\/sv\/wp-json\/wp\/v2\/product_cat?post=3877"},{"taxonomy":"product_tag","embeddable":true,"href":"https:\/\/vaasanluonnonravinto.fi\/sv\/wp-json\/wp\/v2\/product_tag?post=3877"}],"curies":[{"name":"wp","href":"https:\/\/api.w.org\/{rel}","templated":true}]}}