{"id":3875,"date":"2019-05-29T12:39:19","date_gmt":"2019-05-29T09:39:19","guid":{"rendered":"https:\/\/vaasanluonnonravinto.fi\/?post_type=product&#038;p=3875"},"modified":"2026-04-30T17:37:08","modified_gmt":"2026-04-30T14:37:08","slug":"aurinko-d-50-%c2%b5g-300-kaps","status":"publish","type":"product","link":"https:\/\/vaasanluonnonravinto.fi\/sv\/tuote\/aurinko-d-50-%c2%b5g-300-kaps\/","title":{"rendered":"Aurinko D 50 mcg 300 kaps"},"content":{"rendered":"<p>D-vitamiini edist\u00e4\u00e4 kalsiumin ja fosforin normaalia imeytymist\u00e4\/hy\u00f6dynt\u00e4mist\u00e4 ja yll\u00e4pit\u00e4\u00e4 veren normaalia kalsiumtasoa. D-vitamiini edist\u00e4\u00e4 luiden, hampaiden ja lihastoiminnan pysymist\u00e4 normaalina. D-vitamiini edist\u00e4\u00e4 immuunij\u00e4rjestelm\u00e4n normaalia toimintaa.<\/p>\n<p>Turvaa riitt\u00e4v\u00e4 D-vitamiinin saanti, ota hyvin imeytyv\u00e4 Aurinko D.<\/p>\n","protected":false},"excerpt":{"rendered":"<p>D-vitamiini edist\u00e4\u00e4 kalsiumin ja fosforin normaalia imeytymist\u00e4\/hy\u00f6dynt\u00e4mist\u00e4 ja yll\u00e4pit\u00e4\u00e4 veren normaalia kalsiumtasoa. D-vitamiini edist\u00e4\u00e4 luiden, hampaiden ja lihastoiminnan pysymist\u00e4 normaalina. D-vitamiini edist\u00e4\u00e4 immuunij\u00e4rjestelm\u00e4n normaalia toimintaa.<\/p>\n","protected":false},"featured_media":12414,"template":"","meta":{"_acf_changed":false},"product_brand":[],"product_cat":[73,117,77],"product_tag":[],"class_list":{"0":"post-3875","1":"product","2":"type-product","3":"status-publish","4":"has-post-thumbnail","6":"product_cat-lisaravinteet-sv","7":"product_cat-terveyskaista-sv","8":"product_cat-vitamiinit-sv","10":"first","11":"instock","12":"taxable","13":"shipping-taxable","14":"purchasable","15":"product-type-simple"},"acf":[],"_links":{"self":[{"href":"https:\/\/vaasanluonnonravinto.fi\/sv\/wp-json\/wp\/v2\/product\/3875","targetHints":{"allow":["GET"]}}],"collection":[{"href":"https:\/\/vaasanluonnonravinto.fi\/sv\/wp-json\/wp\/v2\/product"}],"about":[{"href":"https:\/\/vaasanluonnonravinto.fi\/sv\/wp-json\/wp\/v2\/types\/product"}],"wp:featuredmedia":[{"embeddable":true,"href":"https:\/\/vaasanluonnonravinto.fi\/sv\/wp-json\/wp\/v2\/media\/12414"}],"wp:attachment":[{"href":"https:\/\/vaasanluonnonravinto.fi\/sv\/wp-json\/wp\/v2\/media?parent=3875"}],"wp:term":[{"taxonomy":"product_brand","embeddable":true,"href":"https:\/\/vaasanluonnonravinto.fi\/sv\/wp-json\/wp\/v2\/product_brand?post=3875"},{"taxonomy":"product_cat","embeddable":true,"href":"https:\/\/vaasanluonnonravinto.fi\/sv\/wp-json\/wp\/v2\/product_cat?post=3875"},{"taxonomy":"product_tag","embeddable":true,"href":"https:\/\/vaasanluonnonravinto.fi\/sv\/wp-json\/wp\/v2\/product_tag?post=3875"}],"curies":[{"name":"wp","href":"https:\/\/api.w.org\/{rel}","templated":true}]}}