{"id":3869,"date":"2019-05-29T12:39:14","date_gmt":"2019-05-29T09:39:14","guid":{"rendered":"https:\/\/vaasanluonnonravinto.fi\/?post_type=product&#038;p=3869"},"modified":"2026-02-09T12:14:36","modified_gmt":"2026-02-09T10:14:36","slug":"kalkki-d3k2mg-90-kaps","status":"publish","type":"product","link":"https:\/\/vaasanluonnonravinto.fi\/sv\/tuote\/kalkki-d3k2mg-90-kaps\/","title":{"rendered":"Kalkki +D3+K2+Mg 90 kaps"},"content":{"rendered":"<h2>Luustosi hyvinvointiin!<\/h2>\n<p>K-vitamiini edist\u00e4\u00e4 luiden pysymist\u00e4 normaalina.<\/p>\n<p>Kalsium on tarpeellinen luuston ja hampaiden pysymiselle normaalina.<\/p>\n<p>D-vitamiini edist\u00e4\u00e4 kalsiumin ja fosforin normaalia imeytymist\u00e4.<\/p>\n<p>D-vitamiini edist\u00e4\u00e4 luiden pysymist\u00e4 normaalina.<\/p>\n<p>Magnesium edist\u00e4\u00e4 luuston pysymist\u00e4 normaalina.<\/p>\n","protected":false},"excerpt":{"rendered":"<p>K-vitamiini edist\u00e4\u00e4 luiden pysymist\u00e4 normaalina.<\/p>\n<p>Kalsium on tarpeellinen luuston ja hampaiden pysymiselle normaalina.<\/p>\n<p>D-vitamiini edist\u00e4\u00e4 kalsiumin ja fosforin normaalia imeytymist\u00e4.<\/p>\n<p>D-vitamiini edist\u00e4\u00e4 luiden pysymist\u00e4 normaalina.<\/p>\n<p>Magnesium edist\u00e4\u00e4 luuston pysymist\u00e4 normaalina.<\/p>\n","protected":false},"featured_media":1263,"template":"","meta":{"_acf_changed":false},"product_brand":[],"product_cat":[73,76,89,117,77],"product_tag":[],"class_list":{"0":"post-3869","1":"product","2":"type-product","3":"status-publish","4":"has-post-thumbnail","6":"product_cat-lisaravinteet-sv","7":"product_cat-kivennaisvalmisteet-sv","8":"product_cat-lihakset-ja-luusto-sv","9":"product_cat-terveyskaista-sv","10":"product_cat-vitamiinit-sv","12":"first","13":"instock","14":"taxable","15":"shipping-taxable","16":"purchasable","17":"product-type-simple"},"acf":[],"_links":{"self":[{"href":"https:\/\/vaasanluonnonravinto.fi\/sv\/wp-json\/wp\/v2\/product\/3869","targetHints":{"allow":["GET"]}}],"collection":[{"href":"https:\/\/vaasanluonnonravinto.fi\/sv\/wp-json\/wp\/v2\/product"}],"about":[{"href":"https:\/\/vaasanluonnonravinto.fi\/sv\/wp-json\/wp\/v2\/types\/product"}],"wp:featuredmedia":[{"embeddable":true,"href":"https:\/\/vaasanluonnonravinto.fi\/sv\/wp-json\/wp\/v2\/media\/1263"}],"wp:attachment":[{"href":"https:\/\/vaasanluonnonravinto.fi\/sv\/wp-json\/wp\/v2\/media?parent=3869"}],"wp:term":[{"taxonomy":"product_brand","embeddable":true,"href":"https:\/\/vaasanluonnonravinto.fi\/sv\/wp-json\/wp\/v2\/product_brand?post=3869"},{"taxonomy":"product_cat","embeddable":true,"href":"https:\/\/vaasanluonnonravinto.fi\/sv\/wp-json\/wp\/v2\/product_cat?post=3869"},{"taxonomy":"product_tag","embeddable":true,"href":"https:\/\/vaasanluonnonravinto.fi\/sv\/wp-json\/wp\/v2\/product_tag?post=3869"}],"curies":[{"name":"wp","href":"https:\/\/api.w.org\/{rel}","templated":true}]}}