{"id":3866,"date":"2019-05-29T12:39:11","date_gmt":"2019-05-29T09:39:11","guid":{"rendered":"https:\/\/vaasanluonnonravinto.fi\/?post_type=product&#038;p=3866"},"modified":"2026-05-12T03:37:08","modified_gmt":"2026-05-12T00:37:08","slug":"nivelteho-120-kaps","status":"publish","type":"product","link":"https:\/\/vaasanluonnonravinto.fi\/sv\/tuote\/nivelteho-120-kaps\/","title":{"rendered":"NivelTeho 120+60 kaps"},"content":{"rendered":"<h2>Terveet nivelet mahdollistavat liikunnan ilon ja joustavan kulun!<\/h2>\n<p>Nivelet tarvitsevat hyvinvointiinsa lempe\u00e4\u00e4 liikuntaa ja monipuolista ravintoa. Nivelten t\u00e4rke\u00e4t osat ovat\u00a0sidekudosta, joka koostuu kollageenista, elastiinista, fibrilliinist\u00e4, proteoglykaaneista ja hyaluronihaposta.<\/p>\n<p>NivelTehon kuusi aktiiviainetta ovat: MSM eli metyylisulfonyylimetaani, kondroitiinisulfaatti, inkiv\u00e4\u00e4riuute ja glukosamiini, C-vitamiini ja kupari.<\/p>\n<p>&nbsp;<\/p>\n<ul>\n<li>C-vitamiini edist\u00e4\u00e4 normaalia kollageenin muodostumista.<\/li>\n<li>Kupari edist\u00e4\u00e4 sidekudosten pysymist\u00e4 normaalina.<\/li>\n<\/ul>\n<p>Yll\u00e4pid\u00e4 Nivelten kuntoa liikkumalla s\u00e4\u00e4nn\u00f6llisesti ja sy\u00f6m\u00e4ll\u00e4 monipuolista ravintoa.<\/p>\n","protected":false},"excerpt":{"rendered":"<p>Nivelet tarvitsevat hyvinvointiinsa lempe\u00e4\u00e4 liikuntaa ja monipuolista ravintoa. Nivelten t\u00e4rke\u00e4t osat ovat\u00a0sidekudosta, joka koostuu kollageenista, elastiinista, fibrilliinist\u00e4, proteoglykaaneista ja hyaluronihaposta.<\/p>\n","protected":false},"featured_media":21435,"template":"","meta":{"_acf_changed":false,"rs_blank_template":"","rs_page_bg_color":"","slide_template_v7":""},"product_brand":[],"product_cat":[73,76,89,117,77],"product_tag":[],"class_list":{"0":"post-3866","1":"product","2":"type-product","3":"status-publish","4":"has-post-thumbnail","6":"product_cat-lisaravinteet-sv","7":"product_cat-kivennaisvalmisteet-sv","8":"product_cat-lihakset-ja-luusto-sv","9":"product_cat-terveyskaista-sv","10":"product_cat-vitamiinit-sv","12":"first","13":"instock","14":"taxable","15":"shipping-taxable","16":"purchasable","17":"product-type-simple"},"acf":[],"_links":{"self":[{"href":"https:\/\/vaasanluonnonravinto.fi\/sv\/wp-json\/wp\/v2\/product\/3866","targetHints":{"allow":["GET"]}}],"collection":[{"href":"https:\/\/vaasanluonnonravinto.fi\/sv\/wp-json\/wp\/v2\/product"}],"about":[{"href":"https:\/\/vaasanluonnonravinto.fi\/sv\/wp-json\/wp\/v2\/types\/product"}],"wp:featuredmedia":[{"embeddable":true,"href":"https:\/\/vaasanluonnonravinto.fi\/sv\/wp-json\/wp\/v2\/media\/21435"}],"wp:attachment":[{"href":"https:\/\/vaasanluonnonravinto.fi\/sv\/wp-json\/wp\/v2\/media?parent=3866"}],"wp:term":[{"taxonomy":"product_brand","embeddable":true,"href":"https:\/\/vaasanluonnonravinto.fi\/sv\/wp-json\/wp\/v2\/product_brand?post=3866"},{"taxonomy":"product_cat","embeddable":true,"href":"https:\/\/vaasanluonnonravinto.fi\/sv\/wp-json\/wp\/v2\/product_cat?post=3866"},{"taxonomy":"product_tag","embeddable":true,"href":"https:\/\/vaasanluonnonravinto.fi\/sv\/wp-json\/wp\/v2\/product_tag?post=3866"}],"curies":[{"name":"wp","href":"https:\/\/api.w.org\/{rel}","templated":true}]}}