{"id":3860,"date":"2019-05-29T12:39:06","date_gmt":"2019-05-29T09:39:06","guid":{"rendered":"https:\/\/vaasanluonnonravinto.fi\/?post_type=product&#038;p=3860"},"modified":"2021-02-17T12:25:46","modified_gmt":"2021-02-17T10:25:46","slug":"cardiosan","status":"publish","type":"product","link":"https:\/\/vaasanluonnonravinto.fi\/sv\/tuote\/cardiosan\/","title":{"rendered":"Cardiosan\u00ae"},"content":{"rendered":"<h4 class=\"meta-title\">Ainesosat<\/h4>\n<p>Magnesiumoksidi, Paakkuuntumisenestoaine E 460, Maissit\u00e4rkkelys, Pintak\u00e4sittelyaine E 470 b, Pyridoksiinihydrokloridi, Foolihappo* *(6S)-5-metyylitetrahydrofoolihappo, glukosamiinisuola (Quatrefolic), Metyylikobalamiini<\/p>\n<p>&nbsp;<\/p>\n<h4 class=\"meta-title\">Vuorokausiannos<\/h4>\n<p>Vuorokausiannos 1 tabl. sis\u00e4lt\u00e4\u00e4:<\/p>\n<p>Magnesiumia 200 mg (53 %)*<br \/>\nB<sub>6<\/sub>-vitamiinia\u00a02,2 mg (157 %)*<br \/>\nB<sub>12<\/sub>-vitamiinia 3 \u00b5g (120 %)*<br \/>\nFoolihappoa 300 \u00b5g (150 %)*<br \/>\n*vuorokautisen saannin vertailuarvosta<\/p>\n<p>&nbsp;<\/p>\n<h4 class=\"meta-title\">Annostus<\/h4>\n<p>1 tabletti p\u00e4iv\u00e4ss\u00e4.<\/p>\n<ul>\n<li>Valmistettu Suomessa<\/li>\n<\/ul>\n<p>&nbsp;<\/p>\n<h4>Pakkauskoko<\/h4>\n<p>60 tabl.\/39 g<\/p>\n<p>&nbsp;<\/p>\n<h4 class=\"meta-title\">Fysiologiset vaikutukset<\/h4>\n<ul>\n<li>Cardiosan<sup>\u00ae<\/sup>\u00a0sis\u00e4lt\u00e4\u00e4 hyvinvoinnille t\u00e4rke\u00e4n kolmen B-vitamiinin yhdistelm\u00e4n \u2013 folaatin, B<sub>6<\/sub>\u2013 ja B<sub>12<\/sub>-vitamiinin \u2013 sek\u00e4 syd\u00e4men suorituskyky\u00e4 tukevan magnesiumin. T\u00e4m\u00e4 kolmen B-vitamiinin yhdistelm\u00e4 edist\u00e4\u00e4 homokysteiinin aineenvaihduntaa sek\u00e4 immuunij\u00e4rjestelm\u00e4n normaalia toimintaa.<\/li>\n<li>Cardiosanin sis\u00e4lt\u00e4m\u00e4 Quatrefolic<sup>\u00ae<\/sup>\u00a0folaatti on bioaktiivinen foolihapon muoto (L-metyylifolaatti), joka vaikuttaa suoraan elimist\u00f6ss\u00e4 ilman, ett\u00e4 entsyymien toimintaa tarvitaan muuntamaan sit\u00e4 aktiivimuotoon.<\/li>\n<li>Folaatti edist\u00e4\u00e4 normaalia aminohapposynteesi\u00e4 ja normaalia veren muodostusta. Lis\u00e4ksi se osallistuu solujen jakautumisprosessiin, edist\u00e4\u00e4 raskauden aikaista kudosten kasvua sek\u00e4 auttaa v\u00e4hent\u00e4m\u00e4\u00e4n v\u00e4symyst\u00e4 ja uupumusta.<\/li>\n<li>Magnesium, B<sub>6<\/sub>\u2013 ja B<sub>12<\/sub>\u00a0-vitamiini edist\u00e4v\u00e4t normaalia energia-aineenvaihduntaa ja auttavat v\u00e4hent\u00e4m\u00e4\u00e4n v\u00e4symyst\u00e4 ja uupumusta.<\/li>\n<li>Homokysteiini on rikki\u00e4 sis\u00e4lt\u00e4v\u00e4 aminohappo, joka on verenkierrossa useissa eri muodoissa. Noin 90 % homokysteiinist\u00e4 on proteiiniin sitoutuneena. Se muodostuu entsyymitoimintojen kautta mm. aminohappo metioniinista ja katoaa elimist\u00f6st\u00e4 samoja entsyymireittej\u00e4 pitkin. H\u00e4iri\u00f6t entsyymitoiminnassa (perinn\u00f6lliset) tai vitamiinien (foolihappo, B<sub>6<\/sub>\u2013 ja B<sub>12<\/sub>\u00a0-vitamiini) puutokset johtavat kohonneisiin homokysteiinitasoihin elimist\u00f6ss\u00e4.<\/li>\n<li>Kohonnut homokysteiinitaso aiheuttaa LDL-kolesterolin liiallisen hapettumisen, muuttaa hyytymistekij\u00f6it\u00e4 ja lis\u00e4\u00e4 verihiutaleiden aggregoitumista (=kokkaroitumista). Kohonneesta homokysteiinitasoista (&gt; 9 mmol\/l) k\u00e4rsiv\u00e4t ennen kaikkea yli 30-vuotiaat miehet ja menopaussi-i\u00e4n ohittaneet naiset.<\/li>\n<li>Huolehtimalla ravitsemuksessa riitt\u00e4v\u00e4st\u00e4 foolihapon, B<sub>6<\/sub>\u2013 ja B<sub>12<\/sub>\u00a0\u2013vitamiinin saannista voidaan homokysteiinitasoja alentaa.<\/li>\n<li>Cardiosan<sup>\u00ae<\/sup>\u00a0sopii s\u00e4\u00e4nn\u00f6lliseen k\u00e4ytt\u00f6\u00f6n.<\/li>\n<\/ul>\n","protected":false},"excerpt":{"rendered":"<h4>Folaatti-, B6-, B12-vitamiini-magnesiumtabletit<\/h4>\n<ul>\n<li>Ravintolis\u00e4<\/li>\n<li>Syd\u00e4men hyvinvoinnille<\/li>\n<li>Edist\u00e4m\u00e4\u00e4n homokysteiinin aineenvaihduntaa<\/li>\n<li>Laktoositon, hiivaton, makeuttamaton, gluteeniton ja vegaaninen<\/li>\n<\/ul>\n","protected":false},"featured_media":1287,"template":"","meta":{"_acf_changed":false},"product_brand":[],"product_cat":[73,77],"product_tag":[],"class_list":{"0":"post-3860","1":"product","2":"type-product","3":"status-publish","4":"has-post-thumbnail","6":"product_cat-lisaravinteet-sv","7":"product_cat-vitamiinit-sv","9":"first","10":"instock","11":"taxable","12":"shipping-taxable","13":"purchasable","14":"product-type-simple"},"acf":[],"_links":{"self":[{"href":"https:\/\/vaasanluonnonravinto.fi\/sv\/wp-json\/wp\/v2\/product\/3860","targetHints":{"allow":["GET"]}}],"collection":[{"href":"https:\/\/vaasanluonnonravinto.fi\/sv\/wp-json\/wp\/v2\/product"}],"about":[{"href":"https:\/\/vaasanluonnonravinto.fi\/sv\/wp-json\/wp\/v2\/types\/product"}],"wp:featuredmedia":[{"embeddable":true,"href":"https:\/\/vaasanluonnonravinto.fi\/sv\/wp-json\/wp\/v2\/media\/1287"}],"wp:attachment":[{"href":"https:\/\/vaasanluonnonravinto.fi\/sv\/wp-json\/wp\/v2\/media?parent=3860"}],"wp:term":[{"taxonomy":"product_brand","embeddable":true,"href":"https:\/\/vaasanluonnonravinto.fi\/sv\/wp-json\/wp\/v2\/product_brand?post=3860"},{"taxonomy":"product_cat","embeddable":true,"href":"https:\/\/vaasanluonnonravinto.fi\/sv\/wp-json\/wp\/v2\/product_cat?post=3860"},{"taxonomy":"product_tag","embeddable":true,"href":"https:\/\/vaasanluonnonravinto.fi\/sv\/wp-json\/wp\/v2\/product_tag?post=3860"}],"curies":[{"name":"wp","href":"https:\/\/api.w.org\/{rel}","templated":true}]}}