{"id":3859,"date":"2019-05-29T12:39:04","date_gmt":"2019-05-29T09:39:04","guid":{"rendered":"https:\/\/vaasanluonnonravinto.fi\/?post_type=product&#038;p=3859"},"modified":"2022-09-05T14:01:54","modified_gmt":"2022-09-05T11:01:54","slug":"vitatabs-active-b-natural","status":"publish","type":"product","link":"https:\/\/vaasanluonnonravinto.fi\/sv\/tuote\/vitatabs-active-b-natural\/","title":{"rendered":"Vitatabs\u00ae Active B Natural"},"content":{"rendered":"<h4>Ainesosat<\/h4>\n<p>Paakkuuntumisenestoaineet E 460 ja E 551, Panmol\u00ae B-Complex Kvinoauute (Chenopodium quinoa): Tiamiinipyrofosfaatti (B1), Flaviiniadeniinidinukleotidi ja flaviinimononukleotidi (B2), Nikotiiniamiiniadeniinidinukleotidi eli NADH (B3), Pyridoksoaali ja pyridoksamiini (B6), Folaatti, Metyylikobalamiini (B12), Biosytiini (biotiini), Koentsyymi A (B5), Pintak\u00e4sittelyaine E 470b<\/p>\n<p>&nbsp;<\/p>\n<h4>Vuorokausiannos<\/h4>\n<p>Vuorokausiannos 1-2 tabl. sis\u00e4lt\u00e4\u00e4:<br \/>\nPanmol\u00ae B-Complex Kvinoauutetta 400-800 mg, jossa<br \/>\nB1-vitamiinia 0,55-1,1 mg (50-100 %)*<br \/>\nB2-vitamiinia 0,7-1,4 mg (50-100 %)*<br \/>\nB3-vitamiinia 8-16 mg (50-100 %)*<br \/>\nB6-vitamiinia 0,7-1,4 mg (50-100 %)*<br \/>\nFoolihappoa 100-200 \u00b5g (50-100 %)*<br \/>\nB12-vitamiinia 1,25-2,5 \u00b5g (50-100 %)*<br \/>\nBiotiinia 25-50 \u00b5g (50-100 %)*<br \/>\nB5-vitamiinia 3-6 mg (50-100 %)*<br \/>\n*vuorokautisen saannin vertailuarvosta<\/p>\n<p>&nbsp;<\/p>\n<h4>Annostus<\/h4>\n<p>1-2 tablettia p\u00e4iv\u00e4ss\u00e4.<\/p>\n<p>Valmistettu Suomessa<\/p>\n<p>&nbsp;<\/p>\n<h4>Pakkauskoko<\/h4>\n<p>60 tabl.\/60 g<\/p>\n<p>&nbsp;<\/p>\n<h4>Fysiologiset vaikutukset<\/h4>\n<p>Vitatabs\u00ae Active B -ravintolis\u00e4 sis\u00e4lt\u00e4\u00e4 korkealuokkaista luomukvinoasta valmistettua Panmol\u00ae B-Complex -uutetta, jossa kaikki kahdeksan B-vitamiinia ovat luonnollisessa orgaanisessa aktiivimuodossa koentsyymeihin sitoutuneina.<br \/>\nPatentoidun koostumuksen ja valmistusmenetelm\u00e4n ansiosta Panmol\u00ae B-Complexin sis\u00e4lt\u00e4m\u00e4t B-vitamiinit imeytyv\u00e4t elimist\u00f6n hy\u00f6dyksi jopa 4 kertaa paremmin kuin synteettiset B-vitamiinit.<br \/>\nVesiliukoisia B-vitamiineja tarvitaan p\u00e4ivitt\u00e4in kehon normaalin toiminnan yll\u00e4pit\u00e4miseen. Niiden tarvetta lis\u00e4\u00e4v\u00e4t mm. fyysinen rasitus, ravinnon imeytymish\u00e4iri\u00f6t, yksipuolinen ravinto ja runsas alkoholink\u00e4ytt\u00f6.<br \/>\nVitatabs\u00ae Active B -valmisteesta saat luonnollisessa ja tehokkaasti imeytyv\u00e4ss\u00e4 muodossa kaikkia kahdeksaa B-ryhm\u00e4n vitamiinia aineenvaihdunnan, ihon ja hermoston hyv\u00e4ksi sek\u00e4 v\u00e4hent\u00e4m\u00e4\u00e4n v\u00e4symyst\u00e4 ja uupumusta.<br \/>\nTuote sopii jatkuvaan k\u00e4ytt\u00f6\u00f6n. Ei sis\u00e4ll\u00e4 el\u00e4inper\u00e4isi\u00e4 ainesosia.<\/p>\n","protected":false},"excerpt":{"rendered":"<h4>B-vitamiinitabletit<\/h4>\n<ul>\n<li>Ravintolis\u00e4<\/li>\n<li>Kaikki kahdeksan B-vitamiinia luonnollisessa aktiivimuodossa<\/li>\n<li>Tehokkaasti imeytyv\u00e4<\/li>\n<li>Patentoitu Panmol\u00ae B-Complex luomukvinoasta<\/li>\n<li>Laktoositon, hiivaton, makeuttamaton, gluteeniton ja vegaaninen<\/li>\n<\/ul>\n","protected":false},"featured_media":1526,"template":"","meta":{"_acf_changed":false},"product_brand":[],"product_cat":[73,77],"product_tag":[],"class_list":{"0":"post-3859","1":"product","2":"type-product","3":"status-publish","4":"has-post-thumbnail","6":"product_cat-lisaravinteet-sv","7":"product_cat-vitamiinit-sv","9":"first","10":"instock","11":"taxable","12":"shipping-taxable","13":"purchasable","14":"product-type-simple"},"acf":[],"_links":{"self":[{"href":"https:\/\/vaasanluonnonravinto.fi\/sv\/wp-json\/wp\/v2\/product\/3859","targetHints":{"allow":["GET"]}}],"collection":[{"href":"https:\/\/vaasanluonnonravinto.fi\/sv\/wp-json\/wp\/v2\/product"}],"about":[{"href":"https:\/\/vaasanluonnonravinto.fi\/sv\/wp-json\/wp\/v2\/types\/product"}],"wp:featuredmedia":[{"embeddable":true,"href":"https:\/\/vaasanluonnonravinto.fi\/sv\/wp-json\/wp\/v2\/media\/1526"}],"wp:attachment":[{"href":"https:\/\/vaasanluonnonravinto.fi\/sv\/wp-json\/wp\/v2\/media?parent=3859"}],"wp:term":[{"taxonomy":"product_brand","embeddable":true,"href":"https:\/\/vaasanluonnonravinto.fi\/sv\/wp-json\/wp\/v2\/product_brand?post=3859"},{"taxonomy":"product_cat","embeddable":true,"href":"https:\/\/vaasanluonnonravinto.fi\/sv\/wp-json\/wp\/v2\/product_cat?post=3859"},{"taxonomy":"product_tag","embeddable":true,"href":"https:\/\/vaasanluonnonravinto.fi\/sv\/wp-json\/wp\/v2\/product_tag?post=3859"}],"curies":[{"name":"wp","href":"https:\/\/api.w.org\/{rel}","templated":true}]}}