{"id":3857,"date":"2019-05-29T12:39:02","date_gmt":"2019-05-29T09:39:02","guid":{"rendered":"https:\/\/vaasanluonnonravinto.fi\/?post_type=product&#038;p=3857"},"modified":"2024-08-31T14:56:21","modified_gmt":"2024-08-31T11:56:21","slug":"vitatabs-b12-methylcobalamin-1000-%c2%b5g","status":"publish","type":"product","link":"https:\/\/vaasanluonnonravinto.fi\/sv\/tuote\/vitatabs-b12-methylcobalamin-1000-%c2%b5g\/","title":{"rendered":"Vitatabs\u00ae B12 Methylcobalamin 1000 mcg"},"content":{"rendered":"<h4 class=\"meta-title\">Ainesosat<\/h4>\n<p>Mannitoli, Maissit\u00e4rkkelys, Pintak\u00e4sittelyaine E 470b, Metyylikobalamiini<\/p>\n<p>&nbsp;<\/p>\n<h4 class=\"meta-title\">Vuorokausiannos<\/h4>\n<p>Vuorokausiannos 1 tabl. sis\u00e4lt\u00e4\u00e4:<br \/>\nMetyylikobalamiinia, jossa<br \/>\nB<sub>12<\/sub>-vitamiinia 1000 \u03bcg*<br \/>\n*40 000 % vuorokautisen saannin vertailuarvosta<\/p>\n<p>&nbsp;<\/p>\n<h4 class=\"meta-title\">Annostus<\/h4>\n<p>1 tabletti p\u00e4iv\u00e4ss\u00e4, annetaan liueta suussa. Ei raskaana oleville tai imett\u00e4ville.<\/p>\n<p>Valmistettu Suomessa<\/p>\n<p>&nbsp;<\/p>\n<h4 class=\"meta-title\">Pakkauskoko<\/h4>\n<p>60 tabl.\/18 g<\/p>\n<p>&nbsp;<\/p>\n<h4 class=\"meta-title\">Fysiologiset vaikutukset<\/h4>\n<ul>\n<li>Metyylikobalamiini on B<sub>12<\/sub>-vitamiinin aktiivinen ja eritt\u00e4in tehokkaasti imeytyv\u00e4 B<sub>12<\/sub>-vitamiinin koentsyymimuoto ja ainoa B<sub>12<\/sub>-vitamiinin muoto, joka voi suoraan osallistua homokysteiinin metaboliaan.<\/li>\n<li>B<sub>12<\/sub>-vitamiini edist\u00e4\u00e4 normaalia veren punasolujen muodostusta, homokysteiinin normaalia aineenvaihduntaa, hermoston ja immuunij\u00e4rjestelm\u00e4n toimintaa sek\u00e4 energia-aineenvaihduntaa. Se auttaa my\u00f6s v\u00e4hent\u00e4m\u00e4\u00e4n v\u00e4symyst\u00e4 ja uupumusta ja edist\u00e4\u00e4 normaaleja psykologisia toimintoja.<\/li>\n<li>B<sub>12<\/sub>-vitamiinin tarvetta lis\u00e4\u00e4v\u00e4t mm. fyysinen rasitus, stressi, ravinnon imeytymish\u00e4iri\u00f6t, ehk\u00e4isypillerien k\u00e4ytt\u00f6, yksipuolinen ravinto, runsas alkoholink\u00e4ytt\u00f6 ja ep\u00e4s\u00e4\u00e4nn\u00f6lliset el\u00e4m\u00e4ntavat.<\/li>\n<li>Vahvat Vitatabs<sup>\u00ae<\/sup>\u00a0B<sub>12<\/sub>\u00a0Methylcobalamin -tabletit sis\u00e4lt\u00e4v\u00e4t B<sub>12<\/sub>-vitamiinia metyylikobalamiinina\u00a01000 \u00b5g\/tabletti.<\/li>\n<li>Hyv\u00e4nmakuinen tabletti sulaa suussa nopeasti, joten sen voi ottaa ilman vett\u00e4.<\/li>\n<li>Suositellaan erityisesti ik\u00e4\u00e4ntyville ja kasvissy\u00f6jille. Ei raskaana oleville tai imett\u00e4ville.<\/li>\n<\/ul>\n","protected":false},"excerpt":{"rendered":"<h4>B<sub>12<\/sub>-vitamiinitabletit<\/h4>\n<ul>\n<li>Ravintolis\u00e4<\/li>\n<li>Vahva ja nopeavaikutteinen suussa sulava tabletti<\/li>\n<li>Metyylikobalamiini on B<sub>12<\/sub>-vitamiinin aktiivinen koentsyymimuoto<\/li>\n<li>Hermoston ja immuunij\u00e4rjestelm\u00e4n toiminnalle sek\u00e4 v\u00e4symykseen ja uupumukseen<\/li>\n<li>Suositellaan erityisesti ik\u00e4\u00e4ntyville ja kasvissy\u00f6jille<\/li>\n<li>Laktoositon, hiivaton, gluteeniton ja vegaaninen<\/li>\n<\/ul>\n","protected":false},"featured_media":1486,"template":"","meta":{"_acf_changed":false,"rs_blank_template":"","rs_page_bg_color":"","slide_template_v7":""},"product_brand":[],"product_cat":[176,73,77],"product_tag":[],"class_list":{"0":"post-3857","1":"product","2":"type-product","3":"status-publish","4":"has-post-thumbnail","6":"product_cat-hankintatukku-sv","7":"product_cat-lisaravinteet-sv","8":"product_cat-vitamiinit-sv","10":"first","11":"instock","12":"taxable","13":"shipping-taxable","14":"purchasable","15":"product-type-simple"},"acf":[],"_links":{"self":[{"href":"https:\/\/vaasanluonnonravinto.fi\/sv\/wp-json\/wp\/v2\/product\/3857","targetHints":{"allow":["GET"]}}],"collection":[{"href":"https:\/\/vaasanluonnonravinto.fi\/sv\/wp-json\/wp\/v2\/product"}],"about":[{"href":"https:\/\/vaasanluonnonravinto.fi\/sv\/wp-json\/wp\/v2\/types\/product"}],"wp:featuredmedia":[{"embeddable":true,"href":"https:\/\/vaasanluonnonravinto.fi\/sv\/wp-json\/wp\/v2\/media\/1486"}],"wp:attachment":[{"href":"https:\/\/vaasanluonnonravinto.fi\/sv\/wp-json\/wp\/v2\/media?parent=3857"}],"wp:term":[{"taxonomy":"product_brand","embeddable":true,"href":"https:\/\/vaasanluonnonravinto.fi\/sv\/wp-json\/wp\/v2\/product_brand?post=3857"},{"taxonomy":"product_cat","embeddable":true,"href":"https:\/\/vaasanluonnonravinto.fi\/sv\/wp-json\/wp\/v2\/product_cat?post=3857"},{"taxonomy":"product_tag","embeddable":true,"href":"https:\/\/vaasanluonnonravinto.fi\/sv\/wp-json\/wp\/v2\/product_tag?post=3857"}],"curies":[{"name":"wp","href":"https:\/\/api.w.org\/{rel}","templated":true}]}}