{"id":3855,"date":"2019-03-13T13:05:46","date_gmt":"2019-03-13T11:05:46","guid":{"rendered":"https:\/\/vaasanluonnonravinto.fi\/?post_type=product&#038;p=3855"},"modified":"2020-09-22T14:05:24","modified_gmt":"2020-09-22T11:05:24","slug":"vitatabs-folaatti","status":"publish","type":"product","link":"https:\/\/vaasanluonnonravinto.fi\/sv\/tuote\/vitatabs-folaatti\/","title":{"rendered":"Vitatabs\u00ae Folaatti"},"content":{"rendered":"<h4 class=\"meta-title\">Ainesosat<\/h4>\n<p>Mannitoli, Maissit\u00e4rkkelys, Pintak\u00e4sittelyaine E 470b, Foolihappo* *(6S)-5-metyylitetrahydrofoolihappo, glukosamiinisuola (Quatrefolic<sup>\u00ae<\/sup>)<\/p>\n<p>&nbsp;<\/p>\n<h4 class=\"meta-title\">Vuorokausiannos<\/h4>\n<p>Vuorokausiannos\u00a01 tabl. sis\u00e4lt\u00e4\u00e4:<br \/>\nFoolihappoa 400 \u00b5g (200 %)*<br \/>\n*vuorokautisen saannin vertailuarvosta<\/p>\n<p>&nbsp;<\/p>\n<h4 class=\"meta-title\">Annostus<\/h4>\n<p>1 tabletti p\u00e4iv\u00e4ss\u00e4, annetaan liueta suussa.<\/p>\n<p>Valmistettu Suomessa<\/p>\n<p>&nbsp;<\/p>\n<h4 class=\"meta-title\">Pakkauskoko<\/h4>\n<p>60 tabl.\/18 g<\/p>\n<p>&nbsp;<\/p>\n<h4 class=\"meta-title\">Fysiologiset vaikutukset<\/h4>\n<ul>\n<li>Folaati eli foolihappo on vesiliukoinen vitamiini, joka toimii elimist\u00f6ss\u00e4 koentsyymin\u00e4 aminohappojen ja nukleotidien aineenvaihdunnassa. Foolihapon hyvi\u00e4 l\u00e4hteit\u00e4 ovat tuoreet kasvikset, hedelm\u00e4t ja marjat, pavut, t\u00e4ysjyv\u00e4vilja sek\u00e4 maksa. Foolihapon puute aiheuttaa megaloblastisen anemian.<\/li>\n<li>Folaatin tarve korostuu varsinkin raskauden ja imetyksen aikana, sen vuoksi raskautta suunnittelevalle suositellaan foolihappolis\u00e4\u00e4. Hedelm\u00e4llisess\u00e4 i\u00e4ss\u00e4 oleville naisille saantisuositus on 400 \u00b5g\/vrk. Suurin hyv\u00e4ksytt\u00e4v\u00e4 p\u00e4iv\u00e4saanti aikuiselle on 1000 \u00b5g\/vrk.<\/li>\n<li>Vitatabs<sup>\u00ae<\/sup>\u00a0Folaatti sis\u00e4lt\u00e4\u00e4 400 \u00b5g foolihappoa eli folaattia (B<sub>9<\/sub>-vitamiini). Tuotteen sis\u00e4lt\u00e4m\u00e4 Quatrefolic<sup>\u00ae<\/sup>\u00a0folaatti on parhaiten elimist\u00f6n hyv\u00e4ksik\u00e4ytett\u00e4viss\u00e4 oleva bioaktiivinen foolihapon muoto (L-metyylifolaatti).<\/li>\n<li>Folaatti edist\u00e4\u00e4 raskauden aikaista kudosten kasvua, normaalia veren muodostumista ja osallistuu solujen jakautumisprosessiin. Se my\u00f6s edist\u00e4\u00e4 normaaleja psykologisia toimintoja, immuunij\u00e4rjestelm\u00e4n normaalia toimintaa ja normaalia homokysteiinin aineenvaihduntaa sek\u00e4 auttaa v\u00e4hent\u00e4m\u00e4\u00e4n v\u00e4symyst\u00e4 ja uupumusta.<\/li>\n<\/ul>\n","protected":false},"excerpt":{"rendered":"<h4>Folaattitabletit<\/h4>\n<ul>\n<li>Ravintolis\u00e4<\/li>\n<li>L-metyylifolaatti, bioaktiivinen foolihapon muoto<\/li>\n<li>Raskauden ja imetyksen aikana<\/li>\n<li>Edist\u00e4\u00e4 raskauden aikaista kudosten kasvua ja normaalia veren muodostumista<\/li>\n<li>Hermostolle<\/li>\n<li>V\u00e4symykseen ja uupumukseen<\/li>\n<li>Miellytt\u00e4v\u00e4, helposti suussa sulava tabletti<\/li>\n<li>Laktoositon, hiivaton, gluteeniton ja vegaaninen<\/li>\n<\/ul>\n","protected":false},"featured_media":1490,"template":"","meta":{"_acf_changed":false,"rs_blank_template":"","rs_page_bg_color":"","slide_template_v7":""},"product_brand":[],"product_cat":[176,73,77],"product_tag":[],"class_list":{"0":"post-3855","1":"product","2":"type-product","3":"status-publish","4":"has-post-thumbnail","6":"product_cat-hankintatukku-sv","7":"product_cat-lisaravinteet-sv","8":"product_cat-vitamiinit-sv","10":"first","11":"instock","12":"taxable","13":"shipping-taxable","14":"purchasable","15":"product-type-simple"},"acf":[],"_links":{"self":[{"href":"https:\/\/vaasanluonnonravinto.fi\/sv\/wp-json\/wp\/v2\/product\/3855","targetHints":{"allow":["GET"]}}],"collection":[{"href":"https:\/\/vaasanluonnonravinto.fi\/sv\/wp-json\/wp\/v2\/product"}],"about":[{"href":"https:\/\/vaasanluonnonravinto.fi\/sv\/wp-json\/wp\/v2\/types\/product"}],"wp:featuredmedia":[{"embeddable":true,"href":"https:\/\/vaasanluonnonravinto.fi\/sv\/wp-json\/wp\/v2\/media\/1490"}],"wp:attachment":[{"href":"https:\/\/vaasanluonnonravinto.fi\/sv\/wp-json\/wp\/v2\/media?parent=3855"}],"wp:term":[{"taxonomy":"product_brand","embeddable":true,"href":"https:\/\/vaasanluonnonravinto.fi\/sv\/wp-json\/wp\/v2\/product_brand?post=3855"},{"taxonomy":"product_cat","embeddable":true,"href":"https:\/\/vaasanluonnonravinto.fi\/sv\/wp-json\/wp\/v2\/product_cat?post=3855"},{"taxonomy":"product_tag","embeddable":true,"href":"https:\/\/vaasanluonnonravinto.fi\/sv\/wp-json\/wp\/v2\/product_tag?post=3855"}],"curies":[{"name":"wp","href":"https:\/\/api.w.org\/{rel}","templated":true}]}}