{"id":3854,"date":"2019-03-13T13:11:45","date_gmt":"2019-03-13T11:11:45","guid":{"rendered":"https:\/\/vaasanluonnonravinto.fi\/?post_type=product&#038;p=3854"},"modified":"2020-09-14T16:41:33","modified_gmt":"2020-09-14T13:41:33","slug":"vitatabs-k2-100-%c2%b5g-d3","status":"publish","type":"product","link":"https:\/\/vaasanluonnonravinto.fi\/sv\/tuote\/vitatabs-k2-100-%c2%b5g-d3\/","title":{"rendered":"Vitatabs\u00ae K2 100 \u00b5g + D3"},"content":{"rendered":"<h4 class=\"meta-title\">Ainesosat<\/h4>\n<p>Paakkuuntumisenestoaine E 460, Maissit\u00e4rkkelys, Menakinoni, Kolekalsiferoli, Pintak\u00e4sittelyaine E 470b<\/p>\n<p>&nbsp;<\/p>\n<h4 class=\"meta-title\">Vuorokausiannos<\/h4>\n<p>Vuorokausiannos 1 tabl. sis\u00e4lt\u00e4\u00e4:<br \/>\nK<sub>2<\/sub>-vitamiinia\u00a0100 \u00b5g (133%)<br \/>\nD<sub>3<\/sub>-vitamiinia\u00a010 \u00b5g (200 %)*<br \/>\n*vuorokautisen saannin vertailuarvosta<\/p>\n<p>&nbsp;<\/p>\n<h4 class=\"meta-title\">Annostus<\/h4>\n<p>1 tabletti p\u00e4iv\u00e4ss\u00e4.<\/p>\n<p>Valmistettu Suomessa<\/p>\n<p>&nbsp;<\/p>\n<h4 class=\"meta-title\">Pakkauskoko<\/h4>\n<p>60 tabl. \/ 18 g<\/p>\n<p>&nbsp;<\/p>\n<h4 class=\"meta-title\">Fysiologiset vaikutukset<\/h4>\n<ul>\n<li>Saamme K-vitamiinia kasviksista ja suoliston bakteerien toiminnan tuloksena. Kasvisten K-vitamiini on K<sub>1<\/sub>-vitamiinia eli fyllokinonia. Suoliston bakteerit valmistavat K<sub>2<\/sub>-vitamiinia eli menakinonia.<\/li>\n<li>K-vitamiini on t\u00e4rke\u00e4 veren hyytymisen s\u00e4\u00e4telij\u00e4. T\u00e4m\u00e4 ei ole kuitenkaan K-vitamiinin ainoa teht\u00e4v\u00e4: K<sub>2<\/sub>-vitamiini eli menakinoni est\u00e4\u00e4 kalkin varastoitumista verisuonten sein\u00e4miin.<\/li>\n<li>K<sub>2<\/sub>-vitamiini my\u00f6s auttaa kalsiumia kiinnittym\u00e4\u00e4n luustoon vahvistaen luustoa. Valmisteen sis\u00e4lt\u00e4m\u00e4 D<sub>3<\/sub>-vitamiini viel\u00e4 tehostaa kalkin kiinnittymist\u00e4 luukudokseen.<\/li>\n<li>Vitatabs<sup>\u00ae<\/sup>\u00a0K<sub>2<\/sub>+D<sub>3<\/sub>\u00a0sis\u00e4lt\u00e4\u00e4 VitaMK<sup>\u00ae<\/sup>\u00a0\u00a0K<sub>2<\/sub>-vitamiinia eli menakinonia. Hyvin imeytyv\u00e4 K<sub>2<\/sub>-vitamiini\u00a0est\u00e4\u00e4 kalkin varastoitumista verisuonten sein\u00e4miin sek\u00e4 auttaa kalkkia kiinnittym\u00e4\u00e4n oikeaan paikkaan eli luustoon. Vitatabs<sup>\u00ae<\/sup>\u00a0K<sub>2<\/sub>+D<sub>3<\/sub>-tabletiti sis\u00e4lt\u00e4v\u00e4t my\u00f6s D<sub>3<\/sub>-vitamiinia, joka viel\u00e4 tehostaa kalkin imeytymist\u00e4 luukudokseen. Tuote sopii kaikille, jotka haluavat huolehtia verisuontensa terveydest\u00e4 sek\u00e4 luustonsa hyvinvoinnista.<\/li>\n<li>VitaMK<sup>\u00ae<\/sup>-menakinonia tarvitaan vain yksi pieni p\u00e4iv\u00e4annos.<\/li>\n<li>Ei suositella raskaana oleville tai imett\u00e4ville, koska tuotetta ei ole tutkittu n\u00e4ill\u00e4 erityisryhmill\u00e4. Ei suositella k\u00e4ytett\u00e4v\u00e4ksi verenohennusl\u00e4\u00e4kkeiden kanssa.<\/li>\n<\/ul>\n","protected":false},"excerpt":{"rendered":"<h4>K<sub>2<\/sub>-D<sub>3<\/sub>-vitamiinitabletit<\/h4>\n<ul>\n<li>Ravintolis\u00e4<\/li>\n<li>Yksi tabletti sis\u00e4lt\u00e4\u00e4 100 \u00b5g K<sub>2<\/sub>-vitamiinia ja 10 \u00b5g D<sub>3<\/sub>-vitamiinia<\/li>\n<li>Est\u00e4\u00e4 verisuonten kalkkiutumista ravitsemuksellisesti<\/li>\n<li>Kiinnitt\u00e4\u00e4 kalsiumia luustoon \u2013 vahvistaa luustoa<\/li>\n<li>Laktoositon, hiivaton, makeuttamaton ja gluteeniton<\/li>\n<\/ul>\n","protected":false},"featured_media":1494,"template":"","meta":{"_acf_changed":false},"product_brand":[],"product_cat":[176,73,77],"product_tag":[],"class_list":{"0":"post-3854","1":"product","2":"type-product","3":"status-publish","4":"has-post-thumbnail","6":"product_cat-hankintatukku-sv","7":"product_cat-lisaravinteet-sv","8":"product_cat-vitamiinit-sv","10":"first","11":"instock","12":"taxable","13":"shipping-taxable","14":"purchasable","15":"product-type-simple"},"acf":[],"_links":{"self":[{"href":"https:\/\/vaasanluonnonravinto.fi\/sv\/wp-json\/wp\/v2\/product\/3854","targetHints":{"allow":["GET"]}}],"collection":[{"href":"https:\/\/vaasanluonnonravinto.fi\/sv\/wp-json\/wp\/v2\/product"}],"about":[{"href":"https:\/\/vaasanluonnonravinto.fi\/sv\/wp-json\/wp\/v2\/types\/product"}],"wp:featuredmedia":[{"embeddable":true,"href":"https:\/\/vaasanluonnonravinto.fi\/sv\/wp-json\/wp\/v2\/media\/1494"}],"wp:attachment":[{"href":"https:\/\/vaasanluonnonravinto.fi\/sv\/wp-json\/wp\/v2\/media?parent=3854"}],"wp:term":[{"taxonomy":"product_brand","embeddable":true,"href":"https:\/\/vaasanluonnonravinto.fi\/sv\/wp-json\/wp\/v2\/product_brand?post=3854"},{"taxonomy":"product_cat","embeddable":true,"href":"https:\/\/vaasanluonnonravinto.fi\/sv\/wp-json\/wp\/v2\/product_cat?post=3854"},{"taxonomy":"product_tag","embeddable":true,"href":"https:\/\/vaasanluonnonravinto.fi\/sv\/wp-json\/wp\/v2\/product_tag?post=3854"}],"curies":[{"name":"wp","href":"https:\/\/api.w.org\/{rel}","templated":true}]}}