{"id":3849,"date":"2019-03-13T13:42:57","date_gmt":"2019-03-13T11:42:57","guid":{"rendered":"https:\/\/vaasanluonnonravinto.fi\/?post_type=product&#038;p=3849"},"modified":"2026-02-09T15:38:06","modified_gmt":"2026-02-09T13:38:06","slug":"calcia-800-magnesium","status":"publish","type":"product","link":"https:\/\/vaasanluonnonravinto.fi\/sv\/tuote\/calcia-800-magnesium\/","title":{"rendered":"Calcia\u00ae 800 Magnesium"},"content":{"rendered":"<h4 class=\"meta-title\">Ainesosat<\/h4>\n<p>Kalsiumkarbonaatti, Magnesiumoksidi, Paakkuuntumisenestoaine E 468, Pintak\u00e4sittelyaine E 470b, Luontainen appelsiini- ja sitruuna-aromi<\/p>\n<p>&nbsp;<\/p>\n<h4 class=\"meta-title\">Vuorokausiannos<\/h4>\n<p>Vuorokausiannos 2 tabl. sis\u00e4lt\u00e4\u00e4:<\/p>\n<p>Kalsiumia 800 mg (100 %)*<br \/>\nMagnesiumia 350 mg (93 %)*<br \/>\n*vuorokautisen saannin vertailuarvosta<\/p>\n<p>&nbsp;<\/p>\n<h4 class=\"meta-title\">Annostus<\/h4>\n<p>2 tablettia p\u00e4iv\u00e4ss\u00e4.<\/p>\n<p>Valmistettu Suomessa<\/p>\n<p>&nbsp;<\/p>\n<h4 class=\"meta-title\">Pakkauskoko<\/h4>\n<p>180 tabl.\/263 g<\/p>\n<p>&nbsp;<\/p>\n<h4 class=\"meta-title\">Fysiologiset vaikutukset<\/h4>\n<ul>\n<li>Kalsiumin tarve on erityisen suuri kasvuik\u00e4isill\u00e4 ja keski-i\u00e4n ylitt\u00e4neill\u00e4 henkil\u00f6ill\u00e4, erityisesti naisilla vaihdevuosina. Riitt\u00e4v\u00e4 kalkin saanti on terveen luuston perusta.<\/li>\n<li>Luumassaa v\u00e4hent\u00e4v\u00e4t muun muassa\u00a0niukka kalkin saanti, tupakointi, liikunnan puute sek\u00e4 er\u00e4\u00e4t muut elintapoihin liittyv\u00e4t tekij\u00e4t. On eritt\u00e4in t\u00e4rke\u00e4\u00e4 huolehtia luuston riitt\u00e4v\u00e4st\u00e4 kehittymisest\u00e4 sen kasvuaikana ja yll\u00e4pit\u00e4\u00e4 luuston kuntoa ja lujuutta my\u00f6hemmin.<\/li>\n<li>Kalsium my\u00f6s edist\u00e4\u00e4 lihasten ja hermoston normaalia toimintaa sek\u00e4 veren hyytymist\u00e4.<\/li>\n<li>Magnesium on erityisesti hermostolle, syd\u00e4melle ja lihaksille t\u00e4rke\u00e4 kivenn\u00e4isaine. Se auttaa v\u00e4hent\u00e4m\u00e4\u00e4n v\u00e4symyst\u00e4 ja uupumusta, edist\u00e4\u00e4 hermoston ja lihasten normaalia toimintaa sek\u00e4 proteiinisynteesi\u00e4.<\/li>\n<li>Magnesium on my\u00f6s luuston ja hampaiden t\u00e4rke\u00e4 rakennusaine.<\/li>\n<li>Magnesiumin tarve lis\u00e4\u00e4ntyy muun muassa\u00a0raskaan ruumiillisen ty\u00f6n, imeytymish\u00e4iri\u00f6iden sek\u00e4 runsaan alkoholin k\u00e4yt\u00f6n seurauksena.<\/li>\n<li>Magnesiumia pidet\u00e4\u00e4n luonnon omana hermostoa rauhoittavana aineena.<\/li>\n<\/ul>\n","protected":false},"excerpt":{"rendered":"<h4>Kalsium-magnesium-tabletit<\/h4>\n<ul>\n<li>Ravintolis\u00e4<\/li>\n<li>Vahva kalkki-magnesiumvalmisteluuston ja nivelten hyvinvoinnille<\/li>\n<li>Calcia<sup>\u00ae<\/sup>\u00a0800 Magnesium -valmisteessa kalkki on ravitsemuksellisesti helppoliukoisena kalsiumkarbonaattina<\/li>\n<li>Laktoositon, hiivaton, makeuttamaton, gluteeniton ja vegaaninen<\/li>\n<\/ul>\n","protected":false},"featured_media":1326,"template":"","meta":{"_acf_changed":false,"rs_blank_template":"","rs_page_bg_color":"","slide_template_v7":""},"product_brand":[],"product_cat":[176,73,76],"product_tag":[],"class_list":{"0":"post-3849","1":"product","2":"type-product","3":"status-publish","4":"has-post-thumbnail","6":"product_cat-hankintatukku-sv","7":"product_cat-lisaravinteet-sv","8":"product_cat-kivennaisvalmisteet-sv","10":"first","11":"outofstock","12":"taxable","13":"shipping-taxable","14":"purchasable","15":"product-type-simple"},"acf":[],"_links":{"self":[{"href":"https:\/\/vaasanluonnonravinto.fi\/sv\/wp-json\/wp\/v2\/product\/3849","targetHints":{"allow":["GET"]}}],"collection":[{"href":"https:\/\/vaasanluonnonravinto.fi\/sv\/wp-json\/wp\/v2\/product"}],"about":[{"href":"https:\/\/vaasanluonnonravinto.fi\/sv\/wp-json\/wp\/v2\/types\/product"}],"wp:featuredmedia":[{"embeddable":true,"href":"https:\/\/vaasanluonnonravinto.fi\/sv\/wp-json\/wp\/v2\/media\/1326"}],"wp:attachment":[{"href":"https:\/\/vaasanluonnonravinto.fi\/sv\/wp-json\/wp\/v2\/media?parent=3849"}],"wp:term":[{"taxonomy":"product_brand","embeddable":true,"href":"https:\/\/vaasanluonnonravinto.fi\/sv\/wp-json\/wp\/v2\/product_brand?post=3849"},{"taxonomy":"product_cat","embeddable":true,"href":"https:\/\/vaasanluonnonravinto.fi\/sv\/wp-json\/wp\/v2\/product_cat?post=3849"},{"taxonomy":"product_tag","embeddable":true,"href":"https:\/\/vaasanluonnonravinto.fi\/sv\/wp-json\/wp\/v2\/product_tag?post=3849"}],"curies":[{"name":"wp","href":"https:\/\/api.w.org\/{rel}","templated":true}]}}