{"id":3848,"date":"2019-03-13T13:47:03","date_gmt":"2019-03-13T11:47:03","guid":{"rendered":"https:\/\/vaasanluonnonravinto.fi\/?post_type=product&#038;p=3848"},"modified":"2026-02-09T15:37:53","modified_gmt":"2026-02-09T13:37:53","slug":"calcia-800-plus","status":"publish","type":"product","link":"https:\/\/vaasanluonnonravinto.fi\/sv\/tuote\/calcia-800-plus\/","title":{"rendered":"Calcia\u00ae 800 Plus"},"content":{"rendered":"<h4 class=\"meta-title\">Ainesosat<\/h4>\n<p>Kalsiumkarbonaatti, Magnesiumoksidi, Paakkuuntumisenestoaine E 468, L-askorbiinihappo, Sinkkisitraatti, Piimaa, Pintak\u00e4sittelyaine E 470b, Natriumboraatti, Mangaanisitraatti, Kolekalsiferoli, Pyridoksiinihydrokloridi, Pteroyylimonoglutamiinihappo, Fyllokinoni<\/p>\n<p>&nbsp;<\/p>\n<h4 class=\"meta-title\">Vuorokausiannos<\/h4>\n<p>Vuorokausiannos 2 tabl. sis\u00e4lt\u00e4\u00e4:<br \/>\nKalsiumia 800 mg (100 %)*<br \/>\nMagnesiumia 350 mg (93 %)*<br \/>\nSinkki\u00e4 15 mg (150 %)*<br \/>\nMangaania 2,5 mg (125 %)*<br \/>\nPiimata 32 mg<br \/>\nBooria 3 mg<br \/>\nD<sub>\u0437<\/sub>\u2013vitamiinia 10 \u03bcg (200 %)*<br \/>\nB<sub>6<\/sub>\u2013vitamiinia 2,2 mg (157 %)*<br \/>\nFoolihappoa 300 \u03bcg (150 %)*<br \/>\nC-vitamiinia\u00a060 mg\u00a0 ( 75 %)*<br \/>\nK-vitamiinia 70 \u03bcg\u00a0\u00a0 (93 %)*<br \/>\n*vuorokautisen saannin vertailuarvosta<\/p>\n<p>&nbsp;<\/p>\n<h4 class=\"meta-title\">Annostus<\/h4>\n<p>2 tablettia p\u00e4iv\u00e4ss\u00e4.<\/p>\n<p>Valmistettu Suomessa<\/p>\n<p>&nbsp;<\/p>\n<h4 class=\"meta-title\">Pakkauskoko<\/h4>\n<p>140 tabl.\/223 g<\/p>\n<p>&nbsp;<\/p>\n<h4 class=\"meta-title\">Fysiologiset vaikutukset<\/h4>\n<ul>\n<li>Kalsiumin tarve on erityisen suuri kasvuik\u00e4isill\u00e4 ja keski-i\u00e4n ylitt\u00e4neill\u00e4 henkil\u00f6ill\u00e4, erityisesti naisilla vaihdevuosissa. Riitt\u00e4v\u00e4 kalkin saanti on terveen luuston perusta.<\/li>\n<li>Luumassaa v\u00e4hent\u00e4v\u00e4t mm. niukka kalkin saanti, tupakointi, liikunnan puute sek\u00e4 er\u00e4\u00e4t muut elintapoihin liittyv\u00e4t tekij\u00e4t.<\/li>\n<li>On eritt\u00e4in t\u00e4rke\u00e4\u00e4 huolehtia luuston riitt\u00e4v\u00e4st\u00e4 kehittymisest\u00e4 sen kasvuaikana ja yll\u00e4pit\u00e4\u00e4 luuston kuntoa ja lujuutta my\u00f6hemmin.<\/li>\n<li>Magnesium on solujen toiminnalle v\u00e4ltt\u00e4m\u00e4t\u00f6n kivenn\u00e4isaine, joka varmistaa syd\u00e4men ja lihaksiston maksimaalisen suoritustason (mm. urheiltaessa). Magnesiumin tarve lis\u00e4\u00e4ntyy mm. raskaan ruumiillisen ty\u00f6n, imeytymish\u00e4iri\u00f6iden sek\u00e4 runsaan alkoholin k\u00e4yt\u00f6n seurauksena. Kalsium ja magnesium ovat t\u00e4rkeit\u00e4 luustolle, hampaille, lihaksille ja hermostolle.<\/li>\n<li>Sinkki on soluja suojaava antioksidantti, joka on t\u00e4rke\u00e4 mm. luuston, ihon, hiusten ja kynsien kunnolle sek\u00e4 vastustuskyvylle.<\/li>\n<li>B-ryhm\u00e4n vitamiinit ovat t\u00e4rkeit\u00e4 mm. vasta-aine- ja punasolutuotannolle, proteiini-, hiilihydraatti- ja rasva-aineenvaihdunnalle sek\u00e4 iholle, lihaksille ja hermostolle.<\/li>\n<li>C-vitamiini lujittaa luustoa ja sidekudoksia sek\u00e4 on t\u00e4rke\u00e4 antioksidantti, joka lis\u00e4\u00e4 vastustuskyky\u00e4.<\/li>\n<li>D-vitamiini edesauttaa kalkin imeytymist\u00e4 ja on t\u00e4rke\u00e4 luuston ja hampaiden hyvinvoinnille.<\/li>\n<li>K-vitamiini edist\u00e4\u00e4 luuta tuottavien solujen toimintaa.<\/li>\n<li>Piin on todettu vaikuttavan suotuisasti luuston, nivelkudosten, hiusten, ihon ja kynsien kuntoon.<\/li>\n<li>Boori ja pii edesauttavat kalsiumin kiinnittymist\u00e4 luustoon, yll\u00e4pit\u00e4v\u00e4t luuston lujuutta ja kimmoisuutta sek\u00e4 est\u00e4v\u00e4t kalkin liukenemista luustosta.<\/li>\n<\/ul>\n","protected":false},"excerpt":{"rendered":"<h4>Kalkki-monivitamiini-monimineraalitabletit<\/h4>\n<ul>\n<li>Ravintolis\u00e4<\/li>\n<li>Monipuolinen valmiste luuston ja tukikudosten hyvinvoinnille<\/li>\n<li>Calcia<sup>\u00ae<\/sup>\u00a0800 Plus -valmisteessa kalkki on ravitsemuksellisesti helppoliukoisena kalsiumkarbonaattina<\/li>\n<li>Sis\u00e4lt\u00e4\u00e4 lis\u00e4ksi tukikudokselle t\u00e4rkeit\u00e4 vitamiineja ja mineraaleja kuten B<sub>6<\/sub>-, C-, D- ja K-vitamiinia, foolihappoa, piit\u00e4, magnesiumia, sinkki\u00e4, mangaania ja booria<\/li>\n<li>Laktoositon, hiivaton, makeuttamaton ja gluteeniton<\/li>\n<\/ul>\n","protected":false},"featured_media":1328,"template":"","meta":{"_acf_changed":false,"rs_blank_template":"","rs_page_bg_color":"","slide_template_v7":""},"product_brand":[],"product_cat":[176,73,76],"product_tag":[],"class_list":{"0":"post-3848","1":"product","2":"type-product","3":"status-publish","4":"has-post-thumbnail","6":"product_cat-hankintatukku-sv","7":"product_cat-lisaravinteet-sv","8":"product_cat-kivennaisvalmisteet-sv","10":"first","11":"outofstock","12":"taxable","13":"shipping-taxable","14":"purchasable","15":"product-type-simple"},"acf":[],"_links":{"self":[{"href":"https:\/\/vaasanluonnonravinto.fi\/sv\/wp-json\/wp\/v2\/product\/3848","targetHints":{"allow":["GET"]}}],"collection":[{"href":"https:\/\/vaasanluonnonravinto.fi\/sv\/wp-json\/wp\/v2\/product"}],"about":[{"href":"https:\/\/vaasanluonnonravinto.fi\/sv\/wp-json\/wp\/v2\/types\/product"}],"wp:featuredmedia":[{"embeddable":true,"href":"https:\/\/vaasanluonnonravinto.fi\/sv\/wp-json\/wp\/v2\/media\/1328"}],"wp:attachment":[{"href":"https:\/\/vaasanluonnonravinto.fi\/sv\/wp-json\/wp\/v2\/media?parent=3848"}],"wp:term":[{"taxonomy":"product_brand","embeddable":true,"href":"https:\/\/vaasanluonnonravinto.fi\/sv\/wp-json\/wp\/v2\/product_brand?post=3848"},{"taxonomy":"product_cat","embeddable":true,"href":"https:\/\/vaasanluonnonravinto.fi\/sv\/wp-json\/wp\/v2\/product_cat?post=3848"},{"taxonomy":"product_tag","embeddable":true,"href":"https:\/\/vaasanluonnonravinto.fi\/sv\/wp-json\/wp\/v2\/product_tag?post=3848"}],"curies":[{"name":"wp","href":"https:\/\/api.w.org\/{rel}","templated":true}]}}