{"id":3842,"date":"2019-03-13T15:13:13","date_gmt":"2019-03-13T13:13:13","guid":{"rendered":"https:\/\/vaasanluonnonravinto.fi\/?post_type=product&#038;p=3842"},"modified":"2020-09-14T16:38:12","modified_gmt":"2020-09-14T13:38:12","slug":"seleq","status":"publish","type":"product","link":"https:\/\/vaasanluonnonravinto.fi\/sv\/tuote\/seleq\/","title":{"rendered":"SeleQ\u00ae"},"content":{"rendered":"<h4 class=\"meta-title\">Ainesosat<\/h4>\n<p>Paakkuuntumisenestoaine E 460, Maissit\u00e4rkkelys, L-selenometioniini, Pintak\u00e4sittelyaine E 470b<\/p>\n<p>&nbsp;<\/p>\n<h4 class=\"meta-title\">Vuorokausiannos<\/h4>\n<p>Vuorokausiannos 1 tabl. sis\u00e4lt\u00e4\u00e4:<br \/>\nSeleeni\u00e4 100 \u00b5g*<br \/>\n*182 % vuorokautisen saannin vertailuarvosta<\/p>\n<p>&nbsp;<\/p>\n<h4 class=\"meta-title\">Annostus<\/h4>\n<p>1 tabletti p\u00e4iv\u00e4ss\u00e4.<\/p>\n<p>Valmistettu Suomessa<\/p>\n<p>&nbsp;<\/p>\n<h4 class=\"meta-title\">Pakkauskoko<\/h4>\n<p>60 tabl.\/18 g<\/p>\n<p>&nbsp;<\/p>\n<h4 class=\"meta-title\">Fysiologiset vaikutukset<\/h4>\n<ul>\n<li>Seleeni (Se) on antioksidantti, jota esiintyy luonnossa runsaasti mm. lihassa, kalassa ja maitotaloustuotteissa. Seleenin saantisuositus on 40\u201350 mikrogrammaa vuorokaudessa. Turvallisen saannin rajana pidet\u00e4\u00e4n 300\u2013400 mikrogrammaa.<\/li>\n<li>Seleeni on keskeinen hivenaine solujen entsyymitoiminnassa erityisesti hapetusstressilt\u00e4 suojaavan glutationiperoksidaasi-entsyymin osana. N\u00e4in seleeni auttaa solujen suojaamista hapettumisstressilt\u00e4.<\/li>\n<li>Seleeni\u00e4 tarvitaan aineenvaihduntaa s\u00e4\u00e4telev\u00e4n kilpirauhashormonin muodostumisessa, kuten my\u00f6s hedelm\u00e4llisyydelle, vastustuskyvylle ja hiusten hyvinvoinnille.<\/li>\n<li>Seleeni edist\u00e4\u00e4 hiusten pysymist\u00e4 normaaleina.<\/li>\n<li>Seleeni edist\u00e4\u00e4 normaalia siitti\u00f6iden muodostumista.<\/li>\n<li>Seleeni edist\u00e4\u00e4 immuunij\u00e4rjestelm\u00e4n normaalia toimintaa.<\/li>\n<li>L-selenometioniini on orgaaninen seleeniyhdiste, joka imeytyy tehokkaasti.<\/li>\n<\/ul>\n","protected":false},"excerpt":{"rendered":"<h4>L-selenometioniinitabletit<\/h4>\n<ul>\n<li>Ravintolis\u00e4<\/li>\n<li>Orgaanista seleeni\u00e4 100 \u00b5g\/tabletti<\/li>\n<li>Laktoositon, hiivaton, makeuttamaton, gluteeniton ja vegaaninen<\/li>\n<\/ul>\n","protected":false},"featured_media":1450,"template":"","meta":{"_acf_changed":false},"product_brand":[],"product_cat":[176,73,76],"product_tag":[],"class_list":{"0":"post-3842","1":"product","2":"type-product","3":"status-publish","4":"has-post-thumbnail","6":"product_cat-hankintatukku-sv","7":"product_cat-lisaravinteet-sv","8":"product_cat-kivennaisvalmisteet-sv","10":"first","11":"instock","12":"taxable","13":"shipping-taxable","14":"purchasable","15":"product-type-simple"},"acf":[],"_links":{"self":[{"href":"https:\/\/vaasanluonnonravinto.fi\/sv\/wp-json\/wp\/v2\/product\/3842","targetHints":{"allow":["GET"]}}],"collection":[{"href":"https:\/\/vaasanluonnonravinto.fi\/sv\/wp-json\/wp\/v2\/product"}],"about":[{"href":"https:\/\/vaasanluonnonravinto.fi\/sv\/wp-json\/wp\/v2\/types\/product"}],"wp:featuredmedia":[{"embeddable":true,"href":"https:\/\/vaasanluonnonravinto.fi\/sv\/wp-json\/wp\/v2\/media\/1450"}],"wp:attachment":[{"href":"https:\/\/vaasanluonnonravinto.fi\/sv\/wp-json\/wp\/v2\/media?parent=3842"}],"wp:term":[{"taxonomy":"product_brand","embeddable":true,"href":"https:\/\/vaasanluonnonravinto.fi\/sv\/wp-json\/wp\/v2\/product_brand?post=3842"},{"taxonomy":"product_cat","embeddable":true,"href":"https:\/\/vaasanluonnonravinto.fi\/sv\/wp-json\/wp\/v2\/product_cat?post=3842"},{"taxonomy":"product_tag","embeddable":true,"href":"https:\/\/vaasanluonnonravinto.fi\/sv\/wp-json\/wp\/v2\/product_tag?post=3842"}],"curies":[{"name":"wp","href":"https:\/\/api.w.org\/{rel}","templated":true}]}}