{"id":3839,"date":"2019-03-13T15:22:38","date_gmt":"2019-03-13T13:22:38","guid":{"rendered":"https:\/\/vaasanluonnonravinto.fi\/?post_type=product&#038;p=3839"},"modified":"2022-04-11T16:15:40","modified_gmt":"2022-04-11T13:15:40","slug":"vitatabs-jodi","status":"publish","type":"product","link":"https:\/\/vaasanluonnonravinto.fi\/sv\/tuote\/vitatabs-jodi\/","title":{"rendered":"Vitatabs\u00ae Jodi"},"content":{"rendered":"<h4 class=\"meta-title\">Ainesosat<\/h4>\n<p>Mannitoli, Maissit\u00e4rkkelys, Kaliumjodidi, Pintak\u00e4sittelyaine E 470b<\/p>\n<p>&nbsp;<\/p>\n<h4 class=\"meta-title\">Vuorokausiannos<\/h4>\n<p>Vuorokausiannos\u00a01 tabl. sis\u00e4lt\u00e4\u00e4:<br \/>\nJodia 150\u00a0\u00b5g<br \/>\n*100 % vuorokautisen\u00a0saannin vertailuarvosta<\/p>\n<p>&nbsp;<\/p>\n<h4 class=\"meta-title\">Annostus<\/h4>\n<p>1 tabletti p\u00e4iv\u00e4ss\u00e4, annetaan liueta suussa.<\/p>\n<p>Valmistettu Suomessa<\/p>\n<p>&nbsp;<\/p>\n<h4 class=\"meta-title\">Pakkauskoko<\/h4>\n<p>120 tabl.\/36 g<\/p>\n<p>&nbsp;<\/p>\n<h4 class=\"meta-title\">Fysiologiset vaikutukset<\/h4>\n<ul>\n<li>Jodin saanti ravinnosta on Suomessa v\u00e4est\u00f6tutkimuksen perusteella liian v\u00e4h\u00e4ist\u00e4. Vegaani- ja maidotonta ruokavaliota noudattaville suositellaan riitt\u00e4v\u00e4n jodin saannin turvaamiseksi jodia sis\u00e4lt\u00e4vi\u00e4 ravintolisi\u00e4, joista saanti ei ruokavalion lis\u00e4ksi tulisi ylitt\u00e4\u00e4 ik\u00e4ryhm\u00e4kohtaista suositeltavaa p\u00e4iv\u00e4saantia (50-150 \u00b5g\/vrk). Jodin kokonaissaanti p\u00e4iv\u00e4ss\u00e4 mukaan lukien saanti ravinnosta ja ravintolisist\u00e4 ei saisi ylitt\u00e4\u00e4 600 \u00b5g\/vrk. (L\u00e4hde: Valtion ravitsemusneuvottelukunta 2015)<\/li>\n<li>Vitatabs<sup>\u00ae<\/sup>\u00a0Jodi -tabletit on tarkoitettu ravinnont\u00e4ydent\u00e4miseen. Vuorokausiannos sis\u00e4lt\u00e4\u00e4 150 \u00b5g jodia.<\/li>\n<li>Tablettien ainutlaatuinen helposti suussasulava koostumus tekee niist\u00e4 helposti nielt\u00e4v\u00e4n. Tabletit eiv\u00e4t sis\u00e4ll\u00e4 merilev\u00e4\u00e4.<\/li>\n<li>Jodi edist\u00e4\u00e4 kilpirauhashormonin normaalia tuotantoa ja kilpirauhasen normaalia toimintaa sek\u00e4 edist\u00e4\u00e4 energia-aineenvaihduntaa.<\/li>\n<li>Jodi edist\u00e4\u00e4 ihon pysymist\u00e4 normaalina sek\u00e4 normaalia kognitiivista ja hermoston toimintaa.<\/li>\n<\/ul>\n","protected":false},"excerpt":{"rendered":"<h4>Joditabletit<\/h4>\n<ul>\n<li>Ravintolis\u00e4<\/li>\n<li>Ravinnon t\u00e4ydent\u00e4miseen<\/li>\n<li>Helposti nielt\u00e4v\u00e4 suussasulava tabletti<\/li>\n<li>Laktoositon, hiivaton, gluteeniton ja vegaaninen<\/li>\n<\/ul>\n","protected":false},"featured_media":1492,"template":"","meta":{"_acf_changed":false,"rs_blank_template":"","rs_page_bg_color":"","slide_template_v7":""},"product_brand":[],"product_cat":[176,73,76],"product_tag":[],"class_list":{"0":"post-3839","1":"product","2":"type-product","3":"status-publish","4":"has-post-thumbnail","6":"product_cat-hankintatukku-sv","7":"product_cat-lisaravinteet-sv","8":"product_cat-kivennaisvalmisteet-sv","10":"first","11":"instock","12":"taxable","13":"shipping-taxable","14":"purchasable","15":"product-type-simple"},"acf":[],"_links":{"self":[{"href":"https:\/\/vaasanluonnonravinto.fi\/sv\/wp-json\/wp\/v2\/product\/3839","targetHints":{"allow":["GET"]}}],"collection":[{"href":"https:\/\/vaasanluonnonravinto.fi\/sv\/wp-json\/wp\/v2\/product"}],"about":[{"href":"https:\/\/vaasanluonnonravinto.fi\/sv\/wp-json\/wp\/v2\/types\/product"}],"wp:featuredmedia":[{"embeddable":true,"href":"https:\/\/vaasanluonnonravinto.fi\/sv\/wp-json\/wp\/v2\/media\/1492"}],"wp:attachment":[{"href":"https:\/\/vaasanluonnonravinto.fi\/sv\/wp-json\/wp\/v2\/media?parent=3839"}],"wp:term":[{"taxonomy":"product_brand","embeddable":true,"href":"https:\/\/vaasanluonnonravinto.fi\/sv\/wp-json\/wp\/v2\/product_brand?post=3839"},{"taxonomy":"product_cat","embeddable":true,"href":"https:\/\/vaasanluonnonravinto.fi\/sv\/wp-json\/wp\/v2\/product_cat?post=3839"},{"taxonomy":"product_tag","embeddable":true,"href":"https:\/\/vaasanluonnonravinto.fi\/sv\/wp-json\/wp\/v2\/product_tag?post=3839"}],"curies":[{"name":"wp","href":"https:\/\/api.w.org\/{rel}","templated":true}]}}