{"id":3832,"date":"2019-03-13T15:42:39","date_gmt":"2019-03-13T13:42:39","guid":{"rendered":"https:\/\/vaasanluonnonravinto.fi\/?post_type=product&#038;p=3832"},"modified":"2024-01-26T12:50:53","modified_gmt":"2024-01-26T10:50:53","slug":"zinkosan-fresh-mint","status":"publish","type":"product","link":"https:\/\/vaasanluonnonravinto.fi\/sv\/tuote\/zinkosan-fresh-mint\/","title":{"rendered":"Zinkosan\u00ae Fresh Mint"},"content":{"rendered":"<h4 class=\"meta-title\">Ainesosat<\/h4>\n<p>Makeutusaineet ksylitoli ja sorbitoli, Pintak\u00e4sittelyaineet guarkumi ja magnesiumstearaatti, Pelargoniauute EFLA 956 (<em>Pelargonium<\/em>\u00a0<em>sidoides<\/em>), Askorbiinihappo, Sinkkisitraatti, Aromit (mentoli, freshmint)<\/p>\n<p>&nbsp;<\/p>\n<h4 class=\"meta-title\">Vuorokausiannos<\/h4>\n<p>Vuorokausiannos 4 tabl. sis\u00e4lt\u00e4\u00e4:<br \/>\nPelargoniauutetta EFLA<sup>\u00ae<\/sup>\u00a0956\u00a080 mg<br \/>\nC-vitamiinia 75 mg\u00a0\u00a0\u00a0(94 %*)<br \/>\nSinkki\u00e4\u00a015 mg (150 %*)<br \/>\n*vuorokautisen saannin vertailuarvosta<\/p>\n<p>&nbsp;<\/p>\n<h4 class=\"meta-title\">Annostus<\/h4>\n<p>1 tabletti 4 kertaa p\u00e4iv\u00e4ss\u00e4. Tablettien annetaan liueta hitaasti suussa.<\/p>\n<p>Valmistettu Suomessa<\/p>\n<p>&nbsp;<\/p>\n<h4 class=\"meta-title\">Pakkauskoko<\/h4>\n<p>20 tabl.\/14 g<\/p>\n<p>&nbsp;<\/p>\n<h4 class=\"meta-title\">Fysiologiset vaikutukset<\/h4>\n<ul>\n<li>Hengitystieinfektiot ovat yleisimpi\u00e4 tartuntatauteja sek\u00e4 aikuisilla ett\u00e4 lapsilla. Tyypillisin niist\u00e4 on flunssa eli nuhakuume, jonka oireita ovat kurkkukipu, nuha, ysk\u00e4 ja liev\u00e4 kuume. Oireet kest\u00e4v\u00e4t yleens\u00e4 5-10 vuorokautta. 90% flunssista on virusten aiheuttamia, joihin antibiooteilla ei ole tehoa.<\/li>\n<li>Zinkosan<sup>\u00ae<\/sup>\u00a0Fresh Mint on hyv\u00e4nmakuinen imeskelt\u00e4v\u00e4 tabletti kurkun karheuteen ja avaamaan tukkoista hengityst\u00e4. Tehoaineina ovat sinkki, C-vitamiini ja pelargoniauute, jotka yhdess\u00e4 tehostavat elimist\u00f6n vastustuskyky\u00e4. Mentoli ja freshmint-aromi tuovat raikkaan olon hengitysteihin ja avaavat tukkoista nen\u00e4\u00e4.<\/li>\n<li>Sinkki on soluja suojaava antioksidantti, joka s\u00e4\u00e4telee l\u00e4hes 200 entsyymin toimintaa; se on t\u00e4rke\u00e4 tekij\u00e4 vastustuskyvylle ja se vaikuttaa suotuisasti my\u00f6s ihon kuntoon.\u00a0 C-vitamiini ja sinkki ovat tehokkaita antioksidantteja, jotka yhdess\u00e4 t\u00e4ydent\u00e4v\u00e4t toistensa vaikutusta.<\/li>\n<li>Standardoitu EFLA<sup>\u00ae<\/sup>\u00a0956 pelargonian juuriuute on per\u00e4isin Etel\u00e4-Afrikassa kasvavasta Pelargonium sidoides DC -kasvista. Uute on vakioitu polyfenoleihin kuuluvan umkaliinin suhteen. Uute sis\u00e4lt\u00e4\u00e4 lis\u00e4ksi proantosyanidiineja, kumariineja ja tanniineja.<\/li>\n<li>Pelargoniauute tukee fysiologisesti kuntoutumista flunssasta.<br \/>\nPelargonian juuriuutteella on kolmitahoinen vaikutusprofiili:<br \/>\n<strong>antimikrobinen:<\/strong>\u00a0est\u00e4\u00e4 bakteerien p\u00e4\u00e4sy\u00e4 elimist\u00f6\u00f6n ja est\u00e4\u00e4 niiden kasvua<br \/>\n<strong>antiviraalinen:<\/strong>\u00a0est\u00e4\u00e4 virusten p\u00e4\u00e4sy\u00e4 elimist\u00f6\u00f6n<br \/>\n<strong>immuunipuolustusta vahvistava:<\/strong>\u00a0aktivoi interferonin muodostumista ja NK-soluja (luonnolliset tappajasolut, natural killers)<\/li>\n<li>Ei suositella k\u00e4ytett\u00e4v\u00e4ksi raskauden ja imetyksen aikana n\u00e4ill\u00e4 kohderyhmill\u00e4 tehtyjen tutkimusten puuttumisen vuoksi. Ei suositella k\u00e4ytett\u00e4v\u00e4ksi varfariinin kanssa.<\/li>\n<\/ul>\n","protected":false},"excerpt":{"rendered":"<h4>Imeskelt\u00e4v\u00e4 sinkki-C-vitamiini-pelargonia<\/h4>\n<ul>\n<li>Ravintolis\u00e4<\/li>\n<li>Tehoaineina sinkkisitraatti, C-vitamiini, pelargoniauute, mentoli ja freshmint-aromi<\/li>\n<li>Laktoositon, hiivaton, gluteeniton ja vegaaninen<\/li>\n<\/ul>\n","protected":false},"featured_media":1524,"template":"","meta":{"_acf_changed":false},"product_brand":[],"product_cat":[176,73,76],"product_tag":[],"class_list":{"0":"post-3832","1":"product","2":"type-product","3":"status-publish","4":"has-post-thumbnail","6":"product_cat-hankintatukku-sv","7":"product_cat-lisaravinteet-sv","8":"product_cat-kivennaisvalmisteet-sv","10":"first","11":"instock","12":"taxable","13":"shipping-taxable","14":"purchasable","15":"product-type-simple"},"acf":[],"_links":{"self":[{"href":"https:\/\/vaasanluonnonravinto.fi\/sv\/wp-json\/wp\/v2\/product\/3832","targetHints":{"allow":["GET"]}}],"collection":[{"href":"https:\/\/vaasanluonnonravinto.fi\/sv\/wp-json\/wp\/v2\/product"}],"about":[{"href":"https:\/\/vaasanluonnonravinto.fi\/sv\/wp-json\/wp\/v2\/types\/product"}],"wp:featuredmedia":[{"embeddable":true,"href":"https:\/\/vaasanluonnonravinto.fi\/sv\/wp-json\/wp\/v2\/media\/1524"}],"wp:attachment":[{"href":"https:\/\/vaasanluonnonravinto.fi\/sv\/wp-json\/wp\/v2\/media?parent=3832"}],"wp:term":[{"taxonomy":"product_brand","embeddable":true,"href":"https:\/\/vaasanluonnonravinto.fi\/sv\/wp-json\/wp\/v2\/product_brand?post=3832"},{"taxonomy":"product_cat","embeddable":true,"href":"https:\/\/vaasanluonnonravinto.fi\/sv\/wp-json\/wp\/v2\/product_cat?post=3832"},{"taxonomy":"product_tag","embeddable":true,"href":"https:\/\/vaasanluonnonravinto.fi\/sv\/wp-json\/wp\/v2\/product_tag?post=3832"}],"curies":[{"name":"wp","href":"https:\/\/api.w.org\/{rel}","templated":true}]}}