{"id":3831,"date":"2019-03-14T09:23:16","date_gmt":"2019-03-14T07:23:16","guid":{"rendered":"https:\/\/vaasanluonnonravinto.fi\/?post_type=product&#038;p=3831"},"modified":"2023-12-25T00:24:05","modified_gmt":"2023-12-24T22:24:05","slug":"femiglandin-glae","status":"publish","type":"product","link":"https:\/\/vaasanluonnonravinto.fi\/sv\/tuote\/femiglandin-glae\/","title":{"rendered":"Femiglandin\u00ae GLA+E"},"content":{"rendered":"<h4 class=\"meta-title\">Ainesosat<\/h4>\n<p>Kylm\u00e4puristettu helokinkukan siemen\u00f6ljy, Hyytel\u00f6imisaineet E 407, E 1440, Kosteudens\u00e4ilytt\u00e4j\u00e4 E 422, D-alfa-tokoferoli<\/p>\n<p>&nbsp;<\/p>\n<h4 class=\"meta-title\">Vuorokausiannos<\/h4>\n<p>Vuorokausiannos 4 kaps. sis\u00e4lt\u00e4\u00e4:<br \/>\nKylm\u00e4puristettua helokinkukan siemen\u00f6ljy\u00e4 2000 mg,\u00a0 josta<br \/>\ngammalinoleenihappoa (GLA)\u00a0200\u00a0mg<br \/>\nE-vitamiinia 10 mg*<br \/>\n*83 % vuorokautisen saannin vertailuarvosta<\/p>\n<p>&nbsp;<\/p>\n<h4 class=\"meta-title\">Annostus<\/h4>\n<p>2 kapselia 2 kertaa p\u00e4iv\u00e4ss\u00e4.<\/p>\n<p>&nbsp;<\/p>\n<h4 class=\"meta-title\">Pakkauskoko<\/h4>\n<p>168 kaps.\/118 g<\/p>\n<p>&nbsp;<\/p>\n<h4 class=\"meta-title\">Fysiologiset vaikutukset<\/h4>\n<ul>\n<li>Femiglandin<sup>\u00ae<\/sup>\u00a0GLA+E -kapselit sis\u00e4lt\u00e4v\u00e4t monityydyttym\u00e4tt\u00f6mi\u00e4 rasvahappoja eli F-vitamiinia sek\u00e4 E-vitamiinia.<\/li>\n<li>E-vitamiini on t\u00e4rke\u00e4 antioksidantti: se suojaa soluja hapettumisstressilt\u00e4.<\/li>\n<li>Sopii kuivalle ja herk\u00e4lle iholle.<\/li>\n<li>Voidaan k\u00e4ytt\u00e4\u00e4 jatkuvasti.<\/li>\n<\/ul>\n","protected":false},"excerpt":{"rendered":"<h4>Helokki\u00f6ljy-E-vitamiinikapselit<\/h4>\n<ul>\n<li>Ravintolis\u00e4<\/li>\n<li>Femiglandin<sup>\u00ae<\/sup>\u00a0GLA+E helokki\u00f6ljykapseleiden helokki\u00f6ljy on valmistettu mekaanisesti puristamalla ilman kemikaaleja. \u00d6ljy koostuu yksinomaan ensimm\u00e4isest\u00e4 puristuksesta saadusta nk. neitsyt\u00f6ljyst\u00e4, eik\u00e4 sen l\u00e4mp\u00f6tila ylit\u00e4 miss\u00e4\u00e4n valmistusvaiheessa +50\u00a0<sup>o<\/sup>C.<\/li>\n<li>Kapseleiden kuori on valmistettu t\u00e4rkkelyksest\u00e4 ja on siten t\u00e4ysin kasvipohjainen.<\/li>\n<li>Laktoositon, hiivaton, makeuttamaton, gluteeniton ja vegaaninen<\/li>\n<\/ul>\n","protected":false},"featured_media":1378,"template":"","meta":{"_acf_changed":false},"product_brand":[],"product_cat":[80,176,73],"product_tag":[],"class_list":{"0":"post-3831","1":"product","2":"type-product","3":"status-publish","4":"has-post-thumbnail","6":"product_cat-rasvahappo-ja-oljyvalmisteet-sv","7":"product_cat-hankintatukku-sv","8":"product_cat-lisaravinteet-sv","10":"first","11":"instock","12":"taxable","13":"shipping-taxable","14":"purchasable","15":"product-type-simple"},"acf":[],"_links":{"self":[{"href":"https:\/\/vaasanluonnonravinto.fi\/sv\/wp-json\/wp\/v2\/product\/3831","targetHints":{"allow":["GET"]}}],"collection":[{"href":"https:\/\/vaasanluonnonravinto.fi\/sv\/wp-json\/wp\/v2\/product"}],"about":[{"href":"https:\/\/vaasanluonnonravinto.fi\/sv\/wp-json\/wp\/v2\/types\/product"}],"wp:featuredmedia":[{"embeddable":true,"href":"https:\/\/vaasanluonnonravinto.fi\/sv\/wp-json\/wp\/v2\/media\/1378"}],"wp:attachment":[{"href":"https:\/\/vaasanluonnonravinto.fi\/sv\/wp-json\/wp\/v2\/media?parent=3831"}],"wp:term":[{"taxonomy":"product_brand","embeddable":true,"href":"https:\/\/vaasanluonnonravinto.fi\/sv\/wp-json\/wp\/v2\/product_brand?post=3831"},{"taxonomy":"product_cat","embeddable":true,"href":"https:\/\/vaasanluonnonravinto.fi\/sv\/wp-json\/wp\/v2\/product_cat?post=3831"},{"taxonomy":"product_tag","embeddable":true,"href":"https:\/\/vaasanluonnonravinto.fi\/sv\/wp-json\/wp\/v2\/product_tag?post=3831"}],"curies":[{"name":"wp","href":"https:\/\/api.w.org\/{rel}","templated":true}]}}