{"id":3830,"date":"2019-03-14T09:26:42","date_gmt":"2019-03-14T07:26:42","guid":{"rendered":"https:\/\/vaasanluonnonravinto.fi\/?post_type=product&#038;p=3830"},"modified":"2020-09-14T16:34:12","modified_gmt":"2020-09-14T13:34:12","slug":"femiglandin-glae-50-ml","status":"publish","type":"product","link":"https:\/\/vaasanluonnonravinto.fi\/sv\/tuote\/femiglandin-glae-50-ml\/","title":{"rendered":"Femiglandin\u00ae GLA+E 50 ml"},"content":{"rendered":"<h4 class=\"meta-title\">Ainesosat<\/h4>\n<p>Kylm\u00e4puristettu helokki\u00f6ljy, DL-alfa-tokoferyyliasetaatti<\/p>\n<p>&nbsp;<\/p>\n<h4 class=\"meta-title\">Vuorokausiannos<\/h4>\n<p>Vuorokausiannos 30 tippaa sis\u00e4lt\u00e4\u00e4:<br \/>\nGammalinoleenihappoa 115 mg<br \/>\nE-vitamiinia 10 mg*<br \/>\n* 83 % vuorokautisen saannin vertailuarvosta<\/p>\n<p>&nbsp;<\/p>\n<h4 class=\"meta-title\">Annostus<\/h4>\n<p><strong>Ulkoisesti:<\/strong>\u00a0\u00d6ljy\u00e4 sivell\u00e4\u00e4n iholle tarpeen mukaan<br \/>\n<strong>Sis\u00e4isesti:<\/strong>\u00a030 tippaa p\u00e4ivitt\u00e4in<\/p>\n<p>&nbsp;<\/p>\n<h4 class=\"meta-title\">Pakkauskoko<\/h4>\n<p>50 ml lasipullo<\/p>\n<p>&nbsp;<\/p>\n<h4 class=\"meta-title\">Fysiologiset vaikutukset<\/h4>\n<ul>\n<li>Kylm\u00e4puristettu Femiglandin<sup>\u00ae<\/sup>\u00a0GLA+E helokki\u00f6ljy sis\u00e4lt\u00e4\u00e4 runsaasti elimist\u00f6lle hy\u00f6dyllisi\u00e4 monityydyttym\u00e4tt\u00f6mi\u00e4 rasvahappoja sek\u00e4 E-vitamiinia.<\/li>\n<li>E-vitamiini on t\u00e4rke\u00e4 antioksidantti: se suojaa soluja hapettumisstressilt\u00e4.<\/li>\n<li>Sopii kuivalle ja herk\u00e4lle iholle. Voidaan k\u00e4ytt\u00e4\u00e4 sis\u00e4isesti ja ulkoisesti. Ulkoisesti k\u00e4ytettyn\u00e4 lis\u00e4\u00e4 ihon kimmoisuutta ja yll\u00e4pit\u00e4\u00e4 ihon kosteustasapainoa. Sopii jatkuvaan k\u00e4ytt\u00f6\u00f6n.<\/li>\n<\/ul>\n","protected":false},"excerpt":{"rendered":"<h4>Kylm\u00e4puristettu helokki\u00f6ljy- ja E-vitamiinivalmiste<\/h4>\n<ul>\n<li>Ravintolis\u00e4<\/li>\n<li>Femiglandin<sup>\u00ae<\/sup>\u00a0GLA+E helokki\u00f6ljy\u00e4 voidaan k\u00e4ytt\u00e4\u00e4 sek\u00e4 sis\u00e4isesti ett\u00e4 ulkoisesti<\/li>\n<li>Femiglandin<sup>\u00ae<\/sup>\u00a0GLA+E helokki\u00f6ljy on valmistettu mekaanisesti puristamalla ilman kemikaaleja. \u00d6ljy koostuu yksinomaan ensimm\u00e4isest\u00e4 puristuksesta saadusta nk. neitsyt\u00f6ljyst\u00e4, eik\u00e4 sen l\u00e4mp\u00f6tila ylit\u00e4 miss\u00e4\u00e4n valmistusvaiheessa +50\u00a0<sup>o<\/sup>C.<\/li>\n<\/ul>\n","protected":false},"featured_media":1376,"template":"","meta":{"_acf_changed":false,"rs_blank_template":"","rs_page_bg_color":"","slide_template_v7":""},"product_brand":[],"product_cat":[80,176,73],"product_tag":[],"class_list":{"0":"post-3830","1":"product","2":"type-product","3":"status-publish","4":"has-post-thumbnail","6":"product_cat-rasvahappo-ja-oljyvalmisteet-sv","7":"product_cat-hankintatukku-sv","8":"product_cat-lisaravinteet-sv","10":"first","11":"instock","12":"taxable","13":"shipping-taxable","14":"purchasable","15":"product-type-simple"},"acf":[],"_links":{"self":[{"href":"https:\/\/vaasanluonnonravinto.fi\/sv\/wp-json\/wp\/v2\/product\/3830","targetHints":{"allow":["GET"]}}],"collection":[{"href":"https:\/\/vaasanluonnonravinto.fi\/sv\/wp-json\/wp\/v2\/product"}],"about":[{"href":"https:\/\/vaasanluonnonravinto.fi\/sv\/wp-json\/wp\/v2\/types\/product"}],"wp:featuredmedia":[{"embeddable":true,"href":"https:\/\/vaasanluonnonravinto.fi\/sv\/wp-json\/wp\/v2\/media\/1376"}],"wp:attachment":[{"href":"https:\/\/vaasanluonnonravinto.fi\/sv\/wp-json\/wp\/v2\/media?parent=3830"}],"wp:term":[{"taxonomy":"product_brand","embeddable":true,"href":"https:\/\/vaasanluonnonravinto.fi\/sv\/wp-json\/wp\/v2\/product_brand?post=3830"},{"taxonomy":"product_cat","embeddable":true,"href":"https:\/\/vaasanluonnonravinto.fi\/sv\/wp-json\/wp\/v2\/product_cat?post=3830"},{"taxonomy":"product_tag","embeddable":true,"href":"https:\/\/vaasanluonnonravinto.fi\/sv\/wp-json\/wp\/v2\/product_tag?post=3830"}],"curies":[{"name":"wp","href":"https:\/\/api.w.org\/{rel}","templated":true}]}}