{"id":3829,"date":"2019-03-14T09:35:43","date_gmt":"2019-03-14T07:35:43","guid":{"rendered":"https:\/\/vaasanluonnonravinto.fi\/?post_type=product&#038;p=3829"},"modified":"2025-10-08T17:17:56","modified_gmt":"2025-10-08T14:17:56","slug":"fosfoser-memory","status":"publish","type":"product","link":"https:\/\/vaasanluonnonravinto.fi\/sv\/tuote\/fosfoser-memory\/","title":{"rendered":"Fosfoser\u00ae Memory 90kaps"},"content":{"rendered":"<h4 class=\"meta-title\">Ainesosat<\/h4>\n<p>Soijafosfolipidit, MCT-\u00f6ljy, Liivate*, Kosteudens\u00e4ilytt\u00e4j\u00e4 E 422*,<br \/>\nV\u00e4ri E 172* * kapselin kuori<\/p>\n<p>&nbsp;<\/p>\n<h4 class=\"meta-title\">Vuorokausiannos<\/h4>\n<p>Vuorokausiannos 1-3 kaps. sis\u00e4lt\u00e4\u00e4:<br \/>\nSoijafosfolipidej\u00e4 480 \u2013 1440 mg, josta<br \/>\nfosfatidylseriini\u00e4 100 \u2013 300 mg<br \/>\nfosfatidihappoa 100 \u2013 300 mg<\/p>\n<p>&nbsp;<\/p>\n<h4 class=\"meta-title\">Annostus<\/h4>\n<p>1-3 kapselia p\u00e4iv\u00e4ss\u00e4.<\/p>\n<p>&nbsp;<\/p>\n<h4 class=\"meta-title\">Pakkauskoot<\/h4>\n<p>90 kaps.\/87 g<\/p>\n<p>&nbsp;<\/p>\n<h4 class=\"meta-title\">Fysiologiset vaikutukset<\/h4>\n<ul>\n<li>Fosfatidylseriini on aivojen yleisin fosfolipidi, jota on luonnostaan aivosolujen solukalvossa. I\u00e4n my\u00f6t\u00e4 sen m\u00e4\u00e4r\u00e4 v\u00e4henee. Fosfoser<sup>\u00ae<\/sup>\u00a0Memory -ravintolis\u00e4 sis\u00e4lt\u00e4\u00e4 fosfatidylseriini\u00e4 ja sill\u00e4 voi korvata elimist\u00f6n oman fosfatidylseriinin v\u00e4henemist\u00e4.<\/li>\n<li>Lis\u00e4\u00e4 vireytt\u00e4.<\/li>\n<li>Suositellaan etenkin ik\u00e4\u00e4ntyville, opiskelijoille ja henkisen ty\u00f6n tekij\u00f6ille.<\/li>\n<\/ul>\n","protected":false},"excerpt":{"rendered":"<h4>Fosfatidylseriinikapselit<\/h4>\n<ul>\n<li>Ravintolis\u00e4<\/li>\n<li>Uuden sukupolven fosfolipidivalmiste, jonka vaikuttavana aineena on soijasta eristetty fosfatidylseriini<\/li>\n<li>Fosfoser\u00ae Memory -kapselit sis\u00e4lt\u00e4v\u00e4t vakioidun m\u00e4\u00e4r\u00e4n soijasta eristetty\u00e4 fosfatidylseriini\u00e4 ja fosfatidihappoa<\/li>\n<li>Fosfatidylseriini ja muut fosfolipidit ovat aivosolujen omia rakennusaineita, jotka mm. lis\u00e4\u00e4v\u00e4t vireytt\u00e4<\/li>\n<li>Laktoositon, hiivaton, makeuttamaton ja gluteeniton<\/li>\n<\/ul>\n","protected":false},"featured_media":22031,"template":"","meta":{"_acf_changed":false,"rs_blank_template":"","rs_page_bg_color":"","slide_template_v7":""},"product_brand":[],"product_cat":[80,176,73],"product_tag":[],"class_list":{"0":"post-3829","1":"product","2":"type-product","3":"status-publish","4":"has-post-thumbnail","6":"product_cat-rasvahappo-ja-oljyvalmisteet-sv","7":"product_cat-hankintatukku-sv","8":"product_cat-lisaravinteet-sv","10":"first","11":"instock","12":"taxable","13":"shipping-taxable","14":"purchasable","15":"product-type-simple"},"acf":[],"_links":{"self":[{"href":"https:\/\/vaasanluonnonravinto.fi\/sv\/wp-json\/wp\/v2\/product\/3829","targetHints":{"allow":["GET"]}}],"collection":[{"href":"https:\/\/vaasanluonnonravinto.fi\/sv\/wp-json\/wp\/v2\/product"}],"about":[{"href":"https:\/\/vaasanluonnonravinto.fi\/sv\/wp-json\/wp\/v2\/types\/product"}],"wp:featuredmedia":[{"embeddable":true,"href":"https:\/\/vaasanluonnonravinto.fi\/sv\/wp-json\/wp\/v2\/media\/22031"}],"wp:attachment":[{"href":"https:\/\/vaasanluonnonravinto.fi\/sv\/wp-json\/wp\/v2\/media?parent=3829"}],"wp:term":[{"taxonomy":"product_brand","embeddable":true,"href":"https:\/\/vaasanluonnonravinto.fi\/sv\/wp-json\/wp\/v2\/product_brand?post=3829"},{"taxonomy":"product_cat","embeddable":true,"href":"https:\/\/vaasanluonnonravinto.fi\/sv\/wp-json\/wp\/v2\/product_cat?post=3829"},{"taxonomy":"product_tag","embeddable":true,"href":"https:\/\/vaasanluonnonravinto.fi\/sv\/wp-json\/wp\/v2\/product_tag?post=3829"}],"curies":[{"name":"wp","href":"https:\/\/api.w.org\/{rel}","templated":true}]}}