{"id":3824,"date":"2019-03-14T10:44:04","date_gmt":"2019-03-14T08:44:04","guid":{"rendered":"https:\/\/vaasanluonnonravinto.fi\/?post_type=product&#038;p=3824"},"modified":"2024-04-08T15:12:23","modified_gmt":"2024-04-08T12:12:23","slug":"chloremax","status":"publish","type":"product","link":"https:\/\/vaasanluonnonravinto.fi\/sv\/tuote\/chloremax\/","title":{"rendered":"Chloremax"},"content":{"rendered":"<h4 class=\"meta-title\">Ainesosat<\/h4>\n<p>Chlorellalev\u00e4, Paakkuuntumisenestoaineet E 460, E 551, Pintak\u00e4sittelyaine E 470b<\/p>\n<p>&nbsp;<\/p>\n<h4 class=\"meta-title\">Vuorokausiannos<\/h4>\n<p>Vuorokausiannos 2-4 tabl. sis\u00e4lt\u00e4\u00e4:<br \/>\nChlorellalev\u00e4\u00e4 890-1780 mg<\/p>\n<p>&nbsp;<\/p>\n<h4 class=\"meta-title\">Annostus<\/h4>\n<p>2-4 tablettia p\u00e4iv\u00e4ss\u00e4.<\/p>\n<p>&nbsp;<\/p>\n<h4 class=\"meta-title\">Pakkauskoko<\/h4>\n<p>180 tabl.\/90g<\/p>\n<p>&nbsp;<\/p>\n<h4 class=\"meta-title\">Fysiologiset vaikutukset<\/h4>\n<ul>\n<li>Chlorella-viherlev\u00e4 (<em>Chlorella pyrenoidosa<\/em>) on yksisoluinen lev\u00e4, joka sis\u00e4lt\u00e4\u00e4 eritt\u00e4in paljon lehtivihre\u00e4\u00e4 eli klorofylli\u00e4 sek\u00e4 proteiinia, vitamiineja ja kivenn\u00e4isaineita ja sit\u00e4 voidaankin kutsua superfoodiksi.<\/li>\n<li>Chlorella-lev\u00e4 ravitsee, puhdistaa ja virkist\u00e4\u00e4. Erityisesti maksa ja suolisto hy\u00f6tyv\u00e4t Chlorellasta sill\u00e4 se tukee maksan toimintaa ja edist\u00e4\u00e4 haitallisten aineiden poistumista kehosta.<\/li>\n<li>Chlorella on vahva luonnon antioksidantti, joka suojaa soluja ja edist\u00e4\u00e4 nuorekkuutta.<\/li>\n<li>Tehostaa elimist\u00f6n immuunipuolustusj\u00e4rjestelm\u00e4n toimintaa.<\/li>\n<li>Chloremax t\u00e4ydent\u00e4\u00e4 ruokavaliota luonnollisella tavalla ja sopii etenkin laihduttajille, paastoajille, urheilijoille ja kuntoilijoille. Valmiste on hyv\u00e4ksi kaikille, jotka tarvitsevat lis\u00e4puhtia.<\/li>\n<\/ul>\n","protected":false},"excerpt":{"rendered":"<h4>Chlorella-lev\u00e4tabletit<\/h4>\n<ul>\n<li>Ravintolis\u00e4<\/li>\n<li>Chlorella (<em>Chlorella pyrenoidosa<\/em>) on yksisoluinen viherlev\u00e4, joka sis\u00e4lt\u00e4\u00e4 eritt\u00e4in monipuolisesti eri ravintoaineita, luonnon lehtivihre\u00e4\u00e4 (klorofylli\u00e4) ja vitaaliaineita<\/li>\n<li>Chlorella sis\u00e4lt\u00e4\u00e4 mm. beetakaroteenia (A-vitamiinin esiastetta), B<sub>1<\/sub>-, B<sub>2<\/sub>-, B<sub>6<\/sub>-,C-, E- ja K-vitamiineja, sek\u00e4 nikotiini-, pantoteeni- ja foolihappoa, klorofylli\u00e4 sek\u00e4 chlorella-kasvutekij\u00e4\u00e4 (CGF), lis\u00e4ksi siin\u00e4 on paljon mineraaleja, hivenaineita ja proteiinia<\/li>\n<li>Laktoositon, hiivaton, makeuttamaton, gluteeniton ja vegaaninen<\/li>\n<\/ul>\n","protected":false},"featured_media":1344,"template":"","meta":{"_acf_changed":false},"product_brand":[],"product_cat":[176,100],"product_tag":[],"class_list":{"0":"post-3824","1":"product","2":"type-product","3":"status-publish","4":"has-post-thumbnail","6":"product_cat-hankintatukku-sv","7":"product_cat-painonhallintavalmisteet-sv","9":"first","10":"instock","11":"taxable","12":"shipping-taxable","13":"purchasable","14":"product-type-simple"},"acf":[],"_links":{"self":[{"href":"https:\/\/vaasanluonnonravinto.fi\/sv\/wp-json\/wp\/v2\/product\/3824","targetHints":{"allow":["GET"]}}],"collection":[{"href":"https:\/\/vaasanluonnonravinto.fi\/sv\/wp-json\/wp\/v2\/product"}],"about":[{"href":"https:\/\/vaasanluonnonravinto.fi\/sv\/wp-json\/wp\/v2\/types\/product"}],"wp:featuredmedia":[{"embeddable":true,"href":"https:\/\/vaasanluonnonravinto.fi\/sv\/wp-json\/wp\/v2\/media\/1344"}],"wp:attachment":[{"href":"https:\/\/vaasanluonnonravinto.fi\/sv\/wp-json\/wp\/v2\/media?parent=3824"}],"wp:term":[{"taxonomy":"product_brand","embeddable":true,"href":"https:\/\/vaasanluonnonravinto.fi\/sv\/wp-json\/wp\/v2\/product_brand?post=3824"},{"taxonomy":"product_cat","embeddable":true,"href":"https:\/\/vaasanluonnonravinto.fi\/sv\/wp-json\/wp\/v2\/product_cat?post=3824"},{"taxonomy":"product_tag","embeddable":true,"href":"https:\/\/vaasanluonnonravinto.fi\/sv\/wp-json\/wp\/v2\/product_tag?post=3824"}],"curies":[{"name":"wp","href":"https:\/\/api.w.org\/{rel}","templated":true}]}}