{"id":3819,"date":"2019-03-14T10:55:42","date_gmt":"2019-03-14T08:55:42","guid":{"rendered":"https:\/\/vaasanluonnonravinto.fi\/?post_type=product&#038;p=3819"},"modified":"2024-04-08T15:14:29","modified_gmt":"2024-04-08T12:14:29","slug":"spirulina-diet","status":"publish","type":"product","link":"https:\/\/vaasanluonnonravinto.fi\/sv\/tuote\/spirulina-diet\/","title":{"rendered":"Spirulina Diet"},"content":{"rendered":"<div class=\"product-metadata\">\n<h4 class=\"meta-title\">Ainesosat<\/h4>\n<p>Spirulina-mikrolev\u00e4, Paakkuuntumisenestoaineet E 460 ja E 551, Pintak\u00e4sittelyaine E 470b<\/p>\n<p>&nbsp;<\/p>\n<h4 class=\"meta-title\">Vuorokausiannos<\/h4>\n<p>Vuorokausiannos 4 tabl. sis\u00e4lt\u00e4\u00e4:<br \/>\nSpirulinaa\u00a01800 mg<\/p>\n<p>&nbsp;<\/p>\n<h4 class=\"meta-title\">Annostus<\/h4>\n<p>4 tablettia p\u00e4iv\u00e4ss\u00e4.<\/p>\n<p>Valmistettu Suomessa<\/p>\n<p>&nbsp;<\/p>\n<h4 class=\"meta-title\">Pakkauskoot<\/h4>\n<h4 class=\"meta-title\">\u00a0180 tabl.\/90g<\/h4>\n<p>&nbsp;<\/p>\n<h4 class=\"meta-title\">Fysiologiset vaikutukset<\/h4>\n<ul>\n<li>Spirulina on yksi maailman rikkaimmista ravintol\u00e4hteist\u00e4. Se sis\u00e4lt\u00e4\u00e4 runsaasti elimist\u00f6lle t\u00e4rkeit\u00e4 luonnon vitaaliaineita ja sit\u00e4 voidaankin kutsua superfoodiksi.<\/li>\n<li>Spirulina sis\u00e4lt\u00e4\u00e4 runsaasti vitamiineja (mm. B<sub>1<\/sub>-, B<sub>2<\/sub>-, B<sub>6<\/sub>\u2013 ja B<sub>12<\/sub>, beetakaroteenia), mineraaleja\u00a0 (mm. fosforia, natriumia, magnesiumia, rautaa, kaliumia, sinkki\u00e4 ja mangaania), aminohappoja sek\u00e4 valkuaisaineita.<\/li>\n<li>Monipuolisen koostumuksensa ansiosta spirulina on ihanteellinen ravintolis\u00e4 erityisesti kasvisruokailijoille, kuntoilijoille, ep\u00e4s\u00e4\u00e4nn\u00f6llisesti ja yksipuolisesti aterioiville.<\/li>\n<li>Tunnettuna ruokahalun hillitsij\u00e4n\u00e4 spirulina soveltuu laihduttajille edist\u00e4m\u00e4\u00e4n painonhallintaa ja auttamaan pysym\u00e4\u00e4n kunnossa dieetin aikana.<\/li>\n<li>Spirulina on monipuolinen ravintolis\u00e4 my\u00f6s urheilijoille ja kehonrakentajille.<\/li>\n<li>Tutkimusten mukaan spirulinan on todettu vahvistavan immuunipuolustusj\u00e4rjestelm\u00e4\u00e4.<\/li>\n<\/ul>\n<\/div>\n<div class=\"addtoany_share_save_container addtoany_content addtoany_content_bottom\">\n<div class=\"a2a_kit a2a_kit_size_26 addtoany_list\" data-a2a-url=\"https:\/\/www.hankintatukku.fi\/tuotteet\/painonhallinta-detox-nesteenpoisto\/spirulina-diet-100\/\" data-a2a-title=\"Spirulina Diet\"><\/div>\n<\/div>\n","protected":false},"excerpt":{"rendered":"<h4>Spirulinalev\u00e4tabletit<\/h4>\n<ul>\n<li>Ravintolis\u00e4<\/li>\n<li>Sis\u00e4lt\u00e4\u00e4 100 % spirulinamikrolev\u00e4\u00e4, joka on kasvatettu kontrolloiduissa, puhtaissa olosuhteissa makeassa vedess\u00e4. T\u00e4ll\u00e4 tavoin kasvatettu spirulina ei sis\u00e4ll\u00e4 havaittavia m\u00e4\u00e4ri\u00e4 esimerkiksi jodia.<\/li>\n<li>Laktoositon, hiivaton, makeuttamaton, gluteeniton ja vegaaninen<\/li>\n<\/ul>\n","protected":false},"featured_media":1456,"template":"","meta":{"_acf_changed":false,"rs_blank_template":"","rs_page_bg_color":"","slide_template_v7":""},"product_brand":[],"product_cat":[176,100],"product_tag":[],"class_list":{"0":"post-3819","1":"product","2":"type-product","3":"status-publish","4":"has-post-thumbnail","6":"product_cat-hankintatukku-sv","7":"product_cat-painonhallintavalmisteet-sv","9":"first","10":"instock","11":"taxable","12":"shipping-taxable","13":"purchasable","14":"product-type-simple"},"acf":[],"_links":{"self":[{"href":"https:\/\/vaasanluonnonravinto.fi\/sv\/wp-json\/wp\/v2\/product\/3819","targetHints":{"allow":["GET"]}}],"collection":[{"href":"https:\/\/vaasanluonnonravinto.fi\/sv\/wp-json\/wp\/v2\/product"}],"about":[{"href":"https:\/\/vaasanluonnonravinto.fi\/sv\/wp-json\/wp\/v2\/types\/product"}],"wp:featuredmedia":[{"embeddable":true,"href":"https:\/\/vaasanluonnonravinto.fi\/sv\/wp-json\/wp\/v2\/media\/1456"}],"wp:attachment":[{"href":"https:\/\/vaasanluonnonravinto.fi\/sv\/wp-json\/wp\/v2\/media?parent=3819"}],"wp:term":[{"taxonomy":"product_brand","embeddable":true,"href":"https:\/\/vaasanluonnonravinto.fi\/sv\/wp-json\/wp\/v2\/product_brand?post=3819"},{"taxonomy":"product_cat","embeddable":true,"href":"https:\/\/vaasanluonnonravinto.fi\/sv\/wp-json\/wp\/v2\/product_cat?post=3819"},{"taxonomy":"product_tag","embeddable":true,"href":"https:\/\/vaasanluonnonravinto.fi\/sv\/wp-json\/wp\/v2\/product_tag?post=3819"}],"curies":[{"name":"wp","href":"https:\/\/api.w.org\/{rel}","templated":true}]}}