{"id":3817,"date":"2019-03-14T11:11:04","date_gmt":"2019-03-14T09:11:04","guid":{"rendered":"https:\/\/vaasanluonnonravinto.fi\/?post_type=product&#038;p=3817"},"modified":"2025-10-01T00:37:07","modified_gmt":"2025-09-30T21:37:07","slug":"colonic-plus-entsyymi","status":"publish","type":"product","link":"https:\/\/vaasanluonnonravinto.fi\/sv\/tuote\/colonic-plus-entsyymi\/","title":{"rendered":"Colonic plus\u00ae Entsyymi"},"content":{"rendered":"<h4 class=\"meta-title\">Ainesosat<\/h4>\n<p>Riisilese, Paakkuuntumisenestoaine E 460, Kosteudens\u00e4ilytt\u00e4j\u00e4 E 464 (kapselin kuori), Amylaasi, Proteaasit, Glukoamylaasi, Lipaasi RO, Sellulaasi, Diastaasi, Invertaasi, V\u00e4riaine E 140 (kapselin kuori)<\/p>\n<p>&nbsp;<\/p>\n<h4 class=\"meta-title\">Vuorokausiannos<\/h4>\n<p>1 kaps. sis\u00e4lt\u00e4\u00e4:<br \/>\nAmylaasia 7500 DU<br \/>\nProteaasia 4.5\u00a0 18000 HUT<br \/>\nGlukoamylaasia\u00a010 AGU<br \/>\nProteaasia 6.0 5000 HUT<br \/>\nProteaasia 3.0 10 SAPU<br \/>\nLipaasia RO 437.5 FIP<br \/>\nSellulaasia 125 CU<br \/>\nDiastaasia 250 DP<sup>o<\/sup><br \/>\nInvertaasia 250 SU<\/p>\n<p>&nbsp;<\/p>\n<h4 class=\"meta-title\">Annostus<\/h4>\n<p>Aikuisille 1-2 kapselia tarvittaessa\u00a0aterian yhteydess\u00e4, enint\u00e4\u00e4n 6 kapselia p\u00e4iv\u00e4ss\u00e4. Ei suositella raskaana oleville, imett\u00e4ville, lapsille tai henkil\u00f6ille, joilla verenhyytyminen on alentunut l\u00e4\u00e4kityksen tai sairauden takia. Suositellaan lopettamaan k\u00e4ytt\u00f6 ennen leikkausta.<\/p>\n<p>&nbsp;<\/p>\n<h4 class=\"meta-title\">Pakkauskoko<\/h4>\n<p>60 kaps.\/37 g<\/p>\n","protected":false},"excerpt":{"rendered":"<h4>Monientsyymikapselit<\/h4>\n<ul>\n<li>Ravintolis\u00e4<\/li>\n<li>Entsyymit ovat mikrobi- tai viljaper\u00e4isi\u00e4 ja kapselin kuori on kasviper\u00e4inen, joten kapselit eiv\u00e4t sis\u00e4ll\u00e4 mit\u00e4\u00e4n el\u00e4inper\u00e4isi\u00e4 ainesosia<\/li>\n<li>Entsyymit ovat proteiineja, jotka vaikuttavat erilaisissa biokemiallisissa reaktioissa<\/li>\n<li>Ik\u00e4\u00e4ntyess\u00e4 elimist\u00f6n luontainen entsyymituotanto alkaa v\u00e4het\u00e4<\/li>\n<li>Colonic plus\u00ae Monientsyymikapseleita suositellaan kaikille, jotka haluavat varmistaa ruoansulatusentsyymien riitt\u00e4v\u00e4n saannin.<\/li>\n<li>Laktoositon, hiivaton, makeuttamaton, gluteeniton ja vegaaninen<\/li>\n<\/ul>\n","protected":false},"featured_media":1346,"template":"","meta":{"_acf_changed":false,"rs_blank_template":"","rs_page_bg_color":"","slide_template_v7":""},"product_brand":[],"product_cat":[87,176],"product_tag":[],"class_list":{"0":"post-3817","1":"product","2":"type-product","3":"status-publish","4":"has-post-thumbnail","6":"product_cat-vatsan-hyvinvointivalmisteet-sv","7":"product_cat-hankintatukku-sv","9":"first","10":"instock","11":"taxable","12":"shipping-taxable","13":"purchasable","14":"product-type-simple"},"acf":[],"_links":{"self":[{"href":"https:\/\/vaasanluonnonravinto.fi\/sv\/wp-json\/wp\/v2\/product\/3817","targetHints":{"allow":["GET"]}}],"collection":[{"href":"https:\/\/vaasanluonnonravinto.fi\/sv\/wp-json\/wp\/v2\/product"}],"about":[{"href":"https:\/\/vaasanluonnonravinto.fi\/sv\/wp-json\/wp\/v2\/types\/product"}],"wp:featuredmedia":[{"embeddable":true,"href":"https:\/\/vaasanluonnonravinto.fi\/sv\/wp-json\/wp\/v2\/media\/1346"}],"wp:attachment":[{"href":"https:\/\/vaasanluonnonravinto.fi\/sv\/wp-json\/wp\/v2\/media?parent=3817"}],"wp:term":[{"taxonomy":"product_brand","embeddable":true,"href":"https:\/\/vaasanluonnonravinto.fi\/sv\/wp-json\/wp\/v2\/product_brand?post=3817"},{"taxonomy":"product_cat","embeddable":true,"href":"https:\/\/vaasanluonnonravinto.fi\/sv\/wp-json\/wp\/v2\/product_cat?post=3817"},{"taxonomy":"product_tag","embeddable":true,"href":"https:\/\/vaasanluonnonravinto.fi\/sv\/wp-json\/wp\/v2\/product_tag?post=3817"}],"curies":[{"name":"wp","href":"https:\/\/api.w.org\/{rel}","templated":true}]}}