{"id":3816,"date":"2019-03-14T12:26:50","date_gmt":"2019-03-14T10:26:50","guid":{"rendered":"https:\/\/vaasanluonnonravinto.fi\/?post_type=product&#038;p=3816"},"modified":"2025-12-01T00:37:05","modified_gmt":"2025-11-30T22:37:05","slug":"colonic-plus-maksanpuhdistaja","status":"publish","type":"product","link":"https:\/\/vaasanluonnonravinto.fi\/sv\/tuote\/colonic-plus-maksanpuhdistaja\/","title":{"rendered":"Colonic plus\u00ae Maksanpuhdistaja"},"content":{"rendered":"<h4 class=\"meta-title\">Ainesosat<\/h4>\n<p>Voikukan juuriuute (<em>Taraxacum officinale<\/em>), Latva-artisokkauute (<em>Cynara scolymus<\/em>), Paakkuuntumisenestoaine E 460, Pintak\u00e4sittelyaine E 470b<\/p>\n<p>&nbsp;<\/p>\n<h4 class=\"meta-title\">Vuorokausiannos<\/h4>\n<p>Vuorokausiannos 2-3 tabl. sis\u00e4lt\u00e4\u00e4:<br \/>\nVoikukan juuriuutetta\u00a0500 -750 mg<br \/>\nLatva-artisokkauutetta\u00a0500 \u2013 750 mg, josta<br \/>\nkynariinia\u00a012,5 \u2013 18,75 mg<br \/>\nklorogeenihappoa\u00a075 \u2013 112,5 mg<\/p>\n<p>&nbsp;<\/p>\n<h4 class=\"meta-title\">Annostus<\/h4>\n<p>2-3 tablettia p\u00e4iv\u00e4ss\u00e4. Henkil\u00f6n, jolla on sappikivi\u00e4 tai sappirakon sairaus, on hyv\u00e4 neuvotella terveydenhuoltohenkil\u00f6st\u00f6n kanssa valmisteen sopivuudesta.<\/p>\n<p>Valmistettu Suomessa<\/p>\n<p>&nbsp;<\/p>\n<h4 class=\"meta-title\">Pakkauskoko<\/h4>\n<p>60 tabl.\/37 g<\/p>\n<p>&nbsp;<\/p>\n<h4 class=\"meta-title\">Fysiologiset vaikutukset<\/h4>\n<ul>\n<li>Maksa on t\u00e4rke\u00e4 elin ravintoaineiden hy\u00f6dynt\u00e4misess\u00e4 ja haitallisten aineiden poistajana.<\/li>\n<li>Maksan toiminnan heikkeneminen saattaa ilmet\u00e4 ruoansulatuskanavan oireiluna, v\u00e4symyksen\u00e4 ja vastustuskyvyn heikkenemisen\u00e4.<\/li>\n<li>Colonic plus<sup>\u00ae<\/sup>\u00a0Maksanpuhdistaja auttaa maksaa jaksamaan t\u00e4rkeiss\u00e4 teht\u00e4viss\u00e4\u00e4n.<\/li>\n<li>Vaikuttavina ainesosina ovat voikukan juuriuute ja latva-artisokkauute, joka on standardoitu kynariinin ja klorogeenihapon osalta.<\/li>\n<li>Voikukan juuriuute tehostaa maksan toimintaa ja sapen erityst\u00e4, edist\u00e4\u00e4 ruoansulatusta ja vahvistaa maksaa sek\u00e4 on liev\u00e4sti suolen toimintaa edist\u00e4v\u00e4.<\/li>\n<li>Voikukan juuriuutteen vaikutus perustuu pitk\u00e4lti sen sis\u00e4lt\u00e4miin karvasaineisiin.<\/li>\n<li>Latva-artisokkan sis\u00e4lt\u00e4m\u00e4n kynariinin vaikutusta maksan hyv\u00e4ksi verrataan maarianohdakkeen silymariiniin.<\/li>\n<li>Henkil\u00f6n, jolla on sappikivi\u00e4 tai sappirakon sairaus, on hyv\u00e4 neuvotella terveydenhuoltohenkil\u00f6st\u00f6n kanssa valmisteen sopivuudesta.<\/li>\n<\/ul>\n","protected":false},"excerpt":{"rendered":"<h4>Voikukan juuriuute-artisokkauutetabletit<\/h4>\n<ul>\n<li>Ravintolis\u00e4\u00a0yll\u00e4pit\u00e4m\u00e4\u00e4n maksan normaalia toimintaa<\/li>\n<li>Auttaa maksaa jaksamaan<\/li>\n<li>Ruoansulatuksen tueksi<\/li>\n<li>Laktoositon, hiivaton, makeuttamaton, gluteeniton ja vegaaninen<\/li>\n<\/ul>\n","protected":false},"featured_media":1354,"template":"","meta":{"_acf_changed":false},"product_brand":[],"product_cat":[87,176],"product_tag":[],"class_list":{"0":"post-3816","1":"product","2":"type-product","3":"status-publish","4":"has-post-thumbnail","6":"product_cat-vatsan-hyvinvointivalmisteet-sv","7":"product_cat-hankintatukku-sv","9":"first","10":"instock","11":"taxable","12":"shipping-taxable","13":"purchasable","14":"product-type-simple"},"acf":[],"_links":{"self":[{"href":"https:\/\/vaasanluonnonravinto.fi\/sv\/wp-json\/wp\/v2\/product\/3816","targetHints":{"allow":["GET"]}}],"collection":[{"href":"https:\/\/vaasanluonnonravinto.fi\/sv\/wp-json\/wp\/v2\/product"}],"about":[{"href":"https:\/\/vaasanluonnonravinto.fi\/sv\/wp-json\/wp\/v2\/types\/product"}],"wp:featuredmedia":[{"embeddable":true,"href":"https:\/\/vaasanluonnonravinto.fi\/sv\/wp-json\/wp\/v2\/media\/1354"}],"wp:attachment":[{"href":"https:\/\/vaasanluonnonravinto.fi\/sv\/wp-json\/wp\/v2\/media?parent=3816"}],"wp:term":[{"taxonomy":"product_brand","embeddable":true,"href":"https:\/\/vaasanluonnonravinto.fi\/sv\/wp-json\/wp\/v2\/product_brand?post=3816"},{"taxonomy":"product_cat","embeddable":true,"href":"https:\/\/vaasanluonnonravinto.fi\/sv\/wp-json\/wp\/v2\/product_cat?post=3816"},{"taxonomy":"product_tag","embeddable":true,"href":"https:\/\/vaasanluonnonravinto.fi\/sv\/wp-json\/wp\/v2\/product_tag?post=3816"}],"curies":[{"name":"wp","href":"https:\/\/api.w.org\/{rel}","templated":true}]}}