{"id":3815,"date":"2019-03-14T12:33:27","date_gmt":"2019-03-14T10:33:27","guid":{"rendered":"https:\/\/vaasanluonnonravinto.fi\/?post_type=product&#038;p=3815"},"modified":"2024-08-31T15:19:00","modified_gmt":"2024-08-31T12:19:00","slug":"colonic-plus-suoliston-rauhoittaja","status":"publish","type":"product","link":"https:\/\/vaasanluonnonravinto.fi\/sv\/tuote\/colonic-plus-suoliston-rauhoittaja\/","title":{"rendered":"Colonic plus\u00ae Suoliston rauhoittaja"},"content":{"rendered":"<h4 class=\"meta-title\">Ainesosat<\/h4>\n<p>Nutrigut\u00ae-perillanlehtiuute\u00a0<em>(Perilla frutescens)<\/em>, Liivate (kapselin kuori, naudasta), Paakkuuntumisenestoaine E 460<\/p>\n<p>&nbsp;<\/p>\n<h4 class=\"meta-title\">Vuorokausiannos<\/h4>\n<p>Vuorokausiannos 1 kaps. sis\u00e4lt\u00e4\u00e4:<\/p>\n<p>Nutrigut\u00ae-perillanlehtiuutetta 300 mg<\/p>\n<p>&nbsp;<\/p>\n<h4 class=\"meta-title\">Annostus<\/h4>\n<p>1 kapseli p\u00e4iv\u00e4ss\u00e4<\/p>\n<p>Valmistettu Suomessa<\/p>\n<p>&nbsp;<\/p>\n<h4 class=\"meta-title\">Pakkauskoko<\/h4>\n<p>60 kaps.\/27 g<\/p>\n<p>&nbsp;<\/p>\n<h4 class=\"meta-title\">Fysiologiset vaikutukset<\/h4>\n<ul>\n<li>Colonic plus\u00ae Suoliston rauhoittaja sis\u00e4lt\u00e4\u00e4 perilla-kasvista (<em>Perilla frutescens<\/em>) valmistettua Nutrigut\u00ae-uutetta, joka on standardoitu kahden vaikuttavan aineen, viseniini 2:n ja rosmariinihapon, suhteen. Luonnollinen Nutrigut\u00ae-perillauute tukee suoliston hyvinvointia rauhoittamalla vatsaa sek\u00e4 yll\u00e4pit\u00e4m\u00e4ll\u00e4 ruoansulatusta.<\/li>\n<li>Tukee suolen s\u00e4\u00e4nn\u00f6llist\u00e4 toimintaa ja hyvien maitohappobakteerien kasvua suolistossa.<\/li>\n<li>Sopii erityisesti stressivatsalle, henkil\u00f6ille, jotka k\u00e4rsiv\u00e4t vatsan turvotuksesta, kouristelusta tai t\u00e4ysin\u00e4isyyden tunteesta, ik\u00e4\u00e4ntyville sek\u00e4 urheilijoille.<\/li>\n<\/ul>\n","protected":false},"excerpt":{"rendered":"<h4>Perillauutekapseli<\/h4>\n<ul>\n<li>Ravintolis\u00e4<\/li>\n<li>Luonnollinen Nutrigut\u00ae-uute suoliston hyvinvointiin<\/li>\n<li>Stressivatsalle<\/li>\n<li>Laktoositon, hiivaton, makeuttamaton ja gluteeniton<\/li>\n<\/ul>\n","protected":false},"featured_media":1356,"template":"","meta":{"_acf_changed":false,"rs_blank_template":"","rs_page_bg_color":"","slide_template_v7":""},"product_brand":[],"product_cat":[87,176],"product_tag":[],"class_list":{"0":"post-3815","1":"product","2":"type-product","3":"status-publish","4":"has-post-thumbnail","6":"product_cat-vatsan-hyvinvointivalmisteet-sv","7":"product_cat-hankintatukku-sv","9":"first","10":"instock","11":"taxable","12":"shipping-taxable","13":"purchasable","14":"product-type-simple"},"acf":[],"_links":{"self":[{"href":"https:\/\/vaasanluonnonravinto.fi\/sv\/wp-json\/wp\/v2\/product\/3815","targetHints":{"allow":["GET"]}}],"collection":[{"href":"https:\/\/vaasanluonnonravinto.fi\/sv\/wp-json\/wp\/v2\/product"}],"about":[{"href":"https:\/\/vaasanluonnonravinto.fi\/sv\/wp-json\/wp\/v2\/types\/product"}],"wp:featuredmedia":[{"embeddable":true,"href":"https:\/\/vaasanluonnonravinto.fi\/sv\/wp-json\/wp\/v2\/media\/1356"}],"wp:attachment":[{"href":"https:\/\/vaasanluonnonravinto.fi\/sv\/wp-json\/wp\/v2\/media?parent=3815"}],"wp:term":[{"taxonomy":"product_brand","embeddable":true,"href":"https:\/\/vaasanluonnonravinto.fi\/sv\/wp-json\/wp\/v2\/product_brand?post=3815"},{"taxonomy":"product_cat","embeddable":true,"href":"https:\/\/vaasanluonnonravinto.fi\/sv\/wp-json\/wp\/v2\/product_cat?post=3815"},{"taxonomy":"product_tag","embeddable":true,"href":"https:\/\/vaasanluonnonravinto.fi\/sv\/wp-json\/wp\/v2\/product_tag?post=3815"}],"curies":[{"name":"wp","href":"https:\/\/api.w.org\/{rel}","templated":true}]}}