{"id":3814,"date":"2019-03-14T12:37:40","date_gmt":"2019-03-14T10:37:40","guid":{"rendered":"https:\/\/vaasanluonnonravinto.fi\/?post_type=product&#038;p=3814"},"modified":"2021-09-15T15:47:05","modified_gmt":"2021-09-15T12:47:05","slug":"allermin","status":"publish","type":"product","link":"https:\/\/vaasanluonnonravinto.fi\/sv\/tuote\/allermin\/","title":{"rendered":"Allermin\u00ae"},"content":{"rendered":"<h4 class=\"meta-title\">Ainesosat<\/h4>\n<p>Paakkuuntumisenestoaine E 460, Kuivattu perillanlehtiuute (<em>Perilla frutescens<\/em>), Liivate (kapselin kuori, naudasta), V\u00e4ri E 171 (kapselin kuori)<\/p>\n<p>&nbsp;<\/p>\n<h4 class=\"meta-title\">Vuorokausiannos<\/h4>\n<p>Vuorokausiannos 1-3 kaps. sis\u00e4lt\u00e4\u00e4:<br \/>\nKuivattua perillanlehtiuutetta\u00a0150 \u2013 450 mg<\/p>\n<p>&nbsp;<\/p>\n<h4 class=\"meta-title\">Annostus<\/h4>\n<p>1-3 kapselia p\u00e4iv\u00e4ss\u00e4.<\/p>\n<p>Valmistettu Suomessa<\/p>\n<p>&nbsp;<\/p>\n<h4 class=\"meta-title\">Pakkauskoko<\/h4>\n<p>60 kaps.\/24 g<\/p>\n<p>&nbsp;<\/p>\n<h4 class=\"meta-title\">Fysiologiset vaikutukset<\/h4>\n<ul>\n<li>Perilla eli veripeippi (Perilla frutescens) on vanha, Aasiasta l\u00e4ht\u00f6isin oleva rohdos-, mauste- ja ruokakasvi, jota k\u00e4ytet\u00e4\u00e4n kiinalaisen ja japanilaisen keitti\u00f6n mausteyrttin\u00e4. Perilla sis\u00e4lt\u00e4\u00e4 monenlaisia tehoaineita, mm. flavonoideja, haihtuvia \u00f6ljyj\u00e4 sek\u00e4 kasvin mukaan nimettyj\u00e4 perillaldehydi\u00e4.<\/li>\n<li>Allermin<sup>\u00ae<\/sup>\u00a0perillauutekapselit sis\u00e4lt\u00e4v\u00e4t kuivattua perillanlehtiuutetta 150 mg \/kapseli.<\/li>\n<\/ul>\n","protected":false},"excerpt":{"rendered":"<h4>Perillauutekapselit \u2013 Uudistettu pakkaus vanha tuttu tuote<\/h4>\n<ul>\n<li>Ravintolis\u00e4<\/li>\n<li>Siitep\u00f6lykauteen<\/li>\n<li>Luonnollinen elimist\u00f6n sietokyvyn tehostaja<\/li>\n<li>Laktoositon, hiivaton, makeuttamaton ja gluteeniton<\/li>\n<\/ul>\n","protected":false},"featured_media":1294,"template":"","meta":{"_acf_changed":false,"rs_blank_template":"","rs_page_bg_color":"","slide_template_v7":""},"product_brand":[],"product_cat":[78,176],"product_tag":[],"class_list":{"0":"post-3814","1":"product","2":"type-product","3":"status-publish","4":"has-post-thumbnail","6":"product_cat-muut-ravintolisat-sv","7":"product_cat-hankintatukku-sv","9":"first","10":"instock","11":"taxable","12":"shipping-taxable","13":"purchasable","14":"product-type-simple"},"acf":[],"_links":{"self":[{"href":"https:\/\/vaasanluonnonravinto.fi\/sv\/wp-json\/wp\/v2\/product\/3814","targetHints":{"allow":["GET"]}}],"collection":[{"href":"https:\/\/vaasanluonnonravinto.fi\/sv\/wp-json\/wp\/v2\/product"}],"about":[{"href":"https:\/\/vaasanluonnonravinto.fi\/sv\/wp-json\/wp\/v2\/types\/product"}],"wp:featuredmedia":[{"embeddable":true,"href":"https:\/\/vaasanluonnonravinto.fi\/sv\/wp-json\/wp\/v2\/media\/1294"}],"wp:attachment":[{"href":"https:\/\/vaasanluonnonravinto.fi\/sv\/wp-json\/wp\/v2\/media?parent=3814"}],"wp:term":[{"taxonomy":"product_brand","embeddable":true,"href":"https:\/\/vaasanluonnonravinto.fi\/sv\/wp-json\/wp\/v2\/product_brand?post=3814"},{"taxonomy":"product_cat","embeddable":true,"href":"https:\/\/vaasanluonnonravinto.fi\/sv\/wp-json\/wp\/v2\/product_cat?post=3814"},{"taxonomy":"product_tag","embeddable":true,"href":"https:\/\/vaasanluonnonravinto.fi\/sv\/wp-json\/wp\/v2\/product_tag?post=3814"}],"curies":[{"name":"wp","href":"https:\/\/api.w.org\/{rel}","templated":true}]}}