{"id":3811,"date":"2019-03-14T12:47:23","date_gmt":"2019-03-14T10:47:23","guid":{"rendered":"https:\/\/vaasanluonnonravinto.fi\/?post_type=product&#038;p=3811"},"modified":"2020-09-14T16:31:10","modified_gmt":"2020-09-14T13:31:10","slug":"astacaps","status":"publish","type":"product","link":"https:\/\/vaasanluonnonravinto.fi\/sv\/tuote\/astacaps\/","title":{"rendered":"AstaCaps"},"content":{"rendered":"<h4 class=\"meta-title\">Ainesosat<\/h4>\n<p>Saflori\u00f6ljy, Liivate*(naudasta), Astaksantiinivalmiste, Kosteudens\u00e4ilytt\u00e4j\u00e4 E 422*, D-alfa-tokoferoli, V\u00e4ri E172* *kapselin kuori<\/p>\n<p>&nbsp;<\/p>\n<h4 class=\"meta-title\">Vuorokausiannos<\/h4>\n<p>Vuorokausiannos 1 kaps. sis\u00e4lt\u00e4\u00e4:<br \/>\nAstaksantiinia 4 mg<br \/>\nLuontaista E-vitamiinia 10 mg*<br \/>\n*83 % vuorokautisen saanniin vertailuarvosta<\/p>\n<p>&nbsp;<\/p>\n<h4 class=\"meta-title\">Annostus<\/h4>\n<p>1 kapseli p\u00e4iv\u00e4ss\u00e4.<\/p>\n<p>&nbsp;<\/p>\n<h4 class=\"meta-title\">Pakkauskoko<\/h4>\n<p>60 kaps.\/36 g<\/p>\n<p>&nbsp;<\/p>\n<h4 class=\"meta-title\">Fysiologiset vaikutukset<\/h4>\n<ul>\n<li>Vapaaradikaalien aiheuttaman hapettumisen arvellaan olevan syy ik\u00e4\u00e4ntymiseen liittyv\u00e4\u00e4n solujen vaurioitumiseen. Antioksidantit ovat hapettumista ehk\u00e4isevi\u00e4 aineita, jotka v\u00e4hent\u00e4v\u00e4t vapaaradikaalien aiheuttamia tuhoja elimist\u00f6ss\u00e4. Antioksidanttien tarvetta lis\u00e4\u00e4v\u00e4t mm. fyysinen rasitus, ravinnon imeytymish\u00e4iri\u00f6t, yksipuolinen ravinto, tupakointi ja runsas alkoholink\u00e4ytt\u00f6.<\/li>\n<li>Astaksantiini kuuluu karotenoideihin. Luonnossa astaksantiinia on runsaasti kaloissa, \u00e4yri\u00e4isiss\u00e4 ja joissakin kasveissa. Astaksantiini on jopa 500 kertaa tehokkaampi kuin E-vitamiini ja 40 kertaa tehokkaampi kuin beetakaroteeni<\/li>\n<li>Astaksantiini on koko keholle hy\u00f6dyllinen yhdiste, joka antaa virkeytt\u00e4 ja elinvoimaa.<\/li>\n<li>E-vitamiini\u00a0 on rasvaliukoinen vitamiini, joka toimii antioksidanttina suojaten soluja hapettumisstressilt\u00e4. E-vitamiinin p\u00e4ivitt\u00e4inen saantisuositus on aikuisilla 10 mg.<\/li>\n<li>AstaCaps sopii kaikenik\u00e4isille edist\u00e4m\u00e4\u00e4n yleist\u00e4 hyvinvointia. Erityisesti tupakoitsijat, kuntoilijat ja urheilijat ja yksipuolista ravintoa k\u00e4ytt\u00e4v\u00e4t hy\u00f6tyv\u00e4t valmisteesta.\u00a0 Tuote sopii s\u00e4\u00e4nn\u00f6lliseen k\u00e4ytt\u00f6\u00f6n.<\/li>\n<\/ul>\n","protected":false},"excerpt":{"rendered":"<h4>Astaksantiini \u2013 E-vitamiinikapselit<\/h4>\n<ul>\n<li>Ravintolis\u00e4<\/li>\n<li>Vahva astaksantiini \u2013 luonnon E-vitamiinikapseli, joka antaa keholle elinvoimaa sek\u00e4 edist\u00e4\u00e4 solujen suojaamista hapettumisstressilt\u00e4<\/li>\n<li>AstaCapsin sis\u00e4lt\u00e4m\u00e4 kasviper\u00e4inen astaksantiini valmistetaan makeassa vedess\u00e4 tarkoin valvotuissa olosuhteissa kasvatetusta\u00a0<em>Haematococcus pluvialis<\/em>\u00a0-mikrolev\u00e4st\u00e4<\/li>\n<li>Laktoositon, hiivaton, makeuttamaton ja gluteeniton<\/li>\n<\/ul>\n","protected":false},"featured_media":1300,"template":"","meta":{"_acf_changed":false,"rs_blank_template":"","rs_page_bg_color":"","slide_template_v7":""},"product_brand":[],"product_cat":[78,176],"product_tag":[],"class_list":{"0":"post-3811","1":"product","2":"type-product","3":"status-publish","4":"has-post-thumbnail","6":"product_cat-muut-ravintolisat-sv","7":"product_cat-hankintatukku-sv","9":"first","10":"instock","11":"taxable","12":"shipping-taxable","13":"purchasable","14":"product-type-simple"},"acf":[],"_links":{"self":[{"href":"https:\/\/vaasanluonnonravinto.fi\/sv\/wp-json\/wp\/v2\/product\/3811","targetHints":{"allow":["GET"]}}],"collection":[{"href":"https:\/\/vaasanluonnonravinto.fi\/sv\/wp-json\/wp\/v2\/product"}],"about":[{"href":"https:\/\/vaasanluonnonravinto.fi\/sv\/wp-json\/wp\/v2\/types\/product"}],"wp:featuredmedia":[{"embeddable":true,"href":"https:\/\/vaasanluonnonravinto.fi\/sv\/wp-json\/wp\/v2\/media\/1300"}],"wp:attachment":[{"href":"https:\/\/vaasanluonnonravinto.fi\/sv\/wp-json\/wp\/v2\/media?parent=3811"}],"wp:term":[{"taxonomy":"product_brand","embeddable":true,"href":"https:\/\/vaasanluonnonravinto.fi\/sv\/wp-json\/wp\/v2\/product_brand?post=3811"},{"taxonomy":"product_cat","embeddable":true,"href":"https:\/\/vaasanluonnonravinto.fi\/sv\/wp-json\/wp\/v2\/product_cat?post=3811"},{"taxonomy":"product_tag","embeddable":true,"href":"https:\/\/vaasanluonnonravinto.fi\/sv\/wp-json\/wp\/v2\/product_tag?post=3811"}],"curies":[{"name":"wp","href":"https:\/\/api.w.org\/{rel}","templated":true}]}}