{"id":3807,"date":"2019-03-14T13:00:03","date_gmt":"2019-03-14T11:00:03","guid":{"rendered":"https:\/\/vaasanluonnonravinto.fi\/?post_type=product&#038;p=3807"},"modified":"2023-01-26T14:44:56","modified_gmt":"2023-01-26T12:44:56","slug":"bodyflex-boswellia","status":"publish","type":"product","link":"https:\/\/vaasanluonnonravinto.fi\/sv\/tuote\/bodyflex-boswellia\/","title":{"rendered":"Bodyflex\u00ae Boswellia"},"content":{"rendered":"<h4 class=\"meta-title\">Ainesosat<\/h4>\n<p>Paakkuuntumisenestoaine E 460,\u00a0<em>Boswellia serrata<\/em>\u00a0-uute (Apr\u00e8sFlex<sup>\u00ae<\/sup>), Liivate (kapselin kuori, naudasta), Pintak\u00e4sittelyaine E 470b<\/p>\n<p>&nbsp;<\/p>\n<h4 class=\"meta-title\">Vuorokausiannos<\/h4>\n<p>Vuorokausiannos 1 kapseli sis\u00e4lt\u00e4\u00e4:<br \/>\n<em>Boswellia serrata<\/em>\u00a0-uutetta 100 mg<\/p>\n<p>&nbsp;<\/p>\n<h4 class=\"meta-title\">Annostus<\/h4>\n<p>1 kapseli p\u00e4iv\u00e4ss\u00e4. Ei suositella raskaana oleville, imett\u00e4ville eik\u00e4 k\u00e4ytett\u00e4v\u00e4ksi verenohennusl\u00e4\u00e4kkeiden kanssa.<\/p>\n<p>Valmistettu Suomessa<\/p>\n<p>&nbsp;<\/p>\n<h4 class=\"meta-title\">Pakkauskoko<\/h4>\n<p>60 kaps.\/24 g<\/p>\n<p>&nbsp;<\/p>\n<h4 class=\"meta-title\">Fysiologiset vaikutukset<\/h4>\n<ul>\n<li>Bodyflex<sup>\u00ae<\/sup>\u00a0Boswellia \u2013ravintolis\u00e4 sis\u00e4lt\u00e4\u00e4 Apr\u00e8sFlex<sup>\u00ae<\/sup>\u00a0<em>Boswellia serrata<\/em>\u00a0-uutetta 100 mg\/kapseli. Apr\u00e8sFlex<sup>\u00ae<\/sup>\u00a0on uuden sukupolven patentoitu uute, jonka vaikuttava aine asetyyli-11-keto-beta-boswelliinihappo eli AKBA on vakioitu. Uutteen aineiden synerginen vaikutus ylitt\u00e4\u00e4 yksitt\u00e4isten aineiden vaikutukset. Puhtaaseen AKBA:an verrattuna Apr\u00e8sFlex<sup>\u00ae<\/sup>imeytyy tehokkaammin solukalvojen l\u00e4pi, sen pitoisuus veress\u00e4 on korkeampi, se on pitk\u00e4vaikutteisempi ja sill\u00e4 on voimakkaampi vaikutus. Bodyflex<sup>\u00ae<\/sup>\u00a0Boswellia tukee aktiivista el\u00e4m\u00e4ntapaa ja sopii erityisesti ik\u00e4\u00e4ntyville ja henkil\u00f6ille, joiden nivelet altistuvat voimakkaalle rasitukselle.<\/li>\n<li><em>Boswellia serrata<\/em>\u00a0-uutetta saadaan Boswellia-kasvisuvun puiden pihkasta. K\u00e4ytetty kasvin osa on pihkahartsi, jolla on vuosituhansien k\u00e4ytt\u00f6historia intialaisessa ayurveda-l\u00e4\u00e4ketieteess\u00e4 ja my\u00f6s kiinalaisessa l\u00e4\u00e4ketieteess\u00e4 mm. nivelten, ihon ja hengitysteiden hyvinvointiin.<\/li>\n<\/ul>\n","protected":false},"excerpt":{"rendered":"<h4><em>Boswellia serrata<\/em>\u00a0-uutekapseli<\/h4>\n<ul>\n<li>Ravintolis\u00e4<\/li>\n<li>Nivelten ja tukikudosten hyvinvoinnille<\/li>\n<li>Sis\u00e4lt\u00e4\u00e4 patentoitua hyvin imeytyv\u00e4\u00e4 ja nopeasti vaikuttavaa Apr\u00e8sFlex<sup>\u00ae<\/sup>\u00a0<em>Boswellia serrata<\/em>\u00a0-uutetta<\/li>\n<li>Laktoositon, hiivaton, makeuttamaton ja gluteeniton<\/li>\n<\/ul>\n","protected":false},"featured_media":3808,"template":"","meta":{"_acf_changed":false},"product_brand":[],"product_cat":[78,176],"product_tag":[],"class_list":{"0":"post-3807","1":"product","2":"type-product","3":"status-publish","4":"has-post-thumbnail","6":"product_cat-muut-ravintolisat-sv","7":"product_cat-hankintatukku-sv","9":"first","10":"instock","11":"taxable","12":"shipping-taxable","13":"purchasable","14":"product-type-simple"},"acf":[],"_links":{"self":[{"href":"https:\/\/vaasanluonnonravinto.fi\/sv\/wp-json\/wp\/v2\/product\/3807","targetHints":{"allow":["GET"]}}],"collection":[{"href":"https:\/\/vaasanluonnonravinto.fi\/sv\/wp-json\/wp\/v2\/product"}],"about":[{"href":"https:\/\/vaasanluonnonravinto.fi\/sv\/wp-json\/wp\/v2\/types\/product"}],"wp:featuredmedia":[{"embeddable":true,"href":"https:\/\/vaasanluonnonravinto.fi\/sv\/wp-json\/wp\/v2\/media\/3808"}],"wp:attachment":[{"href":"https:\/\/vaasanluonnonravinto.fi\/sv\/wp-json\/wp\/v2\/media?parent=3807"}],"wp:term":[{"taxonomy":"product_brand","embeddable":true,"href":"https:\/\/vaasanluonnonravinto.fi\/sv\/wp-json\/wp\/v2\/product_brand?post=3807"},{"taxonomy":"product_cat","embeddable":true,"href":"https:\/\/vaasanluonnonravinto.fi\/sv\/wp-json\/wp\/v2\/product_cat?post=3807"},{"taxonomy":"product_tag","embeddable":true,"href":"https:\/\/vaasanluonnonravinto.fi\/sv\/wp-json\/wp\/v2\/product_tag?post=3807"}],"curies":[{"name":"wp","href":"https:\/\/api.w.org\/{rel}","templated":true}]}}